{"id":4887,"date":"2026-02-23T15:52:53","date_gmt":"2026-02-23T12:52:53","guid":{"rendered":"https:\/\/bergamatiyatrofestivali.com\/?page_id=4887"},"modified":"2026-02-23T15:52:53","modified_gmt":"2026-02-23T12:52:53","slug":"sevgili-arsiz-olum-dirmit","status":"publish","type":"page","link":"https:\/\/bergamatiyatrofestivali.com\/en\/sevgili-arsiz-olum-dirmit\/","title":{"rendered":"Sevgili Ars\u0131z \u00d6l\u00fcm Dirmit"},"content":{"rendered":"<div class='flex_column av-8ra5it-7e829cb4e37498c31b1d3b088ac2ea15 av_one_half  avia-builder-el-0  el_before_av_one_half  avia-builder-el-first  first flex_column_div'   ><p>\n<style type=\"text\/css\" data-created_by=\"avia_inline_auto\" id=\"style-css-av-7wntvp-e649f6b53f29228c7e52bfe4907e719f\">\n.avia-image-container.av-7wntvp-e649f6b53f29228c7e52bfe4907e719f .av-image-caption-overlay-center{\ncolor:#ffffff;\n}\n<\/style>\n<div  class='avia-image-container av-7wntvp-e649f6b53f29228c7e52bfe4907e719f av-styling- avia-align-center  avia-builder-el-1  el_before_av_textblock  avia-builder-el-first'  itemprop=\"image\" itemscope=\"itemscope\" itemtype=\"https:\/\/schema.org\/ImageObject\" ><div class=\"avia-image-container-inner\"><div class=\"avia-image-overlay-wrap\"><img decoding=\"async\" class='wp-image-4888 avia-img-lazy-loading-not-4888 avia_image' src=\"https:\/\/bergamatiyatrofestivali.com\/wp-content\/uploads\/2026\/02\/SeneBoyuBTF-dirmit-Web-Site-2048x2048dirmit.jpg\" alt='' title='sene boyu BTF-Etkinlik-DI\u0307RMI\u0307T'  height=\"1080\" width=\"1080\"  itemprop=\"thumbnailUrl\" srcset=\"https:\/\/bergamatiyatrofestivali.com\/wp-content\/uploads\/2026\/02\/SeneBoyuBTF-dirmit-Web-Site-2048x2048dirmit.jpg 1080w, https:\/\/bergamatiyatrofestivali.com\/wp-content\/uploads\/2026\/02\/SeneBoyuBTF-dirmit-Web-Site-2048x2048dirmit-300x300.jpg 300w, https:\/\/bergamatiyatrofestivali.com\/wp-content\/uploads\/2026\/02\/SeneBoyuBTF-dirmit-Web-Site-2048x2048dirmit-1030x1030.jpg 1030w, https:\/\/bergamatiyatrofestivali.com\/wp-content\/uploads\/2026\/02\/SeneBoyuBTF-dirmit-Web-Site-2048x2048dirmit-80x80.jpg 80w, https:\/\/bergamatiyatrofestivali.com\/wp-content\/uploads\/2026\/02\/SeneBoyuBTF-dirmit-Web-Site-2048x2048dirmit-768x768.jpg 768w, https:\/\/bergamatiyatrofestivali.com\/wp-content\/uploads\/2026\/02\/SeneBoyuBTF-dirmit-Web-Site-2048x2048dirmit-12x12.jpg 12w, https:\/\/bergamatiyatrofestivali.com\/wp-content\/uploads\/2026\/02\/SeneBoyuBTF-dirmit-Web-Site-2048x2048dirmit-36x36.jpg 36w, https:\/\/bergamatiyatrofestivali.com\/wp-content\/uploads\/2026\/02\/SeneBoyuBTF-dirmit-Web-Site-2048x2048dirmit-180x180.jpg 180w, https:\/\/bergamatiyatrofestivali.com\/wp-content\/uploads\/2026\/02\/SeneBoyuBTF-dirmit-Web-Site-2048x2048dirmit-705x705.jpg 705w\" sizes=\"(max-width: 1080px) 100vw, 1080px\" \/><\/div><\/div><\/div><br \/>\n<section class=\"av_textblock_section\"  itemscope=\"itemscope\" itemtype=\"https:\/\/schema.org\/CreativeWork\" ><div class='avia_textblock  av_inherit_color'  style='color:#1d1d1b; '  itemprop=\"text\" ><h2><strong>Sevgili Ars\u0131z \u00d6l\u00fcm Dirmit<\/strong><\/h2>\n<h3><span style=\"font-weight: 400;\">Tiyatro Hemh\u00e2l<\/span><\/h3>\n<h4><span style=\"font-weight: 400;\">4 Mart\/March \u00c7ar\u015famba\/Wednesday, 20:30<\/span><\/h4>\n<h5><span style=\"font-weight: 400;\">BerKM - Bergama Cultural Center<\/span><\/h5>\n<\/div><\/section><br \/>\n<div  class='hr av-578o5x-e81847a4cb4a9bc272bf8a5d46cdedcf hr-default  avia-builder-el-3  el_after_av_textblock  el_before_av_buttonrow'><span class='hr-inner'><span class=\"hr-inner-style\"><\/span><\/span><\/div><br \/>\n<div  class='avia-buttonrow-wrap av-l34tkru2-d8d00fb5ab84f16fc18bc5eac03df079 avia-buttonrow-left  avia-builder-el-4  el_after_av_hr  avia-builder-el-last'>\n\n<style type=\"text\/css\" data-created_by=\"avia_inline_auto\" id=\"style-css-av-l34tko4x-c3fd26537f7ae395f045c1e07282a627\">\n#top #wrap_all .avia-button.av-l34tko4x-c3fd26537f7ae395f045c1e07282a627{\nmargin-bottom:5px;\nmargin-right:5px;\n}\n#top #wrap_all .avia-button.av-l34tko4x-c3fd26537f7ae395f045c1e07282a627:hover{\nbackground-color:black;\ncolor:#ffffff;\ntransition:all 0.4s ease-in-out;\n-webkit-transition:all 0.4s ease-in-out;\n-moz-transition:all 0.4s ease-in-out;\n-ms-transition:all 0.4s ease-in-out;\n-o-transition:all 0.4s ease-in-out;\n}\n<\/style>\n<a href='https:\/\/mobilet.com\/tr\/event\/sevgili-arsiz-olum-dirmit-tiyatro-hemhal-53194\/' class='avia-button av-l34tko4x-c3fd26537f7ae395f045c1e07282a627 avia-icon_select-yes-left-icon avia-size-medium avia-color-black avia-font-color-white' target=\"_blank\" rel=\"noopener noreferrer\"><span class='avia_button_icon avia_button_icon_left' aria-hidden='true' data-av_icon='\ue881' data-av_iconfont='entypo-fontello'><\/span><span class='avia_iconbox_title' >B\u0130LET SATIN AL!<\/span><\/a>\n<\/div><\/p><\/div><div class='flex_column av-3so41h-0e4fbf300e066135e57e4f7bf6f0d1c8 av_one_half  avia-builder-el-5  el_after_av_one_half  avia-builder-el-last  flex_column_div'   ><p><section class=\"av_textblock_section\"  itemscope=\"itemscope\" itemtype=\"https:\/\/schema.org\/CreativeWork\" ><div class='avia_textblock  av_inherit_color'  style='color:#1d1d1b; '  itemprop=\"text\" ><p><span style=\"font-weight: 400;\">K\u00f6yden \u015fehre g\u00f6\u00e7 eden kalabal\u0131k bir ailenin \u015fehirle m\u00fccadelesini ailenin en k\u00fc\u00e7\u00fck k\u0131z\u0131 Dirmit&#8217;in g\u00f6z\u00fcnden dinliyoruz.<\/span><\/p>\n<p><span style=\"font-weight: 400;\">S\u0131k\u0131\u015ft\u0131klar\u0131 tek odal\u0131 evde, \u015fehre tutunma m\u00fccadelesinde hepsi kendilerince bir yol tutturuyor. Dirmit k\u0131z ise durmak<\/span><\/p>\n<p><span style=\"font-weight: 400;\">bilmeyen merak\u0131 ve direnme g\u00fcc\u00fc sayesinde kar\u015f\u0131s\u0131na \u00e7\u0131kan zorluklarla ba\u015f etmenin t\u00fcrl\u00fc yollar\u0131n\u0131 buluyor. Onu \u015fehirden<\/span><\/p>\n<p><span style=\"font-weight: 400;\">korumaya \u00e7al\u0131\u015fan annesi Atiye, babas\u0131 Huvat ve abileri Dirmit&#8217;in t\u00fcrl\u00fc yollar\u0131ndan huylan\u0131yor, ona adet ve geleneklerin<\/span><\/p>\n<p><span style=\"font-weight: 400;\">rehberli\u011finde t\u00fcrl\u00fc engeller koyuyorlar. Ama Dirmit durur mu, durmuyor!<\/span><\/p>\n<p><span style=\"font-weight: 400;\"><strong>Oyun s\u00fcresi: <\/strong>85 dk.<\/span><\/p>\n<p><span style=\"font-weight: 400;\"><strong>Ya\u015f kitlesi:<\/strong> +12<\/span><\/p>\n<\/div><\/section><br \/>\n<div  class='hr av-1wgwp1-f5130e919114f14680027791788fe141 hr-default  avia-builder-el-7  el_after_av_textblock  el_before_av_textblock'><span class='hr-inner'><span class=\"hr-inner-style\"><\/span><\/span><\/div><br \/>\n<section class=\"av_textblock_section  av-desktop-hide av-medium-hide av-small-hide av-mini-hide\"  itemscope=\"itemscope\" itemtype=\"https:\/\/schema.org\/CreativeWork\" ><div class='avia_textblock  av_inherit_color'  style='color:#1d1d1b; '  itemprop=\"text\" ><p><b>Yazar\/Written by:<\/b><span style=\"font-weight: 400;\"> Burcu Becermen<\/span><\/p>\n<p><strong>Y\u00f6netmen\/Directed by:<\/strong> Burcu Becermen<\/p>\n<p><b>Oyuncular\/Cast:<\/b>Burcu Becermen &#8211; Yunus Emre \u015eahin<\/p>\n<p><b>Sahne Tasar\u0131m\/Stage Design:<\/b><span style=\"font-weight: 400;\"> Burcu Becermen &#8211; Zeynep Duman<\/span><\/p>\n<p><b>Dekor Tasar\u0131m\/Decoration Design:<\/b><span style=\"font-weight: 400;\"> Zeynep Duman<\/span><\/p>\n<\/div><\/section><\/p><\/div><\/p>","protected":false},"excerpt":{"rendered":"","protected":false},"author":1,"featured_media":0,"parent":0,"menu_order":0,"comment_status":"closed","ping_status":"closed","template":"","meta":{"footnotes":""},"class_list":["post-4887","page","type-page","status-publish","hentry"],"_links":{"self":[{"href":"https:\/\/bergamatiyatrofestivali.com\/en\/wp-json\/wp\/v2\/pages\/4887","targetHints":{"allow":["GET"]}}],"collection":[{"href":"https:\/\/bergamatiyatrofestivali.com\/en\/wp-json\/wp\/v2\/pages"}],"about":[{"href":"https:\/\/bergamatiyatrofestivali.com\/en\/wp-json\/wp\/v2\/types\/page"}],"author":[{"embeddable":true,"href":"https:\/\/bergamatiyatrofestivali.com\/en\/wp-json\/wp\/v2\/users\/1"}],"replies":[{"embeddable":true,"href":"https:\/\/bergamatiyatrofestivali.com\/en\/wp-json\/wp\/v2\/comments?post=4887"}],"version-history":[{"count":1,"href":"https:\/\/bergamatiyatrofestivali.com\/en\/wp-json\/wp\/v2\/pages\/4887\/revisions"}],"predecessor-version":[{"id":4889,"href":"https:\/\/bergamatiyatrofestivali.com\/en\/wp-json\/wp\/v2\/pages\/4887\/revisions\/4889"}],"wp:attachment":[{"href":"https:\/\/bergamatiyatrofestivali.com\/en\/wp-json\/wp\/v2\/media?parent=4887"}],"curies":[{"name":"wp","href":"https:\/\/api.w.org\/{rel}","templated":true}]}}