{"id":4877,"date":"2026-01-14T08:46:41","date_gmt":"2026-01-14T05:46:41","guid":{"rendered":"https:\/\/bergamatiyatrofestivali.com\/?page_id=4877"},"modified":"2026-01-14T08:46:41","modified_gmt":"2026-01-14T05:46:41","slug":"sahneyi-cocukla-dusunmek","status":"publish","type":"page","link":"https:\/\/bergamatiyatrofestivali.com\/en\/sahneyi-cocukla-dusunmek\/","title":{"rendered":"Sahneyi \u00c7ocukla D\u00fc\u015f\u00fcnmek &#8211; \u0130nteraktif Sohbet"},"content":{"rendered":"<div class='flex_column av-8ra5it-7e829cb4e37498c31b1d3b088ac2ea15 av_one_half  avia-builder-el-0  el_before_av_one_half  avia-builder-el-first  first flex_column_div'   ><p>\n<style type=\"text\/css\" data-created_by=\"avia_inline_auto\" id=\"style-css-av-7wntvp-db407062216dbb889bc88f2af34c252b\">\n.avia-image-container.av-7wntvp-db407062216dbb889bc88f2af34c252b .av-image-caption-overlay-center{\ncolor:#ffffff;\n}\n<\/style>\n<div  class='avia-image-container av-7wntvp-db407062216dbb889bc88f2af34c252b av-styling- avia-align-center  avia-builder-el-1  el_before_av_textblock  avia-builder-el-first'  itemprop=\"image\" itemscope=\"itemscope\" itemtype=\"https:\/\/schema.org\/ImageObject\" ><div class=\"avia-image-container-inner\"><div class=\"avia-image-overlay-wrap\"><img decoding=\"async\" class='wp-image-4878 avia-img-lazy-loading-not-4878 avia_image' src=\"https:\/\/bergamatiyatrofestivali.com\/wp-content\/uploads\/2026\/01\/SeneBoyuBTF-SCD-Web-Site-2048x2048--1030x1030.jpg\" alt='' title='SeneBoyuBTF-SC\u0327D-Web-Site-2048x2048-'  height=\"1030\" width=\"1030\"  itemprop=\"thumbnailUrl\" srcset=\"https:\/\/bergamatiyatrofestivali.com\/wp-content\/uploads\/2026\/01\/SeneBoyuBTF-SCD-Web-Site-2048x2048--1030x1030.jpg 1030w, https:\/\/bergamatiyatrofestivali.com\/wp-content\/uploads\/2026\/01\/SeneBoyuBTF-SCD-Web-Site-2048x2048--300x300.jpg 300w, https:\/\/bergamatiyatrofestivali.com\/wp-content\/uploads\/2026\/01\/SeneBoyuBTF-SCD-Web-Site-2048x2048--80x80.jpg 80w, https:\/\/bergamatiyatrofestivali.com\/wp-content\/uploads\/2026\/01\/SeneBoyuBTF-SCD-Web-Site-2048x2048--768x768.jpg 768w, https:\/\/bergamatiyatrofestivali.com\/wp-content\/uploads\/2026\/01\/SeneBoyuBTF-SCD-Web-Site-2048x2048--1536x1536.jpg 1536w, https:\/\/bergamatiyatrofestivali.com\/wp-content\/uploads\/2026\/01\/SeneBoyuBTF-SCD-Web-Site-2048x2048--12x12.jpg 12w, https:\/\/bergamatiyatrofestivali.com\/wp-content\/uploads\/2026\/01\/SeneBoyuBTF-SCD-Web-Site-2048x2048--36x36.jpg 36w, https:\/\/bergamatiyatrofestivali.com\/wp-content\/uploads\/2026\/01\/SeneBoyuBTF-SCD-Web-Site-2048x2048--180x180.jpg 180w, https:\/\/bergamatiyatrofestivali.com\/wp-content\/uploads\/2026\/01\/SeneBoyuBTF-SCD-Web-Site-2048x2048--1500x1500.jpg 1500w, https:\/\/bergamatiyatrofestivali.com\/wp-content\/uploads\/2026\/01\/SeneBoyuBTF-SCD-Web-Site-2048x2048--705x705.jpg 705w\" sizes=\"(max-width: 1030px) 100vw, 1030px\" \/><\/div><\/div><\/div><br \/>\n<section class=\"av_textblock_section\"  itemscope=\"itemscope\" itemtype=\"https:\/\/schema.org\/CreativeWork\" ><div class='avia_textblock  av_inherit_color'  style='color:#1d1d1b; '  itemprop=\"text\" ><h2><strong>Sahneyi \u00c7ocukla D\u00fc\u015f\u00fcnmek &#8211; \u0130nteraktif Sohbet<\/strong><\/h2>\n<h3><span style=\"font-weight: 400;\">Bo\u015f Sahne<\/span><\/h3>\n<h4><span style=\"font-weight: 400;\">18 Ocak\/January Pazar\/Sunday, 15:30<\/span><\/h4>\n<h5><span style=\"font-weight: 400;\">BerKM - Bergama Cultural Center<\/span><\/h5>\n<\/div><\/section><br \/>\n<div  class='hr av-578o5x-e81847a4cb4a9bc272bf8a5d46cdedcf hr-default  avia-builder-el-3  el_after_av_textblock  el_before_av_buttonrow'><span class='hr-inner'><span class=\"hr-inner-style\"><\/span><\/span><\/div><br \/>\n<div  class='avia-buttonrow-wrap av-l34tkru2-d8d00fb5ab84f16fc18bc5eac03df079 avia-buttonrow-left  avia-builder-el-4  el_after_av_hr  avia-builder-el-last'>\n\n<style type=\"text\/css\" data-created_by=\"avia_inline_auto\" id=\"style-css-av-l34tko4x-f97c7a0fded4834e48fbd49fc2076650\">\n#top #wrap_all .avia-button.av-l34tko4x-f97c7a0fded4834e48fbd49fc2076650{\nmargin-bottom:5px;\nmargin-right:5px;\n}\n#top #wrap_all .avia-button.av-l34tko4x-f97c7a0fded4834e48fbd49fc2076650:hover{\nbackground-color:black;\ncolor:#ffffff;\ntransition:all 0.4s ease-in-out;\n-webkit-transition:all 0.4s ease-in-out;\n-moz-transition:all 0.4s ease-in-out;\n-ms-transition:all 0.4s ease-in-out;\n-o-transition:all 0.4s ease-in-out;\n}\n<\/style>\n<a href='https:\/\/mobilet.com\/tr\/event\/sahneyi-cocukla-dusunmek-interaktif-sohbet-51923\/' class='avia-button av-l34tko4x-f97c7a0fded4834e48fbd49fc2076650 avia-icon_select-yes-left-icon avia-size-medium avia-color-black avia-font-color-white' target=\"_blank\" rel=\"noopener noreferrer\"><span class='avia_button_icon avia_button_icon_left' aria-hidden='true' data-av_icon='\ue881' data-av_iconfont='entypo-fontello'><\/span><span class='avia_iconbox_title' >B\u0130LET SATIN AL!<\/span><\/a>\n<\/div><\/p><\/div><div class='flex_column av-3so41h-0e4fbf300e066135e57e4f7bf6f0d1c8 av_one_half  avia-builder-el-5  el_after_av_one_half  avia-builder-el-last  flex_column_div'   ><p><section class=\"av_textblock_section\"  itemscope=\"itemscope\" itemtype=\"https:\/\/schema.org\/CreativeWork\" ><div class='avia_textblock  av_inherit_color'  style='color:#1d1d1b; '  itemprop=\"text\" ><p>Bo\u015f Sahne bu bulu\u015fmada \u201c\u00e7ocukluk\u201d kavray\u0131\u015f\u0131ndan \u00e7ocuk tiyatrosunun politik boyutuna, seyirci dramaturjisinden estetik tercihlere uzanan bir \u00e7er\u00e7evede kendi \u00fcretim pratiklerini kat\u0131l\u0131mc\u0131larla payla\u015f\u0131yor. \u00c7ocuk tiyatrosunun yaln\u0131zca \u00e7ocuklara y\u00f6nelik olup olmad\u0131\u011f\u0131, seyirciler aras\u0131ndaki ili\u015fki ihtimalleri, mevcut \u00fcretim ko\u015fullar\u0131 \u00fczerine birlikte d\u00fc\u015f\u00fcnmeye davet ediyor. Ard\u0131ndan, deneyim ve sorular \u00fczerinden kat\u0131l\u0131mc\u0131larla ortak bir tart\u0131\u015fma alan\u0131 hedefleniyor.<\/p>\n<p>1 saat \/ +16<\/p>\n<\/div><\/section><br \/>\n<div  class='hr av-1wgwp1-f5130e919114f14680027791788fe141 hr-default  avia-builder-el-7  el_after_av_textblock  el_before_av_textblock'><span class='hr-inner'><span class=\"hr-inner-style\"><\/span><\/span><\/div><br \/>\n<section class=\"av_textblock_section  av-desktop-hide av-medium-hide av-small-hide av-mini-hide\"  itemscope=\"itemscope\" itemtype=\"https:\/\/schema.org\/CreativeWork\" ><div class='avia_textblock  av_inherit_color'  style='color:#1d1d1b; '  itemprop=\"text\" ><p><b>Yazar\/Written by:<\/b><span style=\"font-weight: 400;\"> Burcu Becermen<\/span><\/p>\n<p><strong>Y\u00f6netmen\/Directed by:<\/strong> Burcu Becermen<\/p>\n<p><b>Oyuncular\/Cast:<\/b>Burcu Becermen &#8211; Yunus Emre \u015eahin<\/p>\n<p><b>Sahne Tasar\u0131m\/Stage Design:<\/b><span style=\"font-weight: 400;\"> Burcu Becermen &#8211; Zeynep Duman<\/span><\/p>\n<p><b>Dekor Tasar\u0131m\/Decoration Design:<\/b><span style=\"font-weight: 400;\"> Zeynep Duman<\/span><\/p>\n<\/div><\/section><\/p><\/div><\/p>","protected":false},"excerpt":{"rendered":"","protected":false},"author":2,"featured_media":0,"parent":0,"menu_order":0,"comment_status":"closed","ping_status":"closed","template":"","meta":{"footnotes":""},"class_list":["post-4877","page","type-page","status-publish","hentry"],"_links":{"self":[{"href":"https:\/\/bergamatiyatrofestivali.com\/en\/wp-json\/wp\/v2\/pages\/4877","targetHints":{"allow":["GET"]}}],"collection":[{"href":"https:\/\/bergamatiyatrofestivali.com\/en\/wp-json\/wp\/v2\/pages"}],"about":[{"href":"https:\/\/bergamatiyatrofestivali.com\/en\/wp-json\/wp\/v2\/types\/page"}],"author":[{"embeddable":true,"href":"https:\/\/bergamatiyatrofestivali.com\/en\/wp-json\/wp\/v2\/users\/2"}],"replies":[{"embeddable":true,"href":"https:\/\/bergamatiyatrofestivali.com\/en\/wp-json\/wp\/v2\/comments?post=4877"}],"version-history":[{"count":1,"href":"https:\/\/bergamatiyatrofestivali.com\/en\/wp-json\/wp\/v2\/pages\/4877\/revisions"}],"predecessor-version":[{"id":4879,"href":"https:\/\/bergamatiyatrofestivali.com\/en\/wp-json\/wp\/v2\/pages\/4877\/revisions\/4879"}],"wp:attachment":[{"href":"https:\/\/bergamatiyatrofestivali.com\/en\/wp-json\/wp\/v2\/media?parent=4877"}],"curies":[{"name":"wp","href":"https:\/\/api.w.org\/{rel}","templated":true}]}}