{"id":4860,"date":"2026-01-02T12:20:50","date_gmt":"2026-01-02T09:20:50","guid":{"rendered":"https:\/\/bergamatiyatrofestivali.com\/?page_id=4860"},"modified":"2026-01-05T13:52:12","modified_gmt":"2026-01-05T10:52:12","slug":"cimidi","status":"publish","type":"page","link":"https:\/\/bergamatiyatrofestivali.com\/en\/cimidi\/","title":{"rendered":"\u00c7imidi"},"content":{"rendered":"<div class='flex_column av-8ra5it-7e829cb4e37498c31b1d3b088ac2ea15 av_one_half  avia-builder-el-0  el_before_av_one_half  avia-builder-el-first  first flex_column_div'   ><p>\n<style type=\"text\/css\" data-created_by=\"avia_inline_auto\" id=\"style-css-av-7wntvp-3f2e5d73f4edf85a23966889358d5a3b\">\n.avia-image-container.av-7wntvp-3f2e5d73f4edf85a23966889358d5a3b .av-image-caption-overlay-center{\ncolor:#ffffff;\n}\n<\/style>\n<div  class='avia-image-container av-7wntvp-3f2e5d73f4edf85a23966889358d5a3b av-styling- avia-align-center  avia-builder-el-1  el_before_av_textblock  avia-builder-el-first'  itemprop=\"image\" itemscope=\"itemscope\" itemtype=\"https:\/\/schema.org\/ImageObject\" ><div class=\"avia-image-container-inner\"><div class=\"avia-image-overlay-wrap\"><img decoding=\"async\" class='wp-image-4861 avia-img-lazy-loading-not-4861 avia_image' src=\"https:\/\/bergamatiyatrofestivali.com\/wp-content\/uploads\/2026\/01\/cimidi-thumb.jpg\" alt='' title='cimidi-thumb'  height=\"1080\" width=\"1080\"  itemprop=\"thumbnailUrl\" srcset=\"https:\/\/bergamatiyatrofestivali.com\/wp-content\/uploads\/2026\/01\/cimidi-thumb.jpg 1080w, https:\/\/bergamatiyatrofestivali.com\/wp-content\/uploads\/2026\/01\/cimidi-thumb-300x300.jpg 300w, https:\/\/bergamatiyatrofestivali.com\/wp-content\/uploads\/2026\/01\/cimidi-thumb-1030x1030.jpg 1030w, https:\/\/bergamatiyatrofestivali.com\/wp-content\/uploads\/2026\/01\/cimidi-thumb-80x80.jpg 80w, https:\/\/bergamatiyatrofestivali.com\/wp-content\/uploads\/2026\/01\/cimidi-thumb-768x768.jpg 768w, https:\/\/bergamatiyatrofestivali.com\/wp-content\/uploads\/2026\/01\/cimidi-thumb-12x12.jpg 12w, https:\/\/bergamatiyatrofestivali.com\/wp-content\/uploads\/2026\/01\/cimidi-thumb-36x36.jpg 36w, https:\/\/bergamatiyatrofestivali.com\/wp-content\/uploads\/2026\/01\/cimidi-thumb-180x180.jpg 180w, https:\/\/bergamatiyatrofestivali.com\/wp-content\/uploads\/2026\/01\/cimidi-thumb-705x705.jpg 705w\" sizes=\"(max-width: 1080px) 100vw, 1080px\" \/><\/div><\/div><\/div><br \/>\n<section class=\"av_textblock_section\"  itemscope=\"itemscope\" itemtype=\"https:\/\/schema.org\/CreativeWork\" ><div class='avia_textblock  av_inherit_color'  style='color:#1d1d1b; '  itemprop=\"text\" ><h2><strong>\u00c7imidi<\/strong><\/h2>\n<h3><span style=\"font-weight: 400;\">Bo\u015f Sahne<\/span><\/h3>\n<h4><span style=\"font-weight: 400;\">18 Ocak\/January Pazar\/Sunday, 14:00<\/span><\/h4>\n<h5><span style=\"font-weight: 400;\">BerKM - Bergama Cultural Center<\/span><\/h5>\n<\/div><\/section><br \/>\n<div  class='hr av-578o5x-e81847a4cb4a9bc272bf8a5d46cdedcf hr-default  avia-builder-el-3  el_after_av_textblock  el_before_av_buttonrow'><span class='hr-inner'><span class=\"hr-inner-style\"><\/span><\/span><\/div><br \/>\n<div  class='avia-buttonrow-wrap av-l34tkru2-d8d00fb5ab84f16fc18bc5eac03df079 avia-buttonrow-left  avia-builder-el-4  el_after_av_hr  avia-builder-el-last'>\n\n<style type=\"text\/css\" data-created_by=\"avia_inline_auto\" id=\"style-css-av-l34tko4x-477cbbfaf275bae7a7e84671a4bc91b2\">\n#top #wrap_all .avia-button.av-l34tko4x-477cbbfaf275bae7a7e84671a4bc91b2{\nmargin-bottom:5px;\nmargin-right:5px;\n}\n#top #wrap_all .avia-button.av-l34tko4x-477cbbfaf275bae7a7e84671a4bc91b2:hover{\nbackground-color:black;\ncolor:#ffffff;\ntransition:all 0.4s ease-in-out;\n-webkit-transition:all 0.4s ease-in-out;\n-moz-transition:all 0.4s ease-in-out;\n-ms-transition:all 0.4s ease-in-out;\n-o-transition:all 0.4s ease-in-out;\n}\n<\/style>\n<a href='https:\/\/mobilet.com\/tr\/event\/cimidi-chimidyue-51723\/' class='avia-button av-l34tko4x-477cbbfaf275bae7a7e84671a4bc91b2 avia-icon_select-yes-left-icon avia-size-medium avia-color-black avia-font-color-white' target=\"_blank\" rel=\"noopener noreferrer\"><span class='avia_button_icon avia_button_icon_left' aria-hidden='true' data-av_icon='\ue881' data-av_iconfont='entypo-fontello'><\/span><span class='avia_iconbox_title' >B\u0130LET SATIN AL!<\/span><\/a>\n<\/div><\/p><\/div><div class='flex_column av-3so41h-0e4fbf300e066135e57e4f7bf6f0d1c8 av_one_half  avia-builder-el-5  el_after_av_one_half  avia-builder-el-last  flex_column_div'   ><p><section class=\"av_textblock_section\"  itemscope=\"itemscope\" itemtype=\"https:\/\/schema.org\/CreativeWork\" ><div class='avia_textblock  av_inherit_color'  style='color:#1d1d1b; '  itemprop=\"text\" ><p>Chimidyue\u2019\u2019 (\u00c7imidi) Amazon ormanlar\u0131nda ya\u015fayan Tukuna halk\u0131na ait bir halk efsanesine dayan\u0131yor. Orman hakk\u0131nda her zaman korkun\u00e7 hikayelerin anlat\u0131ld\u0131\u011f\u0131 bir k\u00f6yde Chimidyue her \u015feye ra\u011fmen ormanda nas\u0131l bir d\u00fcnya oldu\u011funu merak etmeye devam eder ve bir g\u00fcn bir kelebe\u011fin pe\u015finden ko\u015farken kendisini orman\u0131n ortas\u0131nda buluverir. Kaybolmu\u015ftur ve ormandaki her \u015fey ona \u00e7ok yabanc\u0131d\u0131r. Bu yolculuk her ne kadar tehlikeli ve \u00fcrk\u00fct\u00fcc\u00fc olsa da, Chimidyue halk\u0131n\u0131n ezberlerinin \u00f6tesinde orman\u0131 yeniden tan\u0131yacakt\u0131r. Ve orman\u0131n yolunu anlamaya \u00e7al\u0131\u015ft\u0131k\u00e7a, orman\u0131n da onu anlad\u0131\u011f\u0131n\u0131 ke\u015ffedecek; daha \u00f6nce bildi\u011fini fark etmedi\u011fi bir s\u0131rr\u0131 tekrar hat\u0131rlayacakt\u0131r.<\/p>\n<p>50 dk &#8211; Tek Perde \\ +5<\/p>\n<\/div><\/section><br \/>\n<div  class='hr av-1wgwp1-f5130e919114f14680027791788fe141 hr-default  avia-builder-el-7  el_after_av_textblock  el_before_av_textblock'><span class='hr-inner'><span class=\"hr-inner-style\"><\/span><\/span><\/div><br \/>\n<section class=\"av_textblock_section  av-desktop-hide av-medium-hide av-small-hide av-mini-hide\"  itemscope=\"itemscope\" itemtype=\"https:\/\/schema.org\/CreativeWork\" ><div class='avia_textblock  av_inherit_color'  style='color:#1d1d1b; '  itemprop=\"text\" ><p><b>Yazar\/Written by:<\/b><span style=\"font-weight: 400;\"> Burcu Becermen<\/span><\/p>\n<p><strong>Y\u00f6netmen\/Directed by:<\/strong> Burcu Becermen<\/p>\n<p><b>Oyuncular\/Cast:<\/b>Burcu Becermen &#8211; Yunus Emre \u015eahin<\/p>\n<p><b>Sahne Tasar\u0131m\/Stage Design:<\/b><span style=\"font-weight: 400;\"> Burcu Becermen &#8211; Zeynep Duman<\/span><\/p>\n<p><b>Dekor Tasar\u0131m\/Decoration Design:<\/b><span style=\"font-weight: 400;\"> Zeynep Duman<\/span><\/p>\n<\/div><\/section><\/p><\/div><\/p>","protected":false},"excerpt":{"rendered":"","protected":false},"author":2,"featured_media":0,"parent":0,"menu_order":0,"comment_status":"closed","ping_status":"closed","template":"","meta":{"footnotes":""},"class_list":["post-4860","page","type-page","status-publish","hentry"],"_links":{"self":[{"href":"https:\/\/bergamatiyatrofestivali.com\/en\/wp-json\/wp\/v2\/pages\/4860","targetHints":{"allow":["GET"]}}],"collection":[{"href":"https:\/\/bergamatiyatrofestivali.com\/en\/wp-json\/wp\/v2\/pages"}],"about":[{"href":"https:\/\/bergamatiyatrofestivali.com\/en\/wp-json\/wp\/v2\/types\/page"}],"author":[{"embeddable":true,"href":"https:\/\/bergamatiyatrofestivali.com\/en\/wp-json\/wp\/v2\/users\/2"}],"replies":[{"embeddable":true,"href":"https:\/\/bergamatiyatrofestivali.com\/en\/wp-json\/wp\/v2\/comments?post=4860"}],"version-history":[{"count":3,"href":"https:\/\/bergamatiyatrofestivali.com\/en\/wp-json\/wp\/v2\/pages\/4860\/revisions"}],"predecessor-version":[{"id":4875,"href":"https:\/\/bergamatiyatrofestivali.com\/en\/wp-json\/wp\/v2\/pages\/4860\/revisions\/4875"}],"wp:attachment":[{"href":"https:\/\/bergamatiyatrofestivali.com\/en\/wp-json\/wp\/v2\/media?parent=4860"}],"curies":[{"name":"wp","href":"https:\/\/api.w.org\/{rel}","templated":true}]}}