{"id":4813,"date":"2025-08-21T14:26:37","date_gmt":"2025-08-21T11:26:37","guid":{"rendered":"https:\/\/bergamatiyatrofestivali.com\/?page_id=4813"},"modified":"2025-08-21T20:56:12","modified_gmt":"2025-08-21T17:56:12","slug":"yasanmis-yasaniyor-yasanacak","status":"publish","type":"page","link":"https:\/\/bergamatiyatrofestivali.com\/en\/yasanmis-yasaniyor-yasanacak\/","title":{"rendered":"Ya\u015fanm\u0131\u015f, Ya\u015fan\u0131yor, Ya\u015fanacak"},"content":{"rendered":"<div class='flex_column av-8ra5it-7e829cb4e37498c31b1d3b088ac2ea15 av_one_half  avia-builder-el-0  el_before_av_one_half  avia-builder-el-first  first flex_column_div'   ><p>\n<style type=\"text\/css\" data-created_by=\"avia_inline_auto\" id=\"style-css-av-7wntvp-5877079321ca3328d01feb6fae72137e\">\n.avia-image-container.av-7wntvp-5877079321ca3328d01feb6fae72137e .av-image-caption-overlay-center{\ncolor:#ffffff;\n}\n<\/style>\n<div  class='avia-image-container av-7wntvp-5877079321ca3328d01feb6fae72137e av-styling- avia-align-center  avia-builder-el-1  el_before_av_textblock  avia-builder-el-first'  itemprop=\"image\" itemscope=\"itemscope\" itemtype=\"https:\/\/schema.org\/ImageObject\" ><div class=\"avia-image-container-inner\"><div class=\"avia-image-overlay-wrap\"><img decoding=\"async\" class='wp-image-4814 avia-img-lazy-loading-not-4814 avia_image' src=\"https:\/\/bergamatiyatrofestivali.com\/wp-content\/uploads\/2025\/08\/yasanmis_-BTF-Angst-Web-2048x2048-1.jpg\" alt='' title='yasanm\u0131s'  height=\"2048\" width=\"2048\"  itemprop=\"thumbnailUrl\" srcset=\"https:\/\/bergamatiyatrofestivali.com\/wp-content\/uploads\/2025\/08\/yasanmis_-BTF-Angst-Web-2048x2048-1.jpg 2048w, https:\/\/bergamatiyatrofestivali.com\/wp-content\/uploads\/2025\/08\/yasanmis_-BTF-Angst-Web-2048x2048-1-300x300.jpg 300w, https:\/\/bergamatiyatrofestivali.com\/wp-content\/uploads\/2025\/08\/yasanmis_-BTF-Angst-Web-2048x2048-1-1030x1030.jpg 1030w, https:\/\/bergamatiyatrofestivali.com\/wp-content\/uploads\/2025\/08\/yasanmis_-BTF-Angst-Web-2048x2048-1-80x80.jpg 80w, https:\/\/bergamatiyatrofestivali.com\/wp-content\/uploads\/2025\/08\/yasanmis_-BTF-Angst-Web-2048x2048-1-768x768.jpg 768w, https:\/\/bergamatiyatrofestivali.com\/wp-content\/uploads\/2025\/08\/yasanmis_-BTF-Angst-Web-2048x2048-1-1536x1536.jpg 1536w, https:\/\/bergamatiyatrofestivali.com\/wp-content\/uploads\/2025\/08\/yasanmis_-BTF-Angst-Web-2048x2048-1-12x12.jpg 12w, https:\/\/bergamatiyatrofestivali.com\/wp-content\/uploads\/2025\/08\/yasanmis_-BTF-Angst-Web-2048x2048-1-36x36.jpg 36w, https:\/\/bergamatiyatrofestivali.com\/wp-content\/uploads\/2025\/08\/yasanmis_-BTF-Angst-Web-2048x2048-1-180x180.jpg 180w, https:\/\/bergamatiyatrofestivali.com\/wp-content\/uploads\/2025\/08\/yasanmis_-BTF-Angst-Web-2048x2048-1-1500x1500.jpg 1500w, https:\/\/bergamatiyatrofestivali.com\/wp-content\/uploads\/2025\/08\/yasanmis_-BTF-Angst-Web-2048x2048-1-705x705.jpg 705w\" sizes=\"(max-width: 2048px) 100vw, 2048px\" \/><\/div><\/div><\/div><br \/>\n<section class=\"av_textblock_section\"  itemscope=\"itemscope\" itemtype=\"https:\/\/schema.org\/CreativeWork\" ><div class='avia_textblock  av_inherit_color'  style='color:#1d1d1b; '  itemprop=\"text\" ><h2><strong>Ya\u015fanm\u0131\u015f, Ya\u015fan\u0131yor, Ya\u015fanacak<\/strong><\/h2>\n<h3><span style=\"font-weight: 400;\">Korhan Futac\u0131 &#8211; Esra Yurttut<\/span><\/h3>\n<h4><span style=\"font-weight: 400;\">24 A\u011fustos\/August Pazar\/Sunday, 19:00<\/span><\/h4>\n<h5><span style=\"font-weight: 400;\">Akropol<\/span><\/h5>\n<\/div><\/section><br \/>\n<div  class='hr av-578o5x-e81847a4cb4a9bc272bf8a5d46cdedcf hr-default  avia-builder-el-3  el_after_av_textblock  el_before_av_buttonrow'><span class='hr-inner'><span class=\"hr-inner-style\"><\/span><\/span><\/div><br \/>\n<div  class='avia-buttonrow-wrap av-l34tkru2-d8d00fb5ab84f16fc18bc5eac03df079 avia-buttonrow-left  avia-builder-el-4  el_after_av_hr  avia-builder-el-last'>\n\n<style type=\"text\/css\" data-created_by=\"avia_inline_auto\" id=\"style-css-av-l34tko4x-0ab6380c43108fa19c8465510525ae07\">\n#top #wrap_all .avia-button.av-l34tko4x-0ab6380c43108fa19c8465510525ae07{\nmargin-bottom:5px;\nmargin-right:5px;\n}\n#top #wrap_all .avia-button.av-l34tko4x-0ab6380c43108fa19c8465510525ae07:hover{\nbackground-color:black;\ncolor:#ffffff;\ntransition:all 0.4s ease-in-out;\n-webkit-transition:all 0.4s ease-in-out;\n-moz-transition:all 0.4s ease-in-out;\n-ms-transition:all 0.4s ease-in-out;\n-o-transition:all 0.4s ease-in-out;\n}\n<\/style>\n<a href='' class='avia-button av-l34tko4x-0ab6380c43108fa19c8465510525ae07 avia-icon_select-yes-left-icon avia-size-medium avia-color-black avia-font-color-white' target=\"_blank\" rel=\"noopener noreferrer\"><span class='avia_button_icon avia_button_icon_left' aria-hidden='true' data-av_icon='\ue881' data-av_iconfont='entypo-fontello'><\/span><span class='avia_iconbox_title' >\u00dcCRETS\u0130Z ETK\u0130NL\u0130K \/ FREE EVENT<\/span><\/a>\n<\/div><\/p><\/div>\n<div class='flex_column av-3so41h-0e4fbf300e066135e57e4f7bf6f0d1c8 av_one_half  avia-builder-el-5  el_after_av_one_half  avia-builder-el-last  flex_column_div'   ><p><section class=\"av_textblock_section\"  itemscope=\"itemscope\" itemtype=\"https:\/\/schema.org\/CreativeWork\" ><div class='avia_textblock  av_inherit_color'  style='color:#1d1d1b; '  itemprop=\"text\" ><p><span style=\"font-weight: 400;\">D\u00f6n\u00fc\u015f\u00fcm. Neyen gelip, neye d\u00f6n\u00fc\u015f\u00fcyoruz?<\/span><\/p>\n<p><span style=\"font-weight: 400;\">\u015eimdi, tam \u015fu anda nas\u0131l\u0131z? Ki\u015filerden, k\u00fclt\u00fcrel aktar\u0131mdan ba\u011f\u0131ms\u0131z olunabilir mi? Olunmal\u0131 m\u0131?<\/span><\/p>\n<p><span style=\"font-weight: 400;\">D\u00f6n\u00fc\u015f\u00fcmler haz\u0131rlan\u0131rken, bir yandan da ge\u00e7mi\u015fi ziyaret ettik. Duygulara, anlara ve an\u0131lara bakt\u0131k. Festivalin t\u00fcm senelerine \u015fahit olanlar\u0131na da, ilk defa kat\u0131lanlar\u0131n\u0131za da dokunaca\u011f\u0131n\u0131 d\u00fc\u015f\u00fcnd\u00fc\u011f\u00fcm\u00fcz bir performans haz\u0131rl\u0131yoruz. Birlikte izleri hissedecek, hepsini Akropol\u2019\u00fcn tepesinden Bergama\u2019ya, g\u00f6ky\u00fcz\u00fcne do\u011fru \u00fcfleyece\u011fiz.<\/span><\/p>\n<p>&#8211;<\/p>\n<p><span style=\"font-weight: 400;\">Transformation. From what are we coming, into what are we becoming?<\/span><span style=\"font-weight: 400;\"><br \/>\n<\/span><span style=\"font-weight: 400;\">Right now, at this very moment, how are we?<\/span><span style=\"font-weight: 400;\"><br \/>\n<\/span><span style=\"font-weight: 400;\">Can one be independent of individuals, of cultural transmission?<\/span><span style=\"font-weight: 400;\"><br \/>\n<\/span><span style=\"font-weight: 400;\">Should one be?<\/span><\/p>\n<p><span style=\"font-weight: 400;\">While preparing for transformations, we also revisited the past. We looked at emotions, moments, and memories. We are preparing a performance that we believe will touch both those who have witnessed every year of the festival and those who are joining for the very first time. Together, we will feel the traces and blow them all from the top of the Acropolis toward Bergama, toward the sky.<\/span><\/p>\n<\/div><\/section><br \/>\n<div  class='hr av-1wgwp1-f5130e919114f14680027791788fe141 hr-default  avia-builder-el-7  el_after_av_textblock  el_before_av_textblock'><span class='hr-inner'><span class=\"hr-inner-style\"><\/span><\/span><\/div><br \/>\n<section class=\"av_textblock_section\"  itemscope=\"itemscope\" itemtype=\"https:\/\/schema.org\/CreativeWork\" ><div class='avia_textblock  av_inherit_color'  style='color:#1d1d1b; '  itemprop=\"text\" ><p><b>\u0130\u00e7erik\/Content:<\/b><span style=\"font-weight: 400;\"> Eren Ar\u0131kan &#8211; \u00c7a\u011f\u0131l \u00d6zdemir<\/span><\/p>\n<p><strong>Performans\/Performance:<\/strong> Korhan Futac\u0131(\u00dcflemeliler\/Winds) &#8211; Esra Yurttut(Deneysel Performans\/Experimental Performance)<\/p>\n<p><b>K\u00fcrasyon ve \u0130\u00e7erik D\u00fczenleme\/Curatorship and Content Editing:\u00a0<\/b>Murat Sezgi<\/p>\n<\/div><\/section><\/p><\/div>","protected":false},"excerpt":{"rendered":"","protected":false},"author":2,"featured_media":0,"parent":0,"menu_order":0,"comment_status":"closed","ping_status":"closed","template":"","meta":{"footnotes":""},"class_list":["post-4813","page","type-page","status-publish","hentry"],"_links":{"self":[{"href":"https:\/\/bergamatiyatrofestivali.com\/en\/wp-json\/wp\/v2\/pages\/4813","targetHints":{"allow":["GET"]}}],"collection":[{"href":"https:\/\/bergamatiyatrofestivali.com\/en\/wp-json\/wp\/v2\/pages"}],"about":[{"href":"https:\/\/bergamatiyatrofestivali.com\/en\/wp-json\/wp\/v2\/types\/page"}],"author":[{"embeddable":true,"href":"https:\/\/bergamatiyatrofestivali.com\/en\/wp-json\/wp\/v2\/users\/2"}],"replies":[{"embeddable":true,"href":"https:\/\/bergamatiyatrofestivali.com\/en\/wp-json\/wp\/v2\/comments?post=4813"}],"version-history":[{"count":2,"href":"https:\/\/bergamatiyatrofestivali.com\/en\/wp-json\/wp\/v2\/pages\/4813\/revisions"}],"predecessor-version":[{"id":4826,"href":"https:\/\/bergamatiyatrofestivali.com\/en\/wp-json\/wp\/v2\/pages\/4813\/revisions\/4826"}],"wp:attachment":[{"href":"https:\/\/bergamatiyatrofestivali.com\/en\/wp-json\/wp\/v2\/media?parent=4813"}],"curies":[{"name":"wp","href":"https:\/\/api.w.org\/{rel}","templated":true}]}}