{"id":4810,"date":"2025-08-21T10:46:06","date_gmt":"2025-08-21T07:46:06","guid":{"rendered":"https:\/\/bergamatiyatrofestivali.com\/?page_id=4810"},"modified":"2025-08-21T10:46:06","modified_gmt":"2025-08-21T07:46:06","slug":"tiyatro-kim-icin-kiminle","status":"publish","type":"page","link":"https:\/\/bergamatiyatrofestivali.com\/en\/tiyatro-kim-icin-kiminle\/","title":{"rendered":"Tiyatro: Kim \u0130\u00e7in, Kiminle?"},"content":{"rendered":"<div class='flex_column av-8ra5it-7e829cb4e37498c31b1d3b088ac2ea15 av_one_half  avia-builder-el-0  el_before_av_one_half  avia-builder-el-first  first flex_column_div'   ><p>\n<style type=\"text\/css\" data-created_by=\"avia_inline_auto\" id=\"style-css-av-7wntvp-a862db1675bbc5fc20c8740fb65f6201\">\n.avia-image-container.av-7wntvp-a862db1675bbc5fc20c8740fb65f6201 .av-image-caption-overlay-center{\ncolor:#ffffff;\n}\n<\/style>\n<div  class='avia-image-container av-7wntvp-a862db1675bbc5fc20c8740fb65f6201 av-styling- avia-align-center  avia-builder-el-1  el_before_av_textblock  avia-builder-el-first'  itemprop=\"image\" itemscope=\"itemscope\" itemtype=\"https:\/\/schema.org\/ImageObject\" ><div class=\"avia-image-container-inner\"><div class=\"avia-image-overlay-wrap\"><img decoding=\"async\" class='wp-image-4811 avia-img-lazy-loading-not-4811 avia_image' src=\"https:\/\/bergamatiyatrofestivali.com\/wp-content\/uploads\/2025\/08\/tiyatro-kimin-icin_-BTF-Angst-Web-2048x2048-1.jpg\" alt='' title='tiyatro kimin icin'  height=\"2048\" width=\"2048\"  itemprop=\"thumbnailUrl\" srcset=\"https:\/\/bergamatiyatrofestivali.com\/wp-content\/uploads\/2025\/08\/tiyatro-kimin-icin_-BTF-Angst-Web-2048x2048-1.jpg 2048w, https:\/\/bergamatiyatrofestivali.com\/wp-content\/uploads\/2025\/08\/tiyatro-kimin-icin_-BTF-Angst-Web-2048x2048-1-300x300.jpg 300w, https:\/\/bergamatiyatrofestivali.com\/wp-content\/uploads\/2025\/08\/tiyatro-kimin-icin_-BTF-Angst-Web-2048x2048-1-1030x1030.jpg 1030w, https:\/\/bergamatiyatrofestivali.com\/wp-content\/uploads\/2025\/08\/tiyatro-kimin-icin_-BTF-Angst-Web-2048x2048-1-80x80.jpg 80w, https:\/\/bergamatiyatrofestivali.com\/wp-content\/uploads\/2025\/08\/tiyatro-kimin-icin_-BTF-Angst-Web-2048x2048-1-768x768.jpg 768w, https:\/\/bergamatiyatrofestivali.com\/wp-content\/uploads\/2025\/08\/tiyatro-kimin-icin_-BTF-Angst-Web-2048x2048-1-1536x1536.jpg 1536w, https:\/\/bergamatiyatrofestivali.com\/wp-content\/uploads\/2025\/08\/tiyatro-kimin-icin_-BTF-Angst-Web-2048x2048-1-12x12.jpg 12w, https:\/\/bergamatiyatrofestivali.com\/wp-content\/uploads\/2025\/08\/tiyatro-kimin-icin_-BTF-Angst-Web-2048x2048-1-36x36.jpg 36w, https:\/\/bergamatiyatrofestivali.com\/wp-content\/uploads\/2025\/08\/tiyatro-kimin-icin_-BTF-Angst-Web-2048x2048-1-180x180.jpg 180w, https:\/\/bergamatiyatrofestivali.com\/wp-content\/uploads\/2025\/08\/tiyatro-kimin-icin_-BTF-Angst-Web-2048x2048-1-1500x1500.jpg 1500w, https:\/\/bergamatiyatrofestivali.com\/wp-content\/uploads\/2025\/08\/tiyatro-kimin-icin_-BTF-Angst-Web-2048x2048-1-705x705.jpg 705w\" sizes=\"(max-width: 2048px) 100vw, 2048px\" \/><\/div><\/div><\/div><br \/>\n<section class=\"av_textblock_section\"  itemscope=\"itemscope\" itemtype=\"https:\/\/schema.org\/CreativeWork\" ><div class='avia_textblock  av_inherit_color'  style='color:#1d1d1b; '  itemprop=\"text\" ><h2><strong>Tiyatro: Kim \u0130\u00e7in, Kiminle?<\/strong><\/h2>\n<h3><span style=\"font-weight: 400;\">Moderat\u00f6r: G\u00fclin Dede Tekin<\/span><\/h3>\n<h4><span style=\"font-weight: 400;\">23 A\u011fustos\/August Cumartesi\/Saturday, 12:00<\/span><\/h4>\n<h5><span style=\"font-weight: 400;\">Haluk Elbe Toplant\u0131 Salonu<\/span><\/h5>\n<\/div><\/section><br \/>\n<div  class='hr av-578o5x-e81847a4cb4a9bc272bf8a5d46cdedcf hr-default  avia-builder-el-3  el_after_av_textblock  el_before_av_buttonrow'><span class='hr-inner'><span class=\"hr-inner-style\"><\/span><\/span><\/div><br \/>\n<div  class='avia-buttonrow-wrap av-l34tkru2-d8d00fb5ab84f16fc18bc5eac03df079 avia-buttonrow-left  avia-builder-el-4  el_after_av_hr  avia-builder-el-last'>\n\n<style type=\"text\/css\" data-created_by=\"avia_inline_auto\" id=\"style-css-av-l34tko4x-0ab6380c43108fa19c8465510525ae07\">\n#top #wrap_all .avia-button.av-l34tko4x-0ab6380c43108fa19c8465510525ae07{\nmargin-bottom:5px;\nmargin-right:5px;\n}\n#top #wrap_all .avia-button.av-l34tko4x-0ab6380c43108fa19c8465510525ae07:hover{\nbackground-color:black;\ncolor:#ffffff;\ntransition:all 0.4s ease-in-out;\n-webkit-transition:all 0.4s ease-in-out;\n-moz-transition:all 0.4s ease-in-out;\n-ms-transition:all 0.4s ease-in-out;\n-o-transition:all 0.4s ease-in-out;\n}\n<\/style>\n<a href='' class='avia-button av-l34tko4x-0ab6380c43108fa19c8465510525ae07 avia-icon_select-yes-left-icon avia-size-medium avia-color-black avia-font-color-white' target=\"_blank\" rel=\"noopener noreferrer\"><span class='avia_button_icon avia_button_icon_left' aria-hidden='true' data-av_icon='\ue881' data-av_iconfont='entypo-fontello'><\/span><span class='avia_iconbox_title' >\u00dcCRETS\u0130Z ETK\u0130NL\u0130K \/ FREE EVENT<\/span><\/a>\n<\/div><\/p><\/div><div class='flex_column av-3so41h-0e4fbf300e066135e57e4f7bf6f0d1c8 av_one_half  avia-builder-el-5  el_after_av_one_half  avia-builder-el-last  flex_column_div'   ><p><section class=\"av_textblock_section\"  itemscope=\"itemscope\" itemtype=\"https:\/\/schema.org\/CreativeWork\" ><div class='avia_textblock  av_inherit_color'  style='color:#1d1d1b; '  itemprop=\"text\" ><p><i><span style=\"font-weight: 400;\">T\u00fcrkiye\u2019de ve D\u00fcnyada Tiyatronun Bug\u00fcn\u00fc ve Gelece\u011fi<\/span><\/i><\/p>\n<p><b>Konu\u015fmac\u0131lar:\u00a0<\/b><\/p>\n<ul>\n<li aria-level=\"1\"><span style=\"font-weight: 400;\">Emre Y\u0131ld\u0131zlar (\u0130stanbul Fringe Festivali kurucusu) \u015eule Ate\u015f\u00a0 (y\u00f6netmen \u2013 performans tasar\u0131mc\u0131s\u0131)<\/span><\/li>\n<\/ul>\n<ul>\n<li aria-level=\"1\"><span style=\"font-weight: 400;\">Ahmet Murat Akoy (Ka\u015f Tiyatro G\u00fcnleri direkt\u00f6r\u00fc \u2013 Ka\u015f \u00c7evre ve K\u00fclt\u00fcr Derne\u011fi Ba\u015fkan\u0131<\/span><\/li>\n<\/ul>\n<ul>\n<li style=\"font-weight: 400;\" aria-level=\"1\"><span style=\"font-weight: 400;\">\u00d6zlem Hemi\u015f (Kadir Has \u00dcniversitesi, dramaturg,<\/span><b>\u00a0<\/b><\/li>\n<\/ul>\n<p><b>Moderasyon:<\/b><span style=\"font-weight: 400;\"> G\u00fclin Tekin Dede (Tiyatro Ele\u015ftirmeni)<\/span><\/p>\n<p><b><i>NOT:<\/i><\/b> <i><span style=\"font-weight: 400;\">Kat\u0131l\u0131mc\u0131lardan baz\u0131lar\u0131n\u0131n yurtd\u0131\u015f\u0131nda olmas\u0131 durumunda etkinlik Zoom ba\u011flant\u0131s\u0131 \u00fczerinden, hibrit formatta ger\u00e7ekle\u015ftirilecektir<\/span><\/i><\/p>\n<p><b>\u0130\u00c7ER\u0130K METN\u0130<\/b><\/p>\n<p><span style=\"font-weight: 400;\">Yeni yaz\u0131lar, yeni sesler, yeni yerler<\/span><\/p>\n<p><span style=\"font-weight: 400;\">\u0130zleyici kim?<\/span><\/p>\n<p><span style=\"font-weight: 400;\">\u0130\u015fbirlikleri, kaynaklar, sponsorlar ve di\u011ferleri\u2026<\/span><\/p>\n<p>&#8211;<\/p>\n<p><em>The Present and Future of Theatre in Turkey and the World<\/em><\/p>\n<p><b>Speakers:<\/b><\/p>\n<ul>\n<li style=\"font-weight: 400;\" aria-level=\"1\"><span style=\"font-weight: 400;\">Emre Y\u0131ld\u0131zlar (Founder of Istanbul Fringe Festival)<\/span><\/li>\n<li style=\"font-weight: 400;\" aria-level=\"1\"><span style=\"font-weight: 400;\">\u015eule Ate\u015f (Director \u2013 Performance Designer)<\/span><\/li>\n<li style=\"font-weight: 400;\" aria-level=\"1\"><span style=\"font-weight: 400;\">Ahmet Murat Akoy (Director of Ka\u015f Theatre Days \u2013 President of Ka\u015f Environment and Culture Association)<\/span><\/li>\n<li style=\"font-weight: 400;\" aria-level=\"1\"><span style=\"font-weight: 400;\">\u00d6zlem Hemi\u015f (Kadir Has University, Dramaturg)<\/span><\/li>\n<\/ul>\n<p><b>Moderator:<\/b><span style=\"font-weight: 400;\"> G\u00fclin Tekin Dede (Theatre Critic)<\/span><\/p>\n<p><b>Note:<\/b><span style=\"font-weight: 400;\"> Should some participants be abroad, the event will take place in a hybrid format via Zoom connection.<\/span><\/p>\n<\/div><\/section><br \/>\n<div  class='hr av-1wgwp1-f5130e919114f14680027791788fe141 hr-default  avia-builder-el-7  el_after_av_textblock  el_before_av_textblock'><span class='hr-inner'><span class=\"hr-inner-style\"><\/span><\/span><\/div><br \/>\n<section class=\"av_textblock_section\"  itemscope=\"itemscope\" itemtype=\"https:\/\/schema.org\/CreativeWork\" ><div class='avia_textblock  av_inherit_color'  style='color:#1d1d1b; '  itemprop=\"text\" ><\/div><\/section><\/p><\/div><\/p>","protected":false},"excerpt":{"rendered":"","protected":false},"author":2,"featured_media":0,"parent":0,"menu_order":0,"comment_status":"closed","ping_status":"closed","template":"","meta":{"footnotes":""},"class_list":["post-4810","page","type-page","status-publish","hentry"],"_links":{"self":[{"href":"https:\/\/bergamatiyatrofestivali.com\/en\/wp-json\/wp\/v2\/pages\/4810","targetHints":{"allow":["GET"]}}],"collection":[{"href":"https:\/\/bergamatiyatrofestivali.com\/en\/wp-json\/wp\/v2\/pages"}],"about":[{"href":"https:\/\/bergamatiyatrofestivali.com\/en\/wp-json\/wp\/v2\/types\/page"}],"author":[{"embeddable":true,"href":"https:\/\/bergamatiyatrofestivali.com\/en\/wp-json\/wp\/v2\/users\/2"}],"replies":[{"embeddable":true,"href":"https:\/\/bergamatiyatrofestivali.com\/en\/wp-json\/wp\/v2\/comments?post=4810"}],"version-history":[{"count":1,"href":"https:\/\/bergamatiyatrofestivali.com\/en\/wp-json\/wp\/v2\/pages\/4810\/revisions"}],"predecessor-version":[{"id":4812,"href":"https:\/\/bergamatiyatrofestivali.com\/en\/wp-json\/wp\/v2\/pages\/4810\/revisions\/4812"}],"wp:attachment":[{"href":"https:\/\/bergamatiyatrofestivali.com\/en\/wp-json\/wp\/v2\/media?parent=4810"}],"curies":[{"name":"wp","href":"https:\/\/api.w.org\/{rel}","templated":true}]}}