{"id":4806,"date":"2025-08-21T10:31:40","date_gmt":"2025-08-21T07:31:40","guid":{"rendered":"https:\/\/bergamatiyatrofestivali.com\/?page_id=4806"},"modified":"2025-08-21T10:31:40","modified_gmt":"2025-08-21T07:31:40","slug":"sehirlerimiz-ve-yerel-kultur-politikalari","status":"publish","type":"page","link":"https:\/\/bergamatiyatrofestivali.com\/en\/sehirlerimiz-ve-yerel-kultur-politikalari\/","title":{"rendered":"\u015eehirlerimiz ve Yerel K\u00fclt\u00fcr Politikalar\u0131"},"content":{"rendered":"<div class='flex_column av-8ra5it-7e829cb4e37498c31b1d3b088ac2ea15 av_one_half  avia-builder-el-0  el_before_av_one_half  avia-builder-el-first  first flex_column_div'   ><p>\n<style type=\"text\/css\" data-created_by=\"avia_inline_auto\" id=\"style-css-av-7wntvp-db693ee8ffc52be0b5140a4518a16943\">\n.avia-image-container.av-7wntvp-db693ee8ffc52be0b5140a4518a16943 .av-image-caption-overlay-center{\ncolor:#ffffff;\n}\n<\/style>\n<div  class='avia-image-container av-7wntvp-db693ee8ffc52be0b5140a4518a16943 av-styling- avia-align-center  avia-builder-el-1  el_before_av_textblock  avia-builder-el-first'  itemprop=\"image\" itemscope=\"itemscope\" itemtype=\"https:\/\/schema.org\/ImageObject\" ><div class=\"avia-image-container-inner\"><div class=\"avia-image-overlay-wrap\"><img decoding=\"async\" class='wp-image-4807 avia-img-lazy-loading-not-4807 avia_image' src=\"https:\/\/bergamatiyatrofestivali.com\/wp-content\/uploads\/2025\/08\/sehrimiz-ve-yerel_-BTF-Angst-Web-2048x2048-1.jpg\" alt='' title='s\u0327ehrimiz ve yerel'  height=\"2048\" width=\"2048\"  itemprop=\"thumbnailUrl\" srcset=\"https:\/\/bergamatiyatrofestivali.com\/wp-content\/uploads\/2025\/08\/sehrimiz-ve-yerel_-BTF-Angst-Web-2048x2048-1.jpg 2048w, https:\/\/bergamatiyatrofestivali.com\/wp-content\/uploads\/2025\/08\/sehrimiz-ve-yerel_-BTF-Angst-Web-2048x2048-1-300x300.jpg 300w, https:\/\/bergamatiyatrofestivali.com\/wp-content\/uploads\/2025\/08\/sehrimiz-ve-yerel_-BTF-Angst-Web-2048x2048-1-1030x1030.jpg 1030w, https:\/\/bergamatiyatrofestivali.com\/wp-content\/uploads\/2025\/08\/sehrimiz-ve-yerel_-BTF-Angst-Web-2048x2048-1-80x80.jpg 80w, https:\/\/bergamatiyatrofestivali.com\/wp-content\/uploads\/2025\/08\/sehrimiz-ve-yerel_-BTF-Angst-Web-2048x2048-1-768x768.jpg 768w, https:\/\/bergamatiyatrofestivali.com\/wp-content\/uploads\/2025\/08\/sehrimiz-ve-yerel_-BTF-Angst-Web-2048x2048-1-1536x1536.jpg 1536w, https:\/\/bergamatiyatrofestivali.com\/wp-content\/uploads\/2025\/08\/sehrimiz-ve-yerel_-BTF-Angst-Web-2048x2048-1-12x12.jpg 12w, https:\/\/bergamatiyatrofestivali.com\/wp-content\/uploads\/2025\/08\/sehrimiz-ve-yerel_-BTF-Angst-Web-2048x2048-1-36x36.jpg 36w, https:\/\/bergamatiyatrofestivali.com\/wp-content\/uploads\/2025\/08\/sehrimiz-ve-yerel_-BTF-Angst-Web-2048x2048-1-180x180.jpg 180w, https:\/\/bergamatiyatrofestivali.com\/wp-content\/uploads\/2025\/08\/sehrimiz-ve-yerel_-BTF-Angst-Web-2048x2048-1-1500x1500.jpg 1500w, https:\/\/bergamatiyatrofestivali.com\/wp-content\/uploads\/2025\/08\/sehrimiz-ve-yerel_-BTF-Angst-Web-2048x2048-1-705x705.jpg 705w\" sizes=\"(max-width: 2048px) 100vw, 2048px\" \/><\/div><\/div><\/div><br \/>\n<section class=\"av_textblock_section\"  itemscope=\"itemscope\" itemtype=\"https:\/\/schema.org\/CreativeWork\" ><div class='avia_textblock  av_inherit_color'  style='color:#1d1d1b; '  itemprop=\"text\" ><h2><strong>\u015eehirlerimiz ve Yerel K\u00fclt\u00fcr Politikalar\u0131<\/strong><\/h2>\n<h3><span style=\"font-weight: 400;\">Moderat\u00f6r: Ba\u015fak I\u015f\u0131klar<\/span><\/h3>\n<h4><span style=\"font-weight: 400;\">24 A\u011fustos\/August Pazar\/Sunday, 11:00<\/span><\/h4>\n<h5><span style=\"font-weight: 400;\">Haluk Elbe Toplant\u0131 Salonu<\/span><\/h5>\n<\/div><\/section><br \/>\n<div  class='hr av-578o5x-e81847a4cb4a9bc272bf8a5d46cdedcf hr-default  avia-builder-el-3  el_after_av_textblock  el_before_av_buttonrow'><span class='hr-inner'><span class=\"hr-inner-style\"><\/span><\/span><\/div><br \/>\n<div  class='avia-buttonrow-wrap av-l34tkru2-d8d00fb5ab84f16fc18bc5eac03df079 avia-buttonrow-left  avia-builder-el-4  el_after_av_hr  avia-builder-el-last'>\n\n<style type=\"text\/css\" data-created_by=\"avia_inline_auto\" id=\"style-css-av-l34tko4x-0ab6380c43108fa19c8465510525ae07\">\n#top #wrap_all .avia-button.av-l34tko4x-0ab6380c43108fa19c8465510525ae07{\nmargin-bottom:5px;\nmargin-right:5px;\n}\n#top #wrap_all .avia-button.av-l34tko4x-0ab6380c43108fa19c8465510525ae07:hover{\nbackground-color:black;\ncolor:#ffffff;\ntransition:all 0.4s ease-in-out;\n-webkit-transition:all 0.4s ease-in-out;\n-moz-transition:all 0.4s ease-in-out;\n-ms-transition:all 0.4s ease-in-out;\n-o-transition:all 0.4s ease-in-out;\n}\n<\/style>\n<a href='' class='avia-button av-l34tko4x-0ab6380c43108fa19c8465510525ae07 avia-icon_select-yes-left-icon avia-size-medium avia-color-black avia-font-color-white' target=\"_blank\" rel=\"noopener noreferrer\"><span class='avia_button_icon avia_button_icon_left' aria-hidden='true' data-av_icon='\ue881' data-av_iconfont='entypo-fontello'><\/span><span class='avia_iconbox_title' >\u00dcCRETS\u0130Z ETK\u0130NL\u0130K \/ FREE EVENT<\/span><\/a>\n<\/div><\/p><\/div><div class='flex_column av-3so41h-0e4fbf300e066135e57e4f7bf6f0d1c8 av_one_half  avia-builder-el-5  el_after_av_one_half  avia-builder-el-last  flex_column_div'   ><p><section class=\"av_textblock_section\"  itemscope=\"itemscope\" itemtype=\"https:\/\/schema.org\/CreativeWork\" ><div class='avia_textblock  av_inherit_color'  style='color:#1d1d1b; '  itemprop=\"text\" ><p><i><span style=\"font-weight: 400;\">K\u00fclt\u00fcr Politikalar\u0131n\u0131n Yeni Akt\u00f6rleri, \u015eehirler<\/span><\/i><\/p>\n<p><b>Konu\u015fmac\u0131lar:\u00a0<\/b><\/p>\n<ul>\n<li style=\"font-weight: 400;\" aria-level=\"1\"><span style=\"font-weight: 400;\">Volkan Aslan\u00a0 (\u0130stanbul B\u00fcy\u00fck\u015fehir Belediyesi K\u00fclt\u00fcr Dairesi ba\u015fkan\u0131 )<\/span><\/li>\n<li style=\"font-weight: 400;\" aria-level=\"1\"><span style=\"font-weight: 400;\">Yahya G\u00f6ztepe (Bozcaada Belediye Ba\u015fkan\u0131)<\/span><\/li>\n<li style=\"font-weight: 400;\" aria-level=\"1\"><span style=\"font-weight: 400;\">Serhan Ada (\u00a0<\/span><\/li>\n<\/ul>\n<p><b>Moderasyon:<\/b><span style=\"font-weight: 400;\"> Ba\u015fak I\u015f\u0131klar (K\u00fclt\u00fcr Politikas\u0131 Uzman\u0131)<\/span><\/p>\n<p><b>\u0130\u00c7ER\u0130K METN\u0130<\/b><\/p>\n<p><span style=\"font-weight: 400;\">K\u00fclt\u00fcr politikalar\u0131nda ulusaldan yerele<\/span><\/p>\n<p><span style=\"font-weight: 400;\">Yerel k\u00fclt\u00fcr politikalar\u0131: Neden? Neden \u015eimdi?<\/span><\/p>\n<p><span style=\"font-weight: 400;\">Kent k\u00fclt\u00fcr politikalar\u0131 ve y\u00f6neti\u015fim<\/span><\/p>\n<p><span style=\"font-weight: 400;\">\u0130stanbul, Bozcaada \u00f6rnekleri ve di\u011ferleri\u2026<\/span><\/p>\n<p>&#8211;<\/p>\n<p><em>The New Actors of Cultural Policies: Cities<\/em><\/p>\n<p><b>Speakers:<\/b><\/p>\n<ul>\n<li style=\"font-weight: 400;\" aria-level=\"1\"><span style=\"font-weight: 400;\">Volkan Aslan (Head of Cultural Affairs Department, Istanbul Metropolitan Municipality)<\/span><\/li>\n<li style=\"font-weight: 400;\" aria-level=\"1\"><span style=\"font-weight: 400;\">Yahya G\u00f6ztepe (Mayor of Bozcaada)<\/span><\/li>\n<\/ul>\n<p><b>Moderator:<\/b><span style=\"font-weight: 400;\"> Ba\u015fak I\u015f\u0131klar (Cultural Policy Expert)<\/span><\/p>\n<p><strong>CONTENT<\/strong><\/p>\n<p><span style=\"font-weight: 400;\">From national to local in cultural policies<\/span><span style=\"font-weight: 400;\"><br \/>\n<\/span><\/p>\n<p><span style=\"font-weight: 400;\">Local cultural policies: Why? Why now?<\/span><span style=\"font-weight: 400;\"><br \/>\n<\/span><\/p>\n<p><span style=\"font-weight: 400;\">Urban cultural policies and governance<\/span><\/p>\n<p><span style=\"font-weight: 400;\">Examples from Istanbul, Bozcaada, and beyond\u2026<\/span><\/p>\n<\/div><\/section><br \/>\n<div  class='hr av-1wgwp1-f5130e919114f14680027791788fe141 hr-default  avia-builder-el-7  el_after_av_textblock  el_before_av_textblock'><span class='hr-inner'><span class=\"hr-inner-style\"><\/span><\/span><\/div><br \/>\n<section class=\"av_textblock_section\"  itemscope=\"itemscope\" itemtype=\"https:\/\/schema.org\/CreativeWork\" ><div class='avia_textblock  av_inherit_color'  style='color:#1d1d1b; '  itemprop=\"text\" ><\/div><\/section><\/p><\/div><\/p>","protected":false},"excerpt":{"rendered":"","protected":false},"author":2,"featured_media":0,"parent":0,"menu_order":0,"comment_status":"closed","ping_status":"closed","template":"","meta":{"footnotes":""},"class_list":["post-4806","page","type-page","status-publish","hentry"],"_links":{"self":[{"href":"https:\/\/bergamatiyatrofestivali.com\/en\/wp-json\/wp\/v2\/pages\/4806","targetHints":{"allow":["GET"]}}],"collection":[{"href":"https:\/\/bergamatiyatrofestivali.com\/en\/wp-json\/wp\/v2\/pages"}],"about":[{"href":"https:\/\/bergamatiyatrofestivali.com\/en\/wp-json\/wp\/v2\/types\/page"}],"author":[{"embeddable":true,"href":"https:\/\/bergamatiyatrofestivali.com\/en\/wp-json\/wp\/v2\/users\/2"}],"replies":[{"embeddable":true,"href":"https:\/\/bergamatiyatrofestivali.com\/en\/wp-json\/wp\/v2\/comments?post=4806"}],"version-history":[{"count":1,"href":"https:\/\/bergamatiyatrofestivali.com\/en\/wp-json\/wp\/v2\/pages\/4806\/revisions"}],"predecessor-version":[{"id":4809,"href":"https:\/\/bergamatiyatrofestivali.com\/en\/wp-json\/wp\/v2\/pages\/4806\/revisions\/4809"}],"wp:attachment":[{"href":"https:\/\/bergamatiyatrofestivali.com\/en\/wp-json\/wp\/v2\/media?parent=4806"}],"curies":[{"name":"wp","href":"https:\/\/api.w.org\/{rel}","templated":true}]}}