{"id":4803,"date":"2025-08-21T10:23:30","date_gmt":"2025-08-21T07:23:30","guid":{"rendered":"https:\/\/bergamatiyatrofestivali.com\/?page_id=4803"},"modified":"2025-08-21T10:23:30","modified_gmt":"2025-08-21T07:23:30","slug":"otobus-duraginda-uc-bencil","status":"publish","type":"page","link":"https:\/\/bergamatiyatrofestivali.com\/en\/otobus-duraginda-uc-bencil\/","title":{"rendered":"Otob\u00fcs Dura\u011f\u0131nda \u00dc\u00e7 Bencil"},"content":{"rendered":"<div class='flex_column av-8ra5it-7e829cb4e37498c31b1d3b088ac2ea15 av_one_half  avia-builder-el-0  el_before_av_one_half  avia-builder-el-first  first flex_column_div'   ><p>\n<style type=\"text\/css\" data-created_by=\"avia_inline_auto\" id=\"style-css-av-7wntvp-6cb68b562d71f03c6493b8e95222343f\">\n.avia-image-container.av-7wntvp-6cb68b562d71f03c6493b8e95222343f .av-image-caption-overlay-center{\ncolor:#ffffff;\n}\n<\/style>\n<div  class='avia-image-container av-7wntvp-6cb68b562d71f03c6493b8e95222343f av-styling- avia-align-center  avia-builder-el-1  el_before_av_textblock  avia-builder-el-first'  itemprop=\"image\" itemscope=\"itemscope\" itemtype=\"https:\/\/schema.org\/ImageObject\" ><div class=\"avia-image-container-inner\"><div class=\"avia-image-overlay-wrap\"><img decoding=\"async\" class='wp-image-4804 avia-img-lazy-loading-not-4804 avia_image' src=\"https:\/\/bergamatiyatrofestivali.com\/wp-content\/uploads\/2025\/08\/OTOBUS-DURAGINDA_-BTF-Angst-Web-2048x2048-1.jpg\" alt='' title='yasanm\u0131s'  height=\"2048\" width=\"2048\"  itemprop=\"thumbnailUrl\" srcset=\"https:\/\/bergamatiyatrofestivali.com\/wp-content\/uploads\/2025\/08\/OTOBUS-DURAGINDA_-BTF-Angst-Web-2048x2048-1.jpg 2048w, https:\/\/bergamatiyatrofestivali.com\/wp-content\/uploads\/2025\/08\/OTOBUS-DURAGINDA_-BTF-Angst-Web-2048x2048-1-300x300.jpg 300w, https:\/\/bergamatiyatrofestivali.com\/wp-content\/uploads\/2025\/08\/OTOBUS-DURAGINDA_-BTF-Angst-Web-2048x2048-1-1030x1030.jpg 1030w, https:\/\/bergamatiyatrofestivali.com\/wp-content\/uploads\/2025\/08\/OTOBUS-DURAGINDA_-BTF-Angst-Web-2048x2048-1-80x80.jpg 80w, https:\/\/bergamatiyatrofestivali.com\/wp-content\/uploads\/2025\/08\/OTOBUS-DURAGINDA_-BTF-Angst-Web-2048x2048-1-768x768.jpg 768w, https:\/\/bergamatiyatrofestivali.com\/wp-content\/uploads\/2025\/08\/OTOBUS-DURAGINDA_-BTF-Angst-Web-2048x2048-1-1536x1536.jpg 1536w, https:\/\/bergamatiyatrofestivali.com\/wp-content\/uploads\/2025\/08\/OTOBUS-DURAGINDA_-BTF-Angst-Web-2048x2048-1-12x12.jpg 12w, https:\/\/bergamatiyatrofestivali.com\/wp-content\/uploads\/2025\/08\/OTOBUS-DURAGINDA_-BTF-Angst-Web-2048x2048-1-36x36.jpg 36w, https:\/\/bergamatiyatrofestivali.com\/wp-content\/uploads\/2025\/08\/OTOBUS-DURAGINDA_-BTF-Angst-Web-2048x2048-1-180x180.jpg 180w, https:\/\/bergamatiyatrofestivali.com\/wp-content\/uploads\/2025\/08\/OTOBUS-DURAGINDA_-BTF-Angst-Web-2048x2048-1-1500x1500.jpg 1500w, https:\/\/bergamatiyatrofestivali.com\/wp-content\/uploads\/2025\/08\/OTOBUS-DURAGINDA_-BTF-Angst-Web-2048x2048-1-705x705.jpg 705w\" sizes=\"(max-width: 2048px) 100vw, 2048px\" \/><\/div><\/div><\/div><br \/>\n<section class=\"av_textblock_section\"  itemscope=\"itemscope\" itemtype=\"https:\/\/schema.org\/CreativeWork\" ><div class='avia_textblock  av_inherit_color'  style='color:#1d1d1b; '  itemprop=\"text\" ><h2><strong>Otob\u00fcs Dura\u011f\u0131nda \u00dc\u00e7 Bencil<\/strong><\/h2>\n<h3><span style=\"font-weight: 400;\">\u0130zmir Devlet Tiyatrosu<\/span><\/h3>\n<h4><span style=\"font-weight: 400;\">24 A\u011fustos\/August Pazar\/Sunday, 12:00<\/span><\/h4>\n<h5><span style=\"font-weight: 400;\">BerKM - Bergama Cultural Center<\/span><\/h5>\n<\/div><\/section><br \/>\n<div  class='hr av-578o5x-e81847a4cb4a9bc272bf8a5d46cdedcf hr-default  avia-builder-el-3  el_after_av_textblock  el_before_av_buttonrow'><span class='hr-inner'><span class=\"hr-inner-style\"><\/span><\/span><\/div><br \/>\n<div  class='avia-buttonrow-wrap av-l34tkru2-d8d00fb5ab84f16fc18bc5eac03df079 avia-buttonrow-left  avia-builder-el-4  el_after_av_hr  avia-builder-el-last'>\n\n<style type=\"text\/css\" data-created_by=\"avia_inline_auto\" id=\"style-css-av-l34tko4x-0ab6380c43108fa19c8465510525ae07\">\n#top #wrap_all .avia-button.av-l34tko4x-0ab6380c43108fa19c8465510525ae07{\nmargin-bottom:5px;\nmargin-right:5px;\n}\n#top #wrap_all .avia-button.av-l34tko4x-0ab6380c43108fa19c8465510525ae07:hover{\nbackground-color:black;\ncolor:#ffffff;\ntransition:all 0.4s ease-in-out;\n-webkit-transition:all 0.4s ease-in-out;\n-moz-transition:all 0.4s ease-in-out;\n-ms-transition:all 0.4s ease-in-out;\n-o-transition:all 0.4s ease-in-out;\n}\n<\/style>\n<a href='' class='avia-button av-l34tko4x-0ab6380c43108fa19c8465510525ae07 avia-icon_select-yes-left-icon avia-size-medium avia-color-black avia-font-color-white' target=\"_blank\" rel=\"noopener noreferrer\"><span class='avia_button_icon avia_button_icon_left' aria-hidden='true' data-av_icon='\ue881' data-av_iconfont='entypo-fontello'><\/span><span class='avia_iconbox_title' >\u00dcCRETS\u0130Z ETK\u0130NL\u0130K \/ FREE EVENT<\/span><\/a>\n<\/div><\/p><\/div><div class='flex_column av-3so41h-0e4fbf300e066135e57e4f7bf6f0d1c8 av_one_half  avia-builder-el-5  el_after_av_one_half  avia-builder-el-last  flex_column_div'   ><p><section class=\"av_textblock_section\"  itemscope=\"itemscope\" itemtype=\"https:\/\/schema.org\/CreativeWork\" ><div class='avia_textblock  av_inherit_color'  style='color:#1d1d1b; '  itemprop=\"text\" ><p><span style=\"font-weight: 400;\">Otob\u00fcs Dura\u011f\u0131nda \u00dc\u00e7 Bencil oyunu; m\u00fclkiyet\u00e7ilik, bencillik, yaln\u0131zl\u0131k ve ileti\u015fimsizlik gibi evrensel temalar\u0131yla \u00e7ocuklara oldu\u011fu kadar yeti\u015fkinlere de hitap edecek. Clown oyunculuk bi\u00e7imiyle, beden performans\u0131n\u0131n yan\u0131 s\u0131ra farkl\u0131 anlat\u0131m diliyle de \u00f6n plana \u00e7\u0131kan oyun, sava\u015flar\u0131n k\u00f6t\u00fcl\u00fc\u011f\u00fc, bireylerin duyars\u0131zl\u0131\u011f\u0131n\u0131n topluma verdi\u011fi zararlar\u0131 i\u015fliyor.<\/span><\/p>\n<p>&#8211;<\/p>\n<p><i><span style=\"font-weight: 400;\">\u201cOtob\u00fcs Dura\u011f\u0131nda \u00dc\u00e7 Bencil\u201d <\/span><\/i><span style=\"font-weight: 400;\">explores universal themes such as possessiveness, selfishness, loneliness, and lack of communication, appealing not only to children but also to adults. Using the clown performance style, the play stands out with both its physical expression and its unique narrative language. It highlights the destructiveness of wars and the harm caused to society by individual indifference.<\/span><\/p>\n<\/div><\/section><br \/>\n<div  class='hr av-1wgwp1-f5130e919114f14680027791788fe141 hr-default  avia-builder-el-7  el_after_av_textblock  el_before_av_textblock'><span class='hr-inner'><span class=\"hr-inner-style\"><\/span><\/span><\/div><br \/>\n<section class=\"av_textblock_section\"  itemscope=\"itemscope\" itemtype=\"https:\/\/schema.org\/CreativeWork\" ><div class='avia_textblock  av_inherit_color'  style='color:#1d1d1b; '  itemprop=\"text\" ><p><b>Yazar\/Written by:<\/b><span style=\"font-weight: 400;\"> \u00d6zer Tunca<\/span><\/p>\n<p><strong>Y\u00f6netmen\/Directed by:<\/strong> Ozan Y\u0131ld\u0131r\u0131m<\/p>\n<p><strong>Yard\u0131mc\u0131 Y\u00f6netmen\/Assistant Director:<\/strong> Fuat \u015earbalkan<\/p>\n<p><b>Oyuncular\/Cast: <\/b>Er\u015fah G\u00fclerba\u015fl\u0131 &#8211; Ozan Y\u0131ld\u0131r\u0131m &#8211; Sezer Ak\u00e7e &#8211; Tufan Pehlivan<\/p>\n<p><b>I\u015f\u0131k Tasar\u0131m\/Lighting Design:<\/b><span style=\"font-weight: 400;\"> Mehmet Alac\u0131<\/span><\/p>\n<p><b>Kost\u00fcm Tasar\u0131m\/Costume Design:\u00a0<\/b>F. Duygu Erg\u00fcven Saykan<\/p>\n<p><b>Hareket D\u00fczeni\/Movement Pattern:<\/b><span style=\"font-weight: 400;\"> Ozan Y\u0131ld\u0131r\u0131m<\/span><\/p>\n<p><strong>Dekor Tasar\u0131m\/Decoration Design:<\/strong> Hasan Yavuz<\/p>\n<p><strong>Asistan\/Assistant:<\/strong> Meltem Ba\u015f\u0131nhan<\/p>\n<p><strong>Sahne Amiri\/Stage Manager:<\/strong> Mesut Dalaz<\/p>\n<p><strong>Kond\u00fcvit\/Prompter:<\/strong> \u00d6zlem Do\u011fru\u00f6z<\/p>\n<p><strong>I\u015f\u0131k Kumanda\/Lighting Operators:<\/strong> Osman Burak Sakall\u0131o\u011flu &#8211; Alper Mutlu<\/p>\n<p><strong>Set Amiri\/Set Supervisor:<\/strong> C\u00fcneyt \u00d6z\u00e7avlin<\/p>\n<p><strong>Aksesuar Sorumlusu\/Props Supervisor:<\/strong> G\u00f6nen\u00e7 Oktay<\/p>\n<p><strong>Erkek Terzi\/Men&#8217;s Tailor:<\/strong> Naim D\u00f6nmez<\/p>\n<p><b>Peruka\/Wigs: Sami \u00d6zt\u00fcrk<\/b><\/p>\n<p><strong>S\u00fcre\/Duration:<\/strong> 45dk.\/45min.<\/p>\n<p><strong>Ya\u015f\/Age:<\/strong> 5+<\/p>\n<\/div><\/section><\/p><\/div><\/p>","protected":false},"excerpt":{"rendered":"","protected":false},"author":1,"featured_media":0,"parent":0,"menu_order":0,"comment_status":"closed","ping_status":"closed","template":"","meta":{"footnotes":""},"class_list":["post-4803","page","type-page","status-publish","hentry"],"_links":{"self":[{"href":"https:\/\/bergamatiyatrofestivali.com\/en\/wp-json\/wp\/v2\/pages\/4803","targetHints":{"allow":["GET"]}}],"collection":[{"href":"https:\/\/bergamatiyatrofestivali.com\/en\/wp-json\/wp\/v2\/pages"}],"about":[{"href":"https:\/\/bergamatiyatrofestivali.com\/en\/wp-json\/wp\/v2\/types\/page"}],"author":[{"embeddable":true,"href":"https:\/\/bergamatiyatrofestivali.com\/en\/wp-json\/wp\/v2\/users\/1"}],"replies":[{"embeddable":true,"href":"https:\/\/bergamatiyatrofestivali.com\/en\/wp-json\/wp\/v2\/comments?post=4803"}],"version-history":[{"count":1,"href":"https:\/\/bergamatiyatrofestivali.com\/en\/wp-json\/wp\/v2\/pages\/4803\/revisions"}],"predecessor-version":[{"id":4805,"href":"https:\/\/bergamatiyatrofestivali.com\/en\/wp-json\/wp\/v2\/pages\/4803\/revisions\/4805"}],"wp:attachment":[{"href":"https:\/\/bergamatiyatrofestivali.com\/en\/wp-json\/wp\/v2\/media?parent=4803"}],"curies":[{"name":"wp","href":"https:\/\/api.w.org\/{rel}","templated":true}]}}