{"id":4796,"date":"2025-08-21T02:15:24","date_gmt":"2025-08-20T23:15:24","guid":{"rendered":"https:\/\/bergamatiyatrofestivali.com\/?page_id=4796"},"modified":"2025-08-21T09:59:33","modified_gmt":"2025-08-21T06:59:33","slug":"dunya-sehirleri-ve-kultur-politikalari","status":"publish","type":"page","link":"https:\/\/bergamatiyatrofestivali.com\/en\/dunya-sehirleri-ve-kultur-politikalari\/","title":{"rendered":"D\u00fcnya \u015eehirleri ve K\u00fclt\u00fcr Politikalar\u0131"},"content":{"rendered":"<div class='flex_column av-8ra5it-7e829cb4e37498c31b1d3b088ac2ea15 av_one_half  avia-builder-el-0  el_before_av_one_half  avia-builder-el-first  first flex_column_div'   ><p>\n<style type=\"text\/css\" data-created_by=\"avia_inline_auto\" id=\"style-css-av-7wntvp-3a37d3074acf0ffd0797e6e823a2d71e\">\n.avia-image-container.av-7wntvp-3a37d3074acf0ffd0797e6e823a2d71e .av-image-caption-overlay-center{\ncolor:#ffffff;\n}\n<\/style>\n<div  class='avia-image-container av-7wntvp-3a37d3074acf0ffd0797e6e823a2d71e av-styling- avia-align-center  avia-builder-el-1  el_before_av_textblock  avia-builder-el-first'  itemprop=\"image\" itemscope=\"itemscope\" itemtype=\"https:\/\/schema.org\/ImageObject\" ><div class=\"avia-image-container-inner\"><div class=\"avia-image-overlay-wrap\"><img decoding=\"async\" class='wp-image-4798 avia-img-lazy-loading-not-4798 avia_image' src=\"https:\/\/bergamatiyatrofestivali.com\/wp-content\/uploads\/2025\/08\/dunya-sehirleri-ve-kultur_-BTF-Angst-Web-2048x2048-1.jpg\" alt='' title='dunya sehirleri ve kultur'  height=\"2048\" width=\"2048\"  itemprop=\"thumbnailUrl\" srcset=\"https:\/\/bergamatiyatrofestivali.com\/wp-content\/uploads\/2025\/08\/dunya-sehirleri-ve-kultur_-BTF-Angst-Web-2048x2048-1.jpg 2048w, https:\/\/bergamatiyatrofestivali.com\/wp-content\/uploads\/2025\/08\/dunya-sehirleri-ve-kultur_-BTF-Angst-Web-2048x2048-1-300x300.jpg 300w, https:\/\/bergamatiyatrofestivali.com\/wp-content\/uploads\/2025\/08\/dunya-sehirleri-ve-kultur_-BTF-Angst-Web-2048x2048-1-1030x1030.jpg 1030w, https:\/\/bergamatiyatrofestivali.com\/wp-content\/uploads\/2025\/08\/dunya-sehirleri-ve-kultur_-BTF-Angst-Web-2048x2048-1-80x80.jpg 80w, https:\/\/bergamatiyatrofestivali.com\/wp-content\/uploads\/2025\/08\/dunya-sehirleri-ve-kultur_-BTF-Angst-Web-2048x2048-1-768x768.jpg 768w, https:\/\/bergamatiyatrofestivali.com\/wp-content\/uploads\/2025\/08\/dunya-sehirleri-ve-kultur_-BTF-Angst-Web-2048x2048-1-1536x1536.jpg 1536w, https:\/\/bergamatiyatrofestivali.com\/wp-content\/uploads\/2025\/08\/dunya-sehirleri-ve-kultur_-BTF-Angst-Web-2048x2048-1-12x12.jpg 12w, https:\/\/bergamatiyatrofestivali.com\/wp-content\/uploads\/2025\/08\/dunya-sehirleri-ve-kultur_-BTF-Angst-Web-2048x2048-1-36x36.jpg 36w, https:\/\/bergamatiyatrofestivali.com\/wp-content\/uploads\/2025\/08\/dunya-sehirleri-ve-kultur_-BTF-Angst-Web-2048x2048-1-180x180.jpg 180w, https:\/\/bergamatiyatrofestivali.com\/wp-content\/uploads\/2025\/08\/dunya-sehirleri-ve-kultur_-BTF-Angst-Web-2048x2048-1-1500x1500.jpg 1500w, https:\/\/bergamatiyatrofestivali.com\/wp-content\/uploads\/2025\/08\/dunya-sehirleri-ve-kultur_-BTF-Angst-Web-2048x2048-1-705x705.jpg 705w\" sizes=\"(max-width: 2048px) 100vw, 2048px\" \/><\/div><\/div><\/div><br \/>\n<section class=\"av_textblock_section\"  itemscope=\"itemscope\" itemtype=\"https:\/\/schema.org\/CreativeWork\" ><div class='avia_textblock  av_inherit_color'  style='color:#1d1d1b; '  itemprop=\"text\" ><h2><strong>D\u00fcnya \u015eehirleri ve K\u00fclt\u00fcr Politikalar\u0131<\/strong><\/h2>\n<h3><span style=\"font-weight: 400;\">Moderat\u00f6r: Sarp Keskiner<\/span><\/h3>\n<h4><span style=\"font-weight: 400;\">23 A\u011fustos\/August Cumartesi\/Saturday 17:00<\/span><\/h4>\n<h5><span style=\"font-weight: 400;\">Haluk Elbe Toplant\u0131 Salonu<\/span><\/h5>\n<\/div><\/section><br \/>\n<div  class='hr av-578o5x-e81847a4cb4a9bc272bf8a5d46cdedcf hr-default  avia-builder-el-3  el_after_av_textblock  el_before_av_buttonrow'><span class='hr-inner'><span class=\"hr-inner-style\"><\/span><\/span><\/div><br \/>\n<div  class='avia-buttonrow-wrap av-l34tkru2-d8d00fb5ab84f16fc18bc5eac03df079 avia-buttonrow-left  avia-builder-el-4  el_after_av_hr  avia-builder-el-last'>\n\n<style type=\"text\/css\" data-created_by=\"avia_inline_auto\" id=\"style-css-av-l34tko4x-0ab6380c43108fa19c8465510525ae07\">\n#top #wrap_all .avia-button.av-l34tko4x-0ab6380c43108fa19c8465510525ae07{\nmargin-bottom:5px;\nmargin-right:5px;\n}\n#top #wrap_all .avia-button.av-l34tko4x-0ab6380c43108fa19c8465510525ae07:hover{\nbackground-color:black;\ncolor:#ffffff;\ntransition:all 0.4s ease-in-out;\n-webkit-transition:all 0.4s ease-in-out;\n-moz-transition:all 0.4s ease-in-out;\n-ms-transition:all 0.4s ease-in-out;\n-o-transition:all 0.4s ease-in-out;\n}\n<\/style>\n<a href='' class='avia-button av-l34tko4x-0ab6380c43108fa19c8465510525ae07 avia-icon_select-yes-left-icon avia-size-medium avia-color-black avia-font-color-white' target=\"_blank\" rel=\"noopener noreferrer\"><span class='avia_button_icon avia_button_icon_left' aria-hidden='true' data-av_icon='\ue881' data-av_iconfont='entypo-fontello'><\/span><span class='avia_iconbox_title' >\u00dcCRETS\u0130Z ETK\u0130NL\u0130K \/ FREE EVENT<\/span><\/a>\n<\/div><\/p><\/div><div class='flex_column av-3so41h-0e4fbf300e066135e57e4f7bf6f0d1c8 av_one_half  avia-builder-el-5  el_after_av_one_half  avia-builder-el-last  flex_column_div'   ><p><section class=\"av_textblock_section\"  itemscope=\"itemscope\" itemtype=\"https:\/\/schema.org\/CreativeWork\" ><div class='avia_textblock  av_inherit_color'  style='color:#1d1d1b; '  itemprop=\"text\" ><p><i><span style=\"font-weight: 400;\">K\u00fclt\u00fcr Politikalar\u0131n\u0131n Yeni Akt\u00f6rleri, \u015eehirler<\/span><\/i><\/p>\n<p><b>Konu\u015fmac\u0131lar:\u00a0<\/b><\/p>\n<ul>\n<li style=\"font-weight: 400;\" aria-level=\"1\"><span style=\"font-weight: 400;\">Jordi Pascual (Barcelona \/ UCLG Uluslararas\u0131 K\u00fclt\u00fcr Komitesi Ba\u015fkan\u0131)\u00a0<\/span><\/li>\n<\/ul>\n<ul>\n<li aria-level=\"1\"><span style=\"font-weight: 400;\">Catarina Vaz Pinto\u00a0 (Lizbon \/ eski Lizbon K\u00fclt\u00fcrden sorumlu Belediye Ba\u015fkan Yard\u0131mc\u0131s\u0131, \u0130zmir Akdeniz Akademisi Kurulu \u00dcyesi<\/span><\/li>\n<\/ul>\n<ul>\n<li style=\"font-weight: 400;\" aria-level=\"1\"><span style=\"font-weight: 400;\">Serhan Ada (UNESCO T\u00fcrkiye Milli Komisyonu ba\u015fkan\u0131 &#8211; \u0130stanbul Bilgi \u00dcniversitesi K\u00fclt\u00fcr Politikas\u0131 ve K\u00fclt\u00fcrel Diplomasi UNESCO K\u00fcrs\u00fcs\u00fc Ba\u015fkan\u0131)<\/span><\/li>\n<\/ul>\n<p><b>Moderasyon:<\/b><span style=\"font-weight: 400;\"> Sarp Keskiner (Teos K\u00fclt\u00fcr Sanat Derne\u011fi Ba\u015fkan\u0131)<\/span><\/p>\n<p><i><span style=\"font-weight: 400;\">NOT:<\/span><\/i><i><span style=\"font-weight: 400;\"> Panel Zoom \u00fczerinden \u0130ngilizce olarak ger\u00e7ekle\u015ftirilecektir. Serhan Ada taraf\u0131ndan konsek\u00fctif olarak T\u00fcrk\u00e7e\u2019ye \u00e7eviri yap\u0131lacakt\u0131r.<\/span><\/i><\/p>\n<p><b>\u0130\u00c7ER\u0130K METN\u0130:<\/b><\/p>\n<p><span style=\"font-weight: 400;\">Kentlerin k\u00fclt\u00fcr politikalar\u0131na katk\u0131s\u0131<\/span><\/p>\n<p><span style=\"font-weight: 400;\">Kent \u00f6l\u00e7e\u011finde k\u00fclt\u00fcr politikalar\u0131 ve s\u00fcrd\u00fcr\u00fclebilirlik<\/span><\/p>\n<p><span style=\"font-weight: 400;\">Barselona , Lizbon \u00f6rnekleri ve di\u011ferleri\u2026<\/span><\/p>\n<p>&#8211;<\/p>\n<p><em>New Actors of Cultural Policies: Cities<\/em><\/p>\n<p><b>Speakers:<\/b><\/p>\n<ul>\n<li style=\"font-weight: 400;\" aria-level=\"1\"><span style=\"font-weight: 400;\">Jordi Pascual (Barcelona \/ Chair of the UCLG Committee on Culture \u2013\u00a0<\/span><\/li>\n<li style=\"font-weight: 400;\" aria-level=\"1\"><span style=\"font-weight: 400;\">Catarina Vaz Pinto (Lisbon \/ Former Deputy Mayor for Culture of Lisbon, Board Member of Izmir Mediterranean Academy<\/span>&nbsp;<\/li>\n<li style=\"font-weight: 400;\" aria-level=\"1\"><span style=\"font-weight: 400;\">Serhan Ada (Chair of the Turkish National Commission for UNESCO \u2013 Chair of the UNESCO Chair in Cultural Policy and Cultural Diplomacy, Istanbul Bilgi University)<\/span>&nbsp;<\/li>\n<\/ul>\n<p><b>Moderator:<\/b><span style=\"font-weight: 400;\"> Sarp Keskiner (Chair of Teos Culture and Arts Association)<\/span><\/p>\n<p><b>Note:<\/b><span style=\"font-weight: 400;\"> The panel will be held in English via Zoom. Consecutive translation into Turkish will be provided by Serhan Ada.<\/span><\/p>\n<p><b>Content:<\/b><\/p>\n<ul>\n<li style=\"font-weight: 400;\" aria-level=\"1\"><span style=\"font-weight: 400;\">The contribution of cities to cultural policies<\/span>&nbsp;<\/li>\n<li style=\"font-weight: 400;\" aria-level=\"1\"><span style=\"font-weight: 400;\">Cultural policies and sustainability at the urban scale<\/span>&nbsp;<\/li>\n<li style=\"font-weight: 400;\" aria-level=\"1\"><span style=\"font-weight: 400;\">The cases of Barcelona, Lisbon, and beyond\u2026<\/span><\/li>\n<\/ul>\n<\/div><\/section><br \/>\n<div  class='hr av-1wgwp1-f5130e919114f14680027791788fe141 hr-default  avia-builder-el-7  el_after_av_textblock  el_before_av_textblock'><span class='hr-inner'><span class=\"hr-inner-style\"><\/span><\/span><\/div><br \/>\n<section class=\"av_textblock_section\"  itemscope=\"itemscope\" itemtype=\"https:\/\/schema.org\/CreativeWork\" ><div class='avia_textblock  av_inherit_color'  style='color:#1d1d1b; '  itemprop=\"text\" ><\/div><\/section><\/p><\/div><\/p>","protected":false},"excerpt":{"rendered":"","protected":false},"author":2,"featured_media":0,"parent":0,"menu_order":0,"comment_status":"closed","ping_status":"closed","template":"","meta":{"footnotes":""},"class_list":["post-4796","page","type-page","status-publish","hentry"],"_links":{"self":[{"href":"https:\/\/bergamatiyatrofestivali.com\/en\/wp-json\/wp\/v2\/pages\/4796","targetHints":{"allow":["GET"]}}],"collection":[{"href":"https:\/\/bergamatiyatrofestivali.com\/en\/wp-json\/wp\/v2\/pages"}],"about":[{"href":"https:\/\/bergamatiyatrofestivali.com\/en\/wp-json\/wp\/v2\/types\/page"}],"author":[{"embeddable":true,"href":"https:\/\/bergamatiyatrofestivali.com\/en\/wp-json\/wp\/v2\/users\/2"}],"replies":[{"embeddable":true,"href":"https:\/\/bergamatiyatrofestivali.com\/en\/wp-json\/wp\/v2\/comments?post=4796"}],"version-history":[{"count":2,"href":"https:\/\/bergamatiyatrofestivali.com\/en\/wp-json\/wp\/v2\/pages\/4796\/revisions"}],"predecessor-version":[{"id":4799,"href":"https:\/\/bergamatiyatrofestivali.com\/en\/wp-json\/wp\/v2\/pages\/4796\/revisions\/4799"}],"wp:attachment":[{"href":"https:\/\/bergamatiyatrofestivali.com\/en\/wp-json\/wp\/v2\/media?parent=4796"}],"curies":[{"name":"wp","href":"https:\/\/api.w.org\/{rel}","templated":true}]}}