{"id":4794,"date":"2025-08-21T01:56:44","date_gmt":"2025-08-20T22:56:44","guid":{"rendered":"https:\/\/bergamatiyatrofestivali.com\/?page_id=4794"},"modified":"2025-08-21T10:01:26","modified_gmt":"2025-08-21T07:01:26","slug":"bergamadan-gelecege","status":"publish","type":"page","link":"https:\/\/bergamatiyatrofestivali.com\/en\/bergamadan-gelecege\/","title":{"rendered":"Bergama&#8217;dan Gelece\u011fe: Bergama&#8217;n\u0131n K\u00fclt\u00fcr Ortam\u0131 \u0130\u00e7in Ortak Kaynaklar"},"content":{"rendered":"<div class='flex_column av-8ra5it-7e829cb4e37498c31b1d3b088ac2ea15 av_one_half  avia-builder-el-0  el_before_av_one_half  avia-builder-el-first  first flex_column_div'   ><p>\n<style type=\"text\/css\" data-created_by=\"avia_inline_auto\" id=\"style-css-av-7wntvp-9e81de17db1a43c03916fca22f2d64a7\">\n.avia-image-container.av-7wntvp-9e81de17db1a43c03916fca22f2d64a7 .av-image-caption-overlay-center{\ncolor:#ffffff;\n}\n<\/style>\n<div  class='avia-image-container av-7wntvp-9e81de17db1a43c03916fca22f2d64a7 av-styling- avia-align-center  avia-builder-el-1  el_before_av_textblock  avia-builder-el-first'  itemprop=\"image\" itemscope=\"itemscope\" itemtype=\"https:\/\/schema.org\/ImageObject\" ><div class=\"avia-image-container-inner\"><div class=\"avia-image-overlay-wrap\"><img decoding=\"async\" class='wp-image-4800 avia-img-lazy-loading-not-4800 avia_image' src=\"https:\/\/bergamatiyatrofestivali.com\/wp-content\/uploads\/2025\/08\/bergamadan-gelecege_-BTF-Angst-Web-2048x2048-1.jpg\" alt='' title='bergamadan geleceg\u0306e'  height=\"2048\" width=\"2048\"  itemprop=\"thumbnailUrl\" srcset=\"https:\/\/bergamatiyatrofestivali.com\/wp-content\/uploads\/2025\/08\/bergamadan-gelecege_-BTF-Angst-Web-2048x2048-1.jpg 2048w, https:\/\/bergamatiyatrofestivali.com\/wp-content\/uploads\/2025\/08\/bergamadan-gelecege_-BTF-Angst-Web-2048x2048-1-300x300.jpg 300w, https:\/\/bergamatiyatrofestivali.com\/wp-content\/uploads\/2025\/08\/bergamadan-gelecege_-BTF-Angst-Web-2048x2048-1-1030x1030.jpg 1030w, https:\/\/bergamatiyatrofestivali.com\/wp-content\/uploads\/2025\/08\/bergamadan-gelecege_-BTF-Angst-Web-2048x2048-1-80x80.jpg 80w, https:\/\/bergamatiyatrofestivali.com\/wp-content\/uploads\/2025\/08\/bergamadan-gelecege_-BTF-Angst-Web-2048x2048-1-768x768.jpg 768w, https:\/\/bergamatiyatrofestivali.com\/wp-content\/uploads\/2025\/08\/bergamadan-gelecege_-BTF-Angst-Web-2048x2048-1-1536x1536.jpg 1536w, https:\/\/bergamatiyatrofestivali.com\/wp-content\/uploads\/2025\/08\/bergamadan-gelecege_-BTF-Angst-Web-2048x2048-1-12x12.jpg 12w, https:\/\/bergamatiyatrofestivali.com\/wp-content\/uploads\/2025\/08\/bergamadan-gelecege_-BTF-Angst-Web-2048x2048-1-36x36.jpg 36w, https:\/\/bergamatiyatrofestivali.com\/wp-content\/uploads\/2025\/08\/bergamadan-gelecege_-BTF-Angst-Web-2048x2048-1-180x180.jpg 180w, https:\/\/bergamatiyatrofestivali.com\/wp-content\/uploads\/2025\/08\/bergamadan-gelecege_-BTF-Angst-Web-2048x2048-1-1500x1500.jpg 1500w, https:\/\/bergamatiyatrofestivali.com\/wp-content\/uploads\/2025\/08\/bergamadan-gelecege_-BTF-Angst-Web-2048x2048-1-705x705.jpg 705w\" sizes=\"(max-width: 2048px) 100vw, 2048px\" \/><\/div><\/div><\/div><br \/>\n<section class=\"av_textblock_section\"  itemscope=\"itemscope\" itemtype=\"https:\/\/schema.org\/CreativeWork\" ><div class='avia_textblock  av_inherit_color'  style='color:#1d1d1b; '  itemprop=\"text\" ><h2><strong>Bergama&#8217;dan Gelece\u011fe:<br \/>\nBergama&#8217;n\u0131n K\u00fclt\u00fcr Ortam\u0131 \u0130\u00e7in Ortak Kaynaklar<\/strong><\/h2>\n<h3><span style=\"font-weight: 400;\">Kolayla\u015ft\u0131r\u0131c\u0131: \u00c7a\u011f\u0131l \u00d6zdemir<\/span><\/h3>\n<h4><span style=\"font-weight: 400;\">24 A\u011fustos\/August Pazar\/Sunday, 14:00<\/span><\/h4>\n<h5><span style=\"font-weight: 400;\">Haluk Elbe Toplant\u0131 Salonu<\/span><\/h5>\n<\/div><\/section><br \/>\n<div  class='hr av-578o5x-e81847a4cb4a9bc272bf8a5d46cdedcf hr-default  avia-builder-el-3  el_after_av_textblock  el_before_av_buttonrow'><span class='hr-inner'><span class=\"hr-inner-style\"><\/span><\/span><\/div><br \/>\n<div  class='avia-buttonrow-wrap av-l34tkru2-d8d00fb5ab84f16fc18bc5eac03df079 avia-buttonrow-left  avia-builder-el-4  el_after_av_hr  avia-builder-el-last'>\n\n<style type=\"text\/css\" data-created_by=\"avia_inline_auto\" id=\"style-css-av-l34tko4x-0ab6380c43108fa19c8465510525ae07\">\n#top #wrap_all .avia-button.av-l34tko4x-0ab6380c43108fa19c8465510525ae07{\nmargin-bottom:5px;\nmargin-right:5px;\n}\n#top #wrap_all .avia-button.av-l34tko4x-0ab6380c43108fa19c8465510525ae07:hover{\nbackground-color:black;\ncolor:#ffffff;\ntransition:all 0.4s ease-in-out;\n-webkit-transition:all 0.4s ease-in-out;\n-moz-transition:all 0.4s ease-in-out;\n-ms-transition:all 0.4s ease-in-out;\n-o-transition:all 0.4s ease-in-out;\n}\n<\/style>\n<a href='' class='avia-button av-l34tko4x-0ab6380c43108fa19c8465510525ae07 avia-icon_select-yes-left-icon avia-size-medium avia-color-black avia-font-color-white' target=\"_blank\" rel=\"noopener noreferrer\"><span class='avia_button_icon avia_button_icon_left' aria-hidden='true' data-av_icon='\ue881' data-av_iconfont='entypo-fontello'><\/span><span class='avia_iconbox_title' >\u00dcCRETS\u0130Z ETK\u0130NL\u0130K \/ FREE EVENT<\/span><\/a>\n<\/div><\/p><\/div><div class='flex_column av-3so41h-0e4fbf300e066135e57e4f7bf6f0d1c8 av_one_half  avia-builder-el-5  el_after_av_one_half  avia-builder-el-last  flex_column_div'   ><p><section class=\"av_textblock_section\"  itemscope=\"itemscope\" itemtype=\"https:\/\/schema.org\/CreativeWork\" ><div class='avia_textblock  av_inherit_color'  style='color:#1d1d1b; '  itemprop=\"text\" ><p><span style=\"font-weight: 400;\">Bergama, k\u00f6kl\u00fc miras\u0131 ve yarat\u0131c\u0131 enerjisiyle g\u00fc\u00e7l\u00fc bir k\u00fclt\u00fcr ortam\u0131na sahip. Bu \u00f6zel oturumda, yerelin potansiyelinden alternatif kaynak yarat\u0131m\u0131 y\u00f6ntemlerine uzanan yollar\u0131 birlikte ke\u015ffedece\u011fiz. Amac\u0131m\u0131z, festivallerin \u00f6tesinde Bergama\u2019n\u0131n k\u00fclt\u00fcr hayat\u0131n\u0131 s\u00fcrd\u00fcr\u00fclebilir k\u0131lacak ortak kaynak modelleri geli\u015ftirmek. Kat\u0131l\u0131mc\u0131lar, fikirlerini payla\u015facak, uygulanabilir ad\u0131mlar i\u00e7in \u00e7ekirdek bir grup olu\u015fturacak.\u00a0<\/span><\/p>\n<p><span style=\"font-weight: 400;\">Oturum davet usul\u00fcd\u00fcr; ancak katk\u0131 sunmak isteyenler <\/span><b>info@bergamatiyatrofestivali.com<\/b><span style=\"font-weight: 400;\"> adresine yazabilir.<\/span><\/p>\n<p>&#8211;<\/p>\n<p><span style=\"font-weight: 400;\">Bergama, with its deep-rooted heritage and creative energy, offers a vibrant cultural scene. In this special session, we will explore pathways ranging from the potential of the local community to alternative methods of resource creation. Our aim is to develop shared resource models that will sustain Bergama&#8217;s cultural life beyond festivals. Participants will share their ideas and form a core group to take actionable steps.<\/span><\/p>\n<p><span style=\"font-weight: 400;\">The session is by invitation only; however, those who wish to contribute can write to <strong>info@bergamatiyatrofestivali.com<\/strong><\/span><\/p>\n<\/div><\/section><br \/>\n<div  class='hr av-1wgwp1-f5130e919114f14680027791788fe141 hr-default  avia-builder-el-7  el_after_av_textblock  el_before_av_textblock'><span class='hr-inner'><span class=\"hr-inner-style\"><\/span><\/span><\/div><br \/>\n<section class=\"av_textblock_section\"  itemscope=\"itemscope\" itemtype=\"https:\/\/schema.org\/CreativeWork\" ><div class='avia_textblock  av_inherit_color'  style='color:#1d1d1b; '  itemprop=\"text\" ><\/div><\/section><\/p><\/div><\/p>","protected":false},"excerpt":{"rendered":"","protected":false},"author":2,"featured_media":0,"parent":0,"menu_order":0,"comment_status":"closed","ping_status":"closed","template":"","meta":{"footnotes":""},"class_list":["post-4794","page","type-page","status-publish","hentry"],"_links":{"self":[{"href":"https:\/\/bergamatiyatrofestivali.com\/en\/wp-json\/wp\/v2\/pages\/4794","targetHints":{"allow":["GET"]}}],"collection":[{"href":"https:\/\/bergamatiyatrofestivali.com\/en\/wp-json\/wp\/v2\/pages"}],"about":[{"href":"https:\/\/bergamatiyatrofestivali.com\/en\/wp-json\/wp\/v2\/types\/page"}],"author":[{"embeddable":true,"href":"https:\/\/bergamatiyatrofestivali.com\/en\/wp-json\/wp\/v2\/users\/2"}],"replies":[{"embeddable":true,"href":"https:\/\/bergamatiyatrofestivali.com\/en\/wp-json\/wp\/v2\/comments?post=4794"}],"version-history":[{"count":2,"href":"https:\/\/bergamatiyatrofestivali.com\/en\/wp-json\/wp\/v2\/pages\/4794\/revisions"}],"predecessor-version":[{"id":4801,"href":"https:\/\/bergamatiyatrofestivali.com\/en\/wp-json\/wp\/v2\/pages\/4794\/revisions\/4801"}],"wp:attachment":[{"href":"https:\/\/bergamatiyatrofestivali.com\/en\/wp-json\/wp\/v2\/media?parent=4794"}],"curies":[{"name":"wp","href":"https:\/\/api.w.org\/{rel}","templated":true}]}}