{"id":4781,"date":"2025-08-17T17:36:13","date_gmt":"2025-08-17T14:36:13","guid":{"rendered":"https:\/\/bergamatiyatrofestivali.com\/?page_id=4781"},"modified":"2025-08-17T17:36:13","modified_gmt":"2025-08-17T14:36:13","slug":"bergama-muze-turu","status":"publish","type":"page","link":"https:\/\/bergamatiyatrofestivali.com\/en\/bergama-muze-turu\/","title":{"rendered":"Bergama M\u00fcze Turu"},"content":{"rendered":"<div class='flex_column av-8ra5it-7e829cb4e37498c31b1d3b088ac2ea15 av_one_half  avia-builder-el-0  el_before_av_one_half  avia-builder-el-first  first flex_column_div'   ><p>\n<style type=\"text\/css\" data-created_by=\"avia_inline_auto\" id=\"style-css-av-7wntvp-fcc291f6acee04c92c9893d7bea1cf4e\">\n.avia-image-container.av-7wntvp-fcc291f6acee04c92c9893d7bea1cf4e .av-image-caption-overlay-center{\ncolor:#ffffff;\n}\n<\/style>\n<div  class='avia-image-container av-7wntvp-fcc291f6acee04c92c9893d7bea1cf4e av-styling- avia-align-center  avia-builder-el-1  el_before_av_textblock  avia-builder-el-first'  itemprop=\"image\" itemscope=\"itemscope\" itemtype=\"https:\/\/schema.org\/ImageObject\" ><div class=\"avia-image-container-inner\"><div class=\"avia-image-overlay-wrap\"><img decoding=\"async\" class='wp-image-4782 avia-img-lazy-loading-not-4782 avia_image' src=\"https:\/\/bergamatiyatrofestivali.com\/wp-content\/uploads\/2025\/08\/bergama-Muze-Turu_-BTF-Angst-Web-2048x2048-2.jpg\" alt='' title='bergama Mu\u0308ze Turu'  height=\"2048\" width=\"2048\"  itemprop=\"thumbnailUrl\" srcset=\"https:\/\/bergamatiyatrofestivali.com\/wp-content\/uploads\/2025\/08\/bergama-Muze-Turu_-BTF-Angst-Web-2048x2048-2.jpg 2048w, https:\/\/bergamatiyatrofestivali.com\/wp-content\/uploads\/2025\/08\/bergama-Muze-Turu_-BTF-Angst-Web-2048x2048-2-300x300.jpg 300w, https:\/\/bergamatiyatrofestivali.com\/wp-content\/uploads\/2025\/08\/bergama-Muze-Turu_-BTF-Angst-Web-2048x2048-2-1030x1030.jpg 1030w, https:\/\/bergamatiyatrofestivali.com\/wp-content\/uploads\/2025\/08\/bergama-Muze-Turu_-BTF-Angst-Web-2048x2048-2-80x80.jpg 80w, https:\/\/bergamatiyatrofestivali.com\/wp-content\/uploads\/2025\/08\/bergama-Muze-Turu_-BTF-Angst-Web-2048x2048-2-768x768.jpg 768w, https:\/\/bergamatiyatrofestivali.com\/wp-content\/uploads\/2025\/08\/bergama-Muze-Turu_-BTF-Angst-Web-2048x2048-2-1536x1536.jpg 1536w, https:\/\/bergamatiyatrofestivali.com\/wp-content\/uploads\/2025\/08\/bergama-Muze-Turu_-BTF-Angst-Web-2048x2048-2-12x12.jpg 12w, https:\/\/bergamatiyatrofestivali.com\/wp-content\/uploads\/2025\/08\/bergama-Muze-Turu_-BTF-Angst-Web-2048x2048-2-36x36.jpg 36w, https:\/\/bergamatiyatrofestivali.com\/wp-content\/uploads\/2025\/08\/bergama-Muze-Turu_-BTF-Angst-Web-2048x2048-2-180x180.jpg 180w, https:\/\/bergamatiyatrofestivali.com\/wp-content\/uploads\/2025\/08\/bergama-Muze-Turu_-BTF-Angst-Web-2048x2048-2-1500x1500.jpg 1500w, https:\/\/bergamatiyatrofestivali.com\/wp-content\/uploads\/2025\/08\/bergama-Muze-Turu_-BTF-Angst-Web-2048x2048-2-705x705.jpg 705w\" sizes=\"(max-width: 2048px) 100vw, 2048px\" \/><\/div><\/div><\/div><br \/>\n<section class=\"av_textblock_section\"  itemscope=\"itemscope\" itemtype=\"https:\/\/schema.org\/CreativeWork\" ><div class='avia_textblock  av_inherit_color'  style='color:#1d1d1b; '  itemprop=\"text\" ><h2><strong>Bergama M\u00fcze Turu<\/strong><\/h2>\n<h3><span style=\"font-weight: 400;\">Nilg\u00fcn Ustura<\/span><\/h3>\n<h4><span style=\"font-weight: 400;\">23 A\u011fustos\/August Cumartesi\/Saturday, 16:00<\/span><\/h4>\n<h5><span style=\"font-weight: 400;\">Bergama M\u00fczesi Bah\u00e7esi<\/span><\/h5>\n<\/div><\/section><br \/>\n<div  class='hr av-578o5x-e81847a4cb4a9bc272bf8a5d46cdedcf hr-default  avia-builder-el-3  el_after_av_textblock  el_before_av_buttonrow'><span class='hr-inner'><span class=\"hr-inner-style\"><\/span><\/span><\/div><br \/>\n<div  class='avia-buttonrow-wrap av-l34tkru2-d8d00fb5ab84f16fc18bc5eac03df079 avia-buttonrow-left  avia-builder-el-4  el_after_av_hr  avia-builder-el-last'>\n\n<style type=\"text\/css\" data-created_by=\"avia_inline_auto\" id=\"style-css-av-l34tko4x-2eebb3c1170fb4bc3a467fbcc55d055d\">\n#top #wrap_all .avia-button.av-l34tko4x-2eebb3c1170fb4bc3a467fbcc55d055d{\nmargin-bottom:5px;\nmargin-right:5px;\n}\n#top #wrap_all .avia-button.av-l34tko4x-2eebb3c1170fb4bc3a467fbcc55d055d:hover{\nbackground-color:black;\ncolor:#ffffff;\ntransition:all 0.4s ease-in-out;\n-webkit-transition:all 0.4s ease-in-out;\n-moz-transition:all 0.4s ease-in-out;\n-ms-transition:all 0.4s ease-in-out;\n-o-transition:all 0.4s ease-in-out;\n}\n<\/style>\n<a href='https:\/\/mobilet.com\/tr\/event\/saksakcilar-46892\/' class='avia-button av-l34tko4x-2eebb3c1170fb4bc3a467fbcc55d055d avia-icon_select-yes-left-icon avia-size-medium avia-color-black avia-font-color-white' target=\"_blank\" rel=\"noopener noreferrer\"><span class='avia_button_icon avia_button_icon_left' aria-hidden='true' data-av_icon='\ue881' data-av_iconfont='entypo-fontello'><\/span><span class='avia_iconbox_title' >\u00dcCRETS\u0130Z ETK\u0130NL\u0130K \/ FREE EVENT<\/span><\/a>\n<\/div><\/p><\/div><div class='flex_column av-3so41h-0e4fbf300e066135e57e4f7bf6f0d1c8 av_one_half  avia-builder-el-5  el_after_av_one_half  avia-builder-el-last  flex_column_div'   ><p><section class=\"av_textblock_section\"  itemscope=\"itemscope\" itemtype=\"https:\/\/schema.org\/CreativeWork\" ><div class='avia_textblock  av_inherit_color'  style='color:#1d1d1b; '  itemprop=\"text\" ><p><span style=\"font-weight: 400;\">Bergama M\u00fczesi ve Alman Arkeoloji Enstit\u00fcs\u00fc Pergamon Kaz\u0131s\u0131 i\u015fbirli\u011fiyle d\u00fczenlenen bu \u00f6zel turda, m\u00fczenin benzersiz koleksiyonlar\u0131 e\u015fli\u011finde ge\u00e7mi\u015fin kap\u0131lar\u0131n\u0131 aralayaca\u011f\u0131z.<\/span><\/p>\n<p><span style=\"font-weight: 400;\">M\u00fcze M\u00fcd\u00fcr\u00fc Nilg\u00fcn Ustura\u2019n\u0131n rehberli\u011finde ve \u201cPergamon Bulu\u015fmalar\u0131 Cumartesi Etkinlikleri&#8221; kapsam\u0131nda ger\u00e7ekle\u015fecek olan turda, Anadolu\u2019nun en k\u00f6kl\u00fc m\u00fczelerinden biri olan Bergama M\u00fczesi\u2019nin arkeolojik ve etnografik eserleri arac\u0131l\u0131\u011f\u0131yla, kentin antik d\u00f6nemden g\u00fcn\u00fcm\u00fcze uzanan b\u00fcy\u00fcleyici hik\u00e2yesini ke\u015ffedeceksiniz.<\/span><\/p>\n<p>&#8211;<\/p>\n<p><span style=\"font-weight: 400;\">In this special tour organized in collaboration with the Bergama Museum and the German Archaeological Institute Pergamon Excavation, we will open the doors to the past through the museum\u2019s unique collections.<\/span><\/p>\n<p><span style=\"font-weight: 400;\">Guided by Museum Director Nilg\u00fcn Ustura and as part of the &#8220;Pergamon Meetings Saturday Events,&#8221; this tour offers a chance to discover the fascinating story of the city, from ancient times to the present day, through the archaeological and ethnographic artifacts of Bergama Museum, which is one of the oldest museums in Anatolia.<\/span><\/p>\n<\/div><\/section><br \/>\n<div  class='hr av-1wgwp1-f5130e919114f14680027791788fe141 hr-default  avia-builder-el-7  el_after_av_textblock  el_before_av_textblock'><span class='hr-inner'><span class=\"hr-inner-style\"><\/span><\/span><\/div><br \/>\n<section class=\"av_textblock_section\"  itemscope=\"itemscope\" itemtype=\"https:\/\/schema.org\/CreativeWork\" ><div class='avia_textblock  av_inherit_color'  style='color:#1d1d1b; '  itemprop=\"text\" ><\/div><\/section><\/p><\/div><\/p>","protected":false},"excerpt":{"rendered":"","protected":false},"author":2,"featured_media":0,"parent":0,"menu_order":0,"comment_status":"closed","ping_status":"closed","template":"","meta":{"footnotes":""},"class_list":["post-4781","page","type-page","status-publish","hentry"],"_links":{"self":[{"href":"https:\/\/bergamatiyatrofestivali.com\/en\/wp-json\/wp\/v2\/pages\/4781","targetHints":{"allow":["GET"]}}],"collection":[{"href":"https:\/\/bergamatiyatrofestivali.com\/en\/wp-json\/wp\/v2\/pages"}],"about":[{"href":"https:\/\/bergamatiyatrofestivali.com\/en\/wp-json\/wp\/v2\/types\/page"}],"author":[{"embeddable":true,"href":"https:\/\/bergamatiyatrofestivali.com\/en\/wp-json\/wp\/v2\/users\/2"}],"replies":[{"embeddable":true,"href":"https:\/\/bergamatiyatrofestivali.com\/en\/wp-json\/wp\/v2\/comments?post=4781"}],"version-history":[{"count":1,"href":"https:\/\/bergamatiyatrofestivali.com\/en\/wp-json\/wp\/v2\/pages\/4781\/revisions"}],"predecessor-version":[{"id":4783,"href":"https:\/\/bergamatiyatrofestivali.com\/en\/wp-json\/wp\/v2\/pages\/4781\/revisions\/4783"}],"wp:attachment":[{"href":"https:\/\/bergamatiyatrofestivali.com\/en\/wp-json\/wp\/v2\/media?parent=4781"}],"curies":[{"name":"wp","href":"https:\/\/api.w.org\/{rel}","templated":true}]}}