{"id":4778,"date":"2025-08-17T17:31:01","date_gmt":"2025-08-17T14:31:01","guid":{"rendered":"https:\/\/bergamatiyatrofestivali.com\/?page_id=4778"},"modified":"2025-08-17T17:31:01","modified_gmt":"2025-08-17T14:31:01","slug":"tarihin-tadi-damagimda","status":"publish","type":"page","link":"https:\/\/bergamatiyatrofestivali.com\/en\/tarihin-tadi-damagimda\/","title":{"rendered":"Tarihin Tad\u0131 Dama\u011f\u0131mda"},"content":{"rendered":"<div class='flex_column av-8ra5it-7e829cb4e37498c31b1d3b088ac2ea15 av_one_half  avia-builder-el-0  el_before_av_one_half  avia-builder-el-first  first flex_column_div'   ><p>\n<style type=\"text\/css\" data-created_by=\"avia_inline_auto\" id=\"style-css-av-7wntvp-71245fbff3b59d4c9868e6f2381329c8\">\n.avia-image-container.av-7wntvp-71245fbff3b59d4c9868e6f2381329c8 .av-image-caption-overlay-center{\ncolor:#ffffff;\n}\n<\/style>\n<div  class='avia-image-container av-7wntvp-71245fbff3b59d4c9868e6f2381329c8 av-styling- avia-align-center  avia-builder-el-1  el_before_av_textblock  avia-builder-el-first'  itemprop=\"image\" itemscope=\"itemscope\" itemtype=\"https:\/\/schema.org\/ImageObject\" ><div class=\"avia-image-container-inner\"><div class=\"avia-image-overlay-wrap\"><img decoding=\"async\" class='wp-image-4779 avia-img-lazy-loading-not-4779 avia_image' src=\"https:\/\/bergamatiyatrofestivali.com\/wp-content\/uploads\/2025\/08\/Tarihin-Tadi-Damagimda_-BTF-Angst-Web-2048x2048-1.jpg\" alt='' title='Tarihin Tad\u0131 Damag\u0306\u0131mda'  height=\"2048\" width=\"2048\"  itemprop=\"thumbnailUrl\" srcset=\"https:\/\/bergamatiyatrofestivali.com\/wp-content\/uploads\/2025\/08\/Tarihin-Tadi-Damagimda_-BTF-Angst-Web-2048x2048-1.jpg 2048w, https:\/\/bergamatiyatrofestivali.com\/wp-content\/uploads\/2025\/08\/Tarihin-Tadi-Damagimda_-BTF-Angst-Web-2048x2048-1-300x300.jpg 300w, https:\/\/bergamatiyatrofestivali.com\/wp-content\/uploads\/2025\/08\/Tarihin-Tadi-Damagimda_-BTF-Angst-Web-2048x2048-1-1030x1030.jpg 1030w, https:\/\/bergamatiyatrofestivali.com\/wp-content\/uploads\/2025\/08\/Tarihin-Tadi-Damagimda_-BTF-Angst-Web-2048x2048-1-80x80.jpg 80w, https:\/\/bergamatiyatrofestivali.com\/wp-content\/uploads\/2025\/08\/Tarihin-Tadi-Damagimda_-BTF-Angst-Web-2048x2048-1-768x768.jpg 768w, https:\/\/bergamatiyatrofestivali.com\/wp-content\/uploads\/2025\/08\/Tarihin-Tadi-Damagimda_-BTF-Angst-Web-2048x2048-1-1536x1536.jpg 1536w, https:\/\/bergamatiyatrofestivali.com\/wp-content\/uploads\/2025\/08\/Tarihin-Tadi-Damagimda_-BTF-Angst-Web-2048x2048-1-12x12.jpg 12w, https:\/\/bergamatiyatrofestivali.com\/wp-content\/uploads\/2025\/08\/Tarihin-Tadi-Damagimda_-BTF-Angst-Web-2048x2048-1-36x36.jpg 36w, https:\/\/bergamatiyatrofestivali.com\/wp-content\/uploads\/2025\/08\/Tarihin-Tadi-Damagimda_-BTF-Angst-Web-2048x2048-1-180x180.jpg 180w, https:\/\/bergamatiyatrofestivali.com\/wp-content\/uploads\/2025\/08\/Tarihin-Tadi-Damagimda_-BTF-Angst-Web-2048x2048-1-1500x1500.jpg 1500w, https:\/\/bergamatiyatrofestivali.com\/wp-content\/uploads\/2025\/08\/Tarihin-Tadi-Damagimda_-BTF-Angst-Web-2048x2048-1-705x705.jpg 705w\" sizes=\"(max-width: 2048px) 100vw, 2048px\" \/><\/div><\/div><\/div><br \/>\n<section class=\"av_textblock_section\"  itemscope=\"itemscope\" itemtype=\"https:\/\/schema.org\/CreativeWork\" ><div class='avia_textblock  av_inherit_color'  style='color:#1d1d1b; '  itemprop=\"text\" ><h2><strong>Tarihin Tad\u0131 Dama\u011f\u0131mda<\/strong><\/h2>\n<h3><span style=\"font-weight: 400;\">Aykan Ak\u00e7ay &#8211; Muhsin G\u00f6zkaya<\/span><\/h3>\n<h4><span style=\"font-weight: 400;\">23 A\u011fustos\/August Cumartesi\/Saturday, 08:30<\/span><\/h4>\n<h5><span style=\"font-weight: 400;\">BerKM Q-Ba<\/span><\/h5>\n<\/div><\/section><br \/>\n<div  class='hr av-578o5x-e81847a4cb4a9bc272bf8a5d46cdedcf hr-default  avia-builder-el-3  el_after_av_textblock  el_before_av_buttonrow'><span class='hr-inner'><span class=\"hr-inner-style\"><\/span><\/span><\/div><br \/>\n<div  class='avia-buttonrow-wrap av-l34tkru2-d8d00fb5ab84f16fc18bc5eac03df079 avia-buttonrow-left  avia-builder-el-4  el_after_av_hr  avia-builder-el-last'>\n\n<style type=\"text\/css\" data-created_by=\"avia_inline_auto\" id=\"style-css-av-l34tko4x-d506287cf92f640e28d3f0f65b479e07\">\n#top #wrap_all .avia-button.av-l34tko4x-d506287cf92f640e28d3f0f65b479e07{\nmargin-bottom:5px;\nmargin-right:5px;\n}\n#top #wrap_all .avia-button.av-l34tko4x-d506287cf92f640e28d3f0f65b479e07:hover{\nbackground-color:black;\ncolor:#ffffff;\ntransition:all 0.4s ease-in-out;\n-webkit-transition:all 0.4s ease-in-out;\n-moz-transition:all 0.4s ease-in-out;\n-ms-transition:all 0.4s ease-in-out;\n-o-transition:all 0.4s ease-in-out;\n}\n<\/style>\n<a href='https:\/\/mobilet.com\/tr\/event\/tarihin-tadi-damagimda-47333\/' class='avia-button av-l34tko4x-d506287cf92f640e28d3f0f65b479e07 avia-icon_select-yes-left-icon avia-size-medium avia-color-black avia-font-color-white' target=\"_blank\" rel=\"noopener noreferrer\"><span class='avia_button_icon avia_button_icon_left' aria-hidden='true' data-av_icon='\ue881' data-av_iconfont='entypo-fontello'><\/span><span class='avia_iconbox_title' >23 A\u011eUSTOS MOB\u0130LET<\/span><\/a>\n<\/div><\/p><\/div><div class='flex_column av-3so41h-0e4fbf300e066135e57e4f7bf6f0d1c8 av_one_half  avia-builder-el-5  el_after_av_one_half  avia-builder-el-last  flex_column_div'   ><p><section class=\"av_textblock_section\"  itemscope=\"itemscope\" itemtype=\"https:\/\/schema.org\/CreativeWork\" ><div class='avia_textblock  av_inherit_color'  style='color:#1d1d1b; '  itemprop=\"text\" ><p><span style=\"font-weight: 400;\">Bir \u015fef rehberli\u011finde d\u00fczenlenen bu \u00f6zel kahvalt\u0131 ve brunch turunda, Bergama\u2019n\u0131n tarihi Arasta \u00c7ar\u015f\u0131s\u0131 ve \u00e7evresindeki \u00f6nemli yeme-i\u00e7me mekanlar\u0131n\u0131 ke\u015ffedeceksiniz.<\/span><\/p>\n<p><span style=\"font-weight: 400;\">Bu tur, festival s\u00fcresince hem Bergama\u2019n\u0131n y\u00f6resel tatlar\u0131n\u0131 tan\u0131man\u0131z\u0131 hem de tatt\u0131\u011f\u0131n\u0131z \u00fcr\u00fcnleri yerel \u00fcreticilerden taze \u015fekilde sat\u0131n alman\u0131z\u0131 sa\u011flayacak.<\/span><\/p>\n<p>&#8211;<\/p>\n<p><span style=\"font-weight: 400;\">In this special breakfast and brunch tour led by a chef, you will explore Bergama\u2019s historic Arasta Bazaar and the notable food and drink spots around it.<\/span><\/p>\n<p><span style=\"font-weight: 400;\">During the festival, this tour will not only introduce you to the local flavors of Bergama but also allow you to purchase the products you taste fresh from local producers.<\/span><\/p>\n<\/div><\/section><br \/>\n<div  class='hr av-1wgwp1-f5130e919114f14680027791788fe141 hr-default  avia-builder-el-7  el_after_av_textblock  el_before_av_textblock'><span class='hr-inner'><span class=\"hr-inner-style\"><\/span><\/span><\/div><br \/>\n<section class=\"av_textblock_section\"  itemscope=\"itemscope\" itemtype=\"https:\/\/schema.org\/CreativeWork\" ><div class='avia_textblock  av_inherit_color'  style='color:#1d1d1b; '  itemprop=\"text\" ><p><b>Etkinlik T\u00fcr\u00fc\/Event Type:<\/b><span style=\"font-weight: 400;\"> Y\u00fcr\u00fcy\u00fc\u015f<\/span><\/p>\n<p><b>S\u00fcre\/Duration:<\/b><span style=\"font-weight: 400;\"> 120dk.\/120min.<\/span><\/p>\n<\/div><\/section><\/p><\/div><\/p>","protected":false},"excerpt":{"rendered":"","protected":false},"author":2,"featured_media":0,"parent":0,"menu_order":0,"comment_status":"closed","ping_status":"closed","template":"","meta":{"footnotes":""},"class_list":["post-4778","page","type-page","status-publish","hentry"],"_links":{"self":[{"href":"https:\/\/bergamatiyatrofestivali.com\/en\/wp-json\/wp\/v2\/pages\/4778","targetHints":{"allow":["GET"]}}],"collection":[{"href":"https:\/\/bergamatiyatrofestivali.com\/en\/wp-json\/wp\/v2\/pages"}],"about":[{"href":"https:\/\/bergamatiyatrofestivali.com\/en\/wp-json\/wp\/v2\/types\/page"}],"author":[{"embeddable":true,"href":"https:\/\/bergamatiyatrofestivali.com\/en\/wp-json\/wp\/v2\/users\/2"}],"replies":[{"embeddable":true,"href":"https:\/\/bergamatiyatrofestivali.com\/en\/wp-json\/wp\/v2\/comments?post=4778"}],"version-history":[{"count":1,"href":"https:\/\/bergamatiyatrofestivali.com\/en\/wp-json\/wp\/v2\/pages\/4778\/revisions"}],"predecessor-version":[{"id":4780,"href":"https:\/\/bergamatiyatrofestivali.com\/en\/wp-json\/wp\/v2\/pages\/4778\/revisions\/4780"}],"wp:attachment":[{"href":"https:\/\/bergamatiyatrofestivali.com\/en\/wp-json\/wp\/v2\/media?parent=4778"}],"curies":[{"name":"wp","href":"https:\/\/api.w.org\/{rel}","templated":true}]}}