{"id":4762,"date":"2025-08-18T11:12:46","date_gmt":"2025-08-18T08:12:46","guid":{"rendered":"https:\/\/bergamatiyatrofestivali.com\/?page_id=4762"},"modified":"2025-08-21T14:49:28","modified_gmt":"2025-08-21T11:49:28","slug":"bergama-kultur-stratejisine-dogru","status":"publish","type":"page","link":"https:\/\/bergamatiyatrofestivali.com\/en\/bergama-kultur-stratejisine-dogru\/","title":{"rendered":"Bergama K\u00fclt\u00fcr Stratejisine Do\u011fru"},"content":{"rendered":"<div class='flex_column av-8ra5it-7e829cb4e37498c31b1d3b088ac2ea15 av_one_half  avia-builder-el-0  el_before_av_one_half  avia-builder-el-first  first flex_column_div'   ><p>\n<style type=\"text\/css\" data-created_by=\"avia_inline_auto\" id=\"style-css-av-7wntvp-42ece58f189ed48327daf1dc2492add3\">\n.avia-image-container.av-7wntvp-42ece58f189ed48327daf1dc2492add3 .av-image-caption-overlay-center{\ncolor:#ffffff;\n}\n<\/style>\n<div  class='avia-image-container av-7wntvp-42ece58f189ed48327daf1dc2492add3 av-styling- avia-align-center  avia-builder-el-1  el_before_av_textblock  avia-builder-el-first'  itemprop=\"image\" itemscope=\"itemscope\" itemtype=\"https:\/\/schema.org\/ImageObject\" ><div class=\"avia-image-container-inner\"><div class=\"avia-image-overlay-wrap\"><img decoding=\"async\" class='wp-image-4789 avia-img-lazy-loading-not-4789 avia_image' src=\"https:\/\/bergamatiyatrofestivali.com\/wp-content\/uploads\/2025\/08\/bergama-kultur-stratejisi_-BTF-Angst-Web-2048x2048-2.jpg\" alt='' title='bergama ku\u0308ltu\u0308r stratejisi'  height=\"2048\" width=\"2048\"  itemprop=\"thumbnailUrl\" srcset=\"https:\/\/bergamatiyatrofestivali.com\/wp-content\/uploads\/2025\/08\/bergama-kultur-stratejisi_-BTF-Angst-Web-2048x2048-2.jpg 2048w, https:\/\/bergamatiyatrofestivali.com\/wp-content\/uploads\/2025\/08\/bergama-kultur-stratejisi_-BTF-Angst-Web-2048x2048-2-300x300.jpg 300w, https:\/\/bergamatiyatrofestivali.com\/wp-content\/uploads\/2025\/08\/bergama-kultur-stratejisi_-BTF-Angst-Web-2048x2048-2-1030x1030.jpg 1030w, https:\/\/bergamatiyatrofestivali.com\/wp-content\/uploads\/2025\/08\/bergama-kultur-stratejisi_-BTF-Angst-Web-2048x2048-2-80x80.jpg 80w, https:\/\/bergamatiyatrofestivali.com\/wp-content\/uploads\/2025\/08\/bergama-kultur-stratejisi_-BTF-Angst-Web-2048x2048-2-768x768.jpg 768w, https:\/\/bergamatiyatrofestivali.com\/wp-content\/uploads\/2025\/08\/bergama-kultur-stratejisi_-BTF-Angst-Web-2048x2048-2-1536x1536.jpg 1536w, https:\/\/bergamatiyatrofestivali.com\/wp-content\/uploads\/2025\/08\/bergama-kultur-stratejisi_-BTF-Angst-Web-2048x2048-2-12x12.jpg 12w, https:\/\/bergamatiyatrofestivali.com\/wp-content\/uploads\/2025\/08\/bergama-kultur-stratejisi_-BTF-Angst-Web-2048x2048-2-36x36.jpg 36w, https:\/\/bergamatiyatrofestivali.com\/wp-content\/uploads\/2025\/08\/bergama-kultur-stratejisi_-BTF-Angst-Web-2048x2048-2-180x180.jpg 180w, https:\/\/bergamatiyatrofestivali.com\/wp-content\/uploads\/2025\/08\/bergama-kultur-stratejisi_-BTF-Angst-Web-2048x2048-2-1500x1500.jpg 1500w, https:\/\/bergamatiyatrofestivali.com\/wp-content\/uploads\/2025\/08\/bergama-kultur-stratejisi_-BTF-Angst-Web-2048x2048-2-705x705.jpg 705w\" sizes=\"(max-width: 2048px) 100vw, 2048px\" \/><\/div><\/div><\/div><br \/>\n<section class=\"av_textblock_section\"  itemscope=\"itemscope\" itemtype=\"https:\/\/schema.org\/CreativeWork\" ><div class='avia_textblock  av_inherit_color'  style='color:#1d1d1b; '  itemprop=\"text\" ><h2><strong>Bergama K\u00fclt\u00fcr Stratejisine Do\u011fru<\/strong><\/h2>\n<h3><span style=\"font-weight: 400;\">Serhan Ada<\/span><\/h3>\n<h4><span style=\"font-weight: 400;\">24 A\u011fustos\/August Pazar\/Sunday, 17:00<\/span><\/h4>\n<h5><span style=\"font-weight: 400;\">\u00c7aml\u0131park<\/span><\/h5>\n<\/div><\/section><br \/>\n<div  class='hr av-578o5x-e81847a4cb4a9bc272bf8a5d46cdedcf hr-default  avia-builder-el-3  el_after_av_textblock  el_before_av_buttonrow'><span class='hr-inner'><span class=\"hr-inner-style\"><\/span><\/span><\/div><br \/>\n<div  class='avia-buttonrow-wrap av-l34tkru2-d8d00fb5ab84f16fc18bc5eac03df079 avia-buttonrow-left  avia-builder-el-4  el_after_av_hr  avia-builder-el-last'>\n\n<style type=\"text\/css\" data-created_by=\"avia_inline_auto\" id=\"style-css-av-l34tko4x-0ab6380c43108fa19c8465510525ae07\">\n#top #wrap_all .avia-button.av-l34tko4x-0ab6380c43108fa19c8465510525ae07{\nmargin-bottom:5px;\nmargin-right:5px;\n}\n#top #wrap_all .avia-button.av-l34tko4x-0ab6380c43108fa19c8465510525ae07:hover{\nbackground-color:black;\ncolor:#ffffff;\ntransition:all 0.4s ease-in-out;\n-webkit-transition:all 0.4s ease-in-out;\n-moz-transition:all 0.4s ease-in-out;\n-ms-transition:all 0.4s ease-in-out;\n-o-transition:all 0.4s ease-in-out;\n}\n<\/style>\n<a href='' class='avia-button av-l34tko4x-0ab6380c43108fa19c8465510525ae07 avia-icon_select-yes-left-icon avia-size-medium avia-color-black avia-font-color-white' target=\"_blank\" rel=\"noopener noreferrer\"><span class='avia_button_icon avia_button_icon_left' aria-hidden='true' data-av_icon='\ue881' data-av_iconfont='entypo-fontello'><\/span><span class='avia_iconbox_title' >\u00dcCRETS\u0130Z ETK\u0130NL\u0130K \/ FREE EVENT<\/span><\/a>\n<\/div><\/p><\/div>\n<div class='flex_column av-3so41h-0e4fbf300e066135e57e4f7bf6f0d1c8 av_one_half  avia-builder-el-5  el_after_av_one_half  avia-builder-el-last  flex_column_div'   ><p><section class=\"av_textblock_section\"  itemscope=\"itemscope\" itemtype=\"https:\/\/schema.org\/CreativeWork\" ><div class='avia_textblock  av_inherit_color'  style='color:#1d1d1b; '  itemprop=\"text\" ><p><i><span style=\"font-weight: 400;\">K\u00fclt\u00fcr Politikalar\u0131n\u0131n Yeni Akt\u00f6rleri, \u015eehirler<\/span><\/i><\/p>\n<ul>\n<li><span style=\"font-weight: 400;\">Bergama k\u00fclt\u00fcr stratejisi: Neden? Neden \u015fimdi?<\/span><\/li>\n<li><span style=\"font-weight: 400;\">Kolektif ve s\u00fcrekli bir \u00e7al\u0131\u015fma zemini<\/span><\/li>\n<li><span style=\"font-weight: 400;\">Nereden ve ne zaman ba\u015flamal\u0131? Nereye do\u011fru gitmeli?<\/span><\/li>\n<li><span style=\"font-weight: 400;\">K\u00fclt\u00fcrel miras, tar\u0131m, ekoloji, hayat tarz\u0131, sanat ve di\u011ferleri\u2026<\/span><\/li>\n<\/ul>\n<p>&#8211;<\/p>\n<p><em>New Actors of Cultural Policies: Cities<\/em><\/p>\n<ul>\n<li style=\"font-weight: 400;\" aria-level=\"1\"><span style=\"font-weight: 400;\">Bergama Cultural Strategy: Why? Why now?<\/span><\/li>\n<li style=\"font-weight: 400;\" aria-level=\"1\"><span style=\"font-weight: 400;\">A collective and continuous working ground<\/span><\/li>\n<li style=\"font-weight: 400;\" aria-level=\"1\"><span style=\"font-weight: 400;\">Where and when should we begin? Where should we head?<\/span><\/li>\n<li style=\"font-weight: 400;\" aria-level=\"1\"><span style=\"font-weight: 400;\">Cultural heritage, agriculture, ecology, lifestyle, art, and more\u2026<\/span><\/li>\n<\/ul>\n<\/div><\/section><br \/>\n<div  class='hr av-1wgwp1-f5130e919114f14680027791788fe141 hr-default  avia-builder-el-7  el_after_av_textblock  el_before_av_textblock'><span class='hr-inner'><span class=\"hr-inner-style\"><\/span><\/span><\/div><br \/>\n<section class=\"av_textblock_section\"  itemscope=\"itemscope\" itemtype=\"https:\/\/schema.org\/CreativeWork\" ><div class='avia_textblock  av_inherit_color'  style='color:#1d1d1b; '  itemprop=\"text\" ><p><b>Moderat\u00f6r\/Moderator:<\/b><span style=\"font-weight: 400;\"> Serhan Ada<\/span><\/p>\n<p><strong>Konu\u015fmac\u0131lar\/Speakers:<\/strong><\/p>\n<ul>\n<li style=\"font-weight: 400;\" aria-level=\"1\"><span style=\"font-weight: 400;\">L\u00fctfi Kolat (Bergama Ticaret Odas\u0131 ba\u015fkan\u0131\/President of Bergama Chamber of Commerce)<\/span><\/li>\n<li style=\"font-weight: 400;\" aria-level=\"1\"><span style=\"font-weight: 400;\">Fikret \u00dcrper (\u00dcrper G\u0131da A.\u015e. Y\u00f6netim Kurulu ba\u015fkan\u0131\/Chairman of the Board, \u00dcrper Food Inc.)\u00a0<\/span><\/li>\n<li style=\"font-weight: 400;\" aria-level=\"1\"><span style=\"font-weight: 400;\">Muhsin G\u00f6zkaya (Alt\u0131nkep\u00e7e Restoran \u0130\u015fletmesi sahibi\/Owner, Alt\u0131nkep\u00e7e Restaurant)<\/span><\/li>\n<li style=\"font-weight: 400;\" aria-level=\"1\"><span style=\"font-weight: 400;\">G\u00fcnseli Baki (Sar\u0131 Denizalt\u0131 Sanat \u0130nisiyatifi kurucusu\/Founder, Sar\u0131 Denizalt\u0131 Art Initiative)<\/span><\/li>\n<li style=\"font-weight: 400;\" aria-level=\"1\"><span style=\"font-weight: 400;\">Ak\u0131n Yasa (Bergamay\u0131 Sevenler Derne\u011fi Y\u00f6netim Kurulu Ba\u015fkan\u0131\/Chairman of the Board, Association of Bergama Lovers)<\/span><\/li>\n<li style=\"font-weight: 400;\" aria-level=\"1\">Dilan G\u00fcne\u015f (Bergama Tiyatro Festivali Gen\u00e7lik K\u00fclt\u00fcr \u0130nisiyatifi, Bergama Theater Festival Youth Culture Initiative)<\/li>\n<\/ul>\n<\/div><\/section><\/p><\/div>","protected":false},"excerpt":{"rendered":"","protected":false},"author":2,"featured_media":0,"parent":0,"menu_order":0,"comment_status":"closed","ping_status":"closed","template":"","meta":{"footnotes":""},"class_list":["post-4762","page","type-page","status-publish","hentry"],"_links":{"self":[{"href":"https:\/\/bergamatiyatrofestivali.com\/en\/wp-json\/wp\/v2\/pages\/4762","targetHints":{"allow":["GET"]}}],"collection":[{"href":"https:\/\/bergamatiyatrofestivali.com\/en\/wp-json\/wp\/v2\/pages"}],"about":[{"href":"https:\/\/bergamatiyatrofestivali.com\/en\/wp-json\/wp\/v2\/types\/page"}],"author":[{"embeddable":true,"href":"https:\/\/bergamatiyatrofestivali.com\/en\/wp-json\/wp\/v2\/users\/2"}],"replies":[{"embeddable":true,"href":"https:\/\/bergamatiyatrofestivali.com\/en\/wp-json\/wp\/v2\/comments?post=4762"}],"version-history":[{"count":2,"href":"https:\/\/bergamatiyatrofestivali.com\/en\/wp-json\/wp\/v2\/pages\/4762\/revisions"}],"predecessor-version":[{"id":4822,"href":"https:\/\/bergamatiyatrofestivali.com\/en\/wp-json\/wp\/v2\/pages\/4762\/revisions\/4822"}],"wp:attachment":[{"href":"https:\/\/bergamatiyatrofestivali.com\/en\/wp-json\/wp\/v2\/media?parent=4762"}],"curies":[{"name":"wp","href":"https:\/\/api.w.org\/{rel}","templated":true}]}}