{"id":4759,"date":"2025-08-14T09:31:31","date_gmt":"2025-08-14T06:31:31","guid":{"rendered":"https:\/\/bergamatiyatrofestivali.com\/?page_id=4759"},"modified":"2025-08-14T09:31:31","modified_gmt":"2025-08-14T06:31:31","slug":"bergama-evleri","status":"publish","type":"page","link":"https:\/\/bergamatiyatrofestivali.com\/en\/bergama-evleri\/","title":{"rendered":"Bergama Evleri"},"content":{"rendered":"<div class='flex_column av-8ra5it-7e829cb4e37498c31b1d3b088ac2ea15 av_one_half  avia-builder-el-0  el_before_av_one_half  avia-builder-el-first  first flex_column_div'   ><p>\n<style type=\"text\/css\" data-created_by=\"avia_inline_auto\" id=\"style-css-av-7wntvp-4855b5280a9d4f9a8af058797d9bc193\">\n.avia-image-container.av-7wntvp-4855b5280a9d4f9a8af058797d9bc193 .av-image-caption-overlay-center{\ncolor:#ffffff;\n}\n<\/style>\n<div  class='avia-image-container av-7wntvp-4855b5280a9d4f9a8af058797d9bc193 av-styling- avia-align-center  avia-builder-el-1  el_before_av_textblock  avia-builder-el-first'  itemprop=\"image\" itemscope=\"itemscope\" itemtype=\"https:\/\/schema.org\/ImageObject\" ><div class=\"avia-image-container-inner\"><div class=\"avia-image-overlay-wrap\"><img decoding=\"async\" class='wp-image-4760 avia-img-lazy-loading-not-4760 avia_image' src=\"https:\/\/bergamatiyatrofestivali.com\/wp-content\/uploads\/2025\/08\/bergama-evleri_-BTF-Web-2048x2048-1.jpeg\" alt='' title='bergama evleri'  height=\"2048\" width=\"2048\"  itemprop=\"thumbnailUrl\" srcset=\"https:\/\/bergamatiyatrofestivali.com\/wp-content\/uploads\/2025\/08\/bergama-evleri_-BTF-Web-2048x2048-1.jpeg 2048w, https:\/\/bergamatiyatrofestivali.com\/wp-content\/uploads\/2025\/08\/bergama-evleri_-BTF-Web-2048x2048-1-300x300.jpeg 300w, https:\/\/bergamatiyatrofestivali.com\/wp-content\/uploads\/2025\/08\/bergama-evleri_-BTF-Web-2048x2048-1-1030x1030.jpeg 1030w, https:\/\/bergamatiyatrofestivali.com\/wp-content\/uploads\/2025\/08\/bergama-evleri_-BTF-Web-2048x2048-1-80x80.jpeg 80w, https:\/\/bergamatiyatrofestivali.com\/wp-content\/uploads\/2025\/08\/bergama-evleri_-BTF-Web-2048x2048-1-768x768.jpeg 768w, https:\/\/bergamatiyatrofestivali.com\/wp-content\/uploads\/2025\/08\/bergama-evleri_-BTF-Web-2048x2048-1-1536x1536.jpeg 1536w, https:\/\/bergamatiyatrofestivali.com\/wp-content\/uploads\/2025\/08\/bergama-evleri_-BTF-Web-2048x2048-1-12x12.jpeg 12w, https:\/\/bergamatiyatrofestivali.com\/wp-content\/uploads\/2025\/08\/bergama-evleri_-BTF-Web-2048x2048-1-36x36.jpeg 36w, https:\/\/bergamatiyatrofestivali.com\/wp-content\/uploads\/2025\/08\/bergama-evleri_-BTF-Web-2048x2048-1-180x180.jpeg 180w, https:\/\/bergamatiyatrofestivali.com\/wp-content\/uploads\/2025\/08\/bergama-evleri_-BTF-Web-2048x2048-1-1500x1500.jpeg 1500w, https:\/\/bergamatiyatrofestivali.com\/wp-content\/uploads\/2025\/08\/bergama-evleri_-BTF-Web-2048x2048-1-705x705.jpeg 705w\" sizes=\"(max-width: 2048px) 100vw, 2048px\" \/><\/div><\/div><\/div><br \/>\n<section class=\"av_textblock_section\"  itemscope=\"itemscope\" itemtype=\"https:\/\/schema.org\/CreativeWork\" ><div class='avia_textblock  av_inherit_color'  style='color:#1d1d1b; '  itemprop=\"text\" ><h2><strong>Bergama Evleri<\/strong><\/h2>\n<h3><span style=\"font-weight: 400;\">G\u00fcl\u015fah Saban<\/span><\/h3>\n<h4><span style=\"font-weight: 400;\">24 A\u011fustos\/August Pazar\/Sunday, 09:00<\/span><\/h4>\n<h5><span style=\"font-weight: 400;\"><strong>Meeting Point:<\/strong> \u00c7\u0131narl\u0131 Kahve<\/span><\/h5>\n<\/div><\/section><br \/>\n<div  class='hr av-578o5x-e81847a4cb4a9bc272bf8a5d46cdedcf hr-default  avia-builder-el-3  el_after_av_textblock  el_before_av_buttonrow'><span class='hr-inner'><span class=\"hr-inner-style\"><\/span><\/span><\/div><br \/>\n<div  class='avia-buttonrow-wrap av-l34tkru2-d8d00fb5ab84f16fc18bc5eac03df079 avia-buttonrow-left  avia-builder-el-4  el_after_av_hr  avia-builder-el-last'>\n\n<style type=\"text\/css\" data-created_by=\"avia_inline_auto\" id=\"style-css-av-l34tko4x-6b4aea0a9e4170bee1d4d1328e14e4bb\">\n#top #wrap_all .avia-button.av-l34tko4x-6b4aea0a9e4170bee1d4d1328e14e4bb{\nmargin-bottom:5px;\nmargin-right:5px;\n}\n#top #wrap_all .avia-button.av-l34tko4x-6b4aea0a9e4170bee1d4d1328e14e4bb:hover{\nbackground-color:black;\ncolor:#ffffff;\ntransition:all 0.4s ease-in-out;\n-webkit-transition:all 0.4s ease-in-out;\n-moz-transition:all 0.4s ease-in-out;\n-ms-transition:all 0.4s ease-in-out;\n-o-transition:all 0.4s ease-in-out;\n}\n<\/style>\n<a href='https:\/\/mobilet.com\/tr\/event\/bergama-evleri-47277\/' class='avia-button av-l34tko4x-6b4aea0a9e4170bee1d4d1328e14e4bb avia-icon_select-yes-left-icon avia-size-medium avia-color-black avia-font-color-white' target=\"_blank\" rel=\"noopener noreferrer\"><span class='avia_button_icon avia_button_icon_left' aria-hidden='true' data-av_icon='\ue881' data-av_iconfont='entypo-fontello'><\/span><span class='avia_iconbox_title' >24 A\u011eUSTOS MOB\u0130LET<\/span><\/a>\n<\/div><\/p><\/div><div class='flex_column av-3so41h-0e4fbf300e066135e57e4f7bf6f0d1c8 av_one_half  avia-builder-el-5  el_after_av_one_half  avia-builder-el-last  flex_column_div'   ><p><section class=\"av_textblock_section\"  itemscope=\"itemscope\" itemtype=\"https:\/\/schema.org\/CreativeWork\" ><div class='avia_textblock  av_inherit_color'  style='color:#1d1d1b; '  itemprop=\"text\" ><p>Bergama\u2019n\u0131n binlerce y\u0131ll\u0131k tarihini ad\u0131m ad\u0131m takip edebilece\u011finiz Kale Mahallesi\u2019nde, farkl\u0131 d\u00f6nemlerin izlerini ta\u015f\u0131yan evleri ke\u015ffe \u00e7\u0131k\u0131yoruz. Bu y\u00fcr\u00fcy\u00fc\u015fte, Osmanl\u0131 d\u00f6nemi sivil mimarisinin \u00f6zg\u00fcn \u00f6rneklerini, antik duvarlarla b\u00fct\u00fcnle\u015fmi\u015f avlular\u0131 ve geleneksel ya\u015fam\u0131n izlerini g\u00f6rece\u011fiz. G\u00fcl\u015fah Saban\u2019\u0131n anlat\u0131m\u0131 e\u015fli\u011finde, mahallenin dar sokaklar\u0131nda ilerlerken ta\u015f i\u015f\u00e7ili\u011fi ve ah\u015fap s\u00fcsleme detaylar\u0131n\u0131n anlatt\u0131\u011f\u0131 hikayeleri dinleyece\u011fiz.<\/p>\n<p>&#8211;<\/p>\n<p data-start=\"0\" data-end=\"145\">We are setting out to explore the houses in the Kale Neighborhood, where you can trace Bergama\u2019s history spanning thousands of years and see traces of different periods. On this walk, we will encounter unique examples of Ottoman civil architecture, courtyards integrated with ancient walls, and signs of traditional life. Accompanied by G\u00fcl\u015fah Saban\u2019s narration, we will wander through the neighborhood\u2019s narrow streets, listening to the stories told by the stonework and wooden decorative details.<\/p>\n<\/div><\/section><br \/>\n<div  class='hr av-1wgwp1-f5130e919114f14680027791788fe141 hr-default  avia-builder-el-7  el_after_av_textblock  el_before_av_textblock'><span class='hr-inner'><span class=\"hr-inner-style\"><\/span><\/span><\/div><br \/>\n<section class=\"av_textblock_section\"  itemscope=\"itemscope\" itemtype=\"https:\/\/schema.org\/CreativeWork\" ><div class='avia_textblock  av_inherit_color'  style='color:#1d1d1b; '  itemprop=\"text\" ><p><b>Etkinlik T\u00fcr\u00fc\/Event Type:<\/b><span style=\"font-weight: 400;\"> Y\u00fcr\u00fcy\u00fc\u015f\/Walking<\/span><\/p>\n<p><b>S\u00fcre\/Duration:<\/b><span style=\"font-weight: 400;\"> 90dk.\/90min.<\/span><\/p>\n<\/div><\/section><\/p><\/div><\/p>","protected":false},"excerpt":{"rendered":"","protected":false},"author":2,"featured_media":0,"parent":0,"menu_order":0,"comment_status":"closed","ping_status":"closed","template":"","meta":{"footnotes":""},"class_list":["post-4759","page","type-page","status-publish","hentry"],"_links":{"self":[{"href":"https:\/\/bergamatiyatrofestivali.com\/en\/wp-json\/wp\/v2\/pages\/4759","targetHints":{"allow":["GET"]}}],"collection":[{"href":"https:\/\/bergamatiyatrofestivali.com\/en\/wp-json\/wp\/v2\/pages"}],"about":[{"href":"https:\/\/bergamatiyatrofestivali.com\/en\/wp-json\/wp\/v2\/types\/page"}],"author":[{"embeddable":true,"href":"https:\/\/bergamatiyatrofestivali.com\/en\/wp-json\/wp\/v2\/users\/2"}],"replies":[{"embeddable":true,"href":"https:\/\/bergamatiyatrofestivali.com\/en\/wp-json\/wp\/v2\/comments?post=4759"}],"version-history":[{"count":1,"href":"https:\/\/bergamatiyatrofestivali.com\/en\/wp-json\/wp\/v2\/pages\/4759\/revisions"}],"predecessor-version":[{"id":4761,"href":"https:\/\/bergamatiyatrofestivali.com\/en\/wp-json\/wp\/v2\/pages\/4759\/revisions\/4761"}],"wp:attachment":[{"href":"https:\/\/bergamatiyatrofestivali.com\/en\/wp-json\/wp\/v2\/media?parent=4759"}],"curies":[{"name":"wp","href":"https:\/\/api.w.org\/{rel}","templated":true}]}}