{"id":4755,"date":"2025-08-14T09:24:15","date_gmt":"2025-08-14T06:24:15","guid":{"rendered":"https:\/\/bergamatiyatrofestivali.com\/?page_id=4755"},"modified":"2025-08-14T09:24:15","modified_gmt":"2025-08-14T06:24:15","slug":"cocuklara-bir-anadolu-masali-kullu-fatma","status":"publish","type":"page","link":"https:\/\/bergamatiyatrofestivali.com\/en\/cocuklara-bir-anadolu-masali-kullu-fatma\/","title":{"rendered":"\u00c7ocuklara Bir Anadolu Masal\u0131: K\u00fcll\u00fc Fatma"},"content":{"rendered":"<div class='flex_column av-8ra5it-7e829cb4e37498c31b1d3b088ac2ea15 av_one_half  avia-builder-el-0  el_before_av_one_half  avia-builder-el-first  first flex_column_div'   ><p>\n<style type=\"text\/css\" data-created_by=\"avia_inline_auto\" id=\"style-css-av-7wntvp-72a63878f703f6795eeed93e886f9379\">\n.avia-image-container.av-7wntvp-72a63878f703f6795eeed93e886f9379 .av-image-caption-overlay-center{\ncolor:#ffffff;\n}\n<\/style>\n<div  class='avia-image-container av-7wntvp-72a63878f703f6795eeed93e886f9379 av-styling- avia-align-center  avia-builder-el-1  el_before_av_textblock  avia-builder-el-first'  itemprop=\"image\" itemscope=\"itemscope\" itemtype=\"https:\/\/schema.org\/ImageObject\" ><div class=\"avia-image-container-inner\"><div class=\"avia-image-overlay-wrap\"><img decoding=\"async\" class='wp-image-4757 avia-img-lazy-loading-not-4757 avia_image' src=\"https:\/\/bergamatiyatrofestivali.com\/wp-content\/uploads\/2025\/08\/cocuklara-masallar_-BTF-Angst-Web-2048x2048-1.jpeg\" alt='' title='cocuklara masallar'  height=\"2048\" width=\"2048\"  itemprop=\"thumbnailUrl\" srcset=\"https:\/\/bergamatiyatrofestivali.com\/wp-content\/uploads\/2025\/08\/cocuklara-masallar_-BTF-Angst-Web-2048x2048-1.jpeg 2048w, https:\/\/bergamatiyatrofestivali.com\/wp-content\/uploads\/2025\/08\/cocuklara-masallar_-BTF-Angst-Web-2048x2048-1-300x300.jpeg 300w, https:\/\/bergamatiyatrofestivali.com\/wp-content\/uploads\/2025\/08\/cocuklara-masallar_-BTF-Angst-Web-2048x2048-1-1030x1030.jpeg 1030w, https:\/\/bergamatiyatrofestivali.com\/wp-content\/uploads\/2025\/08\/cocuklara-masallar_-BTF-Angst-Web-2048x2048-1-80x80.jpeg 80w, https:\/\/bergamatiyatrofestivali.com\/wp-content\/uploads\/2025\/08\/cocuklara-masallar_-BTF-Angst-Web-2048x2048-1-768x768.jpeg 768w, https:\/\/bergamatiyatrofestivali.com\/wp-content\/uploads\/2025\/08\/cocuklara-masallar_-BTF-Angst-Web-2048x2048-1-1536x1536.jpeg 1536w, https:\/\/bergamatiyatrofestivali.com\/wp-content\/uploads\/2025\/08\/cocuklara-masallar_-BTF-Angst-Web-2048x2048-1-12x12.jpeg 12w, https:\/\/bergamatiyatrofestivali.com\/wp-content\/uploads\/2025\/08\/cocuklara-masallar_-BTF-Angst-Web-2048x2048-1-36x36.jpeg 36w, https:\/\/bergamatiyatrofestivali.com\/wp-content\/uploads\/2025\/08\/cocuklara-masallar_-BTF-Angst-Web-2048x2048-1-180x180.jpeg 180w, https:\/\/bergamatiyatrofestivali.com\/wp-content\/uploads\/2025\/08\/cocuklara-masallar_-BTF-Angst-Web-2048x2048-1-1500x1500.jpeg 1500w, https:\/\/bergamatiyatrofestivali.com\/wp-content\/uploads\/2025\/08\/cocuklara-masallar_-BTF-Angst-Web-2048x2048-1-705x705.jpeg 705w\" sizes=\"(max-width: 2048px) 100vw, 2048px\" \/><\/div><\/div><\/div><br \/>\n<section class=\"av_textblock_section\"  itemscope=\"itemscope\" itemtype=\"https:\/\/schema.org\/CreativeWork\" ><div class='avia_textblock  av_inherit_color'  style='color:#1d1d1b; '  itemprop=\"text\" ><h2><strong>\u015eak\u015fak\u00e7\u0131lar<\/strong><\/h2>\n<h3><span style=\"font-weight: 400;\">Semra S\u00fct<\/span><\/h3>\n<h4><span style=\"font-weight: 400;\">23 A\u011fustos\/August Cumartesi\/Saturday, 18:00<\/span><\/h4>\n<h5><span style=\"font-weight: 400;\">Bebek Evi<\/span><\/h5>\n<\/div><\/section><br \/>\n<div  class='hr av-578o5x-e81847a4cb4a9bc272bf8a5d46cdedcf hr-default  avia-builder-el-3  el_after_av_textblock  el_before_av_buttonrow'><span class='hr-inner'><span class=\"hr-inner-style\"><\/span><\/span><\/div><br \/>\n<div  class='avia-buttonrow-wrap av-l34tkru2-d8d00fb5ab84f16fc18bc5eac03df079 avia-buttonrow-left  avia-builder-el-4  el_after_av_hr  avia-builder-el-last'>\n\n<style type=\"text\/css\" data-created_by=\"avia_inline_auto\" id=\"style-css-av-l34tko4x-1e09c5d3c65a809f602bdc9f9b771927\">\n#top #wrap_all .avia-button.av-l34tko4x-1e09c5d3c65a809f602bdc9f9b771927{\nmargin-bottom:5px;\nmargin-right:5px;\n}\n#top #wrap_all .avia-button.av-l34tko4x-1e09c5d3c65a809f602bdc9f9b771927:hover{\nbackground-color:black;\ncolor:#ffffff;\ntransition:all 0.4s ease-in-out;\n-webkit-transition:all 0.4s ease-in-out;\n-moz-transition:all 0.4s ease-in-out;\n-ms-transition:all 0.4s ease-in-out;\n-o-transition:all 0.4s ease-in-out;\n}\n<\/style>\n<a href='https:\/\/mobilet.com\/tr\/event\/cocuklara-bir-anadolu-masali-kullu-fatma-47276\/' class='avia-button av-l34tko4x-1e09c5d3c65a809f602bdc9f9b771927 avia-icon_select-yes-left-icon avia-size-medium avia-color-black avia-font-color-white' target=\"_blank\" rel=\"noopener noreferrer\"><span class='avia_button_icon avia_button_icon_left' aria-hidden='true' data-av_icon='\ue881' data-av_iconfont='entypo-fontello'><\/span><span class='avia_iconbox_title' >23 A\u011eUSTOS MOB\u0130LET<\/span><\/a>\n<\/div><\/p><\/div><div class='flex_column av-3so41h-0e4fbf300e066135e57e4f7bf6f0d1c8 av_one_half  avia-builder-el-5  el_after_av_one_half  avia-builder-el-last  flex_column_div'   ><p><section class=\"av_textblock_section\"  itemscope=\"itemscope\" itemtype=\"https:\/\/schema.org\/CreativeWork\" ><div class='avia_textblock  av_inherit_color'  style='color:#1d1d1b; '  itemprop=\"text\" ><p><span style=\"font-weight: 400;\">K\u00fcll\u00fc Fatma, Anadolu\u2019ya ait eski ve g\u00fczel bir peri masal\u0131. K\u00fc\u00e7\u00fck bir k\u00f6yde \u00e7\u0131kr\u0131kla ip e\u011firen annesi ve iki ablas\u0131yla ya\u015fayan Fatma, hep oca\u011f\u0131n ba\u015f\u0131nda k\u00fcllerle oynad\u0131\u011f\u0131 i\u00e7in bu ad\u0131 alm\u0131\u015f. Ablalar\u0131 onu k\u0131skan\u0131nca, ba\u015f\u0131na t\u00fcrl\u00fc i\u015fler gelmi\u015f\u2026 Ama iyilik, sab\u0131r ve cesaretle her \u015feyin \u00fcstesinden gelmeyi ba\u015farm\u0131\u015f.<\/span><\/p>\n<p><span style=\"font-weight: 400;\">Milli E\u011fitim Bakanl\u0131\u011f\u0131 projesi kapsam\u0131nda \u00e7ocuklara anlat\u0131lmak i\u00e7in se\u00e7ilen K\u00fcll\u00fc Fatma masal\u0131n\u0131; Semra S\u00fct\u2019\u00fcn anlat\u0131m\u0131yla k\u00f6y ya\u015fam\u0131n\u0131n do\u011fall\u0131\u011f\u0131n\u0131, aile ba\u011flar\u0131n\u0131 ve iyili\u011fin g\u00fcc\u00fcn\u00fc Bebek Evi\u2019nin b\u00fcy\u00fcl\u00fc atmosferinde dinleyece\u011fiz.<\/span><\/p>\n<p>&#8211;<\/p>\n<p><span style=\"font-weight: 400;\">K\u00fcll\u00fc Fatma is a sweet and old fairy tale from Anatolia. Fatma lives in a small village with her mother, who spins yarn on a spinning wheel, and her two sisters. She got her name because she always played with the ashes. When her sisters became jealous, many things happened to her\u2026 But with kindness, patience, and courage, she managed to overcome everything.<\/span><\/p>\n<p><span style=\"font-weight: 400;\">Selected as part of the Ministry of Education\u2019s project to be told to children, we will listen to the tale of <\/span><i><span style=\"font-weight: 400;\">K\u00fcll\u00fc Fatma<\/span><\/i><span style=\"font-weight: 400;\">, narrated by Semra S\u00fct, in the magical atmosphere of Bebek Evi, exploring the simplicity of village life, the strength of family bonds, and the power of kindness.<\/span><\/p>\n<\/div><\/section><br \/>\n<div  class='hr av-1wgwp1-f5130e919114f14680027791788fe141 hr-default  avia-builder-el-7  el_after_av_textblock  el_before_av_textblock'><span class='hr-inner'><span class=\"hr-inner-style\"><\/span><\/span><\/div><br \/>\n<section class=\"av_textblock_section\"  itemscope=\"itemscope\" itemtype=\"https:\/\/schema.org\/CreativeWork\" ><div class='avia_textblock  av_inherit_color'  style='color:#1d1d1b; '  itemprop=\"text\" ><p><b>Etkinlik T\u00fcr\u00fc\/Event Type:<\/b><span style=\"font-weight: 400;\"> Performans\/Performance<\/span><\/p>\n<p><b>S\u00fcre\/Duration:<\/b><span style=\"font-weight: 400;\"> 45dk.\/45min.<\/span><\/p>\n<p><strong>Ya\u015f\/Age:<\/strong> 6+<\/p>\n<\/div><\/section><\/p><\/div><\/p>","protected":false},"excerpt":{"rendered":"","protected":false},"author":1,"featured_media":0,"parent":0,"menu_order":0,"comment_status":"closed","ping_status":"closed","template":"","meta":{"footnotes":""},"class_list":["post-4755","page","type-page","status-publish","hentry"],"_links":{"self":[{"href":"https:\/\/bergamatiyatrofestivali.com\/en\/wp-json\/wp\/v2\/pages\/4755","targetHints":{"allow":["GET"]}}],"collection":[{"href":"https:\/\/bergamatiyatrofestivali.com\/en\/wp-json\/wp\/v2\/pages"}],"about":[{"href":"https:\/\/bergamatiyatrofestivali.com\/en\/wp-json\/wp\/v2\/types\/page"}],"author":[{"embeddable":true,"href":"https:\/\/bergamatiyatrofestivali.com\/en\/wp-json\/wp\/v2\/users\/1"}],"replies":[{"embeddable":true,"href":"https:\/\/bergamatiyatrofestivali.com\/en\/wp-json\/wp\/v2\/comments?post=4755"}],"version-history":[{"count":2,"href":"https:\/\/bergamatiyatrofestivali.com\/en\/wp-json\/wp\/v2\/pages\/4755\/revisions"}],"predecessor-version":[{"id":4758,"href":"https:\/\/bergamatiyatrofestivali.com\/en\/wp-json\/wp\/v2\/pages\/4755\/revisions\/4758"}],"wp:attachment":[{"href":"https:\/\/bergamatiyatrofestivali.com\/en\/wp-json\/wp\/v2\/media?parent=4755"}],"curies":[{"name":"wp","href":"https:\/\/api.w.org\/{rel}","templated":true}]}}