{"id":4746,"date":"2025-08-13T16:31:04","date_gmt":"2025-08-13T13:31:04","guid":{"rendered":"https:\/\/bergamatiyatrofestivali.com\/?page_id=4746"},"modified":"2025-08-13T16:31:04","modified_gmt":"2025-08-13T13:31:04","slug":"angst","status":"publish","type":"page","link":"https:\/\/bergamatiyatrofestivali.com\/en\/angst\/","title":{"rendered":"Angst"},"content":{"rendered":"<div class='flex_column av-8ra5it-7e829cb4e37498c31b1d3b088ac2ea15 av_one_half  avia-builder-el-0  el_before_av_one_half  avia-builder-el-first  first flex_column_div'   ><p>\n<style type=\"text\/css\" data-created_by=\"avia_inline_auto\" id=\"style-css-av-7wntvp-611e0e737e3c3bdfb899690268be4bfb\">\n.avia-image-container.av-7wntvp-611e0e737e3c3bdfb899690268be4bfb .av-image-caption-overlay-center{\ncolor:#ffffff;\n}\n<\/style>\n<div  class='avia-image-container av-7wntvp-611e0e737e3c3bdfb899690268be4bfb av-styling- avia-align-center  avia-builder-el-1  el_before_av_textblock  avia-builder-el-first'  itemprop=\"image\" itemscope=\"itemscope\" itemtype=\"https:\/\/schema.org\/ImageObject\" ><div class=\"avia-image-container-inner\"><div class=\"avia-image-overlay-wrap\"><img decoding=\"async\" class='wp-image-4747 avia-img-lazy-loading-not-4747 avia_image' src=\"https:\/\/bergamatiyatrofestivali.com\/wp-content\/uploads\/2025\/08\/BTF25-Etkinlik-Angst-Uyarlamalar_-BTF-Angst-Web-2048x2048-1.jpg\" alt='' title='BTF25-Etkinlik-Angst-Uyarlamalar'  height=\"2048\" width=\"2048\"  itemprop=\"thumbnailUrl\" srcset=\"https:\/\/bergamatiyatrofestivali.com\/wp-content\/uploads\/2025\/08\/BTF25-Etkinlik-Angst-Uyarlamalar_-BTF-Angst-Web-2048x2048-1.jpg 2048w, https:\/\/bergamatiyatrofestivali.com\/wp-content\/uploads\/2025\/08\/BTF25-Etkinlik-Angst-Uyarlamalar_-BTF-Angst-Web-2048x2048-1-300x300.jpg 300w, https:\/\/bergamatiyatrofestivali.com\/wp-content\/uploads\/2025\/08\/BTF25-Etkinlik-Angst-Uyarlamalar_-BTF-Angst-Web-2048x2048-1-1030x1030.jpg 1030w, https:\/\/bergamatiyatrofestivali.com\/wp-content\/uploads\/2025\/08\/BTF25-Etkinlik-Angst-Uyarlamalar_-BTF-Angst-Web-2048x2048-1-80x80.jpg 80w, https:\/\/bergamatiyatrofestivali.com\/wp-content\/uploads\/2025\/08\/BTF25-Etkinlik-Angst-Uyarlamalar_-BTF-Angst-Web-2048x2048-1-768x768.jpg 768w, https:\/\/bergamatiyatrofestivali.com\/wp-content\/uploads\/2025\/08\/BTF25-Etkinlik-Angst-Uyarlamalar_-BTF-Angst-Web-2048x2048-1-1536x1536.jpg 1536w, https:\/\/bergamatiyatrofestivali.com\/wp-content\/uploads\/2025\/08\/BTF25-Etkinlik-Angst-Uyarlamalar_-BTF-Angst-Web-2048x2048-1-12x12.jpg 12w, https:\/\/bergamatiyatrofestivali.com\/wp-content\/uploads\/2025\/08\/BTF25-Etkinlik-Angst-Uyarlamalar_-BTF-Angst-Web-2048x2048-1-36x36.jpg 36w, https:\/\/bergamatiyatrofestivali.com\/wp-content\/uploads\/2025\/08\/BTF25-Etkinlik-Angst-Uyarlamalar_-BTF-Angst-Web-2048x2048-1-180x180.jpg 180w, https:\/\/bergamatiyatrofestivali.com\/wp-content\/uploads\/2025\/08\/BTF25-Etkinlik-Angst-Uyarlamalar_-BTF-Angst-Web-2048x2048-1-1500x1500.jpg 1500w, https:\/\/bergamatiyatrofestivali.com\/wp-content\/uploads\/2025\/08\/BTF25-Etkinlik-Angst-Uyarlamalar_-BTF-Angst-Web-2048x2048-1-705x705.jpg 705w\" sizes=\"(max-width: 2048px) 100vw, 2048px\" \/><\/div><\/div><\/div><br \/>\n<section class=\"av_textblock_section\"  itemscope=\"itemscope\" itemtype=\"https:\/\/schema.org\/CreativeWork\" ><div class='avia_textblock  av_inherit_color'  style='color:#1d1d1b; '  itemprop=\"text\" ><h2><strong>Angst<\/strong><\/h2>\n<h3><span style=\"font-weight: 400;\">Fest408<\/span><\/h3>\n<h4><span style=\"font-weight: 400;\">24 A\u011fustos\/August Pazar\/Sunday, 16:00<\/span><\/h4>\n<h5><span style=\"font-weight: 400;\">BerKM - Bergama Cultural Center<\/span><\/h5>\n<\/div><\/section><br \/>\n<div  class='hr av-578o5x-e81847a4cb4a9bc272bf8a5d46cdedcf hr-default  avia-builder-el-3  el_after_av_textblock  el_before_av_buttonrow'><span class='hr-inner'><span class=\"hr-inner-style\"><\/span><\/span><\/div><br \/>\n<div  class='avia-buttonrow-wrap av-l34tkru2-d8d00fb5ab84f16fc18bc5eac03df079 avia-buttonrow-left  avia-builder-el-4  el_after_av_hr  avia-builder-el-last'>\n\n<style type=\"text\/css\" data-created_by=\"avia_inline_auto\" id=\"style-css-av-l34tko4x-0ab6380c43108fa19c8465510525ae07\">\n#top #wrap_all .avia-button.av-l34tko4x-0ab6380c43108fa19c8465510525ae07{\nmargin-bottom:5px;\nmargin-right:5px;\n}\n#top #wrap_all .avia-button.av-l34tko4x-0ab6380c43108fa19c8465510525ae07:hover{\nbackground-color:black;\ncolor:#ffffff;\ntransition:all 0.4s ease-in-out;\n-webkit-transition:all 0.4s ease-in-out;\n-moz-transition:all 0.4s ease-in-out;\n-ms-transition:all 0.4s ease-in-out;\n-o-transition:all 0.4s ease-in-out;\n}\n<\/style>\n<a href='' class='avia-button av-l34tko4x-0ab6380c43108fa19c8465510525ae07 avia-icon_select-yes-left-icon avia-size-medium avia-color-black avia-font-color-white' target=\"_blank\" rel=\"noopener noreferrer\"><span class='avia_button_icon avia_button_icon_left' aria-hidden='true' data-av_icon='\ue881' data-av_iconfont='entypo-fontello'><\/span><span class='avia_iconbox_title' >\u00dcCRETS\u0130Z ETK\u0130NL\u0130K \/ FREE EVENT<\/span><\/a>\n<\/div><\/p><\/div><div class='flex_column av-3so41h-0e4fbf300e066135e57e4f7bf6f0d1c8 av_one_half  avia-builder-el-5  el_after_av_one_half  avia-builder-el-last  flex_column_div'   ><p><section class=\"av_textblock_section\"  itemscope=\"itemscope\" itemtype=\"https:\/\/schema.org\/CreativeWork\" ><div class='avia_textblock  av_inherit_color'  style='color:#1d1d1b; '  itemprop=\"text\" ><p><span style=\"font-weight: 400;\">Bi\u00e7imsel olarak Commedia dell\u2019Arte ve \u00e7izgi film esteti\u011finden etkilenen oyunda, \u00e7ok uzak bir diyarda ve kocaman bir hi\u00e7li\u011fin ortas\u0131nda ya\u015fayan canl\u0131lar \u201cfarkl\u0131 olan\u201d\u0131n gelmesiyle kayg\u0131y\u0131 hat\u0131rlarlar. Bu kayg\u0131n\u0131n ge\u00e7mesi i\u00e7in \u201cfarkl\u0131 olan\u201d\u0131n ayn\u0131la\u015fmas\u0131 yani y\u00fcklerinden kurtulmas\u0131 \/unutmas\u0131\/ gerekir. Bu nedenle ameliyata al\u0131n\u0131r.<\/span><\/p>\n<p>&#8211;<\/p>\n<p><span style=\"font-weight: 400;\">In the play, formally influenced by Commedia dell&#8217;Arte and cartoon aesthetics, creatures living in a distant land in the middle of nowhere are reminded of their anxiety with the arrival of &#8220;the different.&#8221; For this anxiety to subside, the &#8220;different&#8221; must become the same\u2014that is, shed\/forget\/recover from their burdens. Therefore, they are taken into surgery.<\/span><\/p>\n<\/div><\/section><br \/>\n<div  class='hr av-1wgwp1-f5130e919114f14680027791788fe141 hr-default  avia-builder-el-7  el_after_av_textblock  el_before_av_textblock'><span class='hr-inner'><span class=\"hr-inner-style\"><\/span><\/span><\/div><br \/>\n<section class=\"av_textblock_section\"  itemscope=\"itemscope\" itemtype=\"https:\/\/schema.org\/CreativeWork\" ><div class='avia_textblock  av_inherit_color'  style='color:#1d1d1b; '  itemprop=\"text\" ><p><b>Yazar\/Written by:<\/b><span style=\"font-weight: 400;\"> Burcu Becermen<\/span><\/p>\n<p><strong>Y\u00f6netmen\/Directed by:<\/strong> Burcu Becermen<\/p>\n<p><b>Oyuncular\/Cast:<\/b>Burcu Becermen &#8211; Yunus Emre \u015eahin<\/p>\n<p><b>Sahne Tasar\u0131m\/Stage Design:<\/b><span style=\"font-weight: 400;\"> Burcu Becermen &#8211; Zeynep Duman<\/span><\/p>\n<p><b>Dekor Tasar\u0131m\/Decoration Design:<\/b><span style=\"font-weight: 400;\"> Zeynep Duman<\/span><\/p>\n<\/div><\/section><\/p><\/div><\/p>","protected":false},"excerpt":{"rendered":"","protected":false},"author":2,"featured_media":0,"parent":0,"menu_order":0,"comment_status":"closed","ping_status":"closed","template":"","meta":{"footnotes":""},"class_list":["post-4746","page","type-page","status-publish","hentry"],"_links":{"self":[{"href":"https:\/\/bergamatiyatrofestivali.com\/en\/wp-json\/wp\/v2\/pages\/4746","targetHints":{"allow":["GET"]}}],"collection":[{"href":"https:\/\/bergamatiyatrofestivali.com\/en\/wp-json\/wp\/v2\/pages"}],"about":[{"href":"https:\/\/bergamatiyatrofestivali.com\/en\/wp-json\/wp\/v2\/types\/page"}],"author":[{"embeddable":true,"href":"https:\/\/bergamatiyatrofestivali.com\/en\/wp-json\/wp\/v2\/users\/2"}],"replies":[{"embeddable":true,"href":"https:\/\/bergamatiyatrofestivali.com\/en\/wp-json\/wp\/v2\/comments?post=4746"}],"version-history":[{"count":1,"href":"https:\/\/bergamatiyatrofestivali.com\/en\/wp-json\/wp\/v2\/pages\/4746\/revisions"}],"predecessor-version":[{"id":4748,"href":"https:\/\/bergamatiyatrofestivali.com\/en\/wp-json\/wp\/v2\/pages\/4746\/revisions\/4748"}],"wp:attachment":[{"href":"https:\/\/bergamatiyatrofestivali.com\/en\/wp-json\/wp\/v2\/media?parent=4746"}],"curies":[{"name":"wp","href":"https:\/\/api.w.org\/{rel}","templated":true}]}}