{"id":4743,"date":"2025-08-13T16:26:02","date_gmt":"2025-08-13T13:26:02","guid":{"rendered":"https:\/\/bergamatiyatrofestivali.com\/?page_id=4743"},"modified":"2025-08-13T16:26:02","modified_gmt":"2025-08-13T13:26:02","slug":"bekleyen-dargin-anilar","status":"publish","type":"page","link":"https:\/\/bergamatiyatrofestivali.com\/en\/bekleyen-dargin-anilar\/","title":{"rendered":"Bekleyen Darg\u0131n An\u0131lar"},"content":{"rendered":"<div class='flex_column av-8ra5it-7e829cb4e37498c31b1d3b088ac2ea15 av_one_half  avia-builder-el-0  el_before_av_one_half  avia-builder-el-first  first flex_column_div'   ><p>\n<style type=\"text\/css\" data-created_by=\"avia_inline_auto\" id=\"style-css-av-7wntvp-82dcef0e64bc8b97b8f6d2a7c1905fda\">\n.avia-image-container.av-7wntvp-82dcef0e64bc8b97b8f6d2a7c1905fda .av-image-caption-overlay-center{\ncolor:#ffffff;\n}\n<\/style>\n<div  class='avia-image-container av-7wntvp-82dcef0e64bc8b97b8f6d2a7c1905fda av-styling- avia-align-center  avia-builder-el-1  el_before_av_textblock  avia-builder-el-first'  itemprop=\"image\" itemscope=\"itemscope\" itemtype=\"https:\/\/schema.org\/ImageObject\" ><div class=\"avia-image-container-inner\"><div class=\"avia-image-overlay-wrap\"><img decoding=\"async\" class='wp-image-4744 avia-img-lazy-loading-not-4744 avia_image' src=\"https:\/\/bergamatiyatrofestivali.com\/wp-content\/uploads\/2025\/08\/bekleyen-dargin_-BTF-Web-2048x2048-1.jpeg\" alt='' title='bekleyen darg\u0131n'  height=\"2048\" width=\"2048\"  itemprop=\"thumbnailUrl\" srcset=\"https:\/\/bergamatiyatrofestivali.com\/wp-content\/uploads\/2025\/08\/bekleyen-dargin_-BTF-Web-2048x2048-1.jpeg 2048w, https:\/\/bergamatiyatrofestivali.com\/wp-content\/uploads\/2025\/08\/bekleyen-dargin_-BTF-Web-2048x2048-1-300x300.jpeg 300w, https:\/\/bergamatiyatrofestivali.com\/wp-content\/uploads\/2025\/08\/bekleyen-dargin_-BTF-Web-2048x2048-1-1030x1030.jpeg 1030w, https:\/\/bergamatiyatrofestivali.com\/wp-content\/uploads\/2025\/08\/bekleyen-dargin_-BTF-Web-2048x2048-1-80x80.jpeg 80w, https:\/\/bergamatiyatrofestivali.com\/wp-content\/uploads\/2025\/08\/bekleyen-dargin_-BTF-Web-2048x2048-1-768x768.jpeg 768w, https:\/\/bergamatiyatrofestivali.com\/wp-content\/uploads\/2025\/08\/bekleyen-dargin_-BTF-Web-2048x2048-1-1536x1536.jpeg 1536w, https:\/\/bergamatiyatrofestivali.com\/wp-content\/uploads\/2025\/08\/bekleyen-dargin_-BTF-Web-2048x2048-1-12x12.jpeg 12w, https:\/\/bergamatiyatrofestivali.com\/wp-content\/uploads\/2025\/08\/bekleyen-dargin_-BTF-Web-2048x2048-1-36x36.jpeg 36w, https:\/\/bergamatiyatrofestivali.com\/wp-content\/uploads\/2025\/08\/bekleyen-dargin_-BTF-Web-2048x2048-1-180x180.jpeg 180w, https:\/\/bergamatiyatrofestivali.com\/wp-content\/uploads\/2025\/08\/bekleyen-dargin_-BTF-Web-2048x2048-1-1500x1500.jpeg 1500w, https:\/\/bergamatiyatrofestivali.com\/wp-content\/uploads\/2025\/08\/bekleyen-dargin_-BTF-Web-2048x2048-1-705x705.jpeg 705w\" sizes=\"(max-width: 2048px) 100vw, 2048px\" \/><\/div><\/div><\/div><br \/>\n<section class=\"av_textblock_section\"  itemscope=\"itemscope\" itemtype=\"https:\/\/schema.org\/CreativeWork\" ><div class='avia_textblock  av_inherit_color'  style='color:#1d1d1b; '  itemprop=\"text\" ><h2><strong>Bekleyen Darg\u0131n An\u0131lar<\/strong><\/h2>\n<h3><span style=\"font-weight: 400;\">Kad\u0131k\u00f6y Emek Tiyatrosu &amp; 2383 Yap\u0131m<\/span><\/h3>\n<h4><span style=\"font-weight: 400;\">23 A\u011fustos\/August Cumartesi\/Saturday, 18:30<\/span><\/h4>\n<h5><span style=\"font-weight: 400;\">\u00c7aml\u0131park<\/span><\/h5>\n<\/div><\/section><br \/>\n<div  class='hr av-578o5x-e81847a4cb4a9bc272bf8a5d46cdedcf hr-default  avia-builder-el-3  el_after_av_textblock  el_before_av_buttonrow'><span class='hr-inner'><span class=\"hr-inner-style\"><\/span><\/span><\/div><br \/>\n<div  class='avia-buttonrow-wrap av-l34tkru2-d8d00fb5ab84f16fc18bc5eac03df079 avia-buttonrow-left  avia-builder-el-4  el_after_av_hr  avia-builder-el-last'>\n\n<style type=\"text\/css\" data-created_by=\"avia_inline_auto\" id=\"style-css-av-l34tko4x-0ab6380c43108fa19c8465510525ae07\">\n#top #wrap_all .avia-button.av-l34tko4x-0ab6380c43108fa19c8465510525ae07{\nmargin-bottom:5px;\nmargin-right:5px;\n}\n#top #wrap_all .avia-button.av-l34tko4x-0ab6380c43108fa19c8465510525ae07:hover{\nbackground-color:black;\ncolor:#ffffff;\ntransition:all 0.4s ease-in-out;\n-webkit-transition:all 0.4s ease-in-out;\n-moz-transition:all 0.4s ease-in-out;\n-ms-transition:all 0.4s ease-in-out;\n-o-transition:all 0.4s ease-in-out;\n}\n<\/style>\n<a href='' class='avia-button av-l34tko4x-0ab6380c43108fa19c8465510525ae07 avia-icon_select-yes-left-icon avia-size-medium avia-color-black avia-font-color-white' target=\"_blank\" rel=\"noopener noreferrer\"><span class='avia_button_icon avia_button_icon_left' aria-hidden='true' data-av_icon='\ue881' data-av_iconfont='entypo-fontello'><\/span><span class='avia_iconbox_title' >\u00dcCRETS\u0130Z ETK\u0130NL\u0130K \/ FREE EVENT<\/span><\/a>\n<\/div><\/p><\/div><div class='flex_column av-3so41h-0e4fbf300e066135e57e4f7bf6f0d1c8 av_one_half  avia-builder-el-5  el_after_av_one_half  avia-builder-el-last  flex_column_div'   ><p><section class=\"av_textblock_section\"  itemscope=\"itemscope\" itemtype=\"https:\/\/schema.org\/CreativeWork\" ><div class='avia_textblock  av_inherit_color'  style='color:#1d1d1b; '  itemprop=\"text\" ><p><span style=\"font-weight: 400;\">\u201cBekleyen Darg\u0131n An\u0131lar\u201d, \u00e7ocukluk a\u015fk\u0131n\u0131n, y\u0131llar i\u00e7inde de\u011fi\u015fen dostluklar\u0131n ve i\u00e7imizde ta\u015f\u0131y\u0131p bir t\u00fcrl\u00fc dillendiremedi\u011fimiz duygular\u0131n sahnedeki izd\u00fc\u015f\u00fcm\u00fc.<\/span><\/p>\n<p><span style=\"font-weight: 400;\">\u0130stanbul Balat\u2019ta ge\u00e7en bu i\u00e7ten hik\u00e2ye, bir kad\u0131n\u0131n hat\u0131ralar\u0131yla y\u00fczle\u015fmesini ve ge\u00e7mi\u015fin g\u00f6lgeleriyle kurdu\u011fu hesapla\u015fmay\u0131 konu al\u0131yor.<\/span><\/p>\n<p>&#8211;<\/p>\n<p><span style=\"font-weight: 400;\">\u201cLingering Estranged Memories\u201d is a stage reflection of a childhood love, friendships transformed over the years, and the emotions we carry deep inside but never manage to voice.<\/span><\/p>\n<p><span style=\"font-weight: 400;\">Set in the heart of Istanbul\u2019s Balat district, this heartfelt story follows a woman as she confronts her memories and reckons with the shadows of her past.<\/span><\/p>\n<\/div><\/section><br \/>\n<div  class='hr av-1wgwp1-f5130e919114f14680027791788fe141 hr-default  avia-builder-el-7  el_after_av_textblock  el_before_av_textblock'><span class='hr-inner'><span class=\"hr-inner-style\"><\/span><\/span><\/div><br \/>\n<section class=\"av_textblock_section\"  itemscope=\"itemscope\" itemtype=\"https:\/\/schema.org\/CreativeWork\" ><div class='avia_textblock  av_inherit_color'  style='color:#1d1d1b; '  itemprop=\"text\" ><p><b>Yazar\/Written by:<\/b><span style=\"font-weight: 400;\"> Talin Azak<\/span><\/p>\n<p><strong>Y\u00f6netmen\/Directed by:<\/strong> Ahmet Sami \u00d6zbudak<\/p>\n<p><b>Oyuncular\/Cast: <\/b>P\u0131nar Y\u0131ld\u0131r\u0131m<\/p>\n<p><b>Yap\u0131m\/Produced by:<\/b><span style=\"font-weight: 400;\"> Kad\u0131k\u00f6y Emek Tiyatrosu &amp; 2383 Yap\u0131m<\/span><\/p>\n<p><b>S\u00fcre\/Duration:<\/b><span style=\"font-weight: 400;\"> 40dk.\/40min.<\/span><\/p>\n<\/div><\/section><\/p><\/div><\/p>","protected":false},"excerpt":{"rendered":"","protected":false},"author":2,"featured_media":0,"parent":0,"menu_order":0,"comment_status":"closed","ping_status":"closed","template":"","meta":{"footnotes":""},"class_list":["post-4743","page","type-page","status-publish","hentry"],"_links":{"self":[{"href":"https:\/\/bergamatiyatrofestivali.com\/en\/wp-json\/wp\/v2\/pages\/4743","targetHints":{"allow":["GET"]}}],"collection":[{"href":"https:\/\/bergamatiyatrofestivali.com\/en\/wp-json\/wp\/v2\/pages"}],"about":[{"href":"https:\/\/bergamatiyatrofestivali.com\/en\/wp-json\/wp\/v2\/types\/page"}],"author":[{"embeddable":true,"href":"https:\/\/bergamatiyatrofestivali.com\/en\/wp-json\/wp\/v2\/users\/2"}],"replies":[{"embeddable":true,"href":"https:\/\/bergamatiyatrofestivali.com\/en\/wp-json\/wp\/v2\/comments?post=4743"}],"version-history":[{"count":1,"href":"https:\/\/bergamatiyatrofestivali.com\/en\/wp-json\/wp\/v2\/pages\/4743\/revisions"}],"predecessor-version":[{"id":4745,"href":"https:\/\/bergamatiyatrofestivali.com\/en\/wp-json\/wp\/v2\/pages\/4743\/revisions\/4745"}],"wp:attachment":[{"href":"https:\/\/bergamatiyatrofestivali.com\/en\/wp-json\/wp\/v2\/media?parent=4743"}],"curies":[{"name":"wp","href":"https:\/\/api.w.org\/{rel}","templated":true}]}}