{"id":4730,"date":"2025-08-12T13:57:46","date_gmt":"2025-08-12T10:57:46","guid":{"rendered":"https:\/\/bergamatiyatrofestivali.com\/?page_id=4730"},"modified":"2025-08-12T13:57:46","modified_gmt":"2025-08-12T10:57:46","slug":"khora","status":"publish","type":"page","link":"https:\/\/bergamatiyatrofestivali.com\/en\/khora\/","title":{"rendered":"Kh\u00f4ra"},"content":{"rendered":"<div class='flex_column av-8ra5it-7e829cb4e37498c31b1d3b088ac2ea15 av_one_half  avia-builder-el-0  el_before_av_one_half  avia-builder-el-first  first flex_column_div'   ><p>\n<style type=\"text\/css\" data-created_by=\"avia_inline_auto\" id=\"style-css-av-7wntvp-f9a8b5dfad24b404bccab9997fffffd3\">\n.avia-image-container.av-7wntvp-f9a8b5dfad24b404bccab9997fffffd3 .av-image-caption-overlay-center{\ncolor:#ffffff;\n}\n<\/style>\n<div  class='avia-image-container av-7wntvp-f9a8b5dfad24b404bccab9997fffffd3 av-styling- avia-align-center  avia-builder-el-1  el_before_av_textblock  avia-builder-el-first'  itemprop=\"image\" itemscope=\"itemscope\" itemtype=\"https:\/\/schema.org\/ImageObject\" ><div class=\"avia-image-container-inner\"><div class=\"avia-image-overlay-wrap\"><img decoding=\"async\" class='wp-image-4734 avia-img-lazy-loading-not-4734 avia_image' src=\"https:\/\/bergamatiyatrofestivali.com\/wp-content\/uploads\/2025\/08\/khora_-BTF-Web-2048x2048-1.jpg\" alt='' title='khora'  height=\"2048\" width=\"2048\"  itemprop=\"thumbnailUrl\" srcset=\"https:\/\/bergamatiyatrofestivali.com\/wp-content\/uploads\/2025\/08\/khora_-BTF-Web-2048x2048-1.jpg 2048w, https:\/\/bergamatiyatrofestivali.com\/wp-content\/uploads\/2025\/08\/khora_-BTF-Web-2048x2048-1-300x300.jpg 300w, https:\/\/bergamatiyatrofestivali.com\/wp-content\/uploads\/2025\/08\/khora_-BTF-Web-2048x2048-1-1030x1030.jpg 1030w, https:\/\/bergamatiyatrofestivali.com\/wp-content\/uploads\/2025\/08\/khora_-BTF-Web-2048x2048-1-80x80.jpg 80w, https:\/\/bergamatiyatrofestivali.com\/wp-content\/uploads\/2025\/08\/khora_-BTF-Web-2048x2048-1-768x768.jpg 768w, https:\/\/bergamatiyatrofestivali.com\/wp-content\/uploads\/2025\/08\/khora_-BTF-Web-2048x2048-1-1536x1536.jpg 1536w, https:\/\/bergamatiyatrofestivali.com\/wp-content\/uploads\/2025\/08\/khora_-BTF-Web-2048x2048-1-12x12.jpg 12w, https:\/\/bergamatiyatrofestivali.com\/wp-content\/uploads\/2025\/08\/khora_-BTF-Web-2048x2048-1-36x36.jpg 36w, https:\/\/bergamatiyatrofestivali.com\/wp-content\/uploads\/2025\/08\/khora_-BTF-Web-2048x2048-1-180x180.jpg 180w, https:\/\/bergamatiyatrofestivali.com\/wp-content\/uploads\/2025\/08\/khora_-BTF-Web-2048x2048-1-1500x1500.jpg 1500w, https:\/\/bergamatiyatrofestivali.com\/wp-content\/uploads\/2025\/08\/khora_-BTF-Web-2048x2048-1-705x705.jpg 705w\" sizes=\"(max-width: 2048px) 100vw, 2048px\" \/><\/div><\/div><\/div><br \/>\n<section class=\"av_textblock_section\"  itemscope=\"itemscope\" itemtype=\"https:\/\/schema.org\/CreativeWork\" ><div class='avia_textblock  av_inherit_color'  style='color:#1d1d1b; '  itemprop=\"text\" ><h2><strong>Kh\u00f4ra<\/strong><\/h2>\n<h3><span style=\"font-weight: 400;\">Echoes Sahne &amp; MA Platform<\/span><\/h3>\n<h4><span style=\"font-weight: 400;\">24 A\u011fustos\/August Pazar\/Sunday, 21:30<\/span><\/h4>\n<h5><span style=\"font-weight: 400;\">BerKM - Bergama Cultural Center<\/span><\/h5>\n<\/div><\/section><br \/>\n<div  class='hr av-578o5x-e81847a4cb4a9bc272bf8a5d46cdedcf hr-default  avia-builder-el-3  el_after_av_textblock  el_before_av_buttonrow'><span class='hr-inner'><span class=\"hr-inner-style\"><\/span><\/span><\/div><br \/>\n<div  class='avia-buttonrow-wrap av-l34tkru2-d8d00fb5ab84f16fc18bc5eac03df079 avia-buttonrow-left  avia-builder-el-4  el_after_av_hr  avia-builder-el-last'>\n\n<style type=\"text\/css\" data-created_by=\"avia_inline_auto\" id=\"style-css-av-l34tko4x-0ab6380c43108fa19c8465510525ae07\">\n#top #wrap_all .avia-button.av-l34tko4x-0ab6380c43108fa19c8465510525ae07{\nmargin-bottom:5px;\nmargin-right:5px;\n}\n#top #wrap_all .avia-button.av-l34tko4x-0ab6380c43108fa19c8465510525ae07:hover{\nbackground-color:black;\ncolor:#ffffff;\ntransition:all 0.4s ease-in-out;\n-webkit-transition:all 0.4s ease-in-out;\n-moz-transition:all 0.4s ease-in-out;\n-ms-transition:all 0.4s ease-in-out;\n-o-transition:all 0.4s ease-in-out;\n}\n<\/style>\n<a href='' class='avia-button av-l34tko4x-0ab6380c43108fa19c8465510525ae07 avia-icon_select-yes-left-icon avia-size-medium avia-color-black avia-font-color-white' target=\"_blank\" rel=\"noopener noreferrer\"><span class='avia_button_icon avia_button_icon_left' aria-hidden='true' data-av_icon='\ue881' data-av_iconfont='entypo-fontello'><\/span><span class='avia_iconbox_title' >\u00dcCRETS\u0130Z ETK\u0130NL\u0130K \/ FREE EVENT<\/span><\/a>\n<\/div><\/p><\/div><div class='flex_column av-3so41h-0e4fbf300e066135e57e4f7bf6f0d1c8 av_one_half  avia-builder-el-5  el_after_av_one_half  avia-builder-el-last  flex_column_div'   ><p><section class=\"av_textblock_section\"  itemscope=\"itemscope\" itemtype=\"https:\/\/schema.org\/CreativeWork\" ><div class='avia_textblock  av_inherit_color'  style='color:#1d1d1b; '  itemprop=\"text\" ><p><span style=\"font-weight: 400;\">Kh\u00f4ra (*) oyunu, bu d\u00fcnyan\u0131n ve \u00f6zellikle bu co\u011frafyan\u0131n sanat\u00e7\u0131lar\u0131 olarak g\u00fcncel meseleleri ve reel politi\u011fi, bireysel ve sanat\u00e7\u0131 sorunlar\u0131n\u0131 da oda\u011fa alarak, \u201cbiz \u015fimdi bu ko\u015fullar alt\u0131nda nerede duruyoruz?\u201d sorusunu sormaya \u00e7al\u0131\u015fmaktad\u0131r. Sonu\u00e7ta yarat\u0131lmak istenen, seyircinin zihninde yeni sorular ile performanstan ayr\u0131lmas\u0131d\u0131r.<\/span><\/p>\n<p><span style=\"font-weight: 400;\">{Bir \u00fclkede birlikte ya\u015famak ne demek? Biz olabilmek ne demek? Bir yeri sahiplenmek ne demek? Bu \u00fclkede sanat\u00e7\u0131 olmak ne demek? Bir yeri sevmek ne demek? Bir yer ne zaman bizim evimiz olur? Ya da bir eve ihtiyac\u0131m\u0131z var m\u0131? Bu sorulardan yola \u00e7\u0131karak bedende ve sahnede bir aray\u0131\u015fa girdik. Ve ayn\u0131 zamanda bu \u00fclkeye<\/span><\/p>\n<p><span style=\"font-weight: 400;\">kar\u015f\u0131 hissetti\u011fimiz g\u00fczel duygular\u0131 savunamad\u0131\u011f\u0131m\u0131z\u0131 d\u00fc\u015f\u00fcnd\u00fc\u011f\u00fcm\u00fczden, bu hislerin kar\u015f\u0131l\u0131klar\u0131n\u0131n ve g\u00f6r\u00fcn\u00fcmlerinin neler oldu\u011funu ara\u015ft\u0131rd\u0131k.<\/span><\/p>\n<p><span style=\"font-weight: 400;\">Kh\u00f4ra oyunu; beden, ses ve metin kullanarak devised y\u00f6ntemiyle \u00fcretilmi\u015f bir oyundur.<\/span><\/p>\n<p><span style=\"font-weight: 400;\">*Kh\u00f4ra: Her t\u00fcrl\u00fc kar\u015f\u0131tl\u0131\u011f\u0131 bir araya getiren fakat ayn\u0131 zamanda birbirlerine ge\u00e7ip kar\u0131\u015fmalar\u0131n\u0131 engelleyen bir aland\u0131r.<\/span><\/p>\n<p>&#8211;<\/p>\n<p><i><span style=\"font-weight: 400;\">Kh\u00f4ra<\/span><\/i><span style=\"font-weight: 400;\"> is a play that, as artists of this world and particularly of this geography, seeks to address current issues and realpolitik, as well as personal and artistic concerns, by asking the question: <\/span><i><span style=\"font-weight: 400;\">\u201cWhere do we stand under these circumstances?\u201d<\/span><\/i><span style=\"font-weight: 400;\"> Ultimately, the aim is for the audience to leave the performance with new questions in mind.<\/span><\/p>\n<p><span style=\"font-weight: 400;\">What does it mean to live together in a country? What does it mean to become a \u201cwe\u201d? What does it mean to claim a place as one\u2019s own? What does it mean to be an artist in this country? What does it mean to love a place? When does a place become our home? Or do we even need a home at all? Guided by these questions, we embarked on a search within the body and on the stage. At the same time, since we felt we could not defend the beautiful emotions we have towards this country, we explored what the responses and manifestations of these emotions might be.<\/span><\/p>\n<p><i><span style=\"font-weight: 400;\">Kh\u00f4ra<\/span><\/i><span style=\"font-weight: 400;\"> is a devised play created using body, voice, and text.<\/span><\/p>\n<p><span style=\"font-weight: 400;\">* <\/span><i><span style=\"font-weight: 400;\">Kh\u00f4ra<\/span><\/i><span style=\"font-weight: 400;\">: A space that brings together all kinds of opposites yet prevents them from merging into one another.<\/span><\/p>\n<\/div><\/section><br \/>\n<div  class='hr av-1wgwp1-f5130e919114f14680027791788fe141 hr-default  avia-builder-el-7  el_after_av_textblock  el_before_av_textblock'><span class='hr-inner'><span class=\"hr-inner-style\"><\/span><\/span><\/div><br \/>\n<section class=\"av_textblock_section\"  itemscope=\"itemscope\" itemtype=\"https:\/\/schema.org\/CreativeWork\" ><div class='avia_textblock  av_inherit_color'  style='color:#1d1d1b; '  itemprop=\"text\" ><p><strong>Tasarlayan &amp; Y\u00f6neten\/Designed &amp; Directed by:<\/strong> Salih Usta<\/p>\n<p><b>Oyuncular\/Cast:\u00a0<\/b>Berfu Aydo\u011fan &#8211; Ferhat Akg\u00fcn &#8211; Nilsen Ar\u0131ba\u015f &#8211; Tan\u0131l Y\u00f6ntem<\/p>\n<p><b>Dramaturg:<\/b><span style=\"font-weight: 400;\"> Ozan \u00d6mer Akg\u00fcl<\/span><\/p>\n<p><b>Performans Metni ve D\u00fczenlemeler\/Performance Text and Arrangements:<\/b><span style=\"font-weight: 400;\"> Serta\u00e7 Say\u0131n<\/span><\/p>\n<p><b>Edit\u00f6r\/Editor:<\/b><span style=\"font-weight: 400;\"> B\u00fcke Erko\u00e7<\/span><\/p>\n<p><b>Hareket Tasar\u0131m\/Movement Design:<\/b><span style=\"font-weight: 400;\"> \u0130lyas Odman<\/span><\/p>\n<p><b>Dekor Tasar\u0131m\/Decoration Design:<\/b><span style=\"font-weight: 400;\"> Cihan A\u015far<\/span><\/p>\n<p><b>I\u015f\u0131k Tasar\u0131m\/Lighting Design:<\/b><span style=\"font-weight: 400;\"> Utku Kara<\/span><\/p>\n<p><b>Kost\u00fcm Tasar\u0131m\/Costume Design:<\/b><span style=\"font-weight: 400;\"> Hilal Polat<\/span><\/p>\n<p><b>M\u00fczik ve Ses &amp; Efekt Tasar\u0131m\u0131\/Music and Sound &amp; Effect Design: <\/b>G\u00fcne\u015f Bozk\u0131r<\/p>\n<p><b>Projeksiyon Tasar\u0131m\u0131\/Projection Design:<\/b><span style=\"font-weight: 400;\"> Utku Kara &#8211; Salih Usta<\/span><\/p>\n<p><strong>Afi\u015f Tasar\u0131m\/Poster Design:<\/strong> Alpgiray Kerem<\/p>\n<p><b>Foto\u011fraflar\/Photos:<\/b><span style=\"font-weight: 400;\"> Tara Demircio\u011flu &#8211; Ayten \u00c7elik<\/span><\/p>\n<p><b>Tan\u0131t\u0131m Videosu\/Promotional Video:<\/b><span style=\"font-weight: 400;\"> Bar\u0131\u015f K\u0131l\u0131n\u00e7<\/span><\/p>\n<p><b>I\u015f\u0131k Tasar\u0131m\/Lighting Design:<\/b><span style=\"font-weight: 400;\"> Umutsu<\/span><\/p>\n<p><b>Prod\u00fcksiyon Direkt\u00f6rleri\/Production Directors:<\/b><span style=\"font-weight: 400;\"> \u0130lker Aksu &#8211; \u00d6zg\u00fcr Do\u011fa G\u00f6r\u00fcrg\u00f6z<\/span><\/p>\n<p><b>Video &amp; Ses Operat\u00f6r\u00fc\/Video &amp; Audio Operator:<\/b><span style=\"font-weight: 400;\"> Damla Sezgin<\/span><\/p>\n<p><b>Asistanlar\/Assistants:<\/b><span style=\"font-weight: 400;\"> Asya Saliho\u011flu &#8211; Asl\u0131 Yi\u011fit &#8211; Beste \u00c7elik &#8211; Deniz Beste Akdo\u011fdu &#8211; Hazal Kuzulo\u011flu &#8211; Nuri Cabaro\u011flu<\/span><\/p>\n<p><b>Yap\u0131mc\u0131\/Producer:<\/b><span style=\"font-weight: 400;\"> G\u00f6khan Civan<\/span><\/p>\n<p><b>Yap\u0131m\/Production:<\/b><span style=\"font-weight: 400;\"> Echoes Sahne &amp; MA Platform<\/span><\/p>\n<p><b>S\u00fcre\/Duration:<\/b><span style=\"font-weight: 400;\"> 70dk.\/70min.<\/span><\/p>\n<\/div><\/section><\/p><\/div><\/p>","protected":false},"excerpt":{"rendered":"","protected":false},"author":1,"featured_media":0,"parent":0,"menu_order":0,"comment_status":"closed","ping_status":"closed","template":"","meta":{"footnotes":""},"class_list":["post-4730","page","type-page","status-publish","hentry"],"_links":{"self":[{"href":"https:\/\/bergamatiyatrofestivali.com\/en\/wp-json\/wp\/v2\/pages\/4730","targetHints":{"allow":["GET"]}}],"collection":[{"href":"https:\/\/bergamatiyatrofestivali.com\/en\/wp-json\/wp\/v2\/pages"}],"about":[{"href":"https:\/\/bergamatiyatrofestivali.com\/en\/wp-json\/wp\/v2\/types\/page"}],"author":[{"embeddable":true,"href":"https:\/\/bergamatiyatrofestivali.com\/en\/wp-json\/wp\/v2\/users\/1"}],"replies":[{"embeddable":true,"href":"https:\/\/bergamatiyatrofestivali.com\/en\/wp-json\/wp\/v2\/comments?post=4730"}],"version-history":[{"count":1,"href":"https:\/\/bergamatiyatrofestivali.com\/en\/wp-json\/wp\/v2\/pages\/4730\/revisions"}],"predecessor-version":[{"id":4735,"href":"https:\/\/bergamatiyatrofestivali.com\/en\/wp-json\/wp\/v2\/pages\/4730\/revisions\/4735"}],"wp:attachment":[{"href":"https:\/\/bergamatiyatrofestivali.com\/en\/wp-json\/wp\/v2\/media?parent=4730"}],"curies":[{"name":"wp","href":"https:\/\/api.w.org\/{rel}","templated":true}]}}