{"id":4722,"date":"2025-08-12T03:01:04","date_gmt":"2025-08-12T00:01:04","guid":{"rendered":"https:\/\/bergamatiyatrofestivali.com\/?page_id=4722"},"modified":"2025-08-12T08:44:57","modified_gmt":"2025-08-12T05:44:57","slug":"shitland","status":"publish","type":"page","link":"https:\/\/bergamatiyatrofestivali.com\/en\/shitland\/","title":{"rendered":"Shitland"},"content":{"rendered":"<div class='flex_column av-8ra5it-7e829cb4e37498c31b1d3b088ac2ea15 av_one_half  avia-builder-el-0  el_before_av_one_half  avia-builder-el-first  first flex_column_div'   ><p>\n<style type=\"text\/css\" data-created_by=\"avia_inline_auto\" id=\"style-css-av-7wntvp-8bf905f1d5809ebf97b6c66ec4a67ffc\">\n.avia-image-container.av-7wntvp-8bf905f1d5809ebf97b6c66ec4a67ffc .av-image-caption-overlay-center{\ncolor:#ffffff;\n}\n<\/style>\n<div  class='avia-image-container av-7wntvp-8bf905f1d5809ebf97b6c66ec4a67ffc av-styling- avia-align-center  avia-builder-el-1  el_before_av_textblock  avia-builder-el-first'  itemprop=\"image\" itemscope=\"itemscope\" itemtype=\"https:\/\/schema.org\/ImageObject\" ><div class=\"avia-image-container-inner\"><div class=\"avia-image-overlay-wrap\"><img decoding=\"async\" class='wp-image-4723 avia-img-lazy-loading-not-4723 avia_image' src=\"https:\/\/bergamatiyatrofestivali.com\/wp-content\/uploads\/2025\/08\/shitland_-BTF-Angst-Web-2048x2048-1.jpg\" alt='' title='shitland'  height=\"2048\" width=\"2048\"  itemprop=\"thumbnailUrl\" srcset=\"https:\/\/bergamatiyatrofestivali.com\/wp-content\/uploads\/2025\/08\/shitland_-BTF-Angst-Web-2048x2048-1.jpg 2048w, https:\/\/bergamatiyatrofestivali.com\/wp-content\/uploads\/2025\/08\/shitland_-BTF-Angst-Web-2048x2048-1-300x300.jpg 300w, https:\/\/bergamatiyatrofestivali.com\/wp-content\/uploads\/2025\/08\/shitland_-BTF-Angst-Web-2048x2048-1-1030x1030.jpg 1030w, https:\/\/bergamatiyatrofestivali.com\/wp-content\/uploads\/2025\/08\/shitland_-BTF-Angst-Web-2048x2048-1-80x80.jpg 80w, https:\/\/bergamatiyatrofestivali.com\/wp-content\/uploads\/2025\/08\/shitland_-BTF-Angst-Web-2048x2048-1-768x768.jpg 768w, https:\/\/bergamatiyatrofestivali.com\/wp-content\/uploads\/2025\/08\/shitland_-BTF-Angst-Web-2048x2048-1-1536x1536.jpg 1536w, https:\/\/bergamatiyatrofestivali.com\/wp-content\/uploads\/2025\/08\/shitland_-BTF-Angst-Web-2048x2048-1-12x12.jpg 12w, https:\/\/bergamatiyatrofestivali.com\/wp-content\/uploads\/2025\/08\/shitland_-BTF-Angst-Web-2048x2048-1-36x36.jpg 36w, https:\/\/bergamatiyatrofestivali.com\/wp-content\/uploads\/2025\/08\/shitland_-BTF-Angst-Web-2048x2048-1-180x180.jpg 180w, https:\/\/bergamatiyatrofestivali.com\/wp-content\/uploads\/2025\/08\/shitland_-BTF-Angst-Web-2048x2048-1-1500x1500.jpg 1500w, https:\/\/bergamatiyatrofestivali.com\/wp-content\/uploads\/2025\/08\/shitland_-BTF-Angst-Web-2048x2048-1-705x705.jpg 705w\" sizes=\"(max-width: 2048px) 100vw, 2048px\" \/><\/div><\/div><\/div><br \/>\n<section class=\"av_textblock_section\"  itemscope=\"itemscope\" itemtype=\"https:\/\/schema.org\/CreativeWork\" ><div class='avia_textblock  av_inherit_color'  style='color:#1d1d1b; '  itemprop=\"text\" ><h2><strong>Shitland<\/strong><\/h2>\n<h3><span style=\"font-weight: 400;\">Fest408<\/span><\/h3>\n<h4><span style=\"font-weight: 400;\">23 A\u011fustos\/August Cumartesi\/Saturday, 15:00<\/span><\/h4>\n<h5><span style=\"font-weight: 400;\">BerKM - Bergama Cultural Center<\/span><\/h5>\n<\/div><\/section><br \/>\n<div  class='hr av-578o5x-e81847a4cb4a9bc272bf8a5d46cdedcf hr-default  avia-builder-el-3  el_after_av_textblock  el_before_av_buttonrow'><span class='hr-inner'><span class=\"hr-inner-style\"><\/span><\/span><\/div><br \/>\n<div  class='avia-buttonrow-wrap av-l34tkru2-d8d00fb5ab84f16fc18bc5eac03df079 avia-buttonrow-left  avia-builder-el-4  el_after_av_hr  avia-builder-el-last'>\n\n<style type=\"text\/css\" data-created_by=\"avia_inline_auto\" id=\"style-css-av-l34tko4x-0ab6380c43108fa19c8465510525ae07\">\n#top #wrap_all .avia-button.av-l34tko4x-0ab6380c43108fa19c8465510525ae07{\nmargin-bottom:5px;\nmargin-right:5px;\n}\n#top #wrap_all .avia-button.av-l34tko4x-0ab6380c43108fa19c8465510525ae07:hover{\nbackground-color:black;\ncolor:#ffffff;\ntransition:all 0.4s ease-in-out;\n-webkit-transition:all 0.4s ease-in-out;\n-moz-transition:all 0.4s ease-in-out;\n-ms-transition:all 0.4s ease-in-out;\n-o-transition:all 0.4s ease-in-out;\n}\n<\/style>\n<a href='' class='avia-button av-l34tko4x-0ab6380c43108fa19c8465510525ae07 avia-icon_select-yes-left-icon avia-size-medium avia-color-black avia-font-color-white' target=\"_blank\" rel=\"noopener noreferrer\"><span class='avia_button_icon avia_button_icon_left' aria-hidden='true' data-av_icon='\ue881' data-av_iconfont='entypo-fontello'><\/span><span class='avia_iconbox_title' >\u00dcCRETS\u0130Z ETK\u0130NL\u0130K \/ FREE EVENT<\/span><\/a>\n<\/div><\/p><\/div><div class='flex_column av-3so41h-0e4fbf300e066135e57e4f7bf6f0d1c8 av_one_half  avia-builder-el-5  el_after_av_one_half  avia-builder-el-last  flex_column_div'   ><p><section class=\"av_textblock_section\"  itemscope=\"itemscope\" itemtype=\"https:\/\/schema.org\/CreativeWork\" ><div class='avia_textblock  av_inherit_color'  style='color:#1d1d1b; '  itemprop=\"text\" ><p>Beyaz yakal\u0131 Ya\u011fmur, hayat\u0131ndan \u00f6ylesine bunalm\u0131\u015ft\u0131r ki bast\u0131rd\u0131\u011f\u0131 zihni sonunda ete kemi\u011fe b\u00fcr\u00fcnm\u00fc\u015ft\u00fcr. O s\u0131rada, Shitland semalar\u0131na yakla\u015fan f\u0131rt\u0131nay\u0131 umursamadan evden \u00e7al\u0131\u015fmaya devam ederken kendi zihniyle m\u00fccadele etmektedir.<\/p>\n<p>Ya\u011fmur\u2019un en b\u00fcy\u00fck hayali m\u00fczisyen olmak ve \u015fark\u0131 s\u00f6ylemektir, ancak buna cesaret edemez. Bast\u0131ramad\u0131\u011f\u0131 zihniyle birlikte, yakla\u015fan f\u0131rt\u0131naya ald\u0131rmadan \u015fark\u0131lar s\u00f6ylemeye ba\u015flarlar. Ancak f\u0131rt\u0131na gelip \u00e7att\u0131\u011f\u0131nda, hayatta kalabilmek i\u00e7in birbirlerine ihtiya\u00e7lar\u0131 vard\u0131r.<\/p>\n<p>&#8211;<\/p>\n<p>White-collar worker Ya\u011fmur is so overwhelmed by life that her repressed mind has finally taken on a physical form. As she continues working from home, ignoring the approaching storm over the skies of Shitland, she finds herself in a struggle with her own mind.<\/p>\n<p>Ya\u011fmur\u2019s greatest dream is to be a musician and to sing, but she lacks the courage to pursue it. Together with her uncontainable mind, she begins to sing songs, paying no heed to the oncoming storm. Yet when the storm finally hits, they will need each other to survive.<\/p>\n<\/div><\/section><br \/>\n<div  class='hr av-1wgwp1-f5130e919114f14680027791788fe141 hr-default  avia-builder-el-7  el_after_av_textblock  el_before_av_textblock'><span class='hr-inner'><span class=\"hr-inner-style\"><\/span><\/span><\/div><br \/>\n<section class=\"av_textblock_section\"  itemscope=\"itemscope\" itemtype=\"https:\/\/schema.org\/CreativeWork\" ><div class='avia_textblock  av_inherit_color'  style='color:#1d1d1b; '  itemprop=\"text\" ><p><b>Yazar\/Written by:<\/b><span style=\"font-weight: 400;\"> S\u0131la Do\u011fanay<\/span><\/p>\n<p><strong>Y\u00f6netmen\/Directed by:<\/strong> Burcu Becermen &#8211; S\u0131la Do\u011fanay<\/p>\n<p><b>Oyuncular\/Cast: <\/b>S\u0131la Do\u011fanay<\/p>\n<p><b>I\u015f\u0131k Tasar\u0131m\/Lighting Design:<\/b><span style=\"font-weight: 400;\"> Umutsu<\/span><\/p>\n<p><b>Hareket D\u00fczeni\/Movement Pattern:<\/b><span style=\"font-weight: 400;\"> Bartu Ayaz<\/span><\/p>\n<p><b>S\u00f6z &amp; M\u00fczik\/Lyrics &amp; Music: <\/b>Beren Demirci &#8211; M\u00fcge G\u00fclg\u00fcn &#8211; S\u0131la Do\u011fanay<\/p>\n<p><strong>Resim &amp; Afi\u015f Tasar\u0131m\/Picture &amp; Poster Design:<\/strong> Asl\u0131han Eren<\/p>\n<\/div><\/section><\/p><\/div><\/p>","protected":false},"excerpt":{"rendered":"","protected":false},"author":1,"featured_media":0,"parent":0,"menu_order":0,"comment_status":"closed","ping_status":"closed","template":"","meta":{"footnotes":""},"class_list":["post-4722","page","type-page","status-publish","hentry"],"_links":{"self":[{"href":"https:\/\/bergamatiyatrofestivali.com\/en\/wp-json\/wp\/v2\/pages\/4722","targetHints":{"allow":["GET"]}}],"collection":[{"href":"https:\/\/bergamatiyatrofestivali.com\/en\/wp-json\/wp\/v2\/pages"}],"about":[{"href":"https:\/\/bergamatiyatrofestivali.com\/en\/wp-json\/wp\/v2\/types\/page"}],"author":[{"embeddable":true,"href":"https:\/\/bergamatiyatrofestivali.com\/en\/wp-json\/wp\/v2\/users\/1"}],"replies":[{"embeddable":true,"href":"https:\/\/bergamatiyatrofestivali.com\/en\/wp-json\/wp\/v2\/comments?post=4722"}],"version-history":[{"count":3,"href":"https:\/\/bergamatiyatrofestivali.com\/en\/wp-json\/wp\/v2\/pages\/4722\/revisions"}],"predecessor-version":[{"id":4726,"href":"https:\/\/bergamatiyatrofestivali.com\/en\/wp-json\/wp\/v2\/pages\/4722\/revisions\/4726"}],"wp:attachment":[{"href":"https:\/\/bergamatiyatrofestivali.com\/en\/wp-json\/wp\/v2\/media?parent=4722"}],"curies":[{"name":"wp","href":"https:\/\/api.w.org\/{rel}","templated":true}]}}