{"id":4715,"date":"2025-08-09T15:25:55","date_gmt":"2025-08-09T12:25:55","guid":{"rendered":"https:\/\/bergamatiyatrofestivali.com\/?page_id=4715"},"modified":"2025-08-09T15:25:55","modified_gmt":"2025-08-09T12:25:55","slug":"of-ah-oh","status":"publish","type":"page","link":"https:\/\/bergamatiyatrofestivali.com\/en\/of-ah-oh\/","title":{"rendered":"of, ah, oh"},"content":{"rendered":"<div class='flex_column av-8ra5it-7e829cb4e37498c31b1d3b088ac2ea15 av_one_half  avia-builder-el-0  el_before_av_one_half  avia-builder-el-first  first flex_column_div'   ><p>\n<style type=\"text\/css\" data-created_by=\"avia_inline_auto\" id=\"style-css-av-7wntvp-bfddefa2d09b2360db4833448dc54ad7\">\n.avia-image-container.av-7wntvp-bfddefa2d09b2360db4833448dc54ad7 .av-image-caption-overlay-center{\ncolor:#ffffff;\n}\n<\/style>\n<div  class='avia-image-container av-7wntvp-bfddefa2d09b2360db4833448dc54ad7 av-styling- avia-align-center  avia-builder-el-1  el_before_av_textblock  avia-builder-el-first'  itemprop=\"image\" itemscope=\"itemscope\" itemtype=\"https:\/\/schema.org\/ImageObject\" ><div class=\"avia-image-container-inner\"><div class=\"avia-image-overlay-wrap\"><img decoding=\"async\" class='wp-image-4716 avia-img-lazy-loading-not-4716 avia_image' src=\"https:\/\/bergamatiyatrofestivali.com\/wp-content\/uploads\/2025\/08\/of-ah-oh_-BTF-Angst-Web-2048x2048-1.jpeg\" alt='' title='of ah oh'  height=\"2048\" width=\"2048\"  itemprop=\"thumbnailUrl\" srcset=\"https:\/\/bergamatiyatrofestivali.com\/wp-content\/uploads\/2025\/08\/of-ah-oh_-BTF-Angst-Web-2048x2048-1.jpeg 2048w, https:\/\/bergamatiyatrofestivali.com\/wp-content\/uploads\/2025\/08\/of-ah-oh_-BTF-Angst-Web-2048x2048-1-300x300.jpeg 300w, https:\/\/bergamatiyatrofestivali.com\/wp-content\/uploads\/2025\/08\/of-ah-oh_-BTF-Angst-Web-2048x2048-1-1030x1030.jpeg 1030w, https:\/\/bergamatiyatrofestivali.com\/wp-content\/uploads\/2025\/08\/of-ah-oh_-BTF-Angst-Web-2048x2048-1-80x80.jpeg 80w, https:\/\/bergamatiyatrofestivali.com\/wp-content\/uploads\/2025\/08\/of-ah-oh_-BTF-Angst-Web-2048x2048-1-768x768.jpeg 768w, https:\/\/bergamatiyatrofestivali.com\/wp-content\/uploads\/2025\/08\/of-ah-oh_-BTF-Angst-Web-2048x2048-1-1536x1536.jpeg 1536w, https:\/\/bergamatiyatrofestivali.com\/wp-content\/uploads\/2025\/08\/of-ah-oh_-BTF-Angst-Web-2048x2048-1-12x12.jpeg 12w, https:\/\/bergamatiyatrofestivali.com\/wp-content\/uploads\/2025\/08\/of-ah-oh_-BTF-Angst-Web-2048x2048-1-36x36.jpeg 36w, https:\/\/bergamatiyatrofestivali.com\/wp-content\/uploads\/2025\/08\/of-ah-oh_-BTF-Angst-Web-2048x2048-1-180x180.jpeg 180w, https:\/\/bergamatiyatrofestivali.com\/wp-content\/uploads\/2025\/08\/of-ah-oh_-BTF-Angst-Web-2048x2048-1-1500x1500.jpeg 1500w, https:\/\/bergamatiyatrofestivali.com\/wp-content\/uploads\/2025\/08\/of-ah-oh_-BTF-Angst-Web-2048x2048-1-705x705.jpeg 705w\" sizes=\"(max-width: 2048px) 100vw, 2048px\" \/><\/div><\/div><\/div><br \/>\n<section class=\"av_textblock_section\"  itemscope=\"itemscope\" itemtype=\"https:\/\/schema.org\/CreativeWork\" ><div class='avia_textblock  av_inherit_color'  style='color:#1d1d1b; '  itemprop=\"text\" ><h2><strong>of, ah, oh<\/strong><\/h2>\n<h3><span style=\"font-weight: 400;\">ACT Project<\/span><\/h3>\n<h4><span style=\"font-weight: 400;\">24 A\u011fustos\/August Pazar\/Sunday, 19:00<\/span><\/h4>\n<h5><span style=\"font-weight: 400;\">\u00c7aml\u0131park<\/span><\/h5>\n<\/div><\/section><br \/>\n<div  class='hr av-578o5x-e81847a4cb4a9bc272bf8a5d46cdedcf hr-default  avia-builder-el-3  el_after_av_textblock  el_before_av_buttonrow'><span class='hr-inner'><span class=\"hr-inner-style\"><\/span><\/span><\/div><br \/>\n<div  class='avia-buttonrow-wrap av-l34tkru2-d8d00fb5ab84f16fc18bc5eac03df079 avia-buttonrow-left  avia-builder-el-4  el_after_av_hr  avia-builder-el-last'>\n\n<style type=\"text\/css\" data-created_by=\"avia_inline_auto\" id=\"style-css-av-l34tko4x-0ab6380c43108fa19c8465510525ae07\">\n#top #wrap_all .avia-button.av-l34tko4x-0ab6380c43108fa19c8465510525ae07{\nmargin-bottom:5px;\nmargin-right:5px;\n}\n#top #wrap_all .avia-button.av-l34tko4x-0ab6380c43108fa19c8465510525ae07:hover{\nbackground-color:black;\ncolor:#ffffff;\ntransition:all 0.4s ease-in-out;\n-webkit-transition:all 0.4s ease-in-out;\n-moz-transition:all 0.4s ease-in-out;\n-ms-transition:all 0.4s ease-in-out;\n-o-transition:all 0.4s ease-in-out;\n}\n<\/style>\n<a href='' class='avia-button av-l34tko4x-0ab6380c43108fa19c8465510525ae07 avia-icon_select-yes-left-icon avia-size-medium avia-color-black avia-font-color-white' target=\"_blank\" rel=\"noopener noreferrer\"><span class='avia_button_icon avia_button_icon_left' aria-hidden='true' data-av_icon='\ue881' data-av_iconfont='entypo-fontello'><\/span><span class='avia_iconbox_title' >\u00dcCRETS\u0130Z ETK\u0130NL\u0130K \/ FREE EVENT<\/span><\/a>\n<\/div><\/p><\/div><div class='flex_column av-3so41h-0e4fbf300e066135e57e4f7bf6f0d1c8 av_one_half  avia-builder-el-5  el_after_av_one_half  avia-builder-el-last  flex_column_div'   ><p><section class=\"av_textblock_section\"  itemscope=\"itemscope\" itemtype=\"https:\/\/schema.org\/CreativeWork\" ><div class='avia_textblock  av_inherit_color'  style='color:#1d1d1b; '  itemprop=\"text\" ><p>\u00dc\u00e7 arkada\u015f, iki bilet, bir konser&#8230; \u201cOf, Ah, Oh!\u201d bizi, unutamayacaklar\u0131 bir geceye \u00e7\u0131kan \u00fc\u00e7 lise arkada\u015f\u0131 \u0130pek, F\u0131rat ve Aylin\u2019in d\u00fcnyas\u0131na g\u00f6t\u00fcr\u00fcyor. Konser haz\u0131rl\u0131klar\u0131 s\u0131ras\u0131nda, birbirlerinin s\u0131rlar\u0131n\u0131, hayallerini ve korkular\u0131n\u0131 yava\u015f yava\u015f ke\u015ffederken i\u00e7 sesleri de g\u00fcn y\u00fcz\u00fcne \u00e7\u0131k\u0131yor.<\/p>\n<p>Birbirlerini ger\u00e7ekten duyabilecekler mi? G\u00fcr\u00fclt\u00fcn\u00fcn i\u00e7inde kendilerini bulabilecekler mi? Konser biletlerini kullanabilecekler mi? Mizahla, teredd\u00fctle ve gen\u00e7li\u011fin o co\u015fkulu enerjisiyle dolu bu yolculukta onlar\u0131n \u00e7at\u0131\u015fmalar\u0131na, arzular\u0131na ve \u015fu zamans\u0131z soruya tan\u0131k oluyoruz: Bu her \u015feyin sonu mu, yoksa daha yeni mi ba\u015fl\u0131yor?<\/p>\n<p>\u0130pek, F\u0131rat, Aylin&#8230; Ben, sen, onlar.. Korkular, endi\u015feler, arzular&#8230; \u201cOf!\u201d, \u201cAh!\u201d, \u201cOh!\u201d<\/p>\n<p>&#8211;<\/p>\n<p>Three friends, two tickets, one concert&#8230; &#8220;of,ah, oh!&#8221; dives into the world of \u0130pek, F\u0131rat, and Aylin, three high school friends setting out on a night they\u2019ll never forget. But as they prepare for the concert, they begin to unravel each other\u2019s secrets, dreams, and fears, with their inner voices spilling into the open.<\/p>\n<p>Will they truly hear each other? Can they find themselves amidst the noise? Will they be able to go to the concert? This journey is filled with humor, hesitation, and the wild energy of youth, where we witness their struggles, desires, and the timeless question: will this ever end, or has it only just begun?<\/p>\n<p>\u0130pek, F\u0131rat, Aylin&#8230; Me, you, them&#8230; Fears, worries, desires&#8230; &#8220;Of!&#8221; &#8220;Ah!&#8221; &#8220;Oh!&#8221;<\/p>\n<\/div><\/section><br \/>\n<div  class='hr av-1wgwp1-f5130e919114f14680027791788fe141 hr-default  avia-builder-el-7  el_after_av_textblock  el_before_av_textblock'><span class='hr-inner'><span class=\"hr-inner-style\"><\/span><\/span><\/div><br \/>\n<section class=\"av_textblock_section\"  itemscope=\"itemscope\" itemtype=\"https:\/\/schema.org\/CreativeWork\" ><div class='avia_textblock  av_inherit_color'  style='color:#1d1d1b; '  itemprop=\"text\" ><p><strong>Y\u00f6netmen\/Directed by:<\/strong> Ece Z. Ta\u015fk\u0131n<\/p>\n<p><b>Oyuncular\/Cast: <\/b>An\u0131l \u00c7al\u0131m &#8211; Ece Z. Ta\u015fk\u0131n &#8211; \u0130lker \u00c7al\u0131\u015fkan &#8211; Kardelen Ezgi Y\u0131ld\u0131z<\/p>\n<p><b>Kost\u00fcm &amp; Dekor Tasar\u0131m\/Costume &amp; Decoration Design:<\/b><span style=\"font-weight: 400;\"> Deniz G\u00f6l<\/span><\/p>\n<p><b>Proje ve Oyun Asistan\u0131\/Project &amp; Play Assistant:<\/b><span style=\"font-weight: 400;\"> Ya\u011fmur Ilg\u0131m \u00d6ztekin<\/span><\/p>\n<p><b>I\u015f\u0131k Tasar\u0131m\/Lighting Design:<\/b><span style=\"font-weight: 400;\"> Ece Z. Ta\u015fk\u0131n<\/span><\/p>\n<p><b>Proje Tasar\u0131m &amp; Metin &amp; Dramaturji &amp; Ses Tasar\u0131m &amp; Kost\u00fcm ve Dekor Uygulama: <\/b>Kolektif \u00dcretim<span style=\"font-weight: 400;\">\u00a0<\/span><\/p>\n<p><strong>S\u00fcre\/Duration: <\/strong>45dk.\/45min.<\/p>\n<p><b>Ya\u015f\/Age: <\/b>12+<\/p>\n<\/div><\/section><\/p><\/div><\/p>","protected":false},"excerpt":{"rendered":"","protected":false},"author":1,"featured_media":0,"parent":0,"menu_order":0,"comment_status":"closed","ping_status":"closed","template":"","meta":{"footnotes":""},"class_list":["post-4715","page","type-page","status-publish","hentry"],"_links":{"self":[{"href":"https:\/\/bergamatiyatrofestivali.com\/en\/wp-json\/wp\/v2\/pages\/4715","targetHints":{"allow":["GET"]}}],"collection":[{"href":"https:\/\/bergamatiyatrofestivali.com\/en\/wp-json\/wp\/v2\/pages"}],"about":[{"href":"https:\/\/bergamatiyatrofestivali.com\/en\/wp-json\/wp\/v2\/types\/page"}],"author":[{"embeddable":true,"href":"https:\/\/bergamatiyatrofestivali.com\/en\/wp-json\/wp\/v2\/users\/1"}],"replies":[{"embeddable":true,"href":"https:\/\/bergamatiyatrofestivali.com\/en\/wp-json\/wp\/v2\/comments?post=4715"}],"version-history":[{"count":1,"href":"https:\/\/bergamatiyatrofestivali.com\/en\/wp-json\/wp\/v2\/pages\/4715\/revisions"}],"predecessor-version":[{"id":4717,"href":"https:\/\/bergamatiyatrofestivali.com\/en\/wp-json\/wp\/v2\/pages\/4715\/revisions\/4717"}],"wp:attachment":[{"href":"https:\/\/bergamatiyatrofestivali.com\/en\/wp-json\/wp\/v2\/media?parent=4715"}],"curies":[{"name":"wp","href":"https:\/\/api.w.org\/{rel}","templated":true}]}}