{"id":4699,"date":"2025-08-05T17:21:25","date_gmt":"2025-08-05T14:21:25","guid":{"rendered":"https:\/\/bergamatiyatrofestivali.com\/?page_id=4699"},"modified":"2025-08-06T15:29:32","modified_gmt":"2025-08-06T12:29:32","slug":"leyla-ile-mecnun-degil","status":"publish","type":"page","link":"https:\/\/bergamatiyatrofestivali.com\/en\/leyla-ile-mecnun-degil\/","title":{"rendered":"Leyla ile Mecnun De\u011fil"},"content":{"rendered":"<div class='flex_column av-8ra5it-7e829cb4e37498c31b1d3b088ac2ea15 av_one_half  avia-builder-el-0  el_before_av_one_half  avia-builder-el-first  first flex_column_div'   ><p>\n<style type=\"text\/css\" data-created_by=\"avia_inline_auto\" id=\"style-css-av-7wntvp-b8309dbbaddecf71873e73ef5e264552\">\n.avia-image-container.av-7wntvp-b8309dbbaddecf71873e73ef5e264552 .av-image-caption-overlay-center{\ncolor:#ffffff;\n}\n<\/style>\n<div  class='avia-image-container av-7wntvp-b8309dbbaddecf71873e73ef5e264552 av-styling- avia-align-center  avia-builder-el-1  el_before_av_textblock  avia-builder-el-first'  itemprop=\"image\" itemscope=\"itemscope\" itemtype=\"https:\/\/schema.org\/ImageObject\" ><div class=\"avia-image-container-inner\"><div class=\"avia-image-overlay-wrap\"><img decoding=\"async\" class='wp-image-4700 avia-img-lazy-loading-not-4700 avia_image' src=\"https:\/\/bergamatiyatrofestivali.com\/wp-content\/uploads\/2025\/08\/2048x2048-scaled.jpg\" alt='' title='2048x2048'  height=\"2560\" width=\"2560\"  itemprop=\"thumbnailUrl\" srcset=\"https:\/\/bergamatiyatrofestivali.com\/wp-content\/uploads\/2025\/08\/2048x2048-scaled.jpg 2560w, https:\/\/bergamatiyatrofestivali.com\/wp-content\/uploads\/2025\/08\/2048x2048-300x300.jpg 300w, https:\/\/bergamatiyatrofestivali.com\/wp-content\/uploads\/2025\/08\/2048x2048-1030x1030.jpg 1030w, https:\/\/bergamatiyatrofestivali.com\/wp-content\/uploads\/2025\/08\/2048x2048-80x80.jpg 80w, https:\/\/bergamatiyatrofestivali.com\/wp-content\/uploads\/2025\/08\/2048x2048-768x768.jpg 768w, https:\/\/bergamatiyatrofestivali.com\/wp-content\/uploads\/2025\/08\/2048x2048-1536x1536.jpg 1536w, https:\/\/bergamatiyatrofestivali.com\/wp-content\/uploads\/2025\/08\/2048x2048-2048x2048.jpg 2048w, https:\/\/bergamatiyatrofestivali.com\/wp-content\/uploads\/2025\/08\/2048x2048-12x12.jpg 12w, https:\/\/bergamatiyatrofestivali.com\/wp-content\/uploads\/2025\/08\/2048x2048-36x36.jpg 36w, https:\/\/bergamatiyatrofestivali.com\/wp-content\/uploads\/2025\/08\/2048x2048-180x180.jpg 180w, https:\/\/bergamatiyatrofestivali.com\/wp-content\/uploads\/2025\/08\/2048x2048-1500x1500.jpg 1500w, https:\/\/bergamatiyatrofestivali.com\/wp-content\/uploads\/2025\/08\/2048x2048-705x705.jpg 705w\" sizes=\"(max-width: 2560px) 100vw, 2560px\" \/><\/div><\/div><\/div><br \/>\n<section class=\"av_textblock_section\"  itemscope=\"itemscope\" itemtype=\"https:\/\/schema.org\/CreativeWork\" ><div class='avia_textblock  av_inherit_color'  style='color:#1d1d1b; '  itemprop=\"text\" ><h2><strong>Leyla ile Mecnun De\u011fil<\/strong><\/h2>\n<h3><span style=\"font-weight: 400;\">Tiyatro Bal Porsu\u011fu<\/span><\/h3>\n<h4><span style=\"font-weight: 400;\">22 A\u011fustos\/August Cuma\/Friday, 21:00<\/span><\/h4>\n<h5><span style=\"font-weight: 400;\">Asclepeion Ancient Theatre<\/span><\/h5>\n<\/div><\/section><br \/>\n<div  class='hr av-578o5x-e81847a4cb4a9bc272bf8a5d46cdedcf hr-default  avia-builder-el-3  el_after_av_textblock  el_before_av_buttonrow'><span class='hr-inner'><span class=\"hr-inner-style\"><\/span><\/span><\/div><br \/>\n<div  class='avia-buttonrow-wrap av-l34tkru2-d8d00fb5ab84f16fc18bc5eac03df079 avia-buttonrow-left  avia-builder-el-4  el_after_av_hr  avia-builder-el-last'>\n\n<style type=\"text\/css\" data-created_by=\"avia_inline_auto\" id=\"style-css-av-l34tko4x-b25ea30f320e08b091c9771f27a4231e\">\n#top #wrap_all .avia-button.av-l34tko4x-b25ea30f320e08b091c9771f27a4231e{\nmargin-bottom:5px;\nmargin-right:5px;\n}\n#top #wrap_all .avia-button.av-l34tko4x-b25ea30f320e08b091c9771f27a4231e:hover{\nbackground-color:black;\ncolor:#ffffff;\ntransition:all 0.4s ease-in-out;\n-webkit-transition:all 0.4s ease-in-out;\n-moz-transition:all 0.4s ease-in-out;\n-ms-transition:all 0.4s ease-in-out;\n-o-transition:all 0.4s ease-in-out;\n}\n<\/style>\n<a href='https:\/\/mobilet.com\/tr\/event\/leyla-ile-mecnun-degil-47085\/' class='avia-button av-l34tko4x-b25ea30f320e08b091c9771f27a4231e avia-icon_select-yes-left-icon avia-size-medium avia-color-black avia-font-color-white' target=\"_blank\" rel=\"noopener noreferrer\"><span class='avia_button_icon avia_button_icon_left' aria-hidden='true' data-av_icon='\ue881' data-av_iconfont='entypo-fontello'><\/span><span class='avia_iconbox_title' >22 A\u011eUSTOS MOB\u0130LET<\/span><\/a>\n<\/div><\/p><\/div>\n<div class='flex_column av-3so41h-0e4fbf300e066135e57e4f7bf6f0d1c8 av_one_half  avia-builder-el-5  el_after_av_one_half  avia-builder-el-last  flex_column_div'   ><p><section class=\"av_textblock_section\"  itemscope=\"itemscope\" itemtype=\"https:\/\/schema.org\/CreativeWork\" ><div class='avia_textblock  av_inherit_color'  style='color:#1d1d1b; '  itemprop=\"text\" ><p>Kad\u0131n ile Adam bo\u015fanmak \u00fczeredir. Yakla\u015f\u0131k alt\u0131 ayd\u0131r ayr\u0131 evlerde, bitmi\u015f bir a\u015fk\u0131n kal\u0131nt\u0131lar\u0131yla ya\u015famaktad\u0131rlar. Bo\u015fanmalar\u0131na iki g\u00fcn kala, birlikte en \u00e7ok sevdikleri, a\u015fklar\u0131n\u0131n \u015fahidi \u0130skender abileri hayat\u0131n\u0131 kaybeder. Cenazeden bir g\u00fcn \u00f6nce tekrar bir araya gelen bu ikili, hesapla\u015fmalarla, sorgulamalarla, didi\u015fmeler ve kahkahalarla \u00f6r\u00fcl\u00fc bir yolculu\u011fa \u00e7\u0131kar.<br \/>\nAyr\u0131l\u0131klar, al\u0131\u015fkanl\u0131klar, sevgi, \u00f6fke, e\u011flence ve yorgunluk\u2026 T\u00fcm insani h\u00e2llerin i\u00e7 i\u00e7e ge\u00e7ti\u011fi bu oyun, cenaze ile ba\u015flay\u0131p yeniden do\u011fmaya varan bir hik\u00e2ye anlat\u0131yor.<\/p>\n<p>&#8211;<\/p>\n<p data-start=\"0\" data-end=\"145\">The Woman and the Man are on the verge of divorce. For the past six months, they\u2019ve been living in separate homes, carrying the remnants of a love that has seemingly ended. Just two days before the divorce, their dearest friend and witness to their love, \u0130skender, passes away. Reunited on the eve of the funeral, the couple embarks on a journey filled with confrontations, reflections, bickering\u2014and laughter.<br \/>\nA story where separations, habits, love, anger, joy, and weariness intertwine. This play begins with a funeral and unfolds into a tale of emotional reckoning and perhaps, a kind of rebirth.<\/p>\n<\/div><\/section><br \/>\n<div  class='hr av-1wgwp1-f5130e919114f14680027791788fe141 hr-default  avia-builder-el-7  el_after_av_textblock  el_before_av_textblock'><span class='hr-inner'><span class=\"hr-inner-style\"><\/span><\/span><\/div><br \/>\n<section class=\"av_textblock_section\"  itemscope=\"itemscope\" itemtype=\"https:\/\/schema.org\/CreativeWork\" ><div class='avia_textblock  av_inherit_color'  style='color:#1d1d1b; '  itemprop=\"text\" ><p><b>Yazar\/Written by:<\/b><span style=\"font-weight: 400;\"> B\u00fclent Emrah Parlak<\/span><\/p>\n<p><strong>Y\u00f6netmen\/Directed by:<\/strong> Murat Eken<\/p>\n<p><b>Oyuncular\/Cast: <\/b>Elit Anda\u00e7 \u00c7am &#8211; B\u00fclent Emrah Parlak<\/p>\n<p><strong>Yard\u0131mc\u0131 Y\u00f6netmen\/Assistant Director:<\/strong> Serkan Alt\u0131n\u0131\u015f\u0131k<\/p>\n<p><b>I\u015f\u0131k Tasar\u0131m\/Lighting Design: <\/b>Alev Topal<\/p>\n<p><strong>Dekor Tasar\u0131m\/Decoration Design:<\/strong> Cihan A\u015far<\/p>\n<p><strong>Kost\u00fcm Tasar\u0131m\/Costume Design:<\/strong> Ceren Eken<\/p>\n<p><strong>M\u00fczik\/Music:<\/strong> Volkan S\u00f6nmez, Emre Parlak<\/p>\n<p><strong>Afi\u015f Tasar\u0131m\/Poster Design:<\/strong> Berkcan Okar<\/p>\n<p><strong>Yap\u0131m\/Production:<\/strong> Tiyatro Bal Porsu\u011fu<\/p>\n<p><strong>Organizasyon\/Organization:<\/strong> Fatih Ayd\u0131n<\/p>\n<\/div><\/section><\/p><\/div>","protected":false},"excerpt":{"rendered":"","protected":false},"author":2,"featured_media":0,"parent":0,"menu_order":0,"comment_status":"closed","ping_status":"closed","template":"","meta":{"footnotes":""},"class_list":["post-4699","page","type-page","status-publish","hentry"],"_links":{"self":[{"href":"https:\/\/bergamatiyatrofestivali.com\/en\/wp-json\/wp\/v2\/pages\/4699","targetHints":{"allow":["GET"]}}],"collection":[{"href":"https:\/\/bergamatiyatrofestivali.com\/en\/wp-json\/wp\/v2\/pages"}],"about":[{"href":"https:\/\/bergamatiyatrofestivali.com\/en\/wp-json\/wp\/v2\/types\/page"}],"author":[{"embeddable":true,"href":"https:\/\/bergamatiyatrofestivali.com\/en\/wp-json\/wp\/v2\/users\/2"}],"replies":[{"embeddable":true,"href":"https:\/\/bergamatiyatrofestivali.com\/en\/wp-json\/wp\/v2\/comments?post=4699"}],"version-history":[{"count":2,"href":"https:\/\/bergamatiyatrofestivali.com\/en\/wp-json\/wp\/v2\/pages\/4699\/revisions"}],"predecessor-version":[{"id":4712,"href":"https:\/\/bergamatiyatrofestivali.com\/en\/wp-json\/wp\/v2\/pages\/4699\/revisions\/4712"}],"wp:attachment":[{"href":"https:\/\/bergamatiyatrofestivali.com\/en\/wp-json\/wp\/v2\/media?parent=4699"}],"curies":[{"name":"wp","href":"https:\/\/api.w.org\/{rel}","templated":true}]}}