{"id":4676,"date":"2025-08-04T11:47:15","date_gmt":"2025-08-04T08:47:15","guid":{"rendered":"https:\/\/bergamatiyatrofestivali.com\/?page_id=4676"},"modified":"2025-08-04T11:47:15","modified_gmt":"2025-08-04T08:47:15","slug":"bas-belasi","status":"publish","type":"page","link":"https:\/\/bergamatiyatrofestivali.com\/en\/bas-belasi\/","title":{"rendered":"Ba\u015f Belas\u0131"},"content":{"rendered":"<div class='flex_column av-8ra5it-7e829cb4e37498c31b1d3b088ac2ea15 av_one_half  avia-builder-el-0  el_before_av_one_half  avia-builder-el-first  first flex_column_div'   ><p>\n<style type=\"text\/css\" data-created_by=\"avia_inline_auto\" id=\"style-css-av-7wntvp-3aa4377f439bcd9fc7d79b93e7aa22b8\">\n.avia-image-container.av-7wntvp-3aa4377f439bcd9fc7d79b93e7aa22b8 .av-image-caption-overlay-center{\ncolor:#ffffff;\n}\n<\/style>\n<div  class='avia-image-container av-7wntvp-3aa4377f439bcd9fc7d79b93e7aa22b8 av-styling- avia-align-center  avia-builder-el-1  el_before_av_textblock  avia-builder-el-first'  itemprop=\"image\" itemscope=\"itemscope\" itemtype=\"https:\/\/schema.org\/ImageObject\" ><div class=\"avia-image-container-inner\"><div class=\"avia-image-overlay-wrap\"><img decoding=\"async\" class='wp-image-4677 avia-img-lazy-loading-not-4677 avia_image' src=\"https:\/\/bergamatiyatrofestivali.com\/wp-content\/uploads\/2025\/08\/BTF-Bas-Belasi-2048x2048-1.jpg\" alt='' title='BTF-Bas\u0327-Belas\u0131-2048x2048'  height=\"2048\" width=\"2048\"  itemprop=\"thumbnailUrl\" srcset=\"https:\/\/bergamatiyatrofestivali.com\/wp-content\/uploads\/2025\/08\/BTF-Bas-Belasi-2048x2048-1.jpg 2048w, https:\/\/bergamatiyatrofestivali.com\/wp-content\/uploads\/2025\/08\/BTF-Bas-Belasi-2048x2048-1-300x300.jpg 300w, https:\/\/bergamatiyatrofestivali.com\/wp-content\/uploads\/2025\/08\/BTF-Bas-Belasi-2048x2048-1-1030x1030.jpg 1030w, https:\/\/bergamatiyatrofestivali.com\/wp-content\/uploads\/2025\/08\/BTF-Bas-Belasi-2048x2048-1-80x80.jpg 80w, https:\/\/bergamatiyatrofestivali.com\/wp-content\/uploads\/2025\/08\/BTF-Bas-Belasi-2048x2048-1-768x768.jpg 768w, https:\/\/bergamatiyatrofestivali.com\/wp-content\/uploads\/2025\/08\/BTF-Bas-Belasi-2048x2048-1-1536x1536.jpg 1536w, https:\/\/bergamatiyatrofestivali.com\/wp-content\/uploads\/2025\/08\/BTF-Bas-Belasi-2048x2048-1-12x12.jpg 12w, https:\/\/bergamatiyatrofestivali.com\/wp-content\/uploads\/2025\/08\/BTF-Bas-Belasi-2048x2048-1-36x36.jpg 36w, https:\/\/bergamatiyatrofestivali.com\/wp-content\/uploads\/2025\/08\/BTF-Bas-Belasi-2048x2048-1-180x180.jpg 180w, https:\/\/bergamatiyatrofestivali.com\/wp-content\/uploads\/2025\/08\/BTF-Bas-Belasi-2048x2048-1-1500x1500.jpg 1500w, https:\/\/bergamatiyatrofestivali.com\/wp-content\/uploads\/2025\/08\/BTF-Bas-Belasi-2048x2048-1-705x705.jpg 705w\" sizes=\"(max-width: 2048px) 100vw, 2048px\" \/><\/div><\/div><\/div><br \/>\n<section class=\"av_textblock_section\"  itemscope=\"itemscope\" itemtype=\"https:\/\/schema.org\/CreativeWork\" ><div class='avia_textblock  av_inherit_color'  style='color:#1d1d1b; '  itemprop=\"text\" ><h2><strong>Ba\u015f Belas\u0131<\/strong><\/h2>\n<h3><span style=\"font-weight: 400;\">Berksav Oda Tiyatrosu<\/span><\/h3>\n<h4><span style=\"font-weight: 400;\">22 A\u011fustos\/August Cuma\/Friday, 17:00<\/span><\/h4>\n<h5><span style=\"font-weight: 400;\">BerKM - Bergama Cultural Center<\/span><\/h5>\n<\/div><\/section><br \/>\n<div  class='hr av-578o5x-e81847a4cb4a9bc272bf8a5d46cdedcf hr-default  avia-builder-el-3  el_after_av_textblock  el_before_av_buttonrow'><span class='hr-inner'><span class=\"hr-inner-style\"><\/span><\/span><\/div><br \/>\n<div  class='avia-buttonrow-wrap av-l34tkru2-d8d00fb5ab84f16fc18bc5eac03df079 avia-buttonrow-left  avia-builder-el-4  el_after_av_hr  avia-builder-el-last'>\n\n<style type=\"text\/css\" data-created_by=\"avia_inline_auto\" id=\"style-css-av-l34tko4x-0ab6380c43108fa19c8465510525ae07\">\n#top #wrap_all .avia-button.av-l34tko4x-0ab6380c43108fa19c8465510525ae07{\nmargin-bottom:5px;\nmargin-right:5px;\n}\n#top #wrap_all .avia-button.av-l34tko4x-0ab6380c43108fa19c8465510525ae07:hover{\nbackground-color:black;\ncolor:#ffffff;\ntransition:all 0.4s ease-in-out;\n-webkit-transition:all 0.4s ease-in-out;\n-moz-transition:all 0.4s ease-in-out;\n-ms-transition:all 0.4s ease-in-out;\n-o-transition:all 0.4s ease-in-out;\n}\n<\/style>\n<a href='' class='avia-button av-l34tko4x-0ab6380c43108fa19c8465510525ae07 avia-icon_select-yes-left-icon avia-size-medium avia-color-black avia-font-color-white' target=\"_blank\" rel=\"noopener noreferrer\"><span class='avia_button_icon avia_button_icon_left' aria-hidden='true' data-av_icon='\ue881' data-av_iconfont='entypo-fontello'><\/span><span class='avia_iconbox_title' >\u00dcCRETS\u0130Z ETK\u0130NL\u0130K \/ FREE EVENT<\/span><\/a>\n<\/div><\/p><\/div><div class='flex_column av-3so41h-0e4fbf300e066135e57e4f7bf6f0d1c8 av_one_half  avia-builder-el-5  el_after_av_one_half  avia-builder-el-last  flex_column_div'   ><p><section class=\"av_textblock_section\"  itemscope=\"itemscope\" itemtype=\"https:\/\/schema.org\/CreativeWork\" ><div class='avia_textblock  av_inherit_color'  style='color:#1d1d1b; '  itemprop=\"text\" ><p>Kendi alanlar\u0131nda \u00e7ok ba\u015far\u0131l\u0131 iki terapist olan Dr. Anita Wells ve Dr. Sidney Gates&#8217;in hayatlar\u0131 Ethan ile tan\u0131\u015ft\u0131ktan sonra de\u011fi\u015fecektir. Mesleklerindeki yetkinlikleri Ethan \u00fczerinde etkili olamamaktad\u0131r. Ethan sinir bozmay\u0131 bir sanat haline getirmi\u015ftir. Ancak Anita ve Sidney hen\u00fcz pes etmi\u015f de\u011fildir.<br \/>\nSam Bobrick&#8217;in harika kaleminden bir komedi.<\/p>\n<p>&#8211;<\/p>\n<p data-start=\"0\" data-end=\"145\">The lives of two highly accomplished therapists, Dr. Anita Wells and Dr. Sidney Gates, take an unexpected turn after they meet Ethan. Despite their professional expertise, nothing seems to work on Ethan\u2014he has truly turned being annoying into an art form. But Anita and Sidney aren\u2019t ready to give up just yet.<br \/>\nA brilliant comedy from the talented pen of Sam Bobrick<\/p>\n<\/div><\/section><br \/>\n<div  class='hr av-1wgwp1-f5130e919114f14680027791788fe141 hr-default  avia-builder-el-7  el_after_av_textblock  el_before_av_textblock'><span class='hr-inner'><span class=\"hr-inner-style\"><\/span><\/span><\/div><br \/>\n<section class=\"av_textblock_section\"  itemscope=\"itemscope\" itemtype=\"https:\/\/schema.org\/CreativeWork\" ><div class='avia_textblock  av_inherit_color'  style='color:#1d1d1b; '  itemprop=\"text\" ><p><b>Yazar\/Written by:<\/b><span style=\"font-weight: 400;\"> Sam Bobrick<\/span><\/p>\n<p><strong>Y\u00f6netmen\/Directed by:<\/strong> Kemal K\u0131rlar<\/p>\n<p><b>Oyuncular\/Cast: <\/b>Ferda Tavaz &#8211; Fatih Kemal \u00c7etil &#8211; Ali Furkan Karakan<\/p>\n<p><b>I\u015f\u0131k Tasar\u0131m\/Lighting Design:<\/b><span style=\"font-weight: 400;\"> Halil Berkin K\u0131rlar<\/span><\/p>\n<p><b>Ses\/Sound:<\/b><span style=\"font-weight: 400;\"> Nihal Sar\u0131kaya<\/span><\/p>\n<\/div><\/section><\/p><\/div><\/p>","protected":false},"excerpt":{"rendered":"","protected":false},"author":2,"featured_media":0,"parent":0,"menu_order":0,"comment_status":"closed","ping_status":"closed","template":"","meta":{"footnotes":""},"class_list":["post-4676","page","type-page","status-publish","hentry"],"_links":{"self":[{"href":"https:\/\/bergamatiyatrofestivali.com\/en\/wp-json\/wp\/v2\/pages\/4676","targetHints":{"allow":["GET"]}}],"collection":[{"href":"https:\/\/bergamatiyatrofestivali.com\/en\/wp-json\/wp\/v2\/pages"}],"about":[{"href":"https:\/\/bergamatiyatrofestivali.com\/en\/wp-json\/wp\/v2\/types\/page"}],"author":[{"embeddable":true,"href":"https:\/\/bergamatiyatrofestivali.com\/en\/wp-json\/wp\/v2\/users\/2"}],"replies":[{"embeddable":true,"href":"https:\/\/bergamatiyatrofestivali.com\/en\/wp-json\/wp\/v2\/comments?post=4676"}],"version-history":[{"count":1,"href":"https:\/\/bergamatiyatrofestivali.com\/en\/wp-json\/wp\/v2\/pages\/4676\/revisions"}],"predecessor-version":[{"id":4678,"href":"https:\/\/bergamatiyatrofestivali.com\/en\/wp-json\/wp\/v2\/pages\/4676\/revisions\/4678"}],"wp:attachment":[{"href":"https:\/\/bergamatiyatrofestivali.com\/en\/wp-json\/wp\/v2\/media?parent=4676"}],"curies":[{"name":"wp","href":"https:\/\/api.w.org\/{rel}","templated":true}]}}