{"id":4599,"date":"2024-08-08T14:37:31","date_gmt":"2024-08-08T11:37:31","guid":{"rendered":"https:\/\/bergamatiyatrofestivali.com\/?page_id=4599"},"modified":"2024-08-08T15:23:32","modified_gmt":"2024-08-08T12:23:32","slug":"cani","status":"publish","type":"page","link":"https:\/\/bergamatiyatrofestivali.com\/en\/cani\/","title":{"rendered":"Cani"},"content":{"rendered":"<div class='flex_column av-8ra5it-7e829cb4e37498c31b1d3b088ac2ea15 av_one_half  avia-builder-el-0  el_before_av_one_half  avia-builder-el-first  first flex_column_div'   ><p>\n<style type=\"text\/css\" data-created_by=\"avia_inline_auto\" id=\"style-css-av-7wntvp-e4644b0120f115d706cc83f3f063f765\">\n.avia-image-container.av-7wntvp-e4644b0120f115d706cc83f3f063f765 .av-image-caption-overlay-center{\ncolor:#ffffff;\n}\n<\/style>\n<div  class='avia-image-container av-7wntvp-e4644b0120f115d706cc83f3f063f765 av-styling- avia-align-center  avia-builder-el-1  el_before_av_textblock  avia-builder-el-first'  itemprop=\"image\" itemscope=\"itemscope\" itemtype=\"https:\/\/schema.org\/ImageObject\" ><div class=\"avia-image-container-inner\"><div class=\"avia-image-overlay-wrap\"><img decoding=\"async\" class='wp-image-4505 avia-img-lazy-loading-not-4505 avia_image' src=\"https:\/\/bergamatiyatrofestivali.com\/wp-content\/uploads\/2024\/08\/cani_yatay-1.jpg\" alt='' title='cani_yatay (1)'  height=\"1094\" width=\"1949\"  itemprop=\"thumbnailUrl\" srcset=\"https:\/\/bergamatiyatrofestivali.com\/wp-content\/uploads\/2024\/08\/cani_yatay-1.jpg 1949w, https:\/\/bergamatiyatrofestivali.com\/wp-content\/uploads\/2024\/08\/cani_yatay-1-300x168.jpg 300w, https:\/\/bergamatiyatrofestivali.com\/wp-content\/uploads\/2024\/08\/cani_yatay-1-1030x578.jpg 1030w, https:\/\/bergamatiyatrofestivali.com\/wp-content\/uploads\/2024\/08\/cani_yatay-1-768x431.jpg 768w, https:\/\/bergamatiyatrofestivali.com\/wp-content\/uploads\/2024\/08\/cani_yatay-1-1536x862.jpg 1536w, https:\/\/bergamatiyatrofestivali.com\/wp-content\/uploads\/2024\/08\/cani_yatay-1-18x10.jpg 18w, https:\/\/bergamatiyatrofestivali.com\/wp-content\/uploads\/2024\/08\/cani_yatay-1-1500x842.jpg 1500w, https:\/\/bergamatiyatrofestivali.com\/wp-content\/uploads\/2024\/08\/cani_yatay-1-705x396.jpg 705w\" sizes=\"(max-width: 1949px) 100vw, 1949px\" \/><\/div><\/div><\/div><br \/>\n<section class=\"av_textblock_section\"  itemscope=\"itemscope\" itemtype=\"https:\/\/schema.org\/CreativeWork\" ><div class='avia_textblock  av_inherit_color'  style='color:#1d1d1b; '  itemprop=\"text\" ><h2><strong>Cani<\/strong><\/h2>\n<h4><span style=\"font-weight: 400;\">11 A\u011fustos\/August Pazar-Sunday, 15:00-17:00<\/span><\/h4>\n<h5>BerKM - Bergama Cultural Center<\/h5>\n<\/div><\/section><br \/>\n<div  class='hr av-578o5x-e81847a4cb4a9bc272bf8a5d46cdedcf hr-default  avia-builder-el-3  el_after_av_textblock  avia-builder-el-last'><span class='hr-inner'><span class=\"hr-inner-style\"><\/span><\/span><\/div><\/p><\/div><div class='flex_column av-3so41h-0e4fbf300e066135e57e4f7bf6f0d1c8 av_one_half  avia-builder-el-4  el_after_av_one_half  avia-builder-el-last  flex_column_div'   ><p><section class=\"av_textblock_section\"  itemscope=\"itemscope\" itemtype=\"https:\/\/schema.org\/CreativeWork\" ><div class='avia_textblock  av_inherit_color'  style='color:#1d1d1b; '  itemprop=\"text\" ><p><b>Cani \/ Monster<\/b><\/p>\n<p><b>Oyun Tarihi ve Saati\/Date and Time<\/b><span style=\"font-weight: 400;\"> 11.08.2024 \/ 15:00<\/span><\/p>\n<p><b>Oyun Mek\u00e2n\u0131\/Venue<\/b><span style=\"font-weight: 400;\"> BerKM - Bergama Cultural Center<\/span><\/p>\n<p><b>\u00dccretsiz Etkinlik \/Free Event<\/b><\/p>\n<p><span style=\"font-weight: 400;\">Aileen Wuornos, belki de tarihin gelmi\u015f ge\u00e7mi\u015f en tehlikeli kad\u0131n\u0131 olarak g\u00f6r\u00fclen bir seri katil! Onu daha ilgin\u00e7 yapansa, d\u00f6n\u00fc\u015ft\u00fc\u011f\u00fc CAN\u0130 ki\u015fili\u011fin arkas\u0131nda yatan hayat hik\u00e2yesi.<\/span><\/p>\n<p><span style=\"font-weight: 400;\">Wuornos, tehlikeli olmas\u0131n\u0131n yan\u0131 s\u0131ra t\u00fcm seri katiller aras\u0131nda yapt\u0131klar\u0131 nedeniyle belki de &#8216;EN AZ&#8217; nefret edilen isimlerden biri. Hatta bir\u00e7ok ki\u015fi taraf\u0131ndan sempati duyulan ve baz\u0131 psikoanalistler taraf\u0131ndansa cinayetlerini zevk i\u00e7in i\u015flemedi\u011fi gerek\u00e7esiyle seri katil olarak bile kabul edilmeyen Wuornos; bu bak\u0131mdan en ilgi \u00e7ekici hik\u00e2yelerden birine sahip. Peki, bu durumun nedeni ne? Onun di\u011fer seri katillere g\u00f6re daha az nefret toplamas\u0131n\u0131n ard\u0131nda ne yat\u0131yor? T\u00fcm bunlar\u0131 anlamak i\u00e7in \u00f6ncelikle hayat hik\u00e2yesine bir g\u00f6z atmak gerekiyor.<\/span><\/p>\n<p><span style=\"font-weight: 400;\">Aileen Wuornos is a serial killer who is considered perhaps the most dangerous woman in history! What makes him more interesting is the life story behind the VILLAIN personality he has become.<\/span><\/p>\n<p><span style=\"font-weight: 400;\">In addition to being dangerous, Wuornos is perhaps one of the &#8216; LEAST &#8216; hated names among all serial killers due to his actions. In fact, Wuornos is sympathized by many people and is not even accepted as a serial killer by some psychoanalysts because he does not commit his murders for pleasure; In this respect, it has one of the most interesting stories. So what is the reason for this situation? What lies behind why he attracts less hate than other serial killers? To understand all this, we first need to take a look at his life story.<\/span><\/p>\n<p><b>Yazan ve Y\u00f6neten \/ Written and Directed by:<\/b><span style=\"font-weight: 400;\"> B\u00fclent Aydoslu\u00a0<\/span><\/p>\n<p><b>Oyuncular \/ Performers:<\/b><span style=\"font-weight: 400;\"> Buse Sevindik, Ecem Zengin, B\u00fclent Aydoslu\u00a0<\/span><\/p>\n<p><b>Dekor, Kost\u00fcm Sorumlusu \/ Stage, Costume Manager:<\/b><span style=\"font-weight: 400;\"> Onur \u00c7imen, Damra Din\u00e7er\u00a0<\/span><\/p>\n<p><b>Reji\/ Regie:<\/b><span style=\"font-weight: 400;\"> Selin Solaker\u00a0<\/span><\/p>\n<p><b>I\u015f\u0131k Ses G\u00f6revlisi\/\u00a0 Light and Sound Officer:<\/b><span style=\"font-weight: 400;\"> Metin Zengin<\/span><\/p>\n<p><b>Yap\u0131m \/ Production:<\/b><span style=\"font-weight: 400;\"> Boyoz Akademi Sanat Merkezi<\/span><\/p>\n<p><b>Ya\u015f S\u0131n\u0131r\u0131 \/ Age Limit:<\/b><span style=\"font-weight: 400;\"> 16 +\u00a0 \u00a0 \u00a0 \u00a0 \u00a0 \u00a0 \u00a0 \u00a0 \u00a0 \u00a0 \u00a0 \u00a0 \u00a0 \u00a0 \u00a0 \u00a0 \u00a0 \u00a0 \u00a0 \u00a0 \u00a0 \u00a0 \u00a0 \u00a0 \u00a0 \u00a0 \u00a0 \u00a0 \u00a0 \u00a0 \u00a0 \u00a0 \u00a0 \u00a0 \u00a0 \u00a0 \u00a0 \u00a0 \u00a0 \u00a0 \u00a0 \u00a0 \u00a0 \u00a0 \u00a0 \u00a0 \u00a0 \u00a0 \u00a0 \u00a0 <\/span><\/p>\n<p><b>S\u00fcre \/ Duration of Play:<\/b><span style=\"font-weight: 400;\"> 70 dk. \/70 min.<\/span><\/p>\n<\/div><\/section><br \/>\n<div  class='hr av-1wgwp1-f5130e919114f14680027791788fe141 hr-default  avia-builder-el-6  el_after_av_textblock  avia-builder-el-last'><span class='hr-inner'><span class=\"hr-inner-style\"><\/span><\/span><\/div><\/p><\/div><\/p>","protected":false},"excerpt":{"rendered":"","protected":false},"author":2,"featured_media":0,"parent":0,"menu_order":0,"comment_status":"closed","ping_status":"closed","template":"","meta":{"footnotes":""},"class_list":["post-4599","page","type-page","status-publish","hentry"],"_links":{"self":[{"href":"https:\/\/bergamatiyatrofestivali.com\/en\/wp-json\/wp\/v2\/pages\/4599","targetHints":{"allow":["GET"]}}],"collection":[{"href":"https:\/\/bergamatiyatrofestivali.com\/en\/wp-json\/wp\/v2\/pages"}],"about":[{"href":"https:\/\/bergamatiyatrofestivali.com\/en\/wp-json\/wp\/v2\/types\/page"}],"author":[{"embeddable":true,"href":"https:\/\/bergamatiyatrofestivali.com\/en\/wp-json\/wp\/v2\/users\/2"}],"replies":[{"embeddable":true,"href":"https:\/\/bergamatiyatrofestivali.com\/en\/wp-json\/wp\/v2\/comments?post=4599"}],"version-history":[{"count":1,"href":"https:\/\/bergamatiyatrofestivali.com\/en\/wp-json\/wp\/v2\/pages\/4599\/revisions"}],"predecessor-version":[{"id":4600,"href":"https:\/\/bergamatiyatrofestivali.com\/en\/wp-json\/wp\/v2\/pages\/4599\/revisions\/4600"}],"wp:attachment":[{"href":"https:\/\/bergamatiyatrofestivali.com\/en\/wp-json\/wp\/v2\/media?parent=4599"}],"curies":[{"name":"wp","href":"https:\/\/api.w.org\/{rel}","templated":true}]}}