{"id":4548,"date":"2024-08-07T23:11:42","date_gmt":"2024-08-07T20:11:42","guid":{"rendered":"https:\/\/bergamatiyatrofestivali.com\/?page_id=4548"},"modified":"2024-08-11T09:32:07","modified_gmt":"2024-08-11T06:32:07","slug":"etegimizdeki-taslar","status":"publish","type":"page","link":"https:\/\/bergamatiyatrofestivali.com\/en\/etegimizdeki-taslar\/","title":{"rendered":"Ete\u011fimizdeki Ta\u015flar"},"content":{"rendered":"<div class='flex_column av-8ra5it-7e829cb4e37498c31b1d3b088ac2ea15 av_one_half  avia-builder-el-0  el_before_av_one_half  avia-builder-el-first  first flex_column_div'   ><p>\n<style type=\"text\/css\" data-created_by=\"avia_inline_auto\" id=\"style-css-av-7wntvp-0e7ed76df7b62019a81504f5d3a109eb\">\n.avia-image-container.av-7wntvp-0e7ed76df7b62019a81504f5d3a109eb .av-image-caption-overlay-center{\ncolor:#ffffff;\n}\n<\/style>\n<div  class='avia-image-container av-7wntvp-0e7ed76df7b62019a81504f5d3a109eb av-styling- avia-align-center  avia-builder-el-1  el_before_av_textblock  avia-builder-el-first'  itemprop=\"image\" itemscope=\"itemscope\" itemtype=\"https:\/\/schema.org\/ImageObject\" ><div class=\"avia-image-container-inner\"><div class=\"avia-image-overlay-wrap\"><img decoding=\"async\" class='wp-image-4644 avia-img-lazy-loading-not-4644 avia_image' src=\"https:\/\/bergamatiyatrofestivali.com\/wp-content\/uploads\/2024\/08\/Ekran-Resmi-2024-08-11-09.28.30.png\" alt='' title='Ekran Resmi 2024-08-11 09.28.30'  height=\"946\" width=\"1666\"  itemprop=\"thumbnailUrl\" srcset=\"https:\/\/bergamatiyatrofestivali.com\/wp-content\/uploads\/2024\/08\/Ekran-Resmi-2024-08-11-09.28.30.png 1666w, https:\/\/bergamatiyatrofestivali.com\/wp-content\/uploads\/2024\/08\/Ekran-Resmi-2024-08-11-09.28.30-300x170.png 300w, https:\/\/bergamatiyatrofestivali.com\/wp-content\/uploads\/2024\/08\/Ekran-Resmi-2024-08-11-09.28.30-1030x585.png 1030w, https:\/\/bergamatiyatrofestivali.com\/wp-content\/uploads\/2024\/08\/Ekran-Resmi-2024-08-11-09.28.30-768x436.png 768w, https:\/\/bergamatiyatrofestivali.com\/wp-content\/uploads\/2024\/08\/Ekran-Resmi-2024-08-11-09.28.30-1536x872.png 1536w, https:\/\/bergamatiyatrofestivali.com\/wp-content\/uploads\/2024\/08\/Ekran-Resmi-2024-08-11-09.28.30-18x10.png 18w, https:\/\/bergamatiyatrofestivali.com\/wp-content\/uploads\/2024\/08\/Ekran-Resmi-2024-08-11-09.28.30-1500x852.png 1500w, https:\/\/bergamatiyatrofestivali.com\/wp-content\/uploads\/2024\/08\/Ekran-Resmi-2024-08-11-09.28.30-705x400.png 705w\" sizes=\"(max-width: 1666px) 100vw, 1666px\" \/><\/div><\/div><\/div><br \/>\n<section class=\"av_textblock_section\"  itemscope=\"itemscope\" itemtype=\"https:\/\/schema.org\/CreativeWork\" ><div class='avia_textblock  av_inherit_color'  style='color:#1d1d1b; '  itemprop=\"text\" ><h2>Ete\u011fimizdeki Ta\u015flar<\/h2>\n<h4><span style=\"font-weight: 400;\">11 A\u011fustos\/August Pazar-Sunday, 17:00- 18:30<\/span><\/h4>\n<h5><span style=\"font-weight: 400;\">Arasta<\/span><\/h5>\n<\/div><\/section><\/p><\/div><div class='flex_column av-3so41h-0e4fbf300e066135e57e4f7bf6f0d1c8 av_one_half  avia-builder-el-3  el_after_av_one_half  avia-builder-el-last  flex_column_div'   ><section class=\"av_textblock_section\"  itemscope=\"itemscope\" itemtype=\"https:\/\/schema.org\/CreativeWork\" ><div class='avia_textblock  av_inherit_color'  style='color:#1d1d1b; '  itemprop=\"text\" ><p><b>Ete\u011fimizdeki Ta\u015flar<\/b><\/p>\n<p><b>Etkinlik Tarihi ve Saati\/Date and Time<\/b><span style=\"font-weight: 400;\"> 11.08.2024 \/ 17:00<\/span><\/p>\n<p><b>Etkinlik Mek\u00e2n\u0131\/Venue<\/b><span style=\"font-weight: 400;\"> Arasta<\/span><\/p>\n<p><b>\u00dccretsiz Etkinlik \/Free Event<\/b><\/p>\n<p><span style=\"font-weight: 400;\">Do\u00e7 Dr. Serhan Ada kolayla\u015ft\u0131r\u0131c\u0131l\u0131\u011f\u0131nda ger\u00e7ekle\u015fecek forum, g\u00fcncel T\u00fcrkiye ikliminde k\u00fclt\u00fcr end\u00fcstrilerinde varolmak ve \u00fcretimde bulunmak \u00fczerine kat\u0131l\u0131mc\u0131lar\u0131n\u0131 birlikte d\u00fc\u015f\u00fcnmeye davet ediyor. Sekt\u00f6r Profesyonelleri ve B\u00f6lgesel \u00dcretici\u2019leri ortak bir platformda bir araya getirerek kar\u015f\u0131l\u0131kl\u0131 deneyim payla\u015f\u0131m\u0131n\u0131 hedeflerken, bir yandan da dinleyicilerine \u201cete\u011findeki ta\u015flar\u201d\u0131 ortaya rahat\u00e7a d\u00f6kebilece\u011fi ortak bir alan a\u00e7\u0131yor.<\/span><\/p>\n<p><span style=\"font-weight: 400;\">\u2014&#8212;&#8212;&#8212;&#8212;&#8212;<\/span><\/p>\n<p><span style=\"font-weight: 400;\">The forum, facilitated by Assoc. Prof. Dr. Serhan Ada invites its participants to collectively reflect on existing and producing in the cultural industries in the current climate of Turkey. While aiming to bring together industry professionals and regional producers on a common platform for the mutual exchange of experiences, it also provides its audience a shared space to express their thoughts and concerns freely.<\/span><\/p>\n<p><b>Kolayla\u015ft\u0131r\u0131c\u0131 \/ Moderator:<\/b><span style=\"font-weight: 400;\"> Do\u00e7. Dr. Serhan Ada<\/span><\/p>\n<p><b>Konu\u015fmac\u0131lar \/ Speakers:<\/b><span style=\"font-weight: 400;\"> G\u00fclsen Akbal, Metin G\u00fcler, \u00d6zlem G\u00fcnerli, Elif Moro\u011flu, Emre Y\u0131ld\u0131zlar, Do\u00e7. Dr. Leman Y\u0131lmaz<\/span><\/p>\n<p><b>S\u00fcre \/ Duration of Event:<\/b><span style=\"font-weight: 400;\"> 90 dk \/90 min<\/span><\/p>\n<\/div><\/section><\/div><\/p>","protected":false},"excerpt":{"rendered":"","protected":false},"author":2,"featured_media":0,"parent":0,"menu_order":0,"comment_status":"closed","ping_status":"closed","template":"","meta":{"footnotes":""},"class_list":["post-4548","page","type-page","status-publish","hentry"],"_links":{"self":[{"href":"https:\/\/bergamatiyatrofestivali.com\/en\/wp-json\/wp\/v2\/pages\/4548","targetHints":{"allow":["GET"]}}],"collection":[{"href":"https:\/\/bergamatiyatrofestivali.com\/en\/wp-json\/wp\/v2\/pages"}],"about":[{"href":"https:\/\/bergamatiyatrofestivali.com\/en\/wp-json\/wp\/v2\/types\/page"}],"author":[{"embeddable":true,"href":"https:\/\/bergamatiyatrofestivali.com\/en\/wp-json\/wp\/v2\/users\/2"}],"replies":[{"embeddable":true,"href":"https:\/\/bergamatiyatrofestivali.com\/en\/wp-json\/wp\/v2\/comments?post=4548"}],"version-history":[{"count":5,"href":"https:\/\/bergamatiyatrofestivali.com\/en\/wp-json\/wp\/v2\/pages\/4548\/revisions"}],"predecessor-version":[{"id":4649,"href":"https:\/\/bergamatiyatrofestivali.com\/en\/wp-json\/wp\/v2\/pages\/4548\/revisions\/4649"}],"wp:attachment":[{"href":"https:\/\/bergamatiyatrofestivali.com\/en\/wp-json\/wp\/v2\/media?parent=4548"}],"curies":[{"name":"wp","href":"https:\/\/api.w.org\/{rel}","templated":true}]}}