{"id":4545,"date":"2024-08-07T22:42:21","date_gmt":"2024-08-07T19:42:21","guid":{"rendered":"https:\/\/bergamatiyatrofestivali.com\/?page_id=4545"},"modified":"2024-08-08T14:25:40","modified_gmt":"2024-08-08T11:25:40","slug":"gong","status":"publish","type":"page","link":"https:\/\/bergamatiyatrofestivali.com\/en\/gong\/","title":{"rendered":"Gong"},"content":{"rendered":"<div class='flex_column av-8ra5it-7e829cb4e37498c31b1d3b088ac2ea15 av_one_half  avia-builder-el-0  el_before_av_one_half  avia-builder-el-first  first flex_column_div'   ><p>\n<style type=\"text\/css\" data-created_by=\"avia_inline_auto\" id=\"style-css-av-7wntvp-95ce89f30bb1365e841575c404fd4d33\">\n.avia-image-container.av-7wntvp-95ce89f30bb1365e841575c404fd4d33 .av-image-caption-overlay-center{\ncolor:#ffffff;\n}\n<\/style>\n<div  class='avia-image-container av-7wntvp-95ce89f30bb1365e841575c404fd4d33 av-styling- avia-align-center  avia-builder-el-1  el_before_av_textblock  avia-builder-el-first'  itemprop=\"image\" itemscope=\"itemscope\" itemtype=\"https:\/\/schema.org\/ImageObject\" ><div class=\"avia-image-container-inner\"><div class=\"avia-image-overlay-wrap\"><img decoding=\"async\" class='wp-image-4546 avia-img-lazy-loading-not-4546 avia_image' src=\"https:\/\/bergamatiyatrofestivali.com\/wp-content\/uploads\/2024\/08\/gong_post-5-scaled.jpg\" alt='' title='gong_post (5)'  height=\"2560\" width=\"2560\"  itemprop=\"thumbnailUrl\" srcset=\"https:\/\/bergamatiyatrofestivali.com\/wp-content\/uploads\/2024\/08\/gong_post-5-scaled.jpg 2560w, https:\/\/bergamatiyatrofestivali.com\/wp-content\/uploads\/2024\/08\/gong_post-5-300x300.jpg 300w, https:\/\/bergamatiyatrofestivali.com\/wp-content\/uploads\/2024\/08\/gong_post-5-1030x1030.jpg 1030w, https:\/\/bergamatiyatrofestivali.com\/wp-content\/uploads\/2024\/08\/gong_post-5-80x80.jpg 80w, https:\/\/bergamatiyatrofestivali.com\/wp-content\/uploads\/2024\/08\/gong_post-5-768x768.jpg 768w, https:\/\/bergamatiyatrofestivali.com\/wp-content\/uploads\/2024\/08\/gong_post-5-1536x1536.jpg 1536w, https:\/\/bergamatiyatrofestivali.com\/wp-content\/uploads\/2024\/08\/gong_post-5-2048x2048.jpg 2048w, https:\/\/bergamatiyatrofestivali.com\/wp-content\/uploads\/2024\/08\/gong_post-5-12x12.jpg 12w, https:\/\/bergamatiyatrofestivali.com\/wp-content\/uploads\/2024\/08\/gong_post-5-36x36.jpg 36w, https:\/\/bergamatiyatrofestivali.com\/wp-content\/uploads\/2024\/08\/gong_post-5-180x180.jpg 180w, https:\/\/bergamatiyatrofestivali.com\/wp-content\/uploads\/2024\/08\/gong_post-5-1500x1500.jpg 1500w, https:\/\/bergamatiyatrofestivali.com\/wp-content\/uploads\/2024\/08\/gong_post-5-705x705.jpg 705w\" sizes=\"(max-width: 2560px) 100vw, 2560px\" \/><\/div><\/div><\/div><br \/>\n<section class=\"av_textblock_section\"  itemscope=\"itemscope\" itemtype=\"https:\/\/schema.org\/CreativeWork\" ><div class='avia_textblock  av_inherit_color'  style='color:#1d1d1b; '  itemprop=\"text\" ><h2><strong>Gong<\/strong><\/h2>\n<h4><span style=\"font-weight: 400;\">11 A\u011fustos\/August Pazar-Sunday, 12:00-13:30<\/span><\/h4>\n<h5><span style=\"font-weight: 400;\">BerKM - Bergama Cultural Center<\/span><\/h5>\n<\/div><\/section><br \/>\n<div  class='hr av-578o5x-e81847a4cb4a9bc272bf8a5d46cdedcf hr-default  avia-builder-el-3  el_after_av_textblock  avia-builder-el-last'><span class='hr-inner'><span class=\"hr-inner-style\"><\/span><\/span><\/div><\/p><\/div><div class='flex_column av-3so41h-0e4fbf300e066135e57e4f7bf6f0d1c8 av_one_half  avia-builder-el-4  el_after_av_one_half  avia-builder-el-last  flex_column_div'   ><p><section class=\"av_textblock_section\"  itemscope=\"itemscope\" itemtype=\"https:\/\/schema.org\/CreativeWork\" ><div class='avia_textblock  av_inherit_color'  style='color:#1d1d1b; '  itemprop=\"text\" ><p><b>Gong \/ Gong<\/b><\/p>\n<p><b>Oyun Tarihi ve Saati\/Date and Time<\/b><span style=\"font-weight: 400;\"> 11.08.2024 \/ 12:00<\/span><\/p>\n<p><b>Oyun Mek\u00e2n\u0131\/Venue<\/b><span style=\"font-weight: 400;\"> BerKM - Bergama Cultural Center<\/span><\/p>\n<p><b>\u00dccretsiz Etkinlik \/Free Event<\/b><\/p>\n<p><span style=\"font-weight: 400;\">\u0130zleyece\u011finiz GONG Performans\u0131<\/span><\/p>\n<p><span style=\"font-weight: 400;\">Do\u011fum,<\/span><\/p>\n<p><span style=\"font-weight: 400;\">Bebeklik-\u00c7ocukluk,<\/span><\/p>\n<p><span style=\"font-weight: 400;\">Gen\u00e7lik,<\/span><\/p>\n<p><span style=\"font-weight: 400;\">Yolunu Bulmaya \u00c7al\u0131\u015fma,\u00a0<\/span><\/p>\n<p><span style=\"font-weight: 400;\">Zorunluluklar,<\/span><\/p>\n<p><span style=\"font-weight: 400;\">\u0130radeyi Kaybedi\u015f\/Kaybolu\u015f<\/span><\/p>\n<p><span style=\"font-weight: 400;\">\u0130nsan\u0131n G\u00f6lgesiyle\/ K\u00f6t\u00fcs\u00fcyle M\u00fccadelesi<\/span><\/p>\n<p><span style=\"font-weight: 400;\">Kriz,<\/span><\/p>\n<p><span style=\"font-weight: 400;\">Farkedi\u015f\/D\u00f6n\u00fc\u015f\u00fcm b\u00f6l\u00fcmlerinden olu\u015fan bir b\u00fcy\u00fcme hik\u00e2yesidir.<\/span><\/p>\n<p><span style=\"font-weight: 400;\">With openings, suppressions, blockages, openings\u00a0<\/span><\/p>\n<p><span style=\"font-weight: 400;\">With our shadow and light<\/span><\/p>\n<p><span style=\"font-weight: 400;\">With our outside and inside<\/span><\/p>\n<p><span style=\"font-weight: 400;\">A dance of growth with our treasure<\/span><\/p>\n<p><span style=\"font-weight: 400;\">The GONG Performance you will watch is a growth story consisting of the following sections:<\/span><\/p>\n<p><span style=\"font-weight: 400;\">Birth,<\/span><\/p>\n<p><span style=\"font-weight: 400;\">Infancy-Childhood,<\/span><\/p>\n<p><span style=\"font-weight: 400;\">Youth,<\/span><\/p>\n<p><span style=\"font-weight: 400;\">Trying to Find Your Way,<\/span><\/p>\n<p><span style=\"font-weight: 400;\">Necessities,<\/span><\/p>\n<p><span style=\"font-weight: 400;\">Loss of Will\/Lost,<\/span><\/p>\n<p><span style=\"font-weight: 400;\">Man&#8217;s Struggle with His Shadow\/Evil,<\/span><\/p>\n<p><span style=\"font-weight: 400;\">Crisis,<\/span><\/p>\n<p><span style=\"font-weight: 400;\">Realization\/Transformation<\/span><\/p>\n<p><b>Haz\u0131rlayan ve Performans\/ Designed by and Performed:<\/b><span style=\"font-weight: 400;\"> Filiz Bozku\u015f AL<\/span><\/p>\n<p><b>Ses\/I\u015f\u0131k tasar\u0131m\u0131\/ Sound and Lighting Design:<\/b><span style=\"font-weight: 400;\"> Kerem AL<\/span><\/p>\n<p><b>Kost\u00fcm\/ Costume by:<\/b><span style=\"font-weight: 400;\"> Aynur K\u00d6K<\/span><\/p>\n<p><b>Asistanlar\/ Assistants: <\/b><span style=\"font-weight: 400;\">Ceren \u0130mal, Filiz K\u0131\u015f<\/span><\/p>\n<p><b>Yap\u0131m \/ Production:<\/b><span style=\"font-weight: 400;\"> Gong Sahne &amp; Defne Prod\u00fcksiyon<\/span><\/p>\n<p><b>Ya\u015f S\u0131n\u0131r\u0131 \/ Age Limit:<\/b><span style=\"font-weight: 400;\"> +16<\/span><\/p>\n<p><b>S\u00fcre \/ Duration of Play<\/b><span style=\"font-weight: 400;\">: 50 dk \/50 min.<\/span><\/p>\n<\/div><\/section><br \/>\n<div  class='hr av-1wgwp1-f5130e919114f14680027791788fe141 hr-default  avia-builder-el-6  el_after_av_textblock  avia-builder-el-last'><span class='hr-inner'><span class=\"hr-inner-style\"><\/span><\/span><\/div><\/p><\/div><\/p>","protected":false},"excerpt":{"rendered":"","protected":false},"author":2,"featured_media":0,"parent":0,"menu_order":0,"comment_status":"closed","ping_status":"closed","template":"","meta":{"footnotes":""},"class_list":["post-4545","page","type-page","status-publish","hentry"],"_links":{"self":[{"href":"https:\/\/bergamatiyatrofestivali.com\/en\/wp-json\/wp\/v2\/pages\/4545","targetHints":{"allow":["GET"]}}],"collection":[{"href":"https:\/\/bergamatiyatrofestivali.com\/en\/wp-json\/wp\/v2\/pages"}],"about":[{"href":"https:\/\/bergamatiyatrofestivali.com\/en\/wp-json\/wp\/v2\/types\/page"}],"author":[{"embeddable":true,"href":"https:\/\/bergamatiyatrofestivali.com\/en\/wp-json\/wp\/v2\/users\/2"}],"replies":[{"embeddable":true,"href":"https:\/\/bergamatiyatrofestivali.com\/en\/wp-json\/wp\/v2\/comments?post=4545"}],"version-history":[{"count":4,"href":"https:\/\/bergamatiyatrofestivali.com\/en\/wp-json\/wp\/v2\/pages\/4545\/revisions"}],"predecessor-version":[{"id":4594,"href":"https:\/\/bergamatiyatrofestivali.com\/en\/wp-json\/wp\/v2\/pages\/4545\/revisions\/4594"}],"wp:attachment":[{"href":"https:\/\/bergamatiyatrofestivali.com\/en\/wp-json\/wp\/v2\/media?parent=4545"}],"curies":[{"name":"wp","href":"https:\/\/api.w.org\/{rel}","templated":true}]}}