{"id":4539,"date":"2024-08-07T22:27:17","date_gmt":"2024-08-07T19:27:17","guid":{"rendered":"https:\/\/bergamatiyatrofestivali.com\/?page_id=4539"},"modified":"2024-08-11T07:30:52","modified_gmt":"2024-08-11T04:30:52","slug":"insan-musveddesi","status":"publish","type":"page","link":"https:\/\/bergamatiyatrofestivali.com\/en\/insan-musveddesi\/","title":{"rendered":"\u0130nsan M\u00fcsveddesi"},"content":{"rendered":"<div class='flex_column av-8ra5it-7e829cb4e37498c31b1d3b088ac2ea15 av_one_half  avia-builder-el-0  el_before_av_one_half  avia-builder-el-first  first flex_column_div'   ><p>\n<style type=\"text\/css\" data-created_by=\"avia_inline_auto\" id=\"style-css-av-7wntvp-a96e2871dfe7e77b8851f3255f549e70\">\n.avia-image-container.av-7wntvp-a96e2871dfe7e77b8851f3255f549e70 .av-image-caption-overlay-center{\ncolor:#ffffff;\n}\n<\/style>\n<div  class='avia-image-container av-7wntvp-a96e2871dfe7e77b8851f3255f549e70 av-styling- avia-align-center  avia-builder-el-1  el_before_av_textblock  avia-builder-el-first'  itemprop=\"image\" itemscope=\"itemscope\" itemtype=\"https:\/\/schema.org\/ImageObject\" ><div class=\"avia-image-container-inner\"><div class=\"avia-image-overlay-wrap\"><img decoding=\"async\" class='wp-image-4638 avia-img-lazy-loading-not-4638 avia_image' src=\"https:\/\/bergamatiyatrofestivali.com\/wp-content\/uploads\/2024\/08\/6317BC0F-3140-4351-B35F-823611B84716.jpeg\" alt='' title='6317BC0F-3140-4351-B35F-823611B84716'  height=\"1094\" width=\"1948\"  itemprop=\"thumbnailUrl\" srcset=\"https:\/\/bergamatiyatrofestivali.com\/wp-content\/uploads\/2024\/08\/6317BC0F-3140-4351-B35F-823611B84716.jpeg 1948w, https:\/\/bergamatiyatrofestivali.com\/wp-content\/uploads\/2024\/08\/6317BC0F-3140-4351-B35F-823611B84716-300x168.jpeg 300w, https:\/\/bergamatiyatrofestivali.com\/wp-content\/uploads\/2024\/08\/6317BC0F-3140-4351-B35F-823611B84716-1030x578.jpeg 1030w, https:\/\/bergamatiyatrofestivali.com\/wp-content\/uploads\/2024\/08\/6317BC0F-3140-4351-B35F-823611B84716-768x431.jpeg 768w, https:\/\/bergamatiyatrofestivali.com\/wp-content\/uploads\/2024\/08\/6317BC0F-3140-4351-B35F-823611B84716-1536x863.jpeg 1536w, https:\/\/bergamatiyatrofestivali.com\/wp-content\/uploads\/2024\/08\/6317BC0F-3140-4351-B35F-823611B84716-18x10.jpeg 18w, https:\/\/bergamatiyatrofestivali.com\/wp-content\/uploads\/2024\/08\/6317BC0F-3140-4351-B35F-823611B84716-1500x842.jpeg 1500w, https:\/\/bergamatiyatrofestivali.com\/wp-content\/uploads\/2024\/08\/6317BC0F-3140-4351-B35F-823611B84716-705x396.jpeg 705w\" sizes=\"(max-width: 1948px) 100vw, 1948px\" \/><\/div><\/div><\/div><br \/>\n<section class=\"av_textblock_section\"  itemscope=\"itemscope\" itemtype=\"https:\/\/schema.org\/CreativeWork\" ><div class='avia_textblock  av_inherit_color'  style='color:#1d1d1b; '  itemprop=\"text\" ><h2><strong>\u0130nsan M\u00fcsveddesi<\/strong><\/h2>\n<p><span style=\"font-weight: 400;\">10.08.2024 \/ 18:00<\/span><\/p>\n<p><span style=\"font-weight: 400;\">11.08.2024 \/ 16:00<\/span><\/p>\n<p>Arasta<\/p>\n<\/div><\/section><br \/>\n<div  class='hr av-578o5x-e81847a4cb4a9bc272bf8a5d46cdedcf hr-default  avia-builder-el-3  el_after_av_textblock  avia-builder-el-last'><span class='hr-inner'><span class=\"hr-inner-style\"><\/span><\/span><\/div><\/p><\/div><div class='flex_column av-3so41h-0e4fbf300e066135e57e4f7bf6f0d1c8 av_one_half  avia-builder-el-4  el_after_av_one_half  avia-builder-el-last  flex_column_div'   ><p><section class=\"av_textblock_section\"  itemscope=\"itemscope\" itemtype=\"https:\/\/schema.org\/CreativeWork\" ><div class='avia_textblock  av_inherit_color'  style='color:#1d1d1b; '  itemprop=\"text\" ><p><b>\u0130nsan M\u00fcsveddesi<\/b><\/p>\n<p><b>Oyun Tarihi ve Saati\/Date and Time<\/b><span style=\"font-weight: 400;\"> 10.08.2024 \/ 18:00<\/span><\/p>\n<p><span style=\"font-weight: 400;\">\u00a0 \u00a0 \u00a0 \u00a0 \u00a0 \u00a0 \u00a0 \u00a0 \u00a0 \u00a0 \u00a0 \u00a0 \u00a0 \u00a0 \u00a0 \u00a0 \u00a0 \u00a0 \u00a0 \u00a0 \u00a0 \u00a0 \u00a0 \u00a0 \u00a0 \u00a0 \u00a0 \u00a0 \u00a0 \u00a0 \u00a0 \u00a0 \u00a0 \u00a0 \u00a0 \u00a0 \u00a0 \u00a0 \u00a011.08.2024 \/ 16:00<\/span><\/p>\n<p><b>Oyun Mek\u00e2n\u0131\/Venue<\/b><span style=\"font-weight: 400;\"> Arasta<\/span><\/p>\n<p><b>\u00dccretsiz Etkinlik \/Free Event<\/b><\/p>\n<p><span style=\"font-weight: 400;\">Fabrika Sanat olarak G\u00f6kay Gen\u00e7\u2019in yazd\u0131\u011f\u0131, Murat Ersan\u2019\u0131n y\u00f6netti\u011fi, Burhan \u015ee\u015fen\u2019in m\u00fcziklerini yapt\u0131\u011f\u0131 ve \u00d6zlem Akta\u015f\u2019\u0131n oynad\u0131\u011f\u0131 \u201c\u0130nsan M\u00fcsveddesi\u201d oyunuyla kar\u015f\u0131n\u0131zday\u0131z.<\/span><\/p>\n<p><span style=\"font-weight: 400;\">Her ne kadar \u00f6zg\u00fcr bir \u00fclkede ya\u015f\u0131yor olsak da acaba ger\u00e7ekten \u00f6zg\u00fcr m\u00fcy\u00fcz? Bu \u00f6zg\u00fcr ya\u015fam ko\u015fullar\u0131 toplumsal hayat\u0131m\u0131za yeterince i\u015fleyebilmi\u015f mi? Kendi hayat\u0131m\u0131zla ilgili kararlar\u0131 kendimiz alabiliyor muyuz ve ne kadar\u0131n\u0131 hayata ge\u00e7irebiliyoruz? \u00d6zellikle kad\u0131nlar\u2026\u00a0<\/span><\/p>\n<p><span style=\"font-weight: 400;\">Hayal kurmaya devam\u2026<\/span><\/p>\n<p><span style=\"font-weight: 400;\">Asl\u0131nda aram\u0131zda dola\u015fan, bazen sessizce yan\u0131m\u0131zdan gelip ge\u00e7en, kafesinden \u00e7\u0131kmak isteyen bir ku\u015f misali, i\u00e7inde alabildi\u011fine yorgun ama d\u0131\u015f\u0131nda komik, h\u0131nz\u0131r, ne\u015fe sa\u00e7an bir kad\u0131n\u2026 \u0130nsan m\u00fcsveddesi\u2026<\/span><\/p>\n<p><span style=\"font-weight: 400;\">\u2014&#8212;&#8212;&#8212;&#8212;&#8212;<\/span><\/p>\n<p><span style=\"font-weight: 400;\">As Fabrika Sanat, we present the play \u201c\u0130nsan M\u00fcsveddesi,\u201d written by G\u00f6kay Gen\u00e7, directed by Murat Ersan, with music by Burhan \u015ee\u015fen, and performed by \u00d6zlem Akta\u015f.<\/span><\/p>\n<p><span style=\"font-weight: 400;\">Although we live in a free country, are we truly free? Have these conditions of freedom permeated our social lives sufficiently? Are we capable of making decisions about our own lives and carrying them out to the fullest extent? Especially women&#8230;<\/span><\/p>\n<p><span style=\"font-weight: 400;\">Keep dreaming&#8230;<\/span><\/p>\n<p><span style=\"font-weight: 400;\">A woman who, like a bird wanting to escape from its cage, silently passes by us, wandering among us. Inside, she is utterly exhausted, but outwardly she is funny, mischievous, and radiating joy. A mere caricature of a human being&#8230;<\/span><\/p>\n<p><b>Yazan\/ Written by:<\/b><span style=\"font-weight: 400;\"> G\u00f6kay Gen\u00e7\u00a0<\/span><\/p>\n<p><b>Y\u00f6netmen\/ Directed by:<\/b><span style=\"font-weight: 400;\"> Murat Ersan\u00a0<\/span><\/p>\n<p><b>M\u00fczik\/ Music:<\/b><span style=\"font-weight: 400;\"> Burhan \u015ee\u015fen\u00a0<\/span><\/p>\n<p><b>Y\u00f6netmen Yard\u0131mc\u0131s\u0131\/ Assistant Director:<\/b><span style=\"font-weight: 400;\"> \u0130nan Ambark\u00fct\u00fck\u00a0<\/span><\/p>\n<p><b>I\u015f\u0131k Tasar\u0131m\/ Lighting Design:<\/b><span style=\"font-weight: 400;\"> Murat Ersan\u00a0<\/span><\/p>\n<p><b>Kost\u00fcm\/ Costume Design:<\/b><span style=\"font-weight: 400;\"> P\u0131nar Akg\u00fcney\u00a0<\/span><\/p>\n<p><b>Foto\u011fraf\/ Photography:<\/b><span style=\"font-weight: 400;\"> O\u011fuzhan Y\u0131ld\u0131r\u0131m\u00a0<\/span><\/p>\n<p><b>Oynayan\/ Performer:<\/b><span style=\"font-weight: 400;\"> \u00d6zlem Akta\u015f<\/span><\/p>\n<p><b>Yap\u0131m \/ Production: <\/b><span style=\"font-weight: 400;\">Fabrika Sanat<\/span><\/p>\n<p><b>S\u00fcre \/ Duration of Play:<\/b><span style=\"font-weight: 400;\"> 60 dk \/ 60 min.<\/span><\/p>\n<\/div><\/section><br \/>\n<section class=\"av_textblock_section\"  itemscope=\"itemscope\" itemtype=\"https:\/\/schema.org\/CreativeWork\" ><div class='avia_textblock  av_inherit_color'  style='color:#1d1d1b; '  itemprop=\"text\" ><p><strong>Yap\u0131m\/Production:<\/strong> DasDas<br \/>\n<strong>Yazan\/Written by:<\/strong> Edmond Rostand<br \/>\n<strong>\u00c7eviren\/Translator:<\/strong> Sabri Esat Siyavu\u015fgil<br \/>\n<strong>Y\u00f6netmen\/Directed by:<\/strong> Ahmet Sami \u00d6zbudak<br \/>\n<strong>Dekor ve I\u015f\u0131k Tasar\u0131m\/ Decor and Light Design:<\/strong> Cem Y\u0131lmazer<br \/>\n<strong>M\u00fczik\/Music:<\/strong> Harun Tekin<br \/>\n<strong>Koreografi\/Choreography:<\/strong> Dicle Do\u011fan<br \/>\n<strong>Kost\u00fcm Tasar\u0131m\/Costume Design:<\/strong> Nihal Kaplang\u0131<br \/>\n<strong>Kost\u00fcm Asistan\u0131\/Costume Assistant:<\/strong> Serna Aka\u00e7\u00e7a<br \/>\n<strong>Dramaturg\/Dramaturgist:<\/strong> Yahya Ulu\u011f<br \/>\n<strong>Y\u00f6netmen Yard\u0131mc\u0131s\u0131\/Director Assistant:<\/strong> Elif Mandan<br \/>\n<strong>Oyun Asistan\u0131\/Play Assistant:<\/strong> \u0130layda Top<br \/>\n<strong>Eskrim Koreografi\/Fencing Choreography:<\/strong> Deniz \u00d6zmen<br \/>\n<strong>Plastik Makyaj\/Plastic Makeup:<\/strong> Sava\u015f \u00d6zdemir<br \/>\n<strong>G\u00f6rsel Tasar\u0131m\/Visual Design:<\/strong> Ecem Ak\u00e7a<br \/>\n<strong>Cast:<\/strong> B\u00fclent Emin Yarar, Caner Erdem, Duygu \u00dcst\u00fcnba\u015f \/ Ece \u00c7e\u015fmio\u011flu \u00d6lmez, Elif Mandan, Erol Babao\u011flu, Ertu\u011frul G\u00fcmr\u00fck\u00e7\u00fco\u011flu, Fatin El\u00e7im, Mert F\u0131rat, \u00d6mer Faruk Tezgel<br \/>\n<strong>Oyun S\u00fcresi\/Performance Duration:<\/strong> 2 perde 150 dakika \/ 2 act 150 minutes<br \/>\n<strong>Ya\u015f\/Age:<\/strong> +13<\/p>\n<\/div><\/section><\/p><\/div><\/p>","protected":false},"excerpt":{"rendered":"","protected":false},"author":2,"featured_media":0,"parent":0,"menu_order":0,"comment_status":"closed","ping_status":"closed","template":"","meta":{"footnotes":""},"class_list":["post-4539","page","type-page","status-publish","hentry"],"_links":{"self":[{"href":"https:\/\/bergamatiyatrofestivali.com\/en\/wp-json\/wp\/v2\/pages\/4539","targetHints":{"allow":["GET"]}}],"collection":[{"href":"https:\/\/bergamatiyatrofestivali.com\/en\/wp-json\/wp\/v2\/pages"}],"about":[{"href":"https:\/\/bergamatiyatrofestivali.com\/en\/wp-json\/wp\/v2\/types\/page"}],"author":[{"embeddable":true,"href":"https:\/\/bergamatiyatrofestivali.com\/en\/wp-json\/wp\/v2\/users\/2"}],"replies":[{"embeddable":true,"href":"https:\/\/bergamatiyatrofestivali.com\/en\/wp-json\/wp\/v2\/comments?post=4539"}],"version-history":[{"count":3,"href":"https:\/\/bergamatiyatrofestivali.com\/en\/wp-json\/wp\/v2\/pages\/4539\/revisions"}],"predecessor-version":[{"id":4641,"href":"https:\/\/bergamatiyatrofestivali.com\/en\/wp-json\/wp\/v2\/pages\/4539\/revisions\/4641"}],"wp:attachment":[{"href":"https:\/\/bergamatiyatrofestivali.com\/en\/wp-json\/wp\/v2\/media?parent=4539"}],"curies":[{"name":"wp","href":"https:\/\/api.w.org\/{rel}","templated":true}]}}