{"id":4536,"date":"2024-08-07T22:13:29","date_gmt":"2024-08-07T19:13:29","guid":{"rendered":"https:\/\/bergamatiyatrofestivali.com\/?page_id=4536"},"modified":"2024-08-08T14:09:32","modified_gmt":"2024-08-08T11:09:32","slug":"bir-mudhik-oyun","status":"publish","type":"page","link":"https:\/\/bergamatiyatrofestivali.com\/en\/bir-mudhik-oyun\/","title":{"rendered":"Bir Mudhik Oyun"},"content":{"rendered":"<div class='flex_column av-8ra5it-7e829cb4e37498c31b1d3b088ac2ea15 av_one_half  avia-builder-el-0  el_before_av_one_half  avia-builder-el-first  first flex_column_div'   ><p>\n<style type=\"text\/css\" data-created_by=\"avia_inline_auto\" id=\"style-css-av-7wntvp-7dc9ddf2e4ff6132495da6c0f2d11f38\">\n.avia-image-container.av-7wntvp-7dc9ddf2e4ff6132495da6c0f2d11f38 .av-image-caption-overlay-center{\ncolor:#ffffff;\n}\n<\/style>\n<div  class='avia-image-container av-7wntvp-7dc9ddf2e4ff6132495da6c0f2d11f38 av-styling- avia-align-center  avia-builder-el-1  el_before_av_textblock  avia-builder-el-first'  itemprop=\"image\" itemscope=\"itemscope\" itemtype=\"https:\/\/schema.org\/ImageObject\" ><div class=\"avia-image-container-inner\"><div class=\"avia-image-overlay-wrap\"><img decoding=\"async\" class='wp-image-4537 avia-img-lazy-loading-not-4537 avia_image' src=\"https:\/\/bergamatiyatrofestivali.com\/wp-content\/uploads\/2024\/08\/Bir-Mudhik-Oyun_post-4-scaled.jpg\" alt='' title='Bir Mudhik Oyun_post (4)'  height=\"2560\" width=\"2560\"  itemprop=\"thumbnailUrl\" srcset=\"https:\/\/bergamatiyatrofestivali.com\/wp-content\/uploads\/2024\/08\/Bir-Mudhik-Oyun_post-4-scaled.jpg 2560w, https:\/\/bergamatiyatrofestivali.com\/wp-content\/uploads\/2024\/08\/Bir-Mudhik-Oyun_post-4-300x300.jpg 300w, https:\/\/bergamatiyatrofestivali.com\/wp-content\/uploads\/2024\/08\/Bir-Mudhik-Oyun_post-4-1030x1030.jpg 1030w, https:\/\/bergamatiyatrofestivali.com\/wp-content\/uploads\/2024\/08\/Bir-Mudhik-Oyun_post-4-80x80.jpg 80w, https:\/\/bergamatiyatrofestivali.com\/wp-content\/uploads\/2024\/08\/Bir-Mudhik-Oyun_post-4-768x768.jpg 768w, https:\/\/bergamatiyatrofestivali.com\/wp-content\/uploads\/2024\/08\/Bir-Mudhik-Oyun_post-4-1536x1536.jpg 1536w, https:\/\/bergamatiyatrofestivali.com\/wp-content\/uploads\/2024\/08\/Bir-Mudhik-Oyun_post-4-2048x2048.jpg 2048w, https:\/\/bergamatiyatrofestivali.com\/wp-content\/uploads\/2024\/08\/Bir-Mudhik-Oyun_post-4-12x12.jpg 12w, https:\/\/bergamatiyatrofestivali.com\/wp-content\/uploads\/2024\/08\/Bir-Mudhik-Oyun_post-4-36x36.jpg 36w, https:\/\/bergamatiyatrofestivali.com\/wp-content\/uploads\/2024\/08\/Bir-Mudhik-Oyun_post-4-180x180.jpg 180w, https:\/\/bergamatiyatrofestivali.com\/wp-content\/uploads\/2024\/08\/Bir-Mudhik-Oyun_post-4-1500x1500.jpg 1500w, https:\/\/bergamatiyatrofestivali.com\/wp-content\/uploads\/2024\/08\/Bir-Mudhik-Oyun_post-4-705x705.jpg 705w\" sizes=\"(max-width: 2560px) 100vw, 2560px\" \/><\/div><\/div><\/div><br \/>\n<section class=\"av_textblock_section\"  itemscope=\"itemscope\" itemtype=\"https:\/\/schema.org\/CreativeWork\" ><div class='avia_textblock  av_inherit_color'  style='color:#1d1d1b; '  itemprop=\"text\" ><h2><strong>Bir Mudhik Oyun<\/strong><\/h2>\n<h4><span style=\"font-weight: 400;\">10 A\u011fustos\/August Cumartesi-Saturday, 16:00<\/span><\/h4>\n<h5><span style=\"font-weight: 400;\">BerKM - Bergama Cultural Center<\/span><\/h5>\n<\/div><\/section><br \/>\n<div  class='hr av-578o5x-e81847a4cb4a9bc272bf8a5d46cdedcf hr-default  avia-builder-el-3  el_after_av_textblock  avia-builder-el-last'><span class='hr-inner'><span class=\"hr-inner-style\"><\/span><\/span><\/div><\/p><\/div><div class='flex_column av-3so41h-0e4fbf300e066135e57e4f7bf6f0d1c8 av_one_half  avia-builder-el-4  el_after_av_one_half  avia-builder-el-last  flex_column_div'   ><p><section class=\"av_textblock_section\"  itemscope=\"itemscope\" itemtype=\"https:\/\/schema.org\/CreativeWork\" ><div class='avia_textblock  av_inherit_color'  style='color:#1d1d1b; '  itemprop=\"text\" ><p><b>Bir Mudhik Oyun \/ The One Laugh Play<\/b><\/p>\n<p><b>Oyun Tarihi ve Saati\/Date and Time<\/b><span style=\"font-weight: 400;\"> 10.08.2024 \/ 16:00<\/span><\/p>\n<p><b>Oyun Mek\u00e2n\u0131\/Venue<\/b><span style=\"font-weight: 400;\"> BerKM - Bergama Cultural Center<\/span><\/p>\n<p><b>\u00dccretsiz Etkinlik \/Free Event<\/b><\/p>\n<p><span style=\"font-weight: 400;\">Pandemi s\u00fcrecinde tiyatrosunu ayakta tutabilmek i\u00e7in bir oyun yazan tiyatrocunun, oyun metni denetimden ge\u00e7mez. Seyircili genel prova esnas\u0131nda, denet\u00e7inin g\u00f6zetiminde oyununu revize ederek, denetime uygun bir hale getirmeye \u00e7al\u0131\u015f\u0131r. Fakat bu s\u00fcre\u00e7te fark edece\u011fi \u00fczere, suya sabuna dokunmadan bir hik\u00e2ye anlatmak art\u0131k m\u00fcmk\u00fcn de\u011fildir.<\/span><\/p>\n<p><span style=\"font-weight: 400;\">\u2014&#8212;&#8212;&#8212;&#8212;&#8212;<\/span><\/p>\n<p><span style=\"font-weight: 400;\">The text of the play of an actor who writes a play to keep his theater afloat during the pandemic period is subject to inspection. During the general rehearsal with the audience, he revises his play under the censor of the inspector and tries to make it suitable for the audit. But as he realizes in this process, it is no longer possible to tell a story without censored topics.<\/span><\/p>\n<p><b>Yazan, Y\u00f6neten, Oynayan\/<\/b> <b>Written, Directed, Performed by:<\/b><span style=\"font-weight: 400;\"> Burak Budak<\/span><\/p>\n<p><b>I\u015f\u0131k Kumanda\/ Light Control:<\/b><span style=\"font-weight: 400;\"> Zi\u015fan Ba\u015fkaya<\/span><\/p>\n<p><b>Asistanlar\/ Assistants:<\/b><span style=\"font-weight: 400;\"> Fahrettin Esen, K\u00fcbra \u00d6zg\u00fcn<\/span><\/p>\n<p><b>Afi\u015f Tasar\u0131m\/ Poster Design:<\/b><span style=\"font-weight: 400;\"> Emren Zeytino\u011flu, Semih B\u00fcd\u00fc\u015f<\/span><\/p>\n<p><b>Yap\u0131m \/ Production:<\/b><span style=\"font-weight: 400;\"> Mudhik Tiyatro<\/span><\/p>\n<p><b>Ya\u015f S\u0131n\u0131r\u0131\/ Age Limit:<\/b><span style=\"font-weight: 400;\"> +16<\/span><\/p>\n<p><b>S\u00fcre\/ Duration of Play:<\/b><span style=\"font-weight: 400;\"> 75 dk\/ 75 min<\/span><\/p>\n<\/div><\/section><br \/>\n<div  class='hr av-1wgwp1-f5130e919114f14680027791788fe141 hr-default  avia-builder-el-6  el_after_av_textblock  avia-builder-el-last'><span class='hr-inner'><span class=\"hr-inner-style\"><\/span><\/span><\/div><\/p><\/div><\/p>","protected":false},"excerpt":{"rendered":"","protected":false},"author":2,"featured_media":0,"parent":0,"menu_order":0,"comment_status":"closed","ping_status":"closed","template":"","meta":{"footnotes":""},"class_list":["post-4536","page","type-page","status-publish","hentry"],"_links":{"self":[{"href":"https:\/\/bergamatiyatrofestivali.com\/en\/wp-json\/wp\/v2\/pages\/4536","targetHints":{"allow":["GET"]}}],"collection":[{"href":"https:\/\/bergamatiyatrofestivali.com\/en\/wp-json\/wp\/v2\/pages"}],"about":[{"href":"https:\/\/bergamatiyatrofestivali.com\/en\/wp-json\/wp\/v2\/types\/page"}],"author":[{"embeddable":true,"href":"https:\/\/bergamatiyatrofestivali.com\/en\/wp-json\/wp\/v2\/users\/2"}],"replies":[{"embeddable":true,"href":"https:\/\/bergamatiyatrofestivali.com\/en\/wp-json\/wp\/v2\/comments?post=4536"}],"version-history":[{"count":3,"href":"https:\/\/bergamatiyatrofestivali.com\/en\/wp-json\/wp\/v2\/pages\/4536\/revisions"}],"predecessor-version":[{"id":4585,"href":"https:\/\/bergamatiyatrofestivali.com\/en\/wp-json\/wp\/v2\/pages\/4536\/revisions\/4585"}],"wp:attachment":[{"href":"https:\/\/bergamatiyatrofestivali.com\/en\/wp-json\/wp\/v2\/media?parent=4536"}],"curies":[{"name":"wp","href":"https:\/\/api.w.org\/{rel}","templated":true}]}}