{"id":4533,"date":"2024-08-07T21:55:25","date_gmt":"2024-08-07T18:55:25","guid":{"rendered":"https:\/\/bergamatiyatrofestivali.com\/?page_id=4533"},"modified":"2024-08-08T14:54:08","modified_gmt":"2024-08-08T11:54:08","slug":"gecmisi-simdiki-zamanda-dans-etmek","status":"publish","type":"page","link":"https:\/\/bergamatiyatrofestivali.com\/en\/gecmisi-simdiki-zamanda-dans-etmek\/","title":{"rendered":"Ge\u00e7mi\u015fi \u015eimdiki Zamanda Dans Etmek"},"content":{"rendered":"<div class='flex_column av-8ra5it-7e829cb4e37498c31b1d3b088ac2ea15 av_one_half  avia-builder-el-0  el_before_av_one_half  avia-builder-el-first  first flex_column_div'   ><p>\n<style type=\"text\/css\" data-created_by=\"avia_inline_auto\" id=\"style-css-av-7wntvp-0dcb011b207fff65975794c2c8c5a5c2\">\n.avia-image-container.av-7wntvp-0dcb011b207fff65975794c2c8c5a5c2 .av-image-caption-overlay-center{\ncolor:#ffffff;\n}\n<\/style>\n<div  class='avia-image-container av-7wntvp-0dcb011b207fff65975794c2c8c5a5c2 av-styling- avia-align-center  avia-builder-el-1  el_before_av_textblock  avia-builder-el-first'  itemprop=\"image\" itemscope=\"itemscope\" itemtype=\"https:\/\/schema.org\/ImageObject\" ><div class=\"avia-image-container-inner\"><div class=\"avia-image-overlay-wrap\"><img decoding=\"async\" class='wp-image-4608 avia-img-lazy-loading-not-4608 avia_image' src=\"https:\/\/bergamatiyatrofestivali.com\/wp-content\/uploads\/2024\/08\/Gecmisi-Simdiki-Zamanda-Dans-Etmek_yatay-mobilet-3-2-1030x578.jpg\" alt='' title='Gec\u0327mis\u0327i S\u0327imdiki Zamanda Dans Etmek_yatay mobilet (3)'  height=\"578\" width=\"1030\"  itemprop=\"thumbnailUrl\" srcset=\"https:\/\/bergamatiyatrofestivali.com\/wp-content\/uploads\/2024\/08\/Gecmisi-Simdiki-Zamanda-Dans-Etmek_yatay-mobilet-3-2-1030x578.jpg 1030w, https:\/\/bergamatiyatrofestivali.com\/wp-content\/uploads\/2024\/08\/Gecmisi-Simdiki-Zamanda-Dans-Etmek_yatay-mobilet-3-2-300x168.jpg 300w, https:\/\/bergamatiyatrofestivali.com\/wp-content\/uploads\/2024\/08\/Gecmisi-Simdiki-Zamanda-Dans-Etmek_yatay-mobilet-3-2-768x431.jpg 768w, https:\/\/bergamatiyatrofestivali.com\/wp-content\/uploads\/2024\/08\/Gecmisi-Simdiki-Zamanda-Dans-Etmek_yatay-mobilet-3-2-1536x862.jpg 1536w, https:\/\/bergamatiyatrofestivali.com\/wp-content\/uploads\/2024\/08\/Gecmisi-Simdiki-Zamanda-Dans-Etmek_yatay-mobilet-3-2-18x10.jpg 18w, https:\/\/bergamatiyatrofestivali.com\/wp-content\/uploads\/2024\/08\/Gecmisi-Simdiki-Zamanda-Dans-Etmek_yatay-mobilet-3-2-1500x842.jpg 1500w, https:\/\/bergamatiyatrofestivali.com\/wp-content\/uploads\/2024\/08\/Gecmisi-Simdiki-Zamanda-Dans-Etmek_yatay-mobilet-3-2-705x396.jpg 705w, https:\/\/bergamatiyatrofestivali.com\/wp-content\/uploads\/2024\/08\/Gecmisi-Simdiki-Zamanda-Dans-Etmek_yatay-mobilet-3-2.jpg 1949w\" sizes=\"(max-width: 1030px) 100vw, 1030px\" \/><\/div><\/div><\/div><br \/>\n<section class=\"av_textblock_section\"  itemscope=\"itemscope\" itemtype=\"https:\/\/schema.org\/CreativeWork\" ><div class='avia_textblock  av_inherit_color'  style='color:#1d1d1b; '  itemprop=\"text\" ><h2><strong>Ge\u00e7mi\u015fi \u015eimdiki Zamanda Dans Etmek<\/strong><\/h2>\n<h3><\/h3>\n<h4><span style=\"font-weight: 400;\">10 A\u011fustos\/August Cumartesi-Saturday, 15:00<\/span><\/h4>\n<h5><span style=\"font-weight: 400;\">Odeon Pergamon<\/span><\/h5>\n<\/div><\/section><br \/>\n<div  class='hr av-578o5x-e81847a4cb4a9bc272bf8a5d46cdedcf hr-default  avia-builder-el-3  el_after_av_textblock  avia-builder-el-last'><span class='hr-inner'><span class=\"hr-inner-style\"><\/span><\/span><\/div><\/p><\/div><div class='flex_column av-3so41h-0e4fbf300e066135e57e4f7bf6f0d1c8 av_one_half  avia-builder-el-4  el_after_av_one_half  avia-builder-el-last  flex_column_div'   ><p><section class=\"av_textblock_section\"  itemscope=\"itemscope\" itemtype=\"https:\/\/schema.org\/CreativeWork\" ><div class='avia_textblock  av_inherit_color'  style='color:#1d1d1b; '  itemprop=\"text\" ><p><b>Ge\u00e7mi\u015fi \u015eimdiki Zamanda Dans Etmek<\/b><\/p>\n<p><b>Etkinlik Tarihi ve Saati\/Date and Time<\/b><span style=\"font-weight: 400;\"> 10.08.2024 \/ 15:00<\/span><\/p>\n<p><b>Etkinlik Mek\u00e2n\u0131\/Venue<\/b><span style=\"font-weight: 400;\"> Odeon Pergamon<\/span><\/p>\n<p><b>\u00dccretsiz Etkinlik \/Free Event<\/b><\/p>\n<p><span style=\"font-weight: 400;\">Bu panelde \u00f6zellikle do\u011fa\u00e7lama konusuna odaklan\u0131p; Bergama Zeybe\u011fi\u2019nde do\u011fa\u00e7laman\u0131n yerinin ne oldu\u011fu ile \u00e7a\u011fda\u015f dansa \u00f6zg\u00fc do\u011fa\u00e7lama ara\u00e7 ve teknolojilerinin Bergama Zeybe\u011fi\u2019ne uyarlanmas\u0131n\u0131n yollar\u0131n\u0131 ve imk\u00e2n\u0131n\u0131 de\u011ferlendirece\u011fiz. Bu y\u00f6n\u00fcyle panel, ge\u00e7mi\u015fi \u015fimdiki zamanda dans etmenin yarat\u0131c\u0131 yollar\u0131na dair bir diyalog geli\u015ftirmeyi hedefliyor.<\/span><\/p>\n<p><span style=\"font-weight: 400;\">\u2014&#8212;&#8212;&#8212;&#8212;&#8212;<\/span><\/p>\n<p><span style=\"font-weight: 400;\">In this panel, our main focus will be on improvisation; We will evaluate the place of improvisation in Bergama Zeybe\u011fi and the ways and possibilities of adapting improvisational tools and technologies specific to contemporary dance to Bergama Zeybe\u011fi. In this way, the panel aims to foster a dialog about creative ways of dancing the past in the present.<\/span><\/p>\n<p><b>Panel Konu\u015fmac\u0131lar\u0131\/ Speakers: <\/b><span style=\"font-weight: 400;\">Bedirhan Dehmen &#8211; Hasan T\u00fcrken<\/span><\/p>\n<p><b>S\u00fcre\/ Duration of Event: <\/b><span style=\"font-weight: 400;\">90 dk \/ 90 min.<\/span><\/p>\n<\/div><\/section><br \/>\n<div  class='hr av-1wgwp1-f5130e919114f14680027791788fe141 hr-default  avia-builder-el-6  el_after_av_textblock  avia-builder-el-last'><span class='hr-inner'><span class=\"hr-inner-style\"><\/span><\/span><\/div><\/p><\/div><\/p>","protected":false},"excerpt":{"rendered":"","protected":false},"author":2,"featured_media":0,"parent":0,"menu_order":0,"comment_status":"closed","ping_status":"closed","template":"","meta":{"footnotes":""},"class_list":["post-4533","page","type-page","status-publish","hentry"],"_links":{"self":[{"href":"https:\/\/bergamatiyatrofestivali.com\/en\/wp-json\/wp\/v2\/pages\/4533","targetHints":{"allow":["GET"]}}],"collection":[{"href":"https:\/\/bergamatiyatrofestivali.com\/en\/wp-json\/wp\/v2\/pages"}],"about":[{"href":"https:\/\/bergamatiyatrofestivali.com\/en\/wp-json\/wp\/v2\/types\/page"}],"author":[{"embeddable":true,"href":"https:\/\/bergamatiyatrofestivali.com\/en\/wp-json\/wp\/v2\/users\/2"}],"replies":[{"embeddable":true,"href":"https:\/\/bergamatiyatrofestivali.com\/en\/wp-json\/wp\/v2\/comments?post=4533"}],"version-history":[{"count":4,"href":"https:\/\/bergamatiyatrofestivali.com\/en\/wp-json\/wp\/v2\/pages\/4533\/revisions"}],"predecessor-version":[{"id":4564,"href":"https:\/\/bergamatiyatrofestivali.com\/en\/wp-json\/wp\/v2\/pages\/4533\/revisions\/4564"}],"wp:attachment":[{"href":"https:\/\/bergamatiyatrofestivali.com\/en\/wp-json\/wp\/v2\/media?parent=4533"}],"curies":[{"name":"wp","href":"https:\/\/api.w.org\/{rel}","templated":true}]}}