{"id":4530,"date":"2024-08-07T21:47:56","date_gmt":"2024-08-07T18:47:56","guid":{"rendered":"https:\/\/bergamatiyatrofestivali.com\/?page_id=4530"},"modified":"2024-08-08T15:12:55","modified_gmt":"2024-08-08T12:12:55","slug":"dokuma-ve-nakislarin-mitolojik-ve-sembolik-dili","status":"publish","type":"page","link":"https:\/\/bergamatiyatrofestivali.com\/en\/dokuma-ve-nakislarin-mitolojik-ve-sembolik-dili\/","title":{"rendered":"DOKUMA ve NAKI\u015eLARIN M\u0130TOLOJ\u0130K ve SEMBOL\u0130K D\u0130L\u0130"},"content":{"rendered":"<div class='flex_column av-8ra5it-7e829cb4e37498c31b1d3b088ac2ea15 av_one_half  avia-builder-el-0  el_before_av_one_half  avia-builder-el-first  first flex_column_div'   ><p>\n<style type=\"text\/css\" data-created_by=\"avia_inline_auto\" id=\"style-css-av-7wntvp-9d1f79bc4db81a0ea9f272d093b41b7c\">\n.avia-image-container.av-7wntvp-9d1f79bc4db81a0ea9f272d093b41b7c .av-image-caption-overlay-center{\ncolor:#ffffff;\n}\n<\/style>\n<div  class='avia-image-container av-7wntvp-9d1f79bc4db81a0ea9f272d093b41b7c av-styling- avia-align-center  avia-builder-el-1  el_before_av_textblock  avia-builder-el-first'  itemprop=\"image\" itemscope=\"itemscope\" itemtype=\"https:\/\/schema.org\/ImageObject\" ><div class=\"avia-image-container-inner\"><div class=\"avia-image-overlay-wrap\"><img decoding=\"async\" class='wp-image-4531 avia-img-lazy-loading-not-4531 avia_image' src=\"https:\/\/bergamatiyatrofestivali.com\/wp-content\/uploads\/2024\/08\/Dokuma-ve-Nakislarin-Mitolojik-ve-Sembolik-Dili_post-5-scaled.jpg\" alt='' title='Dokuma ve Nak\u0131\u015flar\u0131n Mitolojik ve Sembolik Dili_post (5)'  height=\"2560\" width=\"2560\"  itemprop=\"thumbnailUrl\" srcset=\"https:\/\/bergamatiyatrofestivali.com\/wp-content\/uploads\/2024\/08\/Dokuma-ve-Nakislarin-Mitolojik-ve-Sembolik-Dili_post-5-scaled.jpg 2560w, https:\/\/bergamatiyatrofestivali.com\/wp-content\/uploads\/2024\/08\/Dokuma-ve-Nakislarin-Mitolojik-ve-Sembolik-Dili_post-5-300x300.jpg 300w, https:\/\/bergamatiyatrofestivali.com\/wp-content\/uploads\/2024\/08\/Dokuma-ve-Nakislarin-Mitolojik-ve-Sembolik-Dili_post-5-1030x1030.jpg 1030w, https:\/\/bergamatiyatrofestivali.com\/wp-content\/uploads\/2024\/08\/Dokuma-ve-Nakislarin-Mitolojik-ve-Sembolik-Dili_post-5-80x80.jpg 80w, https:\/\/bergamatiyatrofestivali.com\/wp-content\/uploads\/2024\/08\/Dokuma-ve-Nakislarin-Mitolojik-ve-Sembolik-Dili_post-5-768x768.jpg 768w, https:\/\/bergamatiyatrofestivali.com\/wp-content\/uploads\/2024\/08\/Dokuma-ve-Nakislarin-Mitolojik-ve-Sembolik-Dili_post-5-1536x1536.jpg 1536w, https:\/\/bergamatiyatrofestivali.com\/wp-content\/uploads\/2024\/08\/Dokuma-ve-Nakislarin-Mitolojik-ve-Sembolik-Dili_post-5-2048x2048.jpg 2048w, https:\/\/bergamatiyatrofestivali.com\/wp-content\/uploads\/2024\/08\/Dokuma-ve-Nakislarin-Mitolojik-ve-Sembolik-Dili_post-5-12x12.jpg 12w, https:\/\/bergamatiyatrofestivali.com\/wp-content\/uploads\/2024\/08\/Dokuma-ve-Nakislarin-Mitolojik-ve-Sembolik-Dili_post-5-36x36.jpg 36w, https:\/\/bergamatiyatrofestivali.com\/wp-content\/uploads\/2024\/08\/Dokuma-ve-Nakislarin-Mitolojik-ve-Sembolik-Dili_post-5-180x180.jpg 180w, https:\/\/bergamatiyatrofestivali.com\/wp-content\/uploads\/2024\/08\/Dokuma-ve-Nakislarin-Mitolojik-ve-Sembolik-Dili_post-5-1500x1500.jpg 1500w, https:\/\/bergamatiyatrofestivali.com\/wp-content\/uploads\/2024\/08\/Dokuma-ve-Nakislarin-Mitolojik-ve-Sembolik-Dili_post-5-705x705.jpg 705w\" sizes=\"(max-width: 2560px) 100vw, 2560px\" \/><\/div><\/div><\/div><br \/>\n<section class=\"av_textblock_section\"  itemscope=\"itemscope\" itemtype=\"https:\/\/schema.org\/CreativeWork\" ><div class='avia_textblock  av_inherit_color'  style='color:#1d1d1b; '  itemprop=\"text\" ><h2><strong>Dokuma ve Nak\u0131\u015flar\u0131n Mitolojik ve Sembolik Dili<\/strong><\/h2>\n<h4><span style=\"font-weight: 400;\">10 A\u011fustos\/August Cumartesi-Saturday, 14:30- 15:30<\/span><\/h4>\n<h5><span style=\"font-weight: 400;\">Arasta<\/span><\/h5>\n<\/div><\/section><br \/>\n<div  class='hr av-578o5x-e81847a4cb4a9bc272bf8a5d46cdedcf hr-default  avia-builder-el-3  el_after_av_textblock  avia-builder-el-last'><span class='hr-inner'><span class=\"hr-inner-style\"><\/span><\/span><\/div><\/p><\/div><div class='flex_column av-3so41h-0e4fbf300e066135e57e4f7bf6f0d1c8 av_one_half  avia-builder-el-4  el_after_av_one_half  avia-builder-el-last  flex_column_div'   ><section class=\"av_textblock_section\"  itemscope=\"itemscope\" itemtype=\"https:\/\/schema.org\/CreativeWork\" ><div class='avia_textblock  av_inherit_color'  style='color:#1d1d1b; '  itemprop=\"text\" ><p><b>Dokuma ve Nak\u0131\u015flar\u0131n Mitolojik ve Sembolik Dili<\/b><\/p>\n<p><b>Uygulamal\u0131 Dokuma ve \u00c7\u00f6z\u00fcmleme At\u00f6lyesi<\/b><\/p>\n<p><b>Etkinlik Tarihi ve Saati\/Date and Time<\/b><span style=\"font-weight: 400;\"> 10.08.2024 \/ 14:30 \u2013 15:30<\/span><\/p>\n<p><b>Etkinlik Mek\u00e2n\u0131\/Venue<\/b><span style=\"font-weight: 400;\"> Arasta<\/span><\/p>\n<p><b>\u00dccretsiz Etkinlik \/Free Event<\/b><\/p>\n<p><span style=\"font-weight: 400;\">Bu at\u00f6lyede Bergama y\u00f6resinin \u2018K\u0131zbergama\u2019 hal\u0131s\u0131n\u0131 dokuyan usta dokumac\u0131lar\u0131 izleyip hal\u0131 dokumay\u0131 deneyimlerken evrenin kozmik ipine tutunup mitolojilerde kad\u0131n\u0131n d\u00fcnyay\u0131 dokumas\u0131na dair hikayeler anlataca\u011f\u0131z. Dokurken y\u00fcre\u011fe de dokunan kad\u0131nlar\u0131n mit ve efsanelere konu olmu\u015f hikayelerini payla\u015faca\u011f\u0131z. \u0130pler b\u00fck\u00fcl\u00fcp dokuma ve nak\u0131\u015flar i\u015flendik\u00e7e motif motif bir dil dokunur.\u00a0<\/span><\/p>\n<p><span style=\"font-weight: 400;\">Arakhne, Philomela, \u00c7in&#8217;in dokumac\u0131 k\u0131z\u0131n\u0131n ve \u2018K\u0131zbergama\u2019 hal\u0131s\u0131n\u0131 dokuyan bahts\u0131z k\u0131z\u0131n s\u00f6yleyemedi\u011fi,\u00a0 anlatamad\u0131\u011f\u0131 ne varsa dile getiren bir dil dokunur,\u00a0<\/span><\/p>\n<p><span style=\"font-weight: 400;\">Anlat\u0131lmayan\u0131 anlatan<\/span><\/p>\n<p><span style=\"font-weight: 400;\">Susulan\u0131 s\u00f6yleyen&#8230;<\/span><\/p>\n<p><span style=\"font-weight: 400;\">In this workshop, while observing master weavers crafting the \u2018K\u0131zbergama\u2019 carpet from the Bergama region and experiencing carpet weaving ourselves, we will hold on to the cosmic thread of the universe and share stories about women weaving the world in mythology. We will share the mythological and legendary tales of women who have touched the heart while weaving. As the threads are twisted and woven, and embroideries are crafted, a language emerges motif by motif. A language that gives voice to what Arakhne, Philomela, the weaving girl of China, and the unfortunate girl weaving the \u2018K\u0131zbergama\u2019 carpet could not express,\u00a0<\/span><\/p>\n<p><span style=\"font-weight: 400;\">Telling the untold\u00a0<\/span><\/p>\n<p><span style=\"font-weight: 400;\">Voicing the unspoken &#8230;<\/span><\/p>\n<p><b>Y\u00fcr\u00fct\u00fcc\u00fc Ki\u015filer\/ Executives:<\/b><span style=\"font-weight: 400;\"> Prof. Dr. P\u0131nar Fedakar<\/span><\/p>\n<p><span style=\"font-weight: 400;\">\u00a0 \u00a0 \u00a0 \u00a0 \u00a0 \u00a0 \u00a0 \u00a0 \u00a0 \u00a0 \u00a0 \u00a0 \u00a0 \u00a0 \u00a0 \u00a0 \u00a0 \u00a0 \u00a0 \u00a0 \u00a0 \u00a0 \u00a0 \u00a0 \u00a0 \u00a0 \u00a0 \u00a0 \u00a0 \u00a0 \u00a0 \u00a0Damla Saydam \u00c7izme<\/span><\/p>\n<p><b>S\u00fcre\/ Duration of Event:<\/b><span style=\"font-weight: 400;\"> 60 dk \/ 60 min<\/span><\/p>\n<\/div><\/section><\/div><\/p>","protected":false},"excerpt":{"rendered":"","protected":false},"author":2,"featured_media":0,"parent":0,"menu_order":0,"comment_status":"closed","ping_status":"closed","template":"","meta":{"footnotes":""},"class_list":["post-4530","page","type-page","status-publish","hentry"],"_links":{"self":[{"href":"https:\/\/bergamatiyatrofestivali.com\/en\/wp-json\/wp\/v2\/pages\/4530","targetHints":{"allow":["GET"]}}],"collection":[{"href":"https:\/\/bergamatiyatrofestivali.com\/en\/wp-json\/wp\/v2\/pages"}],"about":[{"href":"https:\/\/bergamatiyatrofestivali.com\/en\/wp-json\/wp\/v2\/types\/page"}],"author":[{"embeddable":true,"href":"https:\/\/bergamatiyatrofestivali.com\/en\/wp-json\/wp\/v2\/users\/2"}],"replies":[{"embeddable":true,"href":"https:\/\/bergamatiyatrofestivali.com\/en\/wp-json\/wp\/v2\/comments?post=4530"}],"version-history":[{"count":5,"href":"https:\/\/bergamatiyatrofestivali.com\/en\/wp-json\/wp\/v2\/pages\/4530\/revisions"}],"predecessor-version":[{"id":4623,"href":"https:\/\/bergamatiyatrofestivali.com\/en\/wp-json\/wp\/v2\/pages\/4530\/revisions\/4623"}],"wp:attachment":[{"href":"https:\/\/bergamatiyatrofestivali.com\/en\/wp-json\/wp\/v2\/media?parent=4530"}],"curies":[{"name":"wp","href":"https:\/\/api.w.org\/{rel}","templated":true}]}}