{"id":4527,"date":"2024-08-07T21:21:05","date_gmt":"2024-08-07T18:21:05","guid":{"rendered":"https:\/\/bergamatiyatrofestivali.com\/?page_id=4527"},"modified":"2024-08-08T14:07:19","modified_gmt":"2024-08-08T11:07:19","slug":"hic-kimsenin-oykusu","status":"publish","type":"page","link":"https:\/\/bergamatiyatrofestivali.com\/en\/hic-kimsenin-oykusu\/","title":{"rendered":"Hi\u00e7 Kimsenin \u00d6yk\u00fcs\u00fc"},"content":{"rendered":"<div class='flex_column av-8ra5it-7e829cb4e37498c31b1d3b088ac2ea15 av_one_half  avia-builder-el-0  el_before_av_one_half  avia-builder-el-first  first flex_column_div'   ><p>\n<style type=\"text\/css\" data-created_by=\"avia_inline_auto\" id=\"style-css-av-7wntvp-1244a9762d378618d1a85e07f2acdc94\">\n.avia-image-container.av-7wntvp-1244a9762d378618d1a85e07f2acdc94 .av-image-caption-overlay-center{\ncolor:#ffffff;\n}\n<\/style>\n<div  class='avia-image-container av-7wntvp-1244a9762d378618d1a85e07f2acdc94 av-styling- avia-align-center  avia-builder-el-1  el_before_av_textblock  avia-builder-el-first'  itemprop=\"image\" itemscope=\"itemscope\" itemtype=\"https:\/\/schema.org\/ImageObject\" ><div class=\"avia-image-container-inner\"><div class=\"avia-image-overlay-wrap\"><img decoding=\"async\" class='wp-image-4528 avia-img-lazy-loading-not-4528 avia_image' src=\"https:\/\/bergamatiyatrofestivali.com\/wp-content\/uploads\/2024\/08\/Hic-Kimsenin-Oykusu_post-2-scaled.jpg\" alt='' title='Hic\u0327 Kimsenin O\u0308yku\u0308su\u0308_post (2)'  height=\"2560\" width=\"2560\"  itemprop=\"thumbnailUrl\" srcset=\"https:\/\/bergamatiyatrofestivali.com\/wp-content\/uploads\/2024\/08\/Hic-Kimsenin-Oykusu_post-2-scaled.jpg 2560w, https:\/\/bergamatiyatrofestivali.com\/wp-content\/uploads\/2024\/08\/Hic-Kimsenin-Oykusu_post-2-300x300.jpg 300w, https:\/\/bergamatiyatrofestivali.com\/wp-content\/uploads\/2024\/08\/Hic-Kimsenin-Oykusu_post-2-1030x1030.jpg 1030w, https:\/\/bergamatiyatrofestivali.com\/wp-content\/uploads\/2024\/08\/Hic-Kimsenin-Oykusu_post-2-80x80.jpg 80w, https:\/\/bergamatiyatrofestivali.com\/wp-content\/uploads\/2024\/08\/Hic-Kimsenin-Oykusu_post-2-768x768.jpg 768w, https:\/\/bergamatiyatrofestivali.com\/wp-content\/uploads\/2024\/08\/Hic-Kimsenin-Oykusu_post-2-1536x1536.jpg 1536w, https:\/\/bergamatiyatrofestivali.com\/wp-content\/uploads\/2024\/08\/Hic-Kimsenin-Oykusu_post-2-2048x2048.jpg 2048w, https:\/\/bergamatiyatrofestivali.com\/wp-content\/uploads\/2024\/08\/Hic-Kimsenin-Oykusu_post-2-12x12.jpg 12w, https:\/\/bergamatiyatrofestivali.com\/wp-content\/uploads\/2024\/08\/Hic-Kimsenin-Oykusu_post-2-36x36.jpg 36w, https:\/\/bergamatiyatrofestivali.com\/wp-content\/uploads\/2024\/08\/Hic-Kimsenin-Oykusu_post-2-180x180.jpg 180w, https:\/\/bergamatiyatrofestivali.com\/wp-content\/uploads\/2024\/08\/Hic-Kimsenin-Oykusu_post-2-1500x1500.jpg 1500w, https:\/\/bergamatiyatrofestivali.com\/wp-content\/uploads\/2024\/08\/Hic-Kimsenin-Oykusu_post-2-705x705.jpg 705w\" sizes=\"(max-width: 2560px) 100vw, 2560px\" \/><\/div><\/div><\/div><br \/>\n<section class=\"av_textblock_section\"  itemscope=\"itemscope\" itemtype=\"https:\/\/schema.org\/CreativeWork\" ><div class='avia_textblock  av_inherit_color'  style='color:#1d1d1b; '  itemprop=\"text\" ><h2><strong>Hi\u00e7 Kimsenin \u00d6yk\u00fcs\u00fc<\/strong><\/h2>\n<h4><span style=\"font-weight: 400;\">10 A\u011fustos\/August Cumartesi-Saturday, 12:00<\/span><\/h4>\n<h5><span style=\"font-weight: 400;\">BerKM - Bergama Cultural Center<\/span><\/h5>\n<\/div><\/section><br \/>\n<div  class='hr av-578o5x-e81847a4cb4a9bc272bf8a5d46cdedcf hr-default  avia-builder-el-3  el_after_av_textblock  avia-builder-el-last'><span class='hr-inner'><span class=\"hr-inner-style\"><\/span><\/span><\/div><\/p><\/div><div class='flex_column av-3so41h-0e4fbf300e066135e57e4f7bf6f0d1c8 av_one_half  avia-builder-el-4  el_after_av_one_half  avia-builder-el-last  flex_column_div'   ><p><section class=\"av_textblock_section\"  itemscope=\"itemscope\" itemtype=\"https:\/\/schema.org\/CreativeWork\" ><div class='avia_textblock  av_inherit_color'  style='color:#1d1d1b; '  itemprop=\"text\" ><p><b>Hi\u00e7 Kimsenin \u00d6yk\u00fcs\u00fc\/ The Story of No One<\/b><\/p>\n<p><b>Oyun Tarihi ve Saati\/Date and Time<\/b><span style=\"font-weight: 400;\"> 10.08.2024 \/ 12:00\u00a0<\/span><\/p>\n<p><b>Oyun Mek\u00e2n\u0131\/Venue<\/b><span style=\"font-weight: 400;\"> BerKM - Bergama Cultural Center<\/span><\/p>\n<p><b>\u00dccretsiz Etkinlik \/Free Event<\/b><\/p>\n<p><span style=\"font-weight: 400;\">Toplumlar\u0131 do\u011frudan etkileyen, b\u00fcy\u00fck buhranlara neden olan sava\u015flar\u0131n, bir say\u0131sal veriden ibaret g\u00f6rd\u00fc\u011f\u00fc birey \u00fczerindeki y\u0131k\u0131m t\u00fcm \u00e7\u0131plakl\u0131\u011f\u0131yla g\u00f6zler \u00f6n\u00fcne seriliyor. Sava\u015f\u0131n ard\u0131ndan yeni bir ya\u015fam\u0131n umudunu kalplerinde hen\u00fcz ye\u015fertirken \u015fahit olduklar\u0131 bir\u00e7ok \u00f6l\u00fcmle \u00e7oktan ya\u015famdan vazge\u00e7tikleriyle y\u00fczle\u015fiyor karakterler. T\u0131pk\u0131 bug\u00fcn\u00fcn insan\u0131 gibi. Her bir hayati zorlu\u011fun ard\u0131ndan \u00e7\u0131k\u0131lan d\u00fczl\u00fck yeni bir yoku\u015fun habercisidir bug\u00fcnlerde. \u0130nsan varl\u0131\u011f\u0131n\u0131 sorgularken yok olmakla kar\u015f\u0131 kar\u015f\u0131yad\u0131r. Bu \u00f6yk\u00fc bu y\u00fczden hepimizin, asl\u0131nda \u201cHi\u00e7 Kimsenin \u00d6yk\u00fcs\u00fc\u201d.<\/span><\/p>\n<p><span style=\"font-weight: 400;\">\u2014&#8212;&#8212;&#8212;&#8212;&#8212;<\/span><\/p>\n<p><span style=\"font-weight: 400;\">The devastation on the individual, whom wars, which directly affect societies and cause great depressions, are seen as mere numerical data, is revealed in all its nakedness. While the hope of a new life is still growing in their hearts after the war, the characters face the fact that they have already given up on life due to the many deaths they have witnessed. Just like people today. These days, the plateau reached after each vital difficulty heralds a new slope. While human beings question their existence, they face extinction. That&#8217;s why this story is the story of all of us, actually &#8220;Nobody&#8217;s Story&#8221;.<\/span><\/p>\n<p><b>Yazan \/ Written by:<\/b><span style=\"font-weight: 400;\"> ERD\u0130 MAM\u0130KO\u011eLU\u00a0<\/span><\/p>\n<p><b>Y\u00f6neten \/ Directed by:<\/b><span style=\"font-weight: 400;\"> ANIL ALKAN<\/span><\/p>\n<p><b>Dramaturg \/ Dramaturg:<\/b><span style=\"font-weight: 400;\"> EDA NUR SOLAKLI<\/span><\/p>\n<p><b>Oyuncular \/ Performers<\/b><span style=\"font-weight: 400;\">: ANIL ALKAN, DO\u011eAN \u00dcST\u00dcNYAVUZ<\/span><\/p>\n<p><b>Teknik \/ Technic<\/b><span style=\"font-weight: 400;\">: ERKAN EDREM\u0130T, AHMET D\u0130NDAR<\/span><\/p>\n<p><b>Dekor ve Kost\u00fcm Tasar\u0131m\u0131 \/ Stage and Costume Design<\/b><span style=\"font-weight: 400;\">: BURCU \u015eAMLI<\/span><\/p>\n<p><b>Afi\u015f \/ Poster Design:<\/b><span style=\"font-weight: 400;\"> BURCU \u015eAMLI<\/span><\/p>\n<p><b>Yap\u0131m\/ Production:<\/b><span style=\"font-weight: 400;\"> Tiyatro K\u00d6K35<\/span><\/p>\n<p><b>Ya\u015f S\u0131n\u0131r\u0131 \/ Age Limit:<\/b><span style=\"font-weight: 400;\"> 13+<\/span><\/p>\n<p><b>S\u00fcre\/ Duration of Play:<\/b><span style=\"font-weight: 400;\"> 60 dk\/60 min.<\/span><\/p>\n<\/div><\/section><br \/>\n<div  class='hr av-1wgwp1-f5130e919114f14680027791788fe141 hr-default  avia-builder-el-6  el_after_av_textblock  avia-builder-el-last'><span class='hr-inner'><span class=\"hr-inner-style\"><\/span><\/span><\/div><\/p><\/div><\/p>","protected":false},"excerpt":{"rendered":"","protected":false},"author":2,"featured_media":0,"parent":0,"menu_order":0,"comment_status":"closed","ping_status":"closed","template":"","meta":{"footnotes":""},"class_list":["post-4527","page","type-page","status-publish","hentry"],"_links":{"self":[{"href":"https:\/\/bergamatiyatrofestivali.com\/en\/wp-json\/wp\/v2\/pages\/4527","targetHints":{"allow":["GET"]}}],"collection":[{"href":"https:\/\/bergamatiyatrofestivali.com\/en\/wp-json\/wp\/v2\/pages"}],"about":[{"href":"https:\/\/bergamatiyatrofestivali.com\/en\/wp-json\/wp\/v2\/types\/page"}],"author":[{"embeddable":true,"href":"https:\/\/bergamatiyatrofestivali.com\/en\/wp-json\/wp\/v2\/users\/2"}],"replies":[{"embeddable":true,"href":"https:\/\/bergamatiyatrofestivali.com\/en\/wp-json\/wp\/v2\/comments?post=4527"}],"version-history":[{"count":4,"href":"https:\/\/bergamatiyatrofestivali.com\/en\/wp-json\/wp\/v2\/pages\/4527\/revisions"}],"predecessor-version":[{"id":4582,"href":"https:\/\/bergamatiyatrofestivali.com\/en\/wp-json\/wp\/v2\/pages\/4527\/revisions\/4582"}],"wp:attachment":[{"href":"https:\/\/bergamatiyatrofestivali.com\/en\/wp-json\/wp\/v2\/media?parent=4527"}],"curies":[{"name":"wp","href":"https:\/\/api.w.org\/{rel}","templated":true}]}}