{"id":4521,"date":"2024-08-07T20:22:27","date_gmt":"2024-08-07T17:22:27","guid":{"rendered":"https:\/\/bergamatiyatrofestivali.com\/?page_id=4521"},"modified":"2024-08-08T15:06:55","modified_gmt":"2024-08-08T12:06:55","slug":"kendi-afisini-tasarla","status":"publish","type":"page","link":"https:\/\/bergamatiyatrofestivali.com\/en\/kendi-afisini-tasarla\/","title":{"rendered":"Kendi Afi\u015fini Tasarla"},"content":{"rendered":"<div class='flex_column av-8ra5it-7e829cb4e37498c31b1d3b088ac2ea15 av_one_half  avia-builder-el-0  el_before_av_one_half  avia-builder-el-first  first flex_column_div'   ><p>\n<style type=\"text\/css\" data-created_by=\"avia_inline_auto\" id=\"style-css-av-7wntvp-b0451204b5f90cfcdac810c48f5122d0\">\n.avia-image-container.av-7wntvp-b0451204b5f90cfcdac810c48f5122d0 .av-image-caption-overlay-center{\ncolor:#ffffff;\n}\n<\/style>\n<div  class='avia-image-container av-7wntvp-b0451204b5f90cfcdac810c48f5122d0 av-styling- avia-align-center  avia-builder-el-1  el_before_av_textblock  avia-builder-el-first'  itemprop=\"image\" itemscope=\"itemscope\" itemtype=\"https:\/\/schema.org\/ImageObject\" ><div class=\"avia-image-container-inner\"><div class=\"avia-image-overlay-wrap\"><img decoding=\"async\" class='wp-image-4522 avia-img-lazy-loading-not-4522 avia_image' src=\"https:\/\/bergamatiyatrofestivali.com\/wp-content\/uploads\/2024\/08\/Kendi-Afisini-Tasarla_post-1-scaled.jpg\" alt='' title='Kendi Afi\u015fini Tasarla_post (1)'  height=\"2560\" width=\"2560\"  itemprop=\"thumbnailUrl\" srcset=\"https:\/\/bergamatiyatrofestivali.com\/wp-content\/uploads\/2024\/08\/Kendi-Afisini-Tasarla_post-1-scaled.jpg 2560w, https:\/\/bergamatiyatrofestivali.com\/wp-content\/uploads\/2024\/08\/Kendi-Afisini-Tasarla_post-1-300x300.jpg 300w, https:\/\/bergamatiyatrofestivali.com\/wp-content\/uploads\/2024\/08\/Kendi-Afisini-Tasarla_post-1-1030x1030.jpg 1030w, https:\/\/bergamatiyatrofestivali.com\/wp-content\/uploads\/2024\/08\/Kendi-Afisini-Tasarla_post-1-80x80.jpg 80w, https:\/\/bergamatiyatrofestivali.com\/wp-content\/uploads\/2024\/08\/Kendi-Afisini-Tasarla_post-1-768x768.jpg 768w, https:\/\/bergamatiyatrofestivali.com\/wp-content\/uploads\/2024\/08\/Kendi-Afisini-Tasarla_post-1-1536x1536.jpg 1536w, https:\/\/bergamatiyatrofestivali.com\/wp-content\/uploads\/2024\/08\/Kendi-Afisini-Tasarla_post-1-2048x2048.jpg 2048w, https:\/\/bergamatiyatrofestivali.com\/wp-content\/uploads\/2024\/08\/Kendi-Afisini-Tasarla_post-1-12x12.jpg 12w, https:\/\/bergamatiyatrofestivali.com\/wp-content\/uploads\/2024\/08\/Kendi-Afisini-Tasarla_post-1-36x36.jpg 36w, https:\/\/bergamatiyatrofestivali.com\/wp-content\/uploads\/2024\/08\/Kendi-Afisini-Tasarla_post-1-180x180.jpg 180w, https:\/\/bergamatiyatrofestivali.com\/wp-content\/uploads\/2024\/08\/Kendi-Afisini-Tasarla_post-1-1500x1500.jpg 1500w, https:\/\/bergamatiyatrofestivali.com\/wp-content\/uploads\/2024\/08\/Kendi-Afisini-Tasarla_post-1-705x705.jpg 705w\" sizes=\"(max-width: 2560px) 100vw, 2560px\" \/><\/div><\/div><\/div><br \/>\n<section class=\"av_textblock_section\"  itemscope=\"itemscope\" itemtype=\"https:\/\/schema.org\/CreativeWork\" ><div class='avia_textblock  av_inherit_color'  style='color:#1d1d1b; '  itemprop=\"text\" ><h2><strong>Kendi Afi\u015fini Tasarla<\/strong><\/h2>\n<h4><span style=\"font-weight: 400;\">10 A\u011fustos\/August Cumartesi-Friday, 11:30<\/span><\/h4>\n<h4><span style=\"font-weight: 400;\">11 A\u011fustos\/August Pazar-Sunday, 11:30<\/span><\/h4>\n<h5>Arasta<\/h5>\n<\/div><\/section><br \/>\n<div  class='hr av-578o5x-e81847a4cb4a9bc272bf8a5d46cdedcf hr-default  avia-builder-el-3  el_after_av_textblock  avia-builder-el-last'><span class='hr-inner'><span class=\"hr-inner-style\"><\/span><\/span><\/div><\/p><\/div><div class='flex_column av-3so41h-0e4fbf300e066135e57e4f7bf6f0d1c8 av_one_half  avia-builder-el-4  el_after_av_one_half  avia-builder-el-last  flex_column_div'   ><p><section class=\"av_textblock_section\"  itemscope=\"itemscope\" itemtype=\"https:\/\/schema.org\/CreativeWork\" ><div class='avia_textblock  av_inherit_color'  style='color:#1d1d1b; '  itemprop=\"text\" ><p><b>Kendi Afi\u015fini Tasarla<\/b><\/p>\n<p><b>Etkinlik Tarihi ve Saati\/Date and Time<\/b><span style=\"font-weight: 400;\"> 10.08.2024 &#8211; 11:30 \/ 11.08.2024 &#8211; 11:30<\/span><\/p>\n<p><b>Etkinlik Mek\u00e2n\u0131\/Venue<\/b><span style=\"font-weight: 400;\"> Arasta<\/span><\/p>\n<p><span style=\"font-weight: 400;\">Etkinlik S\u00fcresi: 30 Dakika \/ 30 Minutes<\/span><\/p>\n<p><b>\u00dccretsiz Etkinlik \/Free Event<\/b><\/p>\n<p><span style=\"font-weight: 400;\">\u201cKendini Arayan Z\u00fcrafa\u201d, oyununu seyrettikten sonra herkes kendi afi\u015fini \u00fcretiyor!<\/span><\/p>\n<p><span style=\"font-weight: 400;\">Resim at\u00f6lyesi ya\u015f gruplar\u0131na ve ifade ihtiya\u00e7lar\u0131na g\u00f6re uygulat\u0131c\u0131 taraf\u0131ndan \u00e7e\u015fitlendirilir.<\/span><\/p>\n<p><span style=\"font-weight: 400;\">Kazan\u0131mlar:<\/span><\/p>\n<p><span style=\"font-weight: 400;\">-Masaldaki yap\u0131land\u0131r\u0131c\u0131 unsurlar\u0131n peki\u015ftirilmesi<\/span><\/p>\n<p><span style=\"font-weight: 400;\">-Peki\u015ftirmelerde ifadeye yer verilmesi<\/span><\/p>\n<p><span style=\"font-weight: 400;\">-G\u00fcvenilir ve \u00f6zg\u00fcr ifade alanlar\u0131n\u0131n \u00e7e\u015fitlenmesi (oyun oynayarak, resim \u00e7izerek)<\/span><\/p>\n<p><span style=\"font-weight: 400;\">&#8220;The Giraffe Looking for Itself&#8221;: After watching the play, everyone creates their poster! The painting workshop is diversified by the facilitator according to age groups and expression needs.<\/span><\/p>\n<p><span style=\"font-weight: 400;\">Gains:<\/span><\/p>\n<p><span style=\"font-weight: 400;\">Reinforcement of constructive elements in the story<\/span><\/p>\n<p><span style=\"font-weight: 400;\">Inclusion of expression in reinforcements<\/span><\/p>\n<p><span style=\"font-weight: 400;\">Diversification of reliable and free expression spaces (through playing games, drawing pictures)<\/span><\/p>\n<\/div><\/section><br \/>\n<div  class='hr av-1wgwp1-f5130e919114f14680027791788fe141 hr-default  avia-builder-el-6  el_after_av_textblock  avia-builder-el-last'><span class='hr-inner'><span class=\"hr-inner-style\"><\/span><\/span><\/div><\/p><\/div><\/p>","protected":false},"excerpt":{"rendered":"","protected":false},"author":2,"featured_media":0,"parent":0,"menu_order":0,"comment_status":"closed","ping_status":"closed","template":"","meta":{"footnotes":""},"class_list":["post-4521","page","type-page","status-publish","hentry"],"_links":{"self":[{"href":"https:\/\/bergamatiyatrofestivali.com\/en\/wp-json\/wp\/v2\/pages\/4521","targetHints":{"allow":["GET"]}}],"collection":[{"href":"https:\/\/bergamatiyatrofestivali.com\/en\/wp-json\/wp\/v2\/pages"}],"about":[{"href":"https:\/\/bergamatiyatrofestivali.com\/en\/wp-json\/wp\/v2\/types\/page"}],"author":[{"embeddable":true,"href":"https:\/\/bergamatiyatrofestivali.com\/en\/wp-json\/wp\/v2\/users\/2"}],"replies":[{"embeddable":true,"href":"https:\/\/bergamatiyatrofestivali.com\/en\/wp-json\/wp\/v2\/comments?post=4521"}],"version-history":[{"count":7,"href":"https:\/\/bergamatiyatrofestivali.com\/en\/wp-json\/wp\/v2\/pages\/4521\/revisions"}],"predecessor-version":[{"id":4558,"href":"https:\/\/bergamatiyatrofestivali.com\/en\/wp-json\/wp\/v2\/pages\/4521\/revisions\/4558"}],"wp:attachment":[{"href":"https:\/\/bergamatiyatrofestivali.com\/en\/wp-json\/wp\/v2\/media?parent=4521"}],"curies":[{"name":"wp","href":"https:\/\/api.w.org\/{rel}","templated":true}]}}