{"id":4518,"date":"2024-08-07T20:11:48","date_gmt":"2024-08-07T17:11:48","guid":{"rendered":"https:\/\/bergamatiyatrofestivali.com\/?page_id=4518"},"modified":"2024-08-08T14:57:55","modified_gmt":"2024-08-08T11:57:55","slug":"doganin-gozyasi","status":"publish","type":"page","link":"https:\/\/bergamatiyatrofestivali.com\/en\/doganin-gozyasi\/","title":{"rendered":"Do\u011fan\u0131n G\u00f6zya\u015f\u0131"},"content":{"rendered":"<div class='flex_column av-8ra5it-7e829cb4e37498c31b1d3b088ac2ea15 av_one_half  avia-builder-el-0  el_before_av_one_half  avia-builder-el-first  first flex_column_div'   ><p>\n<style type=\"text\/css\" data-created_by=\"avia_inline_auto\" id=\"style-css-av-7wntvp-955696d73d9fbe7f0d7a9e3ec0c8ef3a\">\n.avia-image-container.av-7wntvp-955696d73d9fbe7f0d7a9e3ec0c8ef3a .av-image-caption-overlay-center{\ncolor:#ffffff;\n}\n<\/style>\n<div  class='avia-image-container av-7wntvp-955696d73d9fbe7f0d7a9e3ec0c8ef3a av-styling- avia-align-center  avia-builder-el-1  el_before_av_textblock  avia-builder-el-first'  itemprop=\"image\" itemscope=\"itemscope\" itemtype=\"https:\/\/schema.org\/ImageObject\" ><div class=\"avia-image-container-inner\"><div class=\"avia-image-overlay-wrap\"><img decoding=\"async\" class='wp-image-4570 avia-img-lazy-loading-not-4570 avia_image' src=\"https:\/\/bergamatiyatrofestivali.com\/wp-content\/uploads\/2024\/08\/doganin-goz-yasi_yatay-5-1-1030x579.jpg\" alt='' title='dog\u0306an\u0131n-go\u0308z-yas\u0327\u0131_yatay (5) (1)'  height=\"579\" width=\"1030\"  itemprop=\"thumbnailUrl\" srcset=\"https:\/\/bergamatiyatrofestivali.com\/wp-content\/uploads\/2024\/08\/doganin-goz-yasi_yatay-5-1-1030x579.jpg 1030w, https:\/\/bergamatiyatrofestivali.com\/wp-content\/uploads\/2024\/08\/doganin-goz-yasi_yatay-5-1-300x169.jpg 300w, https:\/\/bergamatiyatrofestivali.com\/wp-content\/uploads\/2024\/08\/doganin-goz-yasi_yatay-5-1-768x432.jpg 768w, https:\/\/bergamatiyatrofestivali.com\/wp-content\/uploads\/2024\/08\/doganin-goz-yasi_yatay-5-1-1536x863.jpg 1536w, https:\/\/bergamatiyatrofestivali.com\/wp-content\/uploads\/2024\/08\/doganin-goz-yasi_yatay-5-1-18x10.jpg 18w, https:\/\/bergamatiyatrofestivali.com\/wp-content\/uploads\/2024\/08\/doganin-goz-yasi_yatay-5-1-1500x843.jpg 1500w, https:\/\/bergamatiyatrofestivali.com\/wp-content\/uploads\/2024\/08\/doganin-goz-yasi_yatay-5-1-705x396.jpg 705w, https:\/\/bergamatiyatrofestivali.com\/wp-content\/uploads\/2024\/08\/doganin-goz-yasi_yatay-5-1.jpg 1948w\" sizes=\"(max-width: 1030px) 100vw, 1030px\" \/><\/div><\/div><\/div><br \/>\n<section class=\"av_textblock_section\"  itemscope=\"itemscope\" itemtype=\"https:\/\/schema.org\/CreativeWork\" ><div class='avia_textblock  av_inherit_color'  style='color:#1d1d1b; '  itemprop=\"text\" ><h2><strong>Do\u011fan\u0131n G\u00f6zya\u015f\u0131<\/strong><\/h2>\n<h4><span style=\"font-weight: 400;\">09 A\u011fustos\/August Cuma-Friday, 17:30<\/span><\/h4>\n<h5>Arasta<\/h5>\n<\/div><\/section><br \/>\n<div  class='hr av-578o5x-e81847a4cb4a9bc272bf8a5d46cdedcf hr-default  avia-builder-el-3  el_after_av_textblock  avia-builder-el-last'><span class='hr-inner'><span class=\"hr-inner-style\"><\/span><\/span><\/div><\/p><\/div><div class='flex_column av-3so41h-0e4fbf300e066135e57e4f7bf6f0d1c8 av_one_half  avia-builder-el-4  el_after_av_one_half  avia-builder-el-last  flex_column_div'   ><p><section class=\"av_textblock_section\"  itemscope=\"itemscope\" itemtype=\"https:\/\/schema.org\/CreativeWork\" ><div class='avia_textblock  av_inherit_color'  style='color:#1d1d1b; '  itemprop=\"text\" ><p><span style=\"font-weight: 400;\">Kozak Yaylas\u0131n\u0131n &#8221;f\u0131st\u0131k&#8221; zengini olan Yukar\u0131bey K\u00f6y\u00fc Kad\u0131nlar\u0131 bu oyunda definecilerin alt\u0131n h\u0131rs\u0131na kar\u015f\u0131 ya\u015fad\u0131klar\u0131n\u0131 kaleme ald\u0131lar. Oyunun ad\u0131 \u201cDo\u011fan\u0131n G\u00f6zya\u015f\u0131\u201d. Bu oyun Ege&#8217;nin d\u00f6rt bir yan\u0131ndan tiyatro severleri g\u00f6zya\u015flar\u0131na ortak olmaya ve hep birlikte \u00e7are, \u00e7\u00f6z\u00fcm aramaya davet ediyor.<\/span><\/p>\n<p>&#8212;&#8212;&#8212;&#8212;-<\/p>\n<p><span style=\"font-weight: 400;\">The women of Yukar\u0131bey Village, enriched by the pine nuts of Kozak Plateau, have penned their experiences against the gold lust of treasure hunters in this play. Titled &#8220;Tears of Nature,&#8221; this play invites theater enthusiasts from across the Aegean region to share in the tears and collectively seek solutions and remedies.<\/span><\/p>\n<\/div><\/section><br \/>\n<div  class='hr av-1wgwp1-f5130e919114f14680027791788fe141 hr-default  avia-builder-el-6  el_after_av_textblock  el_before_av_textblock'><span class='hr-inner'><span class=\"hr-inner-style\"><\/span><\/span><\/div><br \/>\n<section class=\"av_textblock_section\"  itemscope=\"itemscope\" itemtype=\"https:\/\/schema.org\/CreativeWork\" ><div class='avia_textblock  av_inherit_color'  style='color:#1d1d1b; '  itemprop=\"text\" ><p><b>Oyun Tarihi ve Saati\/Date and Time<\/b><span style=\"font-weight: 400;\"> 09.08.2024 \/ 17:30 -18:30<\/span><\/p>\n<p><b>Oyun Mek\u00e2n\u0131\/Venue<\/b><span style=\"font-weight: 400;\"> Arasta<\/span><\/p>\n<p><b>\u00dccretsiz Etkinlik \/Free Event<\/b><\/p>\n<p><b>Yazan\/Written by:<\/b><span style=\"font-weight: 400;\"> Kozak Yukar\u0131bey K\u00f6y Tiyatrosu<\/span><\/p>\n<p><b>Y\u00f6neten\/ Directed by:<\/b><span style=\"font-weight: 400;\"> Tuncay Akdeniz<\/span><\/p>\n<p><b>Genel Sanat Y\u00f6netmeni\/ Supervisor:<\/b><span style=\"font-weight: 400;\"> Vedat Murat G\u00fczel<\/span><\/p>\n<p><b>S\u00fcre\/ Duration of Event:<\/b><span style=\"font-weight: 400;\"> 55 dk \/ 55 min<\/span><\/p>\n<\/div><\/section><\/p><\/div><\/p>","protected":false},"excerpt":{"rendered":"","protected":false},"author":2,"featured_media":0,"parent":0,"menu_order":0,"comment_status":"closed","ping_status":"closed","template":"","meta":{"footnotes":""},"class_list":["post-4518","page","type-page","status-publish","hentry"],"_links":{"self":[{"href":"https:\/\/bergamatiyatrofestivali.com\/en\/wp-json\/wp\/v2\/pages\/4518","targetHints":{"allow":["GET"]}}],"collection":[{"href":"https:\/\/bergamatiyatrofestivali.com\/en\/wp-json\/wp\/v2\/pages"}],"about":[{"href":"https:\/\/bergamatiyatrofestivali.com\/en\/wp-json\/wp\/v2\/types\/page"}],"author":[{"embeddable":true,"href":"https:\/\/bergamatiyatrofestivali.com\/en\/wp-json\/wp\/v2\/users\/2"}],"replies":[{"embeddable":true,"href":"https:\/\/bergamatiyatrofestivali.com\/en\/wp-json\/wp\/v2\/comments?post=4518"}],"version-history":[{"count":6,"href":"https:\/\/bergamatiyatrofestivali.com\/en\/wp-json\/wp\/v2\/pages\/4518\/revisions"}],"predecessor-version":[{"id":4612,"href":"https:\/\/bergamatiyatrofestivali.com\/en\/wp-json\/wp\/v2\/pages\/4518\/revisions\/4612"}],"wp:attachment":[{"href":"https:\/\/bergamatiyatrofestivali.com\/en\/wp-json\/wp\/v2\/media?parent=4518"}],"curies":[{"name":"wp","href":"https:\/\/api.w.org\/{rel}","templated":true}]}}