{"id":4515,"date":"2024-08-07T20:08:07","date_gmt":"2024-08-07T17:08:07","guid":{"rendered":"https:\/\/bergamatiyatrofestivali.com\/?page_id=4515"},"modified":"2024-08-08T14:58:21","modified_gmt":"2024-08-08T11:58:21","slug":"kac-baba-kac","status":"publish","type":"page","link":"https:\/\/bergamatiyatrofestivali.com\/en\/kac-baba-kac\/","title":{"rendered":"Ka\u00e7 Baba Ka\u00e7"},"content":{"rendered":"<div class='flex_column av-8ra5it-7e829cb4e37498c31b1d3b088ac2ea15 av_one_half  avia-builder-el-0  el_before_av_one_half  avia-builder-el-first  first flex_column_div'   ><p>\n<style type=\"text\/css\" data-created_by=\"avia_inline_auto\" id=\"style-css-av-7wntvp-30da3c342a1dbe414139801a24ad38f8\">\n.avia-image-container.av-7wntvp-30da3c342a1dbe414139801a24ad38f8 .av-image-caption-overlay-center{\ncolor:#ffffff;\n}\n<\/style>\n<div  class='avia-image-container av-7wntvp-30da3c342a1dbe414139801a24ad38f8 av-styling- avia-align-center  avia-builder-el-1  el_before_av_textblock  avia-builder-el-first'  itemprop=\"image\" itemscope=\"itemscope\" itemtype=\"https:\/\/schema.org\/ImageObject\" ><div class=\"avia-image-container-inner\"><div class=\"avia-image-overlay-wrap\"><img decoding=\"async\" class='wp-image-4516 avia-img-lazy-loading-not-4516 avia_image' src=\"https:\/\/bergamatiyatrofestivali.com\/wp-content\/uploads\/2024\/08\/kac-baba-kac_post-3-scaled.jpg\" alt='' title='ka\u00e7 baba ka\u00e7_post (3)'  height=\"2560\" width=\"2560\"  itemprop=\"thumbnailUrl\" srcset=\"https:\/\/bergamatiyatrofestivali.com\/wp-content\/uploads\/2024\/08\/kac-baba-kac_post-3-scaled.jpg 2560w, https:\/\/bergamatiyatrofestivali.com\/wp-content\/uploads\/2024\/08\/kac-baba-kac_post-3-300x300.jpg 300w, https:\/\/bergamatiyatrofestivali.com\/wp-content\/uploads\/2024\/08\/kac-baba-kac_post-3-1030x1030.jpg 1030w, https:\/\/bergamatiyatrofestivali.com\/wp-content\/uploads\/2024\/08\/kac-baba-kac_post-3-80x80.jpg 80w, https:\/\/bergamatiyatrofestivali.com\/wp-content\/uploads\/2024\/08\/kac-baba-kac_post-3-768x768.jpg 768w, https:\/\/bergamatiyatrofestivali.com\/wp-content\/uploads\/2024\/08\/kac-baba-kac_post-3-1536x1536.jpg 1536w, https:\/\/bergamatiyatrofestivali.com\/wp-content\/uploads\/2024\/08\/kac-baba-kac_post-3-2048x2048.jpg 2048w, https:\/\/bergamatiyatrofestivali.com\/wp-content\/uploads\/2024\/08\/kac-baba-kac_post-3-12x12.jpg 12w, https:\/\/bergamatiyatrofestivali.com\/wp-content\/uploads\/2024\/08\/kac-baba-kac_post-3-36x36.jpg 36w, https:\/\/bergamatiyatrofestivali.com\/wp-content\/uploads\/2024\/08\/kac-baba-kac_post-3-180x180.jpg 180w, https:\/\/bergamatiyatrofestivali.com\/wp-content\/uploads\/2024\/08\/kac-baba-kac_post-3-1500x1500.jpg 1500w, https:\/\/bergamatiyatrofestivali.com\/wp-content\/uploads\/2024\/08\/kac-baba-kac_post-3-705x705.jpg 705w\" sizes=\"(max-width: 2560px) 100vw, 2560px\" \/><\/div><\/div><\/div><br \/>\n<section class=\"av_textblock_section\"  itemscope=\"itemscope\" itemtype=\"https:\/\/schema.org\/CreativeWork\" ><div class='avia_textblock  av_inherit_color'  style='color:#1d1d1b; '  itemprop=\"text\" ><h2><strong>Ka\u00e7 Baba Ka\u00e7<\/strong><\/h2>\n<h4><span style=\"font-weight: 400;\">18:00<\/span><\/h4>\n<h5><span style=\"font-weight: 400;\">BerKM - Bergama Cultural Center<\/span><\/h5>\n<\/div><\/section><br \/>\n<div  class='hr av-578o5x-e81847a4cb4a9bc272bf8a5d46cdedcf hr-default  avia-builder-el-3  el_after_av_textblock  avia-builder-el-last'><span class='hr-inner'><span class=\"hr-inner-style\"><\/span><\/span><\/div><\/p><\/div><div class='flex_column av-3so41h-0e4fbf300e066135e57e4f7bf6f0d1c8 av_one_half  avia-builder-el-4  el_after_av_one_half  avia-builder-el-last  flex_column_div'   ><p><section class=\"av_textblock_section\"  itemscope=\"itemscope\" itemtype=\"https:\/\/schema.org\/CreativeWork\" ><div class='avia_textblock  av_inherit_color'  style='color:#1d1d1b; '  itemprop=\"text\" ><p><b>Ka\u00e7 Baba Ka\u00e7<\/b><\/p>\n<p><b>Etkinlik Tarihi ve Saati\/Date and Time<\/b><span style=\"font-weight: 400;\"> 09.08.2024 \/ 18:00<\/span><\/p>\n<p><b>Etkinlik Mek\u00e2n\u0131\/Venue<\/b><span style=\"font-weight: 400;\"> BerKM - Bergama Cultural Center<\/span><\/p>\n<p><b>\u00dccretsiz Etkinlik \/Free Event<\/b><\/p>\n<p><span style=\"font-weight: 400;\">Rekt\u00f6rl\u00fc\u011fe giden yolda \u00e7ok \u00f6nemli bir konu\u015fma yapmaya \u00e7al\u0131\u015fan Dr. David Morgan\u2019in ba\u015f\u0131na neler geliyor, neler&#8230; Ayn\u0131 hastanede 18 y\u0131l \u00f6nce g\u00f6n\u00fcl ili\u015fkisi ya\u015fad\u0131\u011f\u0131 kad\u0131n\u0131n senden \u00e7ocu\u011fum var diyerek hastaneye gelmesiyle kar\u0131\u015fan olaylar, David\u2019in kar\u0131s\u0131n\u0131n gelmesiyle, i\u00e7inden \u00e7\u0131k\u0131lmaz bir hal al\u0131r. Bu \u015fenli\u011fe hastanedeki doktorlar ve hem\u015fireler ile birlikte bir rekt\u00f6r, bir polis, ya\u015fl\u0131 bunak bir hasta ve 18 ya\u015f\u0131nda babas\u0131n\u0131 arayan sinirli bir \u00e7ocuk da eklenince neler olabilir ki?<\/span><\/p>\n<p><span style=\"font-weight: 400;\">&#8211;<\/span><\/p>\n<p><span style=\"font-weight: 400;\">What happens to Dr. David Morgan, who is trying to give a very important speech on his way to the rectorate, is quite a tale. The situation becomes complicated when a woman he had a romantic relationship with 18 years ago at the same hospital arrives, claiming to have his child. The situation further escalates with the arrival of David\u2019s wife. As the event becomes increasingly chaotic, a rector, a police officer, an elderly, confused patient, and a 18-year-old angry child searching for his father join the scene along with the hospital\u2019s doctors and nurses. What could possibly unfold in such a scenario?<\/span><\/p>\n<p><span style=\"font-weight: 400;\">Yazan: Ray Cooney<\/span><\/p>\n<p><span style=\"font-weight: 400;\">Y\u00f6neten: Kemal K\u0131rlar<\/span><\/p>\n<p><span style=\"font-weight: 400;\">Ses &#8211; I\u015f\u0131k: Emre A\u00e7\u0131k<\/span><\/p>\n<p><span style=\"font-weight: 400;\">Oyuncular: Fatih Kemal \u00c7etil, Can Mesur, Efekan Akta\u015f, Berkin K\u0131rlar, Ali Furkan Karakan, Ferda Tavaz, Ebru Savc\u0131, Didem \u00c7etin, Buket Kalfa, M\u00fcge Konuk, H\u00fcseyin Savc\u0131, Kemal K\u0131rlar<\/span><\/p>\n<p><b>S\u00fcre \/ Duration of Event:<\/b><span style=\"font-weight: 400;\"> 140 dk\/ 140 min.<\/span><\/p>\n<\/div><\/section><br \/>\n<div  class='hr av-1wgwp1-f5130e919114f14680027791788fe141 hr-default  avia-builder-el-6  el_after_av_textblock  avia-builder-el-last'><span class='hr-inner'><span class=\"hr-inner-style\"><\/span><\/span><\/div><\/p><\/div><\/p>","protected":false},"excerpt":{"rendered":"","protected":false},"author":2,"featured_media":0,"parent":0,"menu_order":0,"comment_status":"closed","ping_status":"closed","template":"","meta":{"footnotes":""},"class_list":["post-4515","page","type-page","status-publish","hentry"],"_links":{"self":[{"href":"https:\/\/bergamatiyatrofestivali.com\/en\/wp-json\/wp\/v2\/pages\/4515","targetHints":{"allow":["GET"]}}],"collection":[{"href":"https:\/\/bergamatiyatrofestivali.com\/en\/wp-json\/wp\/v2\/pages"}],"about":[{"href":"https:\/\/bergamatiyatrofestivali.com\/en\/wp-json\/wp\/v2\/types\/page"}],"author":[{"embeddable":true,"href":"https:\/\/bergamatiyatrofestivali.com\/en\/wp-json\/wp\/v2\/users\/2"}],"replies":[{"embeddable":true,"href":"https:\/\/bergamatiyatrofestivali.com\/en\/wp-json\/wp\/v2\/comments?post=4515"}],"version-history":[{"count":4,"href":"https:\/\/bergamatiyatrofestivali.com\/en\/wp-json\/wp\/v2\/pages\/4515\/revisions"}],"predecessor-version":[{"id":4613,"href":"https:\/\/bergamatiyatrofestivali.com\/en\/wp-json\/wp\/v2\/pages\/4515\/revisions\/4613"}],"wp:attachment":[{"href":"https:\/\/bergamatiyatrofestivali.com\/en\/wp-json\/wp\/v2\/media?parent=4515"}],"curies":[{"name":"wp","href":"https:\/\/api.w.org\/{rel}","templated":true}]}}