{"id":4512,"date":"2024-08-07T20:05:07","date_gmt":"2024-08-07T17:05:07","guid":{"rendered":"https:\/\/bergamatiyatrofestivali.com\/?page_id=4512"},"modified":"2024-08-08T13:45:34","modified_gmt":"2024-08-08T10:45:34","slug":"dunden-bugune-zanaatten-tasarima","status":"publish","type":"page","link":"https:\/\/bergamatiyatrofestivali.com\/en\/dunden-bugune-zanaatten-tasarima\/","title":{"rendered":"D\u00fcnden Bug\u00fcne, Zanaatten Tasar\u0131ma"},"content":{"rendered":"<div class='flex_column av-8ra5it-7e829cb4e37498c31b1d3b088ac2ea15 av_one_half  avia-builder-el-0  el_before_av_one_half  avia-builder-el-first  first flex_column_div'   ><p>\n<style type=\"text\/css\" data-created_by=\"avia_inline_auto\" id=\"style-css-av-7wntvp-9059df714daf645dc71215d1e2ae3c85\">\n.avia-image-container.av-7wntvp-9059df714daf645dc71215d1e2ae3c85 .av-image-caption-overlay-center{\ncolor:#ffffff;\n}\n<\/style>\n<div  class='avia-image-container av-7wntvp-9059df714daf645dc71215d1e2ae3c85 av-styling- avia-align-center  avia-builder-el-1  el_before_av_textblock  avia-builder-el-first'  itemprop=\"image\" itemscope=\"itemscope\" itemtype=\"https:\/\/schema.org\/ImageObject\" ><div class=\"avia-image-container-inner\"><div class=\"avia-image-overlay-wrap\"><img decoding=\"async\" class='wp-image-4513 avia-img-lazy-loading-not-4513 avia_image' src=\"https:\/\/bergamatiyatrofestivali.com\/wp-content\/uploads\/2024\/08\/Dunden-Bugune-Zanaatten-Tasarima_post-2-scaled.jpg\" alt='' title='D\u00fcnden Bug\u00fcne, Zanaatten Tasar\u0131ma_post (2)'  height=\"2560\" width=\"2560\"  itemprop=\"thumbnailUrl\" srcset=\"https:\/\/bergamatiyatrofestivali.com\/wp-content\/uploads\/2024\/08\/Dunden-Bugune-Zanaatten-Tasarima_post-2-scaled.jpg 2560w, https:\/\/bergamatiyatrofestivali.com\/wp-content\/uploads\/2024\/08\/Dunden-Bugune-Zanaatten-Tasarima_post-2-300x300.jpg 300w, https:\/\/bergamatiyatrofestivali.com\/wp-content\/uploads\/2024\/08\/Dunden-Bugune-Zanaatten-Tasarima_post-2-1030x1030.jpg 1030w, https:\/\/bergamatiyatrofestivali.com\/wp-content\/uploads\/2024\/08\/Dunden-Bugune-Zanaatten-Tasarima_post-2-80x80.jpg 80w, https:\/\/bergamatiyatrofestivali.com\/wp-content\/uploads\/2024\/08\/Dunden-Bugune-Zanaatten-Tasarima_post-2-768x768.jpg 768w, https:\/\/bergamatiyatrofestivali.com\/wp-content\/uploads\/2024\/08\/Dunden-Bugune-Zanaatten-Tasarima_post-2-1536x1536.jpg 1536w, https:\/\/bergamatiyatrofestivali.com\/wp-content\/uploads\/2024\/08\/Dunden-Bugune-Zanaatten-Tasarima_post-2-2048x2048.jpg 2048w, https:\/\/bergamatiyatrofestivali.com\/wp-content\/uploads\/2024\/08\/Dunden-Bugune-Zanaatten-Tasarima_post-2-12x12.jpg 12w, https:\/\/bergamatiyatrofestivali.com\/wp-content\/uploads\/2024\/08\/Dunden-Bugune-Zanaatten-Tasarima_post-2-36x36.jpg 36w, https:\/\/bergamatiyatrofestivali.com\/wp-content\/uploads\/2024\/08\/Dunden-Bugune-Zanaatten-Tasarima_post-2-180x180.jpg 180w, https:\/\/bergamatiyatrofestivali.com\/wp-content\/uploads\/2024\/08\/Dunden-Bugune-Zanaatten-Tasarima_post-2-1500x1500.jpg 1500w, https:\/\/bergamatiyatrofestivali.com\/wp-content\/uploads\/2024\/08\/Dunden-Bugune-Zanaatten-Tasarima_post-2-705x705.jpg 705w\" sizes=\"(max-width: 2560px) 100vw, 2560px\" \/><\/div><\/div><\/div><br \/>\n<section class=\"av_textblock_section\"  itemscope=\"itemscope\" itemtype=\"https:\/\/schema.org\/CreativeWork\" ><div class='avia_textblock  av_inherit_color'  style='color:#1d1d1b; '  itemprop=\"text\" ><h2><strong>D\u00fcnden Bug\u00fcne Zanaatten Tasar\u0131ma<\/strong><\/h2>\n<h3><\/h3>\n<h4><span style=\"font-weight: 400;\">09 A\u011fustos\/August Cuma-Friday, 15:00<\/span><\/h4>\n<h5><span style=\"font-weight: 400;\">Arasta<\/span><\/h5>\n<\/div><\/section><br \/>\n<div  class='hr av-578o5x-e81847a4cb4a9bc272bf8a5d46cdedcf hr-default  avia-builder-el-3  el_after_av_textblock  el_before_av_buttonrow'><span class='hr-inner'><span class=\"hr-inner-style\"><\/span><\/span><\/div><br \/>\n<div  class='avia-buttonrow-wrap av-l34tkru2-d8d00fb5ab84f16fc18bc5eac03df079 avia-buttonrow-left  avia-builder-el-4  el_after_av_hr  avia-builder-el-last'><\/div><\/p><\/div><div class='flex_column av-3so41h-0e4fbf300e066135e57e4f7bf6f0d1c8 av_one_half  avia-builder-el-5  el_after_av_one_half  avia-builder-el-last  flex_column_div'   ><p><section class=\"av_textblock_section\"  itemscope=\"itemscope\" itemtype=\"https:\/\/schema.org\/CreativeWork\" ><div class='avia_textblock  av_inherit_color'  style='color:#1d1d1b; '  itemprop=\"text\" ><p><b>D\u00fcnden Bug\u00fcne, Zanaattan Tasar\u0131ma<\/b><\/p>\n<p><b>Etkinlik Tarihi ve Saati\/Date and Time<\/b><span style=\"font-weight: 400;\"> 09.08.2024 \/ 15:00<\/span><\/p>\n<p><b>Etkinlik Mek\u00e2n\u0131\/Venue<\/b><span style=\"font-weight: 400;\"> Arasta<\/span><\/p>\n<p><b>\u00dccretsiz Etkinlik \/Free Event<\/b><\/p>\n<p><span style=\"font-weight: 400;\">K\u00fclt\u00fcr Varl\u0131klar\u0131n\u0131 Koruma, Sahiplenme, Geli\u015ftirme ve Payla\u015fma \u00fczerine Panelde, b\u00f6lgenin k\u00fclt\u00fcrel de\u011ferlerini koruma, sahiplenme, geli\u015ftirme ve payla\u015fma konular\u0131 ele al\u0131nacak. K\u00fclt\u00fcr varl\u0131klar\u0131n\u0131n korunmas\u0131, co\u011frafi i\u015faretleme, yerele \u00f6zg\u00fc \u00fcr\u00fcnlerin tescil edilmesi ve bu s\u00fcrecin yerel ekonomiye katk\u0131lar\u0131 gibi \u00f6nemli konular\u0131n tart\u0131\u015f\u0131laca\u011f\u0131 etkinlikte, Bergama Ticaret Odas\u0131&#8217;n\u0131 temsilen uzmanlar, Bergama&#8217;n\u0131n zengin miras\u0131n\u0131 nas\u0131l koruyup gelece\u011fe ta\u015f\u0131d\u0131klar\u0131n\u0131 ve neler yap\u0131labilece\u011fini konu\u015facaklar.<\/span><\/p>\n<p><b>Moderator:<span style=\"font-weight: 400;\"> Do\u00e7. Dr. Serhan Ada<\/span><\/b><\/p>\n<p><b>S\u00fcre \/ Duration of Event:<\/b><span style=\"font-weight: 400;\"> 90 dakika \/ 90 Minutes\u00a0<\/span><\/p>\n<\/div><\/section><br \/>\n<div  class='hr av-1wgwp1-f5130e919114f14680027791788fe141 hr-default  avia-builder-el-7  el_after_av_textblock  el_before_av_textblock'><span class='hr-inner'><span class=\"hr-inner-style\"><\/span><\/span><\/div><br \/>\n<section class=\"av_textblock_section\"  itemscope=\"itemscope\" itemtype=\"https:\/\/schema.org\/CreativeWork\" ><div class='avia_textblock  av_inherit_color'  style='color:#1d1d1b; '  itemprop=\"text\" ><\/div><\/section><\/p><\/div><\/p>","protected":false},"excerpt":{"rendered":"","protected":false},"author":2,"featured_media":0,"parent":0,"menu_order":0,"comment_status":"closed","ping_status":"closed","template":"","meta":{"footnotes":""},"class_list":["post-4512","page","type-page","status-publish","hentry"],"_links":{"self":[{"href":"https:\/\/bergamatiyatrofestivali.com\/en\/wp-json\/wp\/v2\/pages\/4512","targetHints":{"allow":["GET"]}}],"collection":[{"href":"https:\/\/bergamatiyatrofestivali.com\/en\/wp-json\/wp\/v2\/pages"}],"about":[{"href":"https:\/\/bergamatiyatrofestivali.com\/en\/wp-json\/wp\/v2\/types\/page"}],"author":[{"embeddable":true,"href":"https:\/\/bergamatiyatrofestivali.com\/en\/wp-json\/wp\/v2\/users\/2"}],"replies":[{"embeddable":true,"href":"https:\/\/bergamatiyatrofestivali.com\/en\/wp-json\/wp\/v2\/comments?post=4512"}],"version-history":[{"count":5,"href":"https:\/\/bergamatiyatrofestivali.com\/en\/wp-json\/wp\/v2\/pages\/4512\/revisions"}],"predecessor-version":[{"id":4574,"href":"https:\/\/bergamatiyatrofestivali.com\/en\/wp-json\/wp\/v2\/pages\/4512\/revisions\/4574"}],"wp:attachment":[{"href":"https:\/\/bergamatiyatrofestivali.com\/en\/wp-json\/wp\/v2\/media?parent=4512"}],"curies":[{"name":"wp","href":"https:\/\/api.w.org\/{rel}","templated":true}]}}