{"id":4427,"date":"2024-08-03T18:57:57","date_gmt":"2024-08-03T15:57:57","guid":{"rendered":"https:\/\/bergamatiyatrofestivali.com\/?page_id=4427"},"modified":"2024-08-05T07:22:12","modified_gmt":"2024-08-05T04:22:12","slug":"kagidin-altinda-sakli","status":"publish","type":"page","link":"https:\/\/bergamatiyatrofestivali.com\/en\/kagidin-altinda-sakli\/","title":{"rendered":"Ka\u011f\u0131d\u0131n Alt\u0131nda Sakl\u0131"},"content":{"rendered":"<div class='flex_column av-8ra5it-7e829cb4e37498c31b1d3b088ac2ea15 av_one_half  avia-builder-el-0  el_before_av_one_half  avia-builder-el-first  first flex_column_div'   ><p>\n<style type=\"text\/css\" data-created_by=\"avia_inline_auto\" id=\"style-css-av-7wntvp-fdadf479f791eb3cab3f318f7dde429e\">\n.avia-image-container.av-7wntvp-fdadf479f791eb3cab3f318f7dde429e .av-image-caption-overlay-center{\ncolor:#ffffff;\n}\n<\/style>\n<div  class='avia-image-container av-7wntvp-fdadf479f791eb3cab3f318f7dde429e av-styling- avia-align-center  avia-builder-el-1  el_before_av_textblock  avia-builder-el-first'  itemprop=\"image\" itemscope=\"itemscope\" itemtype=\"https:\/\/schema.org\/ImageObject\" ><div class=\"avia-image-container-inner\"><div class=\"avia-image-overlay-wrap\"><img decoding=\"async\" class='wp-image-4447 avia-img-lazy-loading-not-4447 avia_image' src=\"https:\/\/bergamatiyatrofestivali.com\/wp-content\/uploads\/2024\/08\/kagidin-altinda-sakli_mobilet_1-3.jpg\" alt='' title='kag\u0306\u0131d\u0131n-alt\u0131nda-sakl\u0131_mobilet_1 (3)'  height=\"1094\" width=\"1949\"  itemprop=\"thumbnailUrl\" srcset=\"https:\/\/bergamatiyatrofestivali.com\/wp-content\/uploads\/2024\/08\/kagidin-altinda-sakli_mobilet_1-3.jpg 1949w, https:\/\/bergamatiyatrofestivali.com\/wp-content\/uploads\/2024\/08\/kagidin-altinda-sakli_mobilet_1-3-300x168.jpg 300w, https:\/\/bergamatiyatrofestivali.com\/wp-content\/uploads\/2024\/08\/kagidin-altinda-sakli_mobilet_1-3-1030x578.jpg 1030w, https:\/\/bergamatiyatrofestivali.com\/wp-content\/uploads\/2024\/08\/kagidin-altinda-sakli_mobilet_1-3-768x431.jpg 768w, https:\/\/bergamatiyatrofestivali.com\/wp-content\/uploads\/2024\/08\/kagidin-altinda-sakli_mobilet_1-3-1536x862.jpg 1536w, https:\/\/bergamatiyatrofestivali.com\/wp-content\/uploads\/2024\/08\/kagidin-altinda-sakli_mobilet_1-3-18x10.jpg 18w, https:\/\/bergamatiyatrofestivali.com\/wp-content\/uploads\/2024\/08\/kagidin-altinda-sakli_mobilet_1-3-1500x842.jpg 1500w, https:\/\/bergamatiyatrofestivali.com\/wp-content\/uploads\/2024\/08\/kagidin-altinda-sakli_mobilet_1-3-705x396.jpg 705w\" sizes=\"(max-width: 1949px) 100vw, 1949px\" \/><\/div><\/div><\/div><br \/>\n<section class=\"av_textblock_section\"  itemscope=\"itemscope\" itemtype=\"https:\/\/schema.org\/CreativeWork\" ><div class='avia_textblock  av_inherit_color'  style='color:#1d1d1b; '  itemprop=\"text\" ><h2><strong>Ka\u011f\u0131d\u0131n Alt\u0131nda Sakl\u0131<\/strong><\/h2>\n<h3><em>Hidden Under The Paper<\/em><\/h3>\n<h3><\/h3>\n<h4><span style=\"font-weight: 400;\">11 A\u011fustos\/August Pazar-Sunday, 13:30-15:00<\/span><\/h4>\n<h5><span style=\"font-weight: 400;\">Odeon Pergamon<\/span><\/h5>\n<\/div><\/section><br \/>\n<div  class='hr av-578o5x-e81847a4cb4a9bc272bf8a5d46cdedcf hr-default  avia-builder-el-3  el_after_av_textblock  el_before_av_buttonrow'><span class='hr-inner'><span class=\"hr-inner-style\"><\/span><\/span><\/div><br \/>\n<div  class='avia-buttonrow-wrap av-l34tkru2-d8d00fb5ab84f16fc18bc5eac03df079 avia-buttonrow-left  avia-builder-el-4  el_after_av_hr  avia-builder-el-last'>\n\n<style type=\"text\/css\" data-created_by=\"avia_inline_auto\" id=\"style-css-av-l34tko4x-aea823c6c184a91f977b51b0899a189d\">\n#top #wrap_all .avia-button.av-l34tko4x-aea823c6c184a91f977b51b0899a189d{\nmargin-bottom:5px;\nmargin-right:5px;\n}\n#top #wrap_all .avia-button.av-l34tko4x-aea823c6c184a91f977b51b0899a189d:hover{\nbackground-color:black;\ncolor:#ffffff;\ntransition:all 0.4s ease-in-out;\n-webkit-transition:all 0.4s ease-in-out;\n-moz-transition:all 0.4s ease-in-out;\n-ms-transition:all 0.4s ease-in-out;\n-o-transition:all 0.4s ease-in-out;\n}\n<\/style>\n<a href='https:\/\/mobilet.com\/tr\/event\/kagidin-altinda-sakli-aysun-sahin-besci-33949\/' class='avia-button av-l34tko4x-aea823c6c184a91f977b51b0899a189d avia-icon_select-yes-left-icon avia-size-medium avia-color-black avia-font-color-white' target=\"_blank\" rel=\"noopener noreferrer\"><span class='avia_button_icon avia_button_icon_left' aria-hidden='true' data-av_icon='\ue881' data-av_iconfont='entypo-fontello'><\/span><span class='avia_iconbox_title' >11 A\u011eUSTOS MOB\u0130LET<\/span><\/a>\n<\/div><\/p><\/div><div class='flex_column av-3so41h-0e4fbf300e066135e57e4f7bf6f0d1c8 av_one_half  avia-builder-el-5  el_after_av_one_half  avia-builder-el-last  flex_column_div'   ><p><section class=\"av_textblock_section\"  itemscope=\"itemscope\" itemtype=\"https:\/\/schema.org\/CreativeWork\" ><div class='avia_textblock  av_inherit_color'  style='color:#1d1d1b; '  itemprop=\"text\" ><p><span style=\"font-weight: 400;\">Bergama\u2019n\u0131n tarihi ve b\u00fcy\u00fcl\u00fc atmosferinde ger\u00e7ekle\u015ftirilecek olan bu at\u00f6lye, \u00e7ocuklar\u0131n hayal g\u00fc\u00e7lerini ve ka\u011f\u0131tlar\u0131n aras\u0131nda sakl\u0131 kalm\u0131\u015f \u00f6yk\u00fcleri ke\u015ffetmelerine olanak tan\u0131r. At\u00f6lye boyunca, \u00e7ocuklar 3 boyutlu pop-up, temel origami ve krigami tekniklerini deneyimleyerek kendi kartlar\u0131n\u0131 tasarlayacaklar. <\/span><span style=\"font-weight: 400;\">E\u011flenceli ve ilham dolu bu etkinlik, \u00e7ocuklar\u0131n yarat\u0131c\u0131 potansiyellerini ortaya \u00e7\u0131karmay\u0131, kendi hik\u00e2yelerini ifade etmelerini ve d\u00fcnyaya farkl\u0131 bir pencereden bakmalar\u0131n\u0131 sa\u011flamay\u0131 hedefliyor.\u00a0<\/span><span style=\"font-weight: 400;\">\u00c7ocuklar tasarlad\u0131klar\u0131 kartlar\u0131 ve at\u00f6lye sonundaki minik s\u00fcrprizlerini renklendirerek festivalden bol hat\u0131rayla d\u00f6neceklerdir.<\/span><\/p>\n<p><span style=\"font-weight: 400;\">\u2014&#8212;&#8212;&#8212;&#8212;&#8212;<\/span><\/p>\n<p><span style=\"font-weight: 400;\">In the historical and magical atmosphere of Bergama, this workshop provides children the opportunity to explore their imaginations and uncover the stories hidden between the pages. Throughout the workshop, children will design their cards by experimenting with 3D pop-ups, basic origami, and kirigami techniques. <\/span><span style=\"font-weight: 400;\">This fun and inspiring event aims to unlock children&#8217;s creative potential, help them express their own stories, and encourage them to view the world from a different perspective. <\/span><span style=\"font-weight: 400;\">By coloring their designed cards and the little surprises at the end of the workshop, children will leave the festival with plenty of memories.<\/span><\/p>\n<\/div><\/section><br \/>\n<div  class='hr av-1wgwp1-f5130e919114f14680027791788fe141 hr-default  avia-builder-el-7  el_after_av_textblock  el_before_av_textblock'><span class='hr-inner'><span class=\"hr-inner-style\"><\/span><\/span><\/div><br \/>\n<section class=\"av_textblock_section\"  itemscope=\"itemscope\" itemtype=\"https:\/\/schema.org\/CreativeWork\" ><div class='avia_textblock  av_inherit_color'  style='color:#1d1d1b; '  itemprop=\"text\" ><p><b>Y\u00fcr\u00fct\u00fcc\u00fc Ki\u015fi \/ Executive:<\/b> <span style=\"font-weight: 400;\">Aysun \u015eahin Besci<\/span><br \/>\n<b>Ya\u015f S\u0131n\u0131r\u0131 \/ Age Limit:<\/b> 8+<br \/>\n<b>S\u00fcre \/ Duration of Event:<\/b> 90 dk \/ 90 min<\/p>\n<\/div><\/section><\/p><\/div><\/p>","protected":false},"excerpt":{"rendered":"","protected":false},"author":2,"featured_media":0,"parent":0,"menu_order":0,"comment_status":"closed","ping_status":"closed","template":"","meta":{"footnotes":""},"class_list":["post-4427","page","type-page","status-publish","hentry"],"_links":{"self":[{"href":"https:\/\/bergamatiyatrofestivali.com\/en\/wp-json\/wp\/v2\/pages\/4427","targetHints":{"allow":["GET"]}}],"collection":[{"href":"https:\/\/bergamatiyatrofestivali.com\/en\/wp-json\/wp\/v2\/pages"}],"about":[{"href":"https:\/\/bergamatiyatrofestivali.com\/en\/wp-json\/wp\/v2\/types\/page"}],"author":[{"embeddable":true,"href":"https:\/\/bergamatiyatrofestivali.com\/en\/wp-json\/wp\/v2\/users\/2"}],"replies":[{"embeddable":true,"href":"https:\/\/bergamatiyatrofestivali.com\/en\/wp-json\/wp\/v2\/comments?post=4427"}],"version-history":[{"count":7,"href":"https:\/\/bergamatiyatrofestivali.com\/en\/wp-json\/wp\/v2\/pages\/4427\/revisions"}],"predecessor-version":[{"id":4629,"href":"https:\/\/bergamatiyatrofestivali.com\/en\/wp-json\/wp\/v2\/pages\/4427\/revisions\/4629"}],"wp:attachment":[{"href":"https:\/\/bergamatiyatrofestivali.com\/en\/wp-json\/wp\/v2\/media?parent=4427"}],"curies":[{"name":"wp","href":"https:\/\/api.w.org\/{rel}","templated":true}]}}