{"id":4407,"date":"2024-08-02T14:54:31","date_gmt":"2024-08-02T11:54:31","guid":{"rendered":"https:\/\/bergamatiyatrofestivali.com\/?page_id=4407"},"modified":"2024-08-03T18:48:42","modified_gmt":"2024-08-03T15:48:42","slug":"teknik-produksiyon-baglaminda-dus-nasil-gerceklestirilir","status":"publish","type":"page","link":"https:\/\/bergamatiyatrofestivali.com\/en\/teknik-produksiyon-baglaminda-dus-nasil-gerceklestirilir\/","title":{"rendered":"Teknik Prod\u00fcksiyon Ba\u011flam\u0131nda Bir D\u00fc\u015f Nas\u0131l Ger\u00e7ekle\u015ftirilir?"},"content":{"rendered":"<div class='flex_column av-8ra5it-7e829cb4e37498c31b1d3b088ac2ea15 av_one_half  avia-builder-el-0  el_before_av_one_half  avia-builder-el-first  first flex_column_div'   ><p>\n<style type=\"text\/css\" data-created_by=\"avia_inline_auto\" id=\"style-css-av-7wntvp-b6011bf13bb08a84fe7fc8bd980db794\">\n.avia-image-container.av-7wntvp-b6011bf13bb08a84fe7fc8bd980db794 .av-image-caption-overlay-center{\ncolor:#ffffff;\n}\n<\/style>\n<div  class='avia-image-container av-7wntvp-b6011bf13bb08a84fe7fc8bd980db794 av-styling- avia-align-center  avia-builder-el-1  el_before_av_textblock  avia-builder-el-first'  itemprop=\"image\" itemscope=\"itemscope\" itemtype=\"https:\/\/schema.org\/ImageObject\" ><div class=\"avia-image-container-inner\"><div class=\"avia-image-overlay-wrap\"><img decoding=\"async\" class='wp-image-4414 avia-img-lazy-loading-not-4414 avia_image' src=\"https:\/\/bergamatiyatrofestivali.com\/wp-content\/uploads\/2024\/08\/bir-dus-nasil-gerceklestirilir_mobilet-5.jpg\" alt='' title='bir du\u0308s\u0327 nas\u0131l gerc\u0327ekles\u0327tirilir_mobilet (5)'  height=\"1095\" width=\"1948\"  itemprop=\"thumbnailUrl\" srcset=\"https:\/\/bergamatiyatrofestivali.com\/wp-content\/uploads\/2024\/08\/bir-dus-nasil-gerceklestirilir_mobilet-5.jpg 1948w, https:\/\/bergamatiyatrofestivali.com\/wp-content\/uploads\/2024\/08\/bir-dus-nasil-gerceklestirilir_mobilet-5-300x169.jpg 300w, https:\/\/bergamatiyatrofestivali.com\/wp-content\/uploads\/2024\/08\/bir-dus-nasil-gerceklestirilir_mobilet-5-1030x579.jpg 1030w, https:\/\/bergamatiyatrofestivali.com\/wp-content\/uploads\/2024\/08\/bir-dus-nasil-gerceklestirilir_mobilet-5-768x432.jpg 768w, https:\/\/bergamatiyatrofestivali.com\/wp-content\/uploads\/2024\/08\/bir-dus-nasil-gerceklestirilir_mobilet-5-1536x863.jpg 1536w, https:\/\/bergamatiyatrofestivali.com\/wp-content\/uploads\/2024\/08\/bir-dus-nasil-gerceklestirilir_mobilet-5-18x10.jpg 18w, https:\/\/bergamatiyatrofestivali.com\/wp-content\/uploads\/2024\/08\/bir-dus-nasil-gerceklestirilir_mobilet-5-1500x843.jpg 1500w, https:\/\/bergamatiyatrofestivali.com\/wp-content\/uploads\/2024\/08\/bir-dus-nasil-gerceklestirilir_mobilet-5-705x396.jpg 705w\" sizes=\"(max-width: 1948px) 100vw, 1948px\" \/><\/div><\/div><\/div><br \/>\n<section class=\"av_textblock_section\"  itemscope=\"itemscope\" itemtype=\"https:\/\/schema.org\/CreativeWork\" ><div class='avia_textblock  av_inherit_color'  style='color:#1d1d1b; '  itemprop=\"text\" ><h2><strong>Teknik Prod\u00fcksiyon Ba\u011flam\u0131nda Bir D\u00fc\u015f Nas\u0131l Ger\u00e7ekle\u015ftirilir?<\/strong><\/h2>\n<h3><\/h3>\n<h3><\/h3>\n<h4><span style=\"font-weight: 400;\">10 A\u011fustos\/August Cumartesi-Saturday, 13:30 &#8211; 15:00<\/span><\/h4>\n<h5><span style=\"font-weight: 400;\">BerKM - Bergama Cultural Center<\/span><\/h5>\n<\/div><\/section><br \/>\n<div  class='hr av-578o5x-e81847a4cb4a9bc272bf8a5d46cdedcf hr-default  avia-builder-el-3  el_after_av_textblock  el_before_av_buttonrow'><span class='hr-inner'><span class=\"hr-inner-style\"><\/span><\/span><\/div><br \/>\n<div  class='avia-buttonrow-wrap av-l34tkru2-d8d00fb5ab84f16fc18bc5eac03df079 avia-buttonrow-left  avia-builder-el-4  el_after_av_hr  avia-builder-el-last'>\n\n<style type=\"text\/css\" data-created_by=\"avia_inline_auto\" id=\"style-css-av-l34tko4x-9720a71f30f7381e81c367a326a36b0c\">\n#top #wrap_all .avia-button.av-l34tko4x-9720a71f30f7381e81c367a326a36b0c{\nmargin-bottom:5px;\nmargin-right:5px;\n}\n#top #wrap_all .avia-button.av-l34tko4x-9720a71f30f7381e81c367a326a36b0c:hover{\nbackground-color:black;\ncolor:#ffffff;\ntransition:all 0.4s ease-in-out;\n-webkit-transition:all 0.4s ease-in-out;\n-moz-transition:all 0.4s ease-in-out;\n-ms-transition:all 0.4s ease-in-out;\n-o-transition:all 0.4s ease-in-out;\n}\n<\/style>\n<a href='https:\/\/mobilet.com\/tr\/event\/teknik-produksiyon-baglaminda-bir-duz-nasil-gerceklestirilir-murat-ersan-33945\/' class='avia-button av-l34tko4x-9720a71f30f7381e81c367a326a36b0c avia-icon_select-yes-left-icon avia-size-medium avia-color-black avia-font-color-white' target=\"_blank\" rel=\"noopener noreferrer\"><span class='avia_button_icon avia_button_icon_left' aria-hidden='true' data-av_icon='\ue881' data-av_iconfont='entypo-fontello'><\/span><span class='avia_iconbox_title' >10 A\u011eUSTOS MOB\u0130LET<\/span><\/a>\n<\/div><\/p><\/div><div class='flex_column av-3so41h-0e4fbf300e066135e57e4f7bf6f0d1c8 av_one_half  avia-builder-el-5  el_after_av_one_half  avia-builder-el-last  flex_column_div'   ><p><section class=\"av_textblock_section\"  itemscope=\"itemscope\" itemtype=\"https:\/\/schema.org\/CreativeWork\" ><div class='avia_textblock  av_inherit_color'  style='color:#1d1d1b; '  itemprop=\"text\" ><p><span style=\"font-weight: 400;\">Bu at\u00f6lye kat\u0131l\u0131mc\u0131lar\u0131n\u0131n prod\u00fcksiyonel ve sahne arkas\u0131 yap\u0131lanma ve uygulama kapasitelerini geli\u015ftirmek amac\u0131yla tasarlanm\u0131\u015ft\u0131r. \u201cNas\u0131l bir d\u00fc\u015f\u00fc ger\u00e7e\u011fe d\u00f6n\u00fc\u015ft\u00fcr\u00fcr\u00fcz?\u201d sorusuna birlikte yan\u0131t ararken, kat\u0131l\u0131mc\u0131lara \u0131\u015f\u0131k ve sahne tasar\u0131m\u0131 konusunda yenilik\u00e7i bak\u0131\u015f a\u00e7\u0131lar\u0131 kazand\u0131rmay\u0131 ama\u00e7l\u0131yor. Ayr\u0131ca, sahne arkas\u0131 \u00e7al\u0131\u015fmalar\u0131nda ortak deneyimlerin payla\u015f\u0131lmas\u0131 ve prod\u00fcksiyonun \u00e7e\u015fitli \u00f6l\u00e7ekleri hakk\u0131nda hep birlikte d\u00fc\u015f\u00fcnmeyi hedefliyor.<\/span><\/p>\n<p><span style=\"font-weight: 400;\">\u2014&#8212;&#8212;&#8212;&#8212;&#8212;<\/span><\/p>\n<p><span style=\"font-weight: 400;\">This workshop is designed to improve participants&#8217; production, backstage organizational, and implementation capacities. While collectively seeking answers to the question &#8220;How do we turn a dream into reality?&#8221; it aims to provide participants with innovative perspectives on lighting and stage design. Additionally, it focuses on sharing joint experiences in backstage work and collaboratively thinking about the various scales of production.<\/span><\/p>\n<\/div><\/section><br \/>\n<div  class='hr av-1wgwp1-f5130e919114f14680027791788fe141 hr-default  avia-builder-el-7  el_after_av_textblock  el_before_av_textblock'><span class='hr-inner'><span class=\"hr-inner-style\"><\/span><\/span><\/div><br \/>\n<section class=\"av_textblock_section\"  itemscope=\"itemscope\" itemtype=\"https:\/\/schema.org\/CreativeWork\" ><div class='avia_textblock  av_inherit_color'  style='color:#1d1d1b; '  itemprop=\"text\" ><p><b>Y\u00fcr\u00fct\u00fcc\u00fc Ki\u015fi \/ Executive: <\/b><span style=\"font-weight: 400;\">Murat Ersan<br \/>\n<\/span><b>S\u00fcre \/ Duration of event: <\/b><span style=\"font-weight: 400;\">90 dk \/ 90 min<\/span><\/p>\n<\/div><\/section><\/p><\/div><\/p>","protected":false},"excerpt":{"rendered":"","protected":false},"author":2,"featured_media":0,"parent":0,"menu_order":0,"comment_status":"closed","ping_status":"closed","template":"","meta":{"footnotes":""},"class_list":["post-4407","page","type-page","status-publish","hentry"],"_links":{"self":[{"href":"https:\/\/bergamatiyatrofestivali.com\/en\/wp-json\/wp\/v2\/pages\/4407","targetHints":{"allow":["GET"]}}],"collection":[{"href":"https:\/\/bergamatiyatrofestivali.com\/en\/wp-json\/wp\/v2\/pages"}],"about":[{"href":"https:\/\/bergamatiyatrofestivali.com\/en\/wp-json\/wp\/v2\/types\/page"}],"author":[{"embeddable":true,"href":"https:\/\/bergamatiyatrofestivali.com\/en\/wp-json\/wp\/v2\/users\/2"}],"replies":[{"embeddable":true,"href":"https:\/\/bergamatiyatrofestivali.com\/en\/wp-json\/wp\/v2\/comments?post=4407"}],"version-history":[{"count":5,"href":"https:\/\/bergamatiyatrofestivali.com\/en\/wp-json\/wp\/v2\/pages\/4407\/revisions"}],"predecessor-version":[{"id":4416,"href":"https:\/\/bergamatiyatrofestivali.com\/en\/wp-json\/wp\/v2\/pages\/4407\/revisions\/4416"}],"wp:attachment":[{"href":"https:\/\/bergamatiyatrofestivali.com\/en\/wp-json\/wp\/v2\/media?parent=4407"}],"curies":[{"name":"wp","href":"https:\/\/api.w.org\/{rel}","templated":true}]}}