{"id":4405,"date":"2024-08-02T14:42:19","date_gmt":"2024-08-02T11:42:19","guid":{"rendered":"https:\/\/bergamatiyatrofestivali.com\/?page_id=4405"},"modified":"2024-08-08T14:22:02","modified_gmt":"2024-08-08T11:22:02","slug":"dogaclama-ve-yaratim","status":"publish","type":"page","link":"https:\/\/bergamatiyatrofestivali.com\/en\/dogaclama-ve-yaratim\/","title":{"rendered":"Do\u011fa\u00e7lama ve Yarat\u0131m"},"content":{"rendered":"<div class='flex_column av-8ra5it-7e829cb4e37498c31b1d3b088ac2ea15 av_one_half  avia-builder-el-0  el_before_av_one_half  avia-builder-el-first  first flex_column_div'   ><p>\n<style type=\"text\/css\" data-created_by=\"avia_inline_auto\" id=\"style-css-av-7wntvp-f03e5860afd752fad8b16762f768a66b\">\n.avia-image-container.av-7wntvp-f03e5860afd752fad8b16762f768a66b .av-image-caption-overlay-center{\ncolor:#ffffff;\n}\n<\/style>\n<div  class='avia-image-container av-7wntvp-f03e5860afd752fad8b16762f768a66b av-styling- avia-align-center  avia-builder-el-1  el_before_av_textblock  avia-builder-el-first'  itemprop=\"image\" itemscope=\"itemscope\" itemtype=\"https:\/\/schema.org\/ImageObject\" ><div class=\"avia-image-container-inner\"><div class=\"avia-image-overlay-wrap\"><img decoding=\"async\" class='wp-image-4451 avia-img-lazy-loading-not-4451 avia_image' src=\"https:\/\/bergamatiyatrofestivali.com\/wp-content\/uploads\/2024\/08\/dogaclama-ve-yaratim_mobilet_1-4.jpg\" alt='' title='dog\u0306ac\u0327lama ve yarat\u0131m_mobilet_1 (4)'  height=\"1095\" width=\"1949\"  itemprop=\"thumbnailUrl\" srcset=\"https:\/\/bergamatiyatrofestivali.com\/wp-content\/uploads\/2024\/08\/dogaclama-ve-yaratim_mobilet_1-4.jpg 1949w, https:\/\/bergamatiyatrofestivali.com\/wp-content\/uploads\/2024\/08\/dogaclama-ve-yaratim_mobilet_1-4-300x169.jpg 300w, https:\/\/bergamatiyatrofestivali.com\/wp-content\/uploads\/2024\/08\/dogaclama-ve-yaratim_mobilet_1-4-1030x579.jpg 1030w, https:\/\/bergamatiyatrofestivali.com\/wp-content\/uploads\/2024\/08\/dogaclama-ve-yaratim_mobilet_1-4-768x431.jpg 768w, https:\/\/bergamatiyatrofestivali.com\/wp-content\/uploads\/2024\/08\/dogaclama-ve-yaratim_mobilet_1-4-1536x863.jpg 1536w, https:\/\/bergamatiyatrofestivali.com\/wp-content\/uploads\/2024\/08\/dogaclama-ve-yaratim_mobilet_1-4-18x10.jpg 18w, https:\/\/bergamatiyatrofestivali.com\/wp-content\/uploads\/2024\/08\/dogaclama-ve-yaratim_mobilet_1-4-1500x843.jpg 1500w, https:\/\/bergamatiyatrofestivali.com\/wp-content\/uploads\/2024\/08\/dogaclama-ve-yaratim_mobilet_1-4-705x396.jpg 705w\" sizes=\"(max-width: 1949px) 100vw, 1949px\" \/><\/div><\/div><\/div><br \/>\n<section class=\"av_textblock_section\"  itemscope=\"itemscope\" itemtype=\"https:\/\/schema.org\/CreativeWork\" ><div class='avia_textblock  av_inherit_color'  style='color:#1d1d1b; '  itemprop=\"text\" ><h2><strong>Do\u011fa\u00e7lama ve Yarat\u0131m<\/strong><\/h2>\n<h3><\/h3>\n<h3><\/h3>\n<h4><span style=\"font-weight: 400;\">11 A\u011fustos\/August Pazar-Sunday, 10:00 &#8211; 12:00<\/span><\/h4>\n<h5><span style=\"font-weight: 400;\">Athena Pansiyon<\/span><\/h5>\n<\/div><\/section><br \/>\n<div  class='hr av-578o5x-e81847a4cb4a9bc272bf8a5d46cdedcf hr-default  avia-builder-el-3  el_after_av_textblock  el_before_av_buttonrow'><span class='hr-inner'><span class=\"hr-inner-style\"><\/span><\/span><\/div><br \/>\n<div  class='avia-buttonrow-wrap av-l34tkru2-d8d00fb5ab84f16fc18bc5eac03df079 avia-buttonrow-left  avia-builder-el-4  el_after_av_hr  avia-builder-el-last'>\n\n<style type=\"text\/css\" data-created_by=\"avia_inline_auto\" id=\"style-css-av-l34tko4x-71cb9024ff442543fa0992bebab494fd\">\n#top #wrap_all .avia-button.av-l34tko4x-71cb9024ff442543fa0992bebab494fd{\nmargin-bottom:5px;\nmargin-right:5px;\n}\n#top #wrap_all .avia-button.av-l34tko4x-71cb9024ff442543fa0992bebab494fd:hover{\nbackground-color:black;\ncolor:#ffffff;\ntransition:all 0.4s ease-in-out;\n-webkit-transition:all 0.4s ease-in-out;\n-moz-transition:all 0.4s ease-in-out;\n-ms-transition:all 0.4s ease-in-out;\n-o-transition:all 0.4s ease-in-out;\n}\n<\/style>\n<a href='https:\/\/mobilet.com\/tr\/event\/dogaclama-ve-yaratim-bedirhan-dehmen-33947\/' class='avia-button av-l34tko4x-71cb9024ff442543fa0992bebab494fd avia-icon_select-yes-left-icon avia-size-medium avia-color-black avia-font-color-white' target=\"_blank\" rel=\"noopener noreferrer\"><span class='avia_button_icon avia_button_icon_left' aria-hidden='true' data-av_icon='\ue881' data-av_iconfont='entypo-fontello'><\/span><span class='avia_iconbox_title' >11 A\u011eUSTOS MOB\u0130LET<\/span><\/a>\n<\/div><\/p><\/div><div class='flex_column av-3so41h-0e4fbf300e066135e57e4f7bf6f0d1c8 av_one_half  avia-builder-el-5  el_after_av_one_half  avia-builder-el-last  flex_column_div'   ><p><section class=\"av_textblock_section\"  itemscope=\"itemscope\" itemtype=\"https:\/\/schema.org\/CreativeWork\" ><div class='avia_textblock  av_inherit_color'  style='color:#1d1d1b; '  itemprop=\"text\" ><p><b>Do\u011fa\u00e7lama ve Yarat\u0131m<\/b><\/p>\n<p><b>Etkinlik Tarihi ve Saati\/Date and Time<\/b><span style=\"font-weight: 400;\"> 11.08.2024 \/ 10:00 \u2013 12:00<\/span><\/p>\n<p><b>Etkinlik Mek\u00e2n\u0131\/Venue<\/b><span style=\"font-weight: 400;\"> Athena Pansiyon<\/span><\/p>\n<p><b>Biletli etkinlik \/ Ticketed Event<\/b><\/p>\n<p><span style=\"font-weight: 400;\">Dans sanat\u00e7\u0131s\u0131 Bedirhan Dehmen\u2019in rehberli\u011finde, bedenlerimizin hareket kapasitesini ve temel fiziksel prensiplerini ara\u015ft\u0131rd\u0131\u011f\u0131m\u0131z do\u011fa\u00e7lama \u00e7al\u0131\u015fmalar\u0131n\u0131n yan\u0131 s\u0131ra, \u00e7e\u015fitli fiziksel eylem motiflerini \u00e7a\u011fda\u015f dans ve fiziksel tiyatronun sunduklar\u0131yla i\u015fleyip, d\u00f6n\u00fc\u015ft\u00fcrece\u011fiz. Do\u011fa\u00e7lamalar\u0131n beden haf\u0131zas\u0131ndaki izlerini s\u0131n\u0131rl\u0131 say\u0131da y\u00f6nerge ve rehberlikle anda se\u00e7ip d\u00fczenleyerek, birlikte \u00fcretmenin keyfini deneyimleyece\u011fiz.<\/span><\/p>\n<p><span style=\"font-weight: 400;\">\u2014&#8212;&#8212;&#8212;&#8212;&#8212;<\/span><\/p>\n<p><span style=\"font-weight: 400;\">Under the guidance of dance artist Bedirhan Dehmen, we will explore the movement capacities of our bodies and fundamental physical principles through improvisation exercises. Additionally, we will process and transform various physical action motifs using the techniques provided by contemporary dance and physical theater. By selecting and organizing the traces of improvisations in our body memory with limited instructions and guidance, we will experience the joy of creating together.<\/span><\/p>\n<p><b>Y\u00fcr\u00fct\u00fcc\u00fc Ki\u015fi \/ Executive:<\/b><span style=\"font-weight: 400;\"> Bedirhan Dehmen<\/span><\/p>\n<p><b>Ya\u015f S\u0131n\u0131r\u0131 \/ Age Limit:<\/b><span style=\"font-weight: 400;\"> 16+<\/span><\/p>\n<p><b>Seviye\/ Level:<\/b><span style=\"font-weight: 400;\"> Ba\u015flang\u0131\u00e7 \/ Beginner<\/span><\/p>\n<p><b>S\u00fcre \/ Duration of Event:<\/b><span style=\"font-weight: 400;\"> 120 dk \/ 120 min<\/span><\/p>\n<\/div><\/section><br \/>\n<div  class='hr av-1wgwp1-f5130e919114f14680027791788fe141 hr-default  avia-builder-el-7  el_after_av_textblock  el_before_av_textblock'><span class='hr-inner'><span class=\"hr-inner-style\"><\/span><\/span><\/div><br \/>\n<section class=\"av_textblock_section\"  itemscope=\"itemscope\" itemtype=\"https:\/\/schema.org\/CreativeWork\" ><div class='avia_textblock  av_inherit_color'  style='color:#1d1d1b; '  itemprop=\"text\" ><p><b>Y\u00fcr\u00fct\u00fcc\u00fc Ki\u015fi \/ Executive:<\/b><span style=\"font-weight: 400;\"> Bedirhan Dehmen<br \/>\n<\/span><b>Ya\u015f S\u0131n\u0131r\u0131 \/ Age Limit:<\/b><span style=\"font-weight: 400;\"> 16+<br \/>\n<\/span><b>Seviye\/ Level:<\/b><span style=\"font-weight: 400;\"> Ba\u015flang\u0131\u00e7 \/ Beginner<br \/>\n<\/span><b>S\u00fcre \/ Duration of Event:<\/b><span style=\"font-weight: 400;\"> 120 dk \/ 120 min<\/span><\/p>\n<\/div><\/section><\/p><\/div><\/p>","protected":false},"excerpt":{"rendered":"","protected":false},"author":2,"featured_media":0,"parent":0,"menu_order":0,"comment_status":"closed","ping_status":"closed","template":"","meta":{"footnotes":""},"class_list":["post-4405","page","type-page","status-publish","hentry"],"_links":{"self":[{"href":"https:\/\/bergamatiyatrofestivali.com\/en\/wp-json\/wp\/v2\/pages\/4405","targetHints":{"allow":["GET"]}}],"collection":[{"href":"https:\/\/bergamatiyatrofestivali.com\/en\/wp-json\/wp\/v2\/pages"}],"about":[{"href":"https:\/\/bergamatiyatrofestivali.com\/en\/wp-json\/wp\/v2\/types\/page"}],"author":[{"embeddable":true,"href":"https:\/\/bergamatiyatrofestivali.com\/en\/wp-json\/wp\/v2\/users\/2"}],"replies":[{"embeddable":true,"href":"https:\/\/bergamatiyatrofestivali.com\/en\/wp-json\/wp\/v2\/comments?post=4405"}],"version-history":[{"count":6,"href":"https:\/\/bergamatiyatrofestivali.com\/en\/wp-json\/wp\/v2\/pages\/4405\/revisions"}],"predecessor-version":[{"id":4592,"href":"https:\/\/bergamatiyatrofestivali.com\/en\/wp-json\/wp\/v2\/pages\/4405\/revisions\/4592"}],"wp:attachment":[{"href":"https:\/\/bergamatiyatrofestivali.com\/en\/wp-json\/wp\/v2\/media?parent=4405"}],"curies":[{"name":"wp","href":"https:\/\/api.w.org\/{rel}","templated":true}]}}