{"id":4403,"date":"2024-08-02T14:37:13","date_gmt":"2024-08-02T11:37:13","guid":{"rendered":"https:\/\/bergamatiyatrofestivali.com\/?page_id=4403"},"modified":"2024-08-08T14:16:22","modified_gmt":"2024-08-08T11:16:22","slug":"bergama-sinemalarinin-izinde","status":"publish","type":"page","link":"https:\/\/bergamatiyatrofestivali.com\/en\/bergama-sinemalarinin-izinde\/","title":{"rendered":"Bergama Sinemalar\u0131n\u0131n \u0130zinde"},"content":{"rendered":"<div class='flex_column av-8ra5it-7e829cb4e37498c31b1d3b088ac2ea15 av_one_half  avia-builder-el-0  el_before_av_one_half  avia-builder-el-first  first flex_column_div'   ><p>\n<style type=\"text\/css\" data-created_by=\"avia_inline_auto\" id=\"style-css-av-7wntvp-82d25591fcba0092dc74197c0ce5d2a8\">\n.avia-image-container.av-7wntvp-82d25591fcba0092dc74197c0ce5d2a8 .av-image-caption-overlay-center{\ncolor:#ffffff;\n}\n<\/style>\n<div  class='avia-image-container av-7wntvp-82d25591fcba0092dc74197c0ce5d2a8 av-styling- avia-align-center  avia-builder-el-1  el_before_av_textblock  avia-builder-el-first'  itemprop=\"image\" itemscope=\"itemscope\" itemtype=\"https:\/\/schema.org\/ImageObject\" ><div class=\"avia-image-container-inner\"><div class=\"avia-image-overlay-wrap\"><img decoding=\"async\" class='wp-image-4411 avia-img-lazy-loading-not-4411 avia_image' src=\"https:\/\/bergamatiyatrofestivali.com\/wp-content\/uploads\/2024\/08\/berg-sinema_mobilet-3.jpg\" alt='' title='berg-sinema_mobilet (3)'  height=\"1095\" width=\"1949\"  itemprop=\"thumbnailUrl\" srcset=\"https:\/\/bergamatiyatrofestivali.com\/wp-content\/uploads\/2024\/08\/berg-sinema_mobilet-3.jpg 1949w, https:\/\/bergamatiyatrofestivali.com\/wp-content\/uploads\/2024\/08\/berg-sinema_mobilet-3-300x169.jpg 300w, https:\/\/bergamatiyatrofestivali.com\/wp-content\/uploads\/2024\/08\/berg-sinema_mobilet-3-1030x579.jpg 1030w, https:\/\/bergamatiyatrofestivali.com\/wp-content\/uploads\/2024\/08\/berg-sinema_mobilet-3-768x431.jpg 768w, https:\/\/bergamatiyatrofestivali.com\/wp-content\/uploads\/2024\/08\/berg-sinema_mobilet-3-1536x863.jpg 1536w, https:\/\/bergamatiyatrofestivali.com\/wp-content\/uploads\/2024\/08\/berg-sinema_mobilet-3-18x10.jpg 18w, https:\/\/bergamatiyatrofestivali.com\/wp-content\/uploads\/2024\/08\/berg-sinema_mobilet-3-1500x843.jpg 1500w, https:\/\/bergamatiyatrofestivali.com\/wp-content\/uploads\/2024\/08\/berg-sinema_mobilet-3-705x396.jpg 705w\" sizes=\"(max-width: 1949px) 100vw, 1949px\" \/><\/div><\/div><\/div><br \/>\n<section class=\"av_textblock_section\"  itemscope=\"itemscope\" itemtype=\"https:\/\/schema.org\/CreativeWork\" ><div class='avia_textblock  av_inherit_color'  style='color:#1d1d1b; '  itemprop=\"text\" ><h2><strong>Bergama Sinemalar\u0131n\u0131n \u0130zinde<\/strong><\/h2>\n<h3><em><strong>In The Footsteps of Bergama Cinemas<\/strong><\/em><\/h3>\n<h3><\/h3>\n<h4><span style=\"font-weight: 400;\">11 A\u011fustos\/August Pazar-Sunday, 08:00 &#8211; 10:00<\/span><\/h4>\n<h5><span style=\"font-weight: 400;\">K\u0131z\u0131lavlu<\/span><\/h5>\n<\/div><\/section><br \/>\n<div  class='hr av-578o5x-e81847a4cb4a9bc272bf8a5d46cdedcf hr-default  avia-builder-el-3  el_after_av_textblock  el_before_av_buttonrow'><span class='hr-inner'><span class=\"hr-inner-style\"><\/span><\/span><\/div><br \/>\n<div  class='avia-buttonrow-wrap av-l34tkru2-d8d00fb5ab84f16fc18bc5eac03df079 avia-buttonrow-left  avia-builder-el-4  el_after_av_hr  avia-builder-el-last'>\n\n<style type=\"text\/css\" data-created_by=\"avia_inline_auto\" id=\"style-css-av-l34tko4x-1a3f517819854b5de2b8c466f734f194\">\n#top #wrap_all .avia-button.av-l34tko4x-1a3f517819854b5de2b8c466f734f194{\nmargin-bottom:5px;\nmargin-right:5px;\n}\n#top #wrap_all .avia-button.av-l34tko4x-1a3f517819854b5de2b8c466f734f194:hover{\nbackground-color:black;\ncolor:#ffffff;\ntransition:all 0.4s ease-in-out;\n-webkit-transition:all 0.4s ease-in-out;\n-moz-transition:all 0.4s ease-in-out;\n-ms-transition:all 0.4s ease-in-out;\n-o-transition:all 0.4s ease-in-out;\n}\n<\/style>\n<a href='https:\/\/mobilet.com\/tr\/event\/bergama-sinemalarinin-izinde-yucel-tunca-33946\/' class='avia-button av-l34tko4x-1a3f517819854b5de2b8c466f734f194 avia-icon_select-yes-left-icon avia-size-medium avia-color-black avia-font-color-white' target=\"_blank\" rel=\"noopener noreferrer\"><span class='avia_button_icon avia_button_icon_left' aria-hidden='true' data-av_icon='\ue881' data-av_iconfont='entypo-fontello'><\/span><span class='avia_iconbox_title' >11 A\u011eUSTOS MOB\u0130LET<\/span><\/a>\n<\/div><\/p><\/div><div class='flex_column av-3so41h-0e4fbf300e066135e57e4f7bf6f0d1c8 av_one_half  avia-builder-el-5  el_after_av_one_half  avia-builder-el-last  flex_column_div'   ><p><section class=\"av_textblock_section\"  itemscope=\"itemscope\" itemtype=\"https:\/\/schema.org\/CreativeWork\" ><div class='avia_textblock  av_inherit_color'  style='color:#1d1d1b; '  itemprop=\"text\" ><p><span style=\"font-weight: 400;\">Bergama&#8217;n\u0131n 1925 y\u0131l\u0131nda faaliyete ba\u015flayan ilk sinemas\u0131ndan g\u00fcn\u00fcm\u00fcze kadar a\u00e7\u0131lm\u0131\u015f, kapanm\u0131\u015f; halen \u00e7al\u0131\u015fan veya fiziki hi\u00e7bir iz b\u0131rakmadan yok olup kent belle\u011finde ya\u015famaya devam eden sinema salonlar\u0131n\u0131n, bu salonlarda hayat bulmu\u015f insan hikayelerinin, seyir pratiklerinin, ezc\u00fcmle Bergama&#8217;n\u0131n sinema ekseninde sokak sokak, kap\u0131 kap\u0131 dola\u015f\u0131p yak\u0131n tarihinin izini s\u00fcrece\u011fimiz bir y\u00fcr\u00fcy\u00fc\u015f deneyimi.\u00a0\u00a0<\/span><\/p>\n<p><span style=\"font-weight: 400;\">\u2014&#8212;&#8212;&#8212;&#8212;&#8212;<\/span><\/p>\n<p><span style=\"font-weight: 400;\">A walking experience where we will trace the recent history of Bergama, street by street, door by door, through the cinema axis, focusing on the movie theaters that have opened and closed, those still in operation, and those that have disappeared without leaving any physical trace but continue to live on in the city&#8217;s memory since the opening of the first cinema in 1925, along with the human stories and viewing practices that came to life in these theatres.<\/span><\/p>\n<\/div><\/section><br \/>\n<div  class='hr av-1wgwp1-f5130e919114f14680027791788fe141 hr-default  avia-builder-el-7  el_after_av_textblock  el_before_av_textblock'><span class='hr-inner'><span class=\"hr-inner-style\"><\/span><\/span><\/div><br \/>\n<section class=\"av_textblock_section\"  itemscope=\"itemscope\" itemtype=\"https:\/\/schema.org\/CreativeWork\" ><div class='avia_textblock  av_inherit_color'  style='color:#1d1d1b; '  itemprop=\"text\" ><p><b>Y\u00fcr\u00fct\u00fcc\u00fc Ki\u015fi \/<\/b> <b>Executive: <\/b><span style=\"font-weight: 400;\">Y\u00fccel Tunca<br \/>\n<\/span><b>Ya\u015f S\u0131n\u0131r\u0131 \/ Age Limit:\u00a0 <\/b><span style=\"font-weight: 400;\">+16<\/span><b><br \/>\n<\/b><b>S\u00fcre \/Duration of Event: <\/b><span style=\"font-weight: 400;\">120 dk \/120 min<\/span><\/p>\n<\/div><\/section><\/p><\/div><\/p>","protected":false},"excerpt":{"rendered":"","protected":false},"author":1,"featured_media":0,"parent":0,"menu_order":0,"comment_status":"closed","ping_status":"closed","template":"","meta":{"footnotes":""},"class_list":["post-4403","page","type-page","status-publish","hentry"],"_links":{"self":[{"href":"https:\/\/bergamatiyatrofestivali.com\/en\/wp-json\/wp\/v2\/pages\/4403","targetHints":{"allow":["GET"]}}],"collection":[{"href":"https:\/\/bergamatiyatrofestivali.com\/en\/wp-json\/wp\/v2\/pages"}],"about":[{"href":"https:\/\/bergamatiyatrofestivali.com\/en\/wp-json\/wp\/v2\/types\/page"}],"author":[{"embeddable":true,"href":"https:\/\/bergamatiyatrofestivali.com\/en\/wp-json\/wp\/v2\/users\/1"}],"replies":[{"embeddable":true,"href":"https:\/\/bergamatiyatrofestivali.com\/en\/wp-json\/wp\/v2\/comments?post=4403"}],"version-history":[{"count":3,"href":"https:\/\/bergamatiyatrofestivali.com\/en\/wp-json\/wp\/v2\/pages\/4403\/revisions"}],"predecessor-version":[{"id":4626,"href":"https:\/\/bergamatiyatrofestivali.com\/en\/wp-json\/wp\/v2\/pages\/4403\/revisions\/4626"}],"wp:attachment":[{"href":"https:\/\/bergamatiyatrofestivali.com\/en\/wp-json\/wp\/v2\/media?parent=4403"}],"curies":[{"name":"wp","href":"https:\/\/api.w.org\/{rel}","templated":true}]}}