{"id":4401,"date":"2024-08-02T14:29:10","date_gmt":"2024-08-02T11:29:10","guid":{"rendered":"https:\/\/bergamatiyatrofestivali.com\/?page_id=4401"},"modified":"2024-08-08T15:05:13","modified_gmt":"2024-08-08T12:05:13","slug":"antik-tiyatrolar-gezisi","status":"publish","type":"page","link":"https:\/\/bergamatiyatrofestivali.com\/en\/antik-tiyatrolar-gezisi\/","title":{"rendered":"Antik Tiyatrolar Gezisi"},"content":{"rendered":"<div class='flex_column av-8ra5it-7e829cb4e37498c31b1d3b088ac2ea15 av_one_half  avia-builder-el-0  el_before_av_one_half  avia-builder-el-first  first flex_column_div'   ><p>\n<style type=\"text\/css\" data-created_by=\"avia_inline_auto\" id=\"style-css-av-7wntvp-10fecc96da3e23f3193713a3166ec2a6\">\n.avia-image-container.av-7wntvp-10fecc96da3e23f3193713a3166ec2a6 .av-image-caption-overlay-center{\ncolor:#ffffff;\n}\n<\/style>\n<div  class='avia-image-container av-7wntvp-10fecc96da3e23f3193713a3166ec2a6 av-styling- avia-align-center  avia-builder-el-1  el_before_av_textblock  avia-builder-el-first'  itemprop=\"image\" itemscope=\"itemscope\" itemtype=\"https:\/\/schema.org\/ImageObject\" ><div class=\"avia-image-container-inner\"><div class=\"avia-image-overlay-wrap\"><img decoding=\"async\" class='wp-image-4410 avia-img-lazy-loading-not-4410 avia_image' src=\"https:\/\/bergamatiyatrofestivali.com\/wp-content\/uploads\/2024\/08\/antik-tiyatro-gezi_mobilet-5.jpg\" alt='' title='antik tiyatro gezi_mobilet (5)'  height=\"1095\" width=\"1948\"  itemprop=\"thumbnailUrl\" srcset=\"https:\/\/bergamatiyatrofestivali.com\/wp-content\/uploads\/2024\/08\/antik-tiyatro-gezi_mobilet-5.jpg 1948w, https:\/\/bergamatiyatrofestivali.com\/wp-content\/uploads\/2024\/08\/antik-tiyatro-gezi_mobilet-5-300x169.jpg 300w, https:\/\/bergamatiyatrofestivali.com\/wp-content\/uploads\/2024\/08\/antik-tiyatro-gezi_mobilet-5-1030x579.jpg 1030w, https:\/\/bergamatiyatrofestivali.com\/wp-content\/uploads\/2024\/08\/antik-tiyatro-gezi_mobilet-5-768x432.jpg 768w, https:\/\/bergamatiyatrofestivali.com\/wp-content\/uploads\/2024\/08\/antik-tiyatro-gezi_mobilet-5-1536x863.jpg 1536w, https:\/\/bergamatiyatrofestivali.com\/wp-content\/uploads\/2024\/08\/antik-tiyatro-gezi_mobilet-5-18x10.jpg 18w, https:\/\/bergamatiyatrofestivali.com\/wp-content\/uploads\/2024\/08\/antik-tiyatro-gezi_mobilet-5-1500x843.jpg 1500w, https:\/\/bergamatiyatrofestivali.com\/wp-content\/uploads\/2024\/08\/antik-tiyatro-gezi_mobilet-5-705x396.jpg 705w\" sizes=\"(max-width: 1948px) 100vw, 1948px\" \/><\/div><\/div><\/div><br \/>\n<section class=\"av_textblock_section\"  itemscope=\"itemscope\" itemtype=\"https:\/\/schema.org\/CreativeWork\" ><div class='avia_textblock  av_inherit_color'  style='color:#1d1d1b; '  itemprop=\"text\" ><h2><strong>Antik Tiyatrolar Gezisi<\/strong><\/h2>\n<h3><em><strong>Tour of Ancient Theatres<\/strong><\/em><\/h3>\n<h3><\/h3>\n<h4><span style=\"font-weight: 400;\">10 A\u011fustos\/August Cumartesi-Saturday, 08:00-10:00<\/span><\/h4>\n<h5><span style=\"font-weight: 400;\">\u00c7\u0131narl\u0131 Kahve<\/span><\/h5>\n<\/div><\/section><br \/>\n<div  class='hr av-578o5x-e81847a4cb4a9bc272bf8a5d46cdedcf hr-default  avia-builder-el-3  el_after_av_textblock  el_before_av_buttonrow'><span class='hr-inner'><span class=\"hr-inner-style\"><\/span><\/span><\/div><br \/>\n<div  class='avia-buttonrow-wrap av-l34tkru2-d8d00fb5ab84f16fc18bc5eac03df079 avia-buttonrow-left  avia-builder-el-4  el_after_av_hr  avia-builder-el-last'>\n\n<style type=\"text\/css\" data-created_by=\"avia_inline_auto\" id=\"style-css-av-l34tko4x-2cf5a60cd74d4c7243da768b5c308857\">\n#top #wrap_all .avia-button.av-l34tko4x-2cf5a60cd74d4c7243da768b5c308857{\nmargin-bottom:5px;\nmargin-right:5px;\n}\n#top #wrap_all .avia-button.av-l34tko4x-2cf5a60cd74d4c7243da768b5c308857:hover{\nbackground-color:black;\ncolor:#ffffff;\ntransition:all 0.4s ease-in-out;\n-webkit-transition:all 0.4s ease-in-out;\n-moz-transition:all 0.4s ease-in-out;\n-ms-transition:all 0.4s ease-in-out;\n-o-transition:all 0.4s ease-in-out;\n}\n<\/style>\n<a href='https:\/\/mobilet.com\/tr\/event\/antik-tiyatrolar-gezisi-doc-dr-guler-ates-33948\/' class='avia-button av-l34tko4x-2cf5a60cd74d4c7243da768b5c308857 avia-icon_select-yes-left-icon avia-size-medium avia-color-black avia-font-color-white' target=\"_blank\" rel=\"noopener noreferrer\"><span class='avia_button_icon avia_button_icon_left' aria-hidden='true' data-av_icon='\ue881' data-av_iconfont='entypo-fontello'><\/span><span class='avia_iconbox_title' >10 A\u011eUSTOS MOB\u0130LET<\/span><\/a>\n<\/div><\/p><\/div><div class='flex_column av-3so41h-0e4fbf300e066135e57e4f7bf6f0d1c8 av_one_half  avia-builder-el-5  el_after_av_one_half  avia-builder-el-last  flex_column_div'   ><p><section class=\"av_textblock_section\"  itemscope=\"itemscope\" itemtype=\"https:\/\/schema.org\/CreativeWork\" ><div class='avia_textblock  av_inherit_color'  style='color:#1d1d1b; '  itemprop=\"text\" ><p><span style=\"font-weight: 400;\">Gezimizde Pergamon&#8217;da bulunan farkl\u0131 d\u00f6nemlerden 4 tiyatro \u00fczerinden kent hakk\u0131nda genel bir bilgi verilecektir. M\u00d6 2000\u2019den g\u00fcn\u00fcm\u00fcze kadar kesintisiz bir \u015fekilde ya\u015fayan Pergamon\/ Bergama&#8217;n\u0131n tarih i\u00e7indeki geli\u015fimi ve de\u011fi\u015fimi anlat\u0131lacakt\u0131r. Bu \u00e7er\u00e7evede kentteki tiyatrolar\u0131n sosyal hayattaki yeri ve tiyatro olgusunun zaman i\u00e7inde toplumla birlikte nas\u0131l de\u011fi\u015fti\u011fi hakk\u0131nda bilgi verilecektir. Gezimiz esnas\u0131nda Roma D\u00f6nemi a\u015fa\u011f\u0131 kentinin \u00f6nemli bir k\u0131sm\u0131n\u0131 olu\u015fturan bug\u00fcnk\u00fc Atmaca Mahallesi\u2019nden, Akropol&#8217;deki kentin en eski tiyatrosunu g\u00f6rece\u011fiz, Roma D\u00f6nemi tiyatrosu olan &#8220;Virankap\u0131&#8221; ve Amfitiyatro\u2019yu gezece\u011fiz.\u00a0<\/span><\/p>\n<p><span style=\"font-weight: 400;\">\u2014&#8212;&#8212;&#8212;&#8212;&#8212;<\/span><\/p>\n<p><span style=\"font-weight: 400;\">During our tour, general information about the city will be provided through four theaters from different periods located in Pergamon. The continuous development and transformation of Pergamon\/Bergama from 2000 BC to the present day will be discussed. Within this framework, information will be given about the role of theaters in social life and how the concept of theater has evolved along with society. During our tour, we will see the oldest theater of the Acropolis, explore today&#8217;s Atmaca neighborhood, which forms a significant part of the lower city from the Roman period, and visit the &#8220;Virankap\u0131&#8221; Roman theater and the Amphitheater.<\/span><\/p>\n<\/div><\/section><br \/>\n<div  class='hr av-1wgwp1-f5130e919114f14680027791788fe141 hr-default  avia-builder-el-7  el_after_av_textblock  el_before_av_textblock'><span class='hr-inner'><span class=\"hr-inner-style\"><\/span><\/span><\/div><br \/>\n<section class=\"av_textblock_section\"  itemscope=\"itemscope\" itemtype=\"https:\/\/schema.org\/CreativeWork\" ><div class='avia_textblock  av_inherit_color'  style='color:#1d1d1b; '  itemprop=\"text\" ><p><b>Y\u00fcr\u00fct\u00fcc\u00fc Ki\u015fi \/ Executive:<\/b><span style=\"font-weight: 400;\"> Do\u00e7. Dr. G\u00fcler Ate\u015f<\/span><\/p>\n<p><b>S\u00fcre \/ Duration of Event:<\/b><span style=\"font-weight: 400;\"> 120 dk\/ 120 min.<\/span><\/p>\n<\/div><\/section><\/p><\/div><\/p>","protected":false},"excerpt":{"rendered":"","protected":false},"author":2,"featured_media":0,"parent":0,"menu_order":0,"comment_status":"closed","ping_status":"closed","template":"","meta":{"footnotes":""},"class_list":["post-4401","page","type-page","status-publish","hentry"],"_links":{"self":[{"href":"https:\/\/bergamatiyatrofestivali.com\/en\/wp-json\/wp\/v2\/pages\/4401","targetHints":{"allow":["GET"]}}],"collection":[{"href":"https:\/\/bergamatiyatrofestivali.com\/en\/wp-json\/wp\/v2\/pages"}],"about":[{"href":"https:\/\/bergamatiyatrofestivali.com\/en\/wp-json\/wp\/v2\/types\/page"}],"author":[{"embeddable":true,"href":"https:\/\/bergamatiyatrofestivali.com\/en\/wp-json\/wp\/v2\/users\/2"}],"replies":[{"embeddable":true,"href":"https:\/\/bergamatiyatrofestivali.com\/en\/wp-json\/wp\/v2\/comments?post=4401"}],"version-history":[{"count":6,"href":"https:\/\/bergamatiyatrofestivali.com\/en\/wp-json\/wp\/v2\/pages\/4401\/revisions"}],"predecessor-version":[{"id":4620,"href":"https:\/\/bergamatiyatrofestivali.com\/en\/wp-json\/wp\/v2\/pages\/4401\/revisions\/4620"}],"wp:attachment":[{"href":"https:\/\/bergamatiyatrofestivali.com\/en\/wp-json\/wp\/v2\/media?parent=4401"}],"curies":[{"name":"wp","href":"https:\/\/api.w.org\/{rel}","templated":true}]}}