{"id":4386,"date":"2024-07-30T20:43:20","date_gmt":"2024-07-30T17:43:20","guid":{"rendered":"https:\/\/bergamatiyatrofestivali.com\/?page_id=4386"},"modified":"2024-08-08T15:00:50","modified_gmt":"2024-08-08T12:00:50","slug":"kendini-arayan-zurafa","status":"publish","type":"page","link":"https:\/\/bergamatiyatrofestivali.com\/en\/kendini-arayan-zurafa\/","title":{"rendered":"Kendini Arayan Z\u00fcrafa"},"content":{"rendered":"<div class='flex_column av-8ra5it-7e829cb4e37498c31b1d3b088ac2ea15 av_one_half  avia-builder-el-0  el_before_av_one_half  avia-builder-el-first  first flex_column_div'   ><p>\n<style type=\"text\/css\" data-created_by=\"avia_inline_auto\" id=\"style-css-av-7wntvp-d8d75e0f97792bda831f876c5eeea250\">\n.avia-image-container.av-7wntvp-d8d75e0f97792bda831f876c5eeea250 .av-image-caption-overlay-center{\ncolor:#ffffff;\n}\n<\/style>\n<div  class='avia-image-container av-7wntvp-d8d75e0f97792bda831f876c5eeea250 av-styling- avia-align-center  avia-builder-el-1  el_before_av_textblock  avia-builder-el-first'  itemprop=\"image\" itemscope=\"itemscope\" itemtype=\"https:\/\/schema.org\/ImageObject\" ><div class=\"avia-image-container-inner\"><div class=\"avia-image-overlay-wrap\"><img decoding=\"async\" class='wp-image-4456 avia-img-lazy-loading-not-4456 avia_image' src=\"https:\/\/bergamatiyatrofestivali.com\/wp-content\/uploads\/2024\/08\/kendini-arayan-zurafa_post-2-scaled.jpg\" alt='' title='kendini arayan zu\u0308rafa_post (2)'  height=\"2560\" width=\"2560\"  itemprop=\"thumbnailUrl\" srcset=\"https:\/\/bergamatiyatrofestivali.com\/wp-content\/uploads\/2024\/08\/kendini-arayan-zurafa_post-2-scaled.jpg 2560w, https:\/\/bergamatiyatrofestivali.com\/wp-content\/uploads\/2024\/08\/kendini-arayan-zurafa_post-2-300x300.jpg 300w, https:\/\/bergamatiyatrofestivali.com\/wp-content\/uploads\/2024\/08\/kendini-arayan-zurafa_post-2-1030x1030.jpg 1030w, https:\/\/bergamatiyatrofestivali.com\/wp-content\/uploads\/2024\/08\/kendini-arayan-zurafa_post-2-80x80.jpg 80w, https:\/\/bergamatiyatrofestivali.com\/wp-content\/uploads\/2024\/08\/kendini-arayan-zurafa_post-2-768x768.jpg 768w, https:\/\/bergamatiyatrofestivali.com\/wp-content\/uploads\/2024\/08\/kendini-arayan-zurafa_post-2-1536x1536.jpg 1536w, https:\/\/bergamatiyatrofestivali.com\/wp-content\/uploads\/2024\/08\/kendini-arayan-zurafa_post-2-2048x2048.jpg 2048w, https:\/\/bergamatiyatrofestivali.com\/wp-content\/uploads\/2024\/08\/kendini-arayan-zurafa_post-2-12x12.jpg 12w, https:\/\/bergamatiyatrofestivali.com\/wp-content\/uploads\/2024\/08\/kendini-arayan-zurafa_post-2-36x36.jpg 36w, https:\/\/bergamatiyatrofestivali.com\/wp-content\/uploads\/2024\/08\/kendini-arayan-zurafa_post-2-180x180.jpg 180w, https:\/\/bergamatiyatrofestivali.com\/wp-content\/uploads\/2024\/08\/kendini-arayan-zurafa_post-2-1500x1500.jpg 1500w, https:\/\/bergamatiyatrofestivali.com\/wp-content\/uploads\/2024\/08\/kendini-arayan-zurafa_post-2-705x705.jpg 705w\" sizes=\"(max-width: 2560px) 100vw, 2560px\" \/><\/div><\/div><\/div><br \/>\n<section class=\"av_textblock_section\"  itemscope=\"itemscope\" itemtype=\"https:\/\/schema.org\/CreativeWork\" ><div class='avia_textblock  av_inherit_color'  style='color:#1d1d1b; '  itemprop=\"text\" ><h2><strong>Kendini Arayan Z\u00fcrafa<\/strong><\/h2>\n<h3><em><strong>Kendini Arayan Z\u00fcrafa<\/strong><\/em><\/h3>\n<h3><span style=\"font-weight: 400;\">TiyatroCa<\/span><\/h3>\n<h4><span style=\"font-weight: 400;\">10 A\u011fustos\/August Cumartesi-Saturday, 11:00<\/span><\/h4>\n<h4><span style=\"font-weight: 400;\">11 A\u011fustos\/August Pazar-Sunday, 11:00<\/span><\/h4>\n<h5><span style=\"font-weight: 400;\">Arasta<\/span><\/h5>\n<\/div><\/section><br \/>\n<div  class='hr av-578o5x-e81847a4cb4a9bc272bf8a5d46cdedcf hr-default  avia-builder-el-3  el_after_av_textblock  avia-builder-el-last'><span class='hr-inner'><span class=\"hr-inner-style\"><\/span><\/span><\/div><\/p><\/div><div class='flex_column av-3so41h-0e4fbf300e066135e57e4f7bf6f0d1c8 av_one_half  avia-builder-el-4  el_after_av_one_half  avia-builder-el-last  flex_column_div'   ><p><section class=\"av_textblock_section\"  itemscope=\"itemscope\" itemtype=\"https:\/\/schema.org\/CreativeWork\" ><div class='avia_textblock  av_inherit_color'  style='color:#1d1d1b; '  itemprop=\"text\" ><p><span style=\"font-weight: 400;\">\u2018Kendini Arayan Z\u00fcrafa\u2019 hayat\u0131n\u0131 anlamland\u0131rmak, amac\u0131n\u0131 bulmak isteyen Z\u00fcrafa\u2019n\u0131n \u00e7\u0131kt\u0131\u011f\u0131 yolculu\u011fu konu edinir. Z\u00fcrafa, yolda bir s\u00fcr\u00fc arkada\u015f edinip farkl\u0131 alanlarda bilgiler edinerek ne olmak istedi\u011fini bulabilecek midir?<\/span><\/p>\n<p><span style=\"font-weight: 400;\">\u2014&#8212;&#8212;&#8212;&#8212;&#8212;<\/span><\/p>\n<p><span style=\"font-weight: 400;\">\u2018The Giraffe who looking for himself is about a Giraffe\u2019s journey who wants to find his life&#8217;s meaning and purpose. Will Giraffe can make a lot of new friends on the way, learn new things about different things, and find what he wants to be?<\/span><\/p>\n<\/div><\/section><br \/>\n<div  class='hr av-1wgwp1-f5130e919114f14680027791788fe141 hr-default  avia-builder-el-6  el_after_av_textblock  el_before_av_textblock'><span class='hr-inner'><span class=\"hr-inner-style\"><\/span><\/span><\/div><br \/>\n<section class=\"av_textblock_section\"  itemscope=\"itemscope\" itemtype=\"https:\/\/schema.org\/CreativeWork\" ><div class='avia_textblock  av_inherit_color'  style='color:#1d1d1b; '  itemprop=\"text\" ><p><b>Yazan-Y\u00f6neten\/ Writer &#8211; Director:<\/b><span style=\"font-weight: 400;\"> Selen \u015ee\u015fen<\/span><\/p>\n<p><b>Oynayanlar\/ Performers:<\/b><span style=\"font-weight: 400;\"> Dine Alt\u0131nok, Devrim Karakoyun<\/span><\/p>\n<p><b>Ka\u011f\u0131t Kukla Tasar\u0131m ve Uygulama\/ Paper Puppet Designer and Player:<\/b><span style=\"font-weight: 400;\"> Eylem \u00d6zdemir<\/span><\/p>\n<p><b>M\u00fczik\/ Music<\/b><span style=\"font-weight: 400;\">: Selen \u015ee\u015fen<\/span><\/p>\n<p><b>S\u00fcre\/ Duration:<\/b><span style=\"font-weight: 400;\"> 20\u2019<\/span><\/p>\n<p><b>Ya\u015f S\u0131n\u0131r\u0131\/ Age Limit:<\/b><span style=\"font-weight: 400;\"> +3<\/span><\/p>\n<\/div><\/section><\/p><\/div><\/p>","protected":false},"excerpt":{"rendered":"","protected":false},"author":2,"featured_media":0,"parent":0,"menu_order":0,"comment_status":"closed","ping_status":"closed","template":"","meta":{"footnotes":""},"class_list":["post-4386","page","type-page","status-publish","hentry"],"_links":{"self":[{"href":"https:\/\/bergamatiyatrofestivali.com\/en\/wp-json\/wp\/v2\/pages\/4386","targetHints":{"allow":["GET"]}}],"collection":[{"href":"https:\/\/bergamatiyatrofestivali.com\/en\/wp-json\/wp\/v2\/pages"}],"about":[{"href":"https:\/\/bergamatiyatrofestivali.com\/en\/wp-json\/wp\/v2\/types\/page"}],"author":[{"embeddable":true,"href":"https:\/\/bergamatiyatrofestivali.com\/en\/wp-json\/wp\/v2\/users\/2"}],"replies":[{"embeddable":true,"href":"https:\/\/bergamatiyatrofestivali.com\/en\/wp-json\/wp\/v2\/comments?post=4386"}],"version-history":[{"count":4,"href":"https:\/\/bergamatiyatrofestivali.com\/en\/wp-json\/wp\/v2\/pages\/4386\/revisions"}],"predecessor-version":[{"id":4627,"href":"https:\/\/bergamatiyatrofestivali.com\/en\/wp-json\/wp\/v2\/pages\/4386\/revisions\/4627"}],"wp:attachment":[{"href":"https:\/\/bergamatiyatrofestivali.com\/en\/wp-json\/wp\/v2\/media?parent=4386"}],"curies":[{"name":"wp","href":"https:\/\/api.w.org\/{rel}","templated":true}]}}