{"id":4304,"date":"2024-07-22T10:18:50","date_gmt":"2024-07-22T07:18:50","guid":{"rendered":"https:\/\/bergamatiyatrofestivali.com\/?page_id=4304"},"modified":"2024-07-30T20:46:34","modified_gmt":"2024-07-30T17:46:34","slug":"fahrenheit-451","status":"publish","type":"page","link":"https:\/\/bergamatiyatrofestivali.com\/en\/fahrenheit-451\/","title":{"rendered":"Fahrenheit 451"},"content":{"rendered":"<div class='flex_column av-8ra5it-7e829cb4e37498c31b1d3b088ac2ea15 av_one_half  avia-builder-el-0  el_before_av_one_half  avia-builder-el-first  first flex_column_div'   ><p>\n<style type=\"text\/css\" data-created_by=\"avia_inline_auto\" id=\"style-css-av-7wntvp-2b373f7f3e19f4cb8b82ba3e9631adaa\">\n.avia-image-container.av-7wntvp-2b373f7f3e19f4cb8b82ba3e9631adaa .av-image-caption-overlay-center{\ncolor:#ffffff;\n}\n<\/style>\n<div  class='avia-image-container av-7wntvp-2b373f7f3e19f4cb8b82ba3e9631adaa av-styling- avia-align-center  avia-builder-el-1  el_before_av_textblock  avia-builder-el-first'  itemprop=\"image\" itemscope=\"itemscope\" itemtype=\"https:\/\/schema.org\/ImageObject\" ><div class=\"avia-image-container-inner\"><div class=\"avia-image-overlay-wrap\"><img decoding=\"async\" class='wp-image-4306 avia-img-lazy-loading-not-4306 avia_image' src=\"https:\/\/bergamatiyatrofestivali.com\/wp-content\/uploads\/2024\/07\/Fahrenheit451_561x315px-1.jpg\" alt='' title='Fahrenheit451_561x315px (1)'  height=\"1314\" width=\"2338\"  itemprop=\"thumbnailUrl\" srcset=\"https:\/\/bergamatiyatrofestivali.com\/wp-content\/uploads\/2024\/07\/Fahrenheit451_561x315px-1.jpg 2338w, https:\/\/bergamatiyatrofestivali.com\/wp-content\/uploads\/2024\/07\/Fahrenheit451_561x315px-1-300x169.jpg 300w, https:\/\/bergamatiyatrofestivali.com\/wp-content\/uploads\/2024\/07\/Fahrenheit451_561x315px-1-1030x579.jpg 1030w, https:\/\/bergamatiyatrofestivali.com\/wp-content\/uploads\/2024\/07\/Fahrenheit451_561x315px-1-768x432.jpg 768w, https:\/\/bergamatiyatrofestivali.com\/wp-content\/uploads\/2024\/07\/Fahrenheit451_561x315px-1-1536x863.jpg 1536w, https:\/\/bergamatiyatrofestivali.com\/wp-content\/uploads\/2024\/07\/Fahrenheit451_561x315px-1-2048x1151.jpg 2048w, https:\/\/bergamatiyatrofestivali.com\/wp-content\/uploads\/2024\/07\/Fahrenheit451_561x315px-1-18x10.jpg 18w, https:\/\/bergamatiyatrofestivali.com\/wp-content\/uploads\/2024\/07\/Fahrenheit451_561x315px-1-1500x843.jpg 1500w, https:\/\/bergamatiyatrofestivali.com\/wp-content\/uploads\/2024\/07\/Fahrenheit451_561x315px-1-705x396.jpg 705w\" sizes=\"(max-width: 2338px) 100vw, 2338px\" \/><\/div><\/div><\/div><br \/>\n<section class=\"av_textblock_section\"  itemscope=\"itemscope\" itemtype=\"https:\/\/schema.org\/CreativeWork\" ><div class='avia_textblock  av_inherit_color'  style='color:#1d1d1b; '  itemprop=\"text\" ><h2><strong>Fahrenheit 451<\/strong><\/h2>\n<h3><em><strong>Fahrenheit 451<\/strong><\/em><\/h3>\n<h3><\/h3>\n<h4><span style=\"font-weight: 400;\">10 A\u011fustos\/August Cumartesi-Saturday, 21:00<\/span><\/h4>\n<h5><span style=\"font-weight: 400;\">Asclepeion Ancient Theatre<\/span><\/h5>\n<\/div><\/section><br \/>\n<div  class='hr av-578o5x-e81847a4cb4a9bc272bf8a5d46cdedcf hr-default  avia-builder-el-3  el_after_av_textblock  el_before_av_buttonrow'><span class='hr-inner'><span class=\"hr-inner-style\"><\/span><\/span><\/div><br \/>\n<div  class='avia-buttonrow-wrap av-l34tkru2-d8d00fb5ab84f16fc18bc5eac03df079 avia-buttonrow-left  avia-builder-el-4  el_after_av_hr  avia-builder-el-last'>\n\n<style type=\"text\/css\" data-created_by=\"avia_inline_auto\" id=\"style-css-av-l34tko4x-f4c88c321791d817e250283239d0ab43\">\n#top #wrap_all .avia-button.av-l34tko4x-f4c88c321791d817e250283239d0ab43{\nmargin-bottom:5px;\nmargin-right:5px;\n}\n#top #wrap_all .avia-button.av-l34tko4x-f4c88c321791d817e250283239d0ab43:hover{\nbackground-color:black;\ncolor:#ffffff;\ntransition:all 0.4s ease-in-out;\n-webkit-transition:all 0.4s ease-in-out;\n-moz-transition:all 0.4s ease-in-out;\n-ms-transition:all 0.4s ease-in-out;\n-o-transition:all 0.4s ease-in-out;\n}\n<\/style>\n<a href='https:\/\/mobilet.com\/tr\/event\/fahrenheit-451-33364\/' class='avia-button av-l34tko4x-f4c88c321791d817e250283239d0ab43 avia-icon_select-yes-left-icon avia-size-medium avia-color-black avia-font-color-white' target=\"_blank\" rel=\"noopener noreferrer\"><span class='avia_button_icon avia_button_icon_left' aria-hidden='true' data-av_icon='\ue881' data-av_iconfont='entypo-fontello'><\/span><span class='avia_iconbox_title' >10 A\u011eUSTOS MOB\u0130LET<\/span><\/a>\n<\/div><\/p><\/div>\n<div class='flex_column av-3so41h-0e4fbf300e066135e57e4f7bf6f0d1c8 av_one_half  avia-builder-el-5  el_after_av_one_half  avia-builder-el-last  flex_column_div'   ><p><section class=\"av_textblock_section\"  itemscope=\"itemscope\" itemtype=\"https:\/\/schema.org\/CreativeWork\" ><div class='avia_textblock  av_inherit_color'  style='color:#1d1d1b; '  itemprop=\"text\" ><p><span style=\"font-weight: 400;\">Distopya edebiyat\u0131n\u0131n k\u00fclt eseri, Ray Bradbury imzal\u0131 Fahrenheit 451 bu zamana, bizim d\u00fcnyam\u0131za dair s\u00f6z\u00fcn\u00fc bu kez sahneden s\u00f6yleyecek. \u0130nsan psikolojisinden ba\u015flayarak toplum d\u00fczenine yay\u0131lan denetlenemez bir k\u00e2bus ortam\u0131nda, insanl\u0131k i\u00e7in kurtulu\u015f m\u00fcmk\u00fcn olsa bile onu ger\u00e7ekle\u015ftirmek ne kadar m\u00fcmk\u00fcn? Fahrenheit 451; Bradbury\u2019nin distopyas\u0131 de\u011fil, a\u00e7\u0131k se\u00e7ik bizim d\u00fcnyam\u0131z, kendi tarihimiz. Zaman ise belirsiz de\u011fil, daima bu zaman&#8230; \u015eimdi sorma zaman\u0131: Kitap k\u00e2\u011f\u0131tlar\u0131n\u0131 tutu\u015fturmay\u0131 sa\u011flayan bir s\u0131cakl\u0131k derecesi, d\u00fc\u015f\u00fcnceyi ortadan kald\u0131rmaya yeter mi?<\/span><\/p>\n<p><span style=\"font-weight: 400;\">\u2014&#8212;&#8212;&#8212;&#8212;&#8212;<\/span><\/p>\n<p><span style=\"font-weight: 400;\">This time around, the cult dystopian literature masterpiece Fahrenheit 451 by Ray Bradbury, will be speaking about our era and world from the stage. In an uncontrollable nightmare environment that spreads from human psychology to social order, even if humanity\u2019s salvation were possible, how probable would it be to realize? Fahrenheit 451 is not Bradbury&#8217;s dystopia, but unmistakably our world, our history. The date is not uncertain, it is always now&#8230; We must now ask: Is the temperature at which books ignite enough to extinguish thought?<\/span><\/p>\n<\/div><\/section><br \/>\n<div  class='hr av-1wgwp1-f5130e919114f14680027791788fe141 hr-default  avia-builder-el-7  el_after_av_textblock  el_before_av_textblock'><span class='hr-inner'><span class=\"hr-inner-style\"><\/span><\/span><\/div><br \/>\n<section class=\"av_textblock_section\"  itemscope=\"itemscope\" itemtype=\"https:\/\/schema.org\/CreativeWork\" ><div class='avia_textblock  av_inherit_color'  style='color:#1d1d1b; '  itemprop=\"text\" ><p><b>Yazan\/Written by:<\/b><span style=\"font-weight: 400;\"> Ray Bradbury<br \/>\n<\/span><b>\u00c7eviren\/Translated into Turkish by:<\/b><span style=\"font-weight: 400;\"> Nazl\u0131 G\u00f6zde Yolcu<br \/>\n<\/span><b>Y\u00f6neten\/Directed by:<\/b><span style=\"font-weight: 400;\"> Erdal Be\u015fik\u00e7io\u011flu<br \/>\n<\/span><b>Y\u00f6netmen Yard\u0131mc\u0131s\u0131\/Assistant Director:<\/b><span style=\"font-weight: 400;\"> Elvin Be\u015fik\u00e7io\u011flu<br \/>\n<\/span><b>Koreografi\/Choreography: <\/b><span style=\"font-weight: 400;\">Asl\u0131 Gu\u0308ne\u015f Su\u0308mer<br \/>\n<\/span><b>Reji Asistanlar\u0131\/Regie Assistants:<\/b><span style=\"font-weight: 400;\"> Selin Tekman, Hayriye Merve Kaya<br \/>\n<\/span><b>I\u015f\u0131k Tasar\u0131m\u0131\/Light Design: <\/b><span style=\"font-weight: 400;\">Yakup \u00c7art\u0131k<br \/>\n<\/span><b>Dekor Tasar\u0131m\u0131\/Stage Design:<\/b><span style=\"font-weight: 400;\"> Bar\u0131\u015f Din\u00e7el<br \/>\n<\/span><b>Kost\u00fcm Tasar\u0131m\u0131\/Costume Design: <\/b><span style=\"font-weight: 400;\">Ba\u015fak \u00d6zdo\u011fan<br \/>\n<\/span><b>Maske Tasar\u0131m\u0131\/Mask Design:<\/b><span style=\"font-weight: 400;\"> C\u00e9cile Ayhan<br \/>\n<\/span><b>Afi\u015f Tasar\u0131m\u0131\/Poster Design:<\/b><span style=\"font-weight: 400;\"> Hande \u015eiri<br \/>\n<\/span><b>Video Mapping\/Video Mapping:<\/b><span style=\"font-weight: 400;\"> Can Akyu\u0308rek<br \/>\n<\/span><b>Oynayanlar\/Performers: <\/b>Erdal Be\u015fik\u00e7io\u011flu, Elvin Be\u015fik\u00e7io\u011flu, \u00dcnsal Co\u015far, Fatih S\u00f6nmez, Selin Tekman, Selin Zafertepe, Derin Be\u015fik\u00e7io\u011flu, Eda E\u011filmez, Aleyna Tarhan, Adem Aydil,\u00a0\u00d6zg\u00fcr\u00a0Y\u0131lmaz<span style=\"font-weight: 400;\"><br \/>\n<\/span><b>Oyun S\u00fcresi\/Performance Duration:<\/b><span style=\"font-weight: 400;\"> 75 dakika &#8211; Ara Yok \/ 75 min. &#8211; no intermission<br \/>\n<\/span><b>Ya\u015f\/Age: <\/b><span style=\"font-weight: 400;\">+14<\/span><\/p>\n<\/div><\/section><\/p><\/div>","protected":false},"excerpt":{"rendered":"","protected":false},"author":1,"featured_media":0,"parent":0,"menu_order":0,"comment_status":"closed","ping_status":"closed","template":"","meta":{"footnotes":""},"class_list":["post-4304","page","type-page","status-publish","hentry"],"_links":{"self":[{"href":"https:\/\/bergamatiyatrofestivali.com\/en\/wp-json\/wp\/v2\/pages\/4304","targetHints":{"allow":["GET"]}}],"collection":[{"href":"https:\/\/bergamatiyatrofestivali.com\/en\/wp-json\/wp\/v2\/pages"}],"about":[{"href":"https:\/\/bergamatiyatrofestivali.com\/en\/wp-json\/wp\/v2\/types\/page"}],"author":[{"embeddable":true,"href":"https:\/\/bergamatiyatrofestivali.com\/en\/wp-json\/wp\/v2\/users\/1"}],"replies":[{"embeddable":true,"href":"https:\/\/bergamatiyatrofestivali.com\/en\/wp-json\/wp\/v2\/comments?post=4304"}],"version-history":[{"count":5,"href":"https:\/\/bergamatiyatrofestivali.com\/en\/wp-json\/wp\/v2\/pages\/4304\/revisions"}],"predecessor-version":[{"id":4307,"href":"https:\/\/bergamatiyatrofestivali.com\/en\/wp-json\/wp\/v2\/pages\/4304\/revisions\/4307"}],"wp:attachment":[{"href":"https:\/\/bergamatiyatrofestivali.com\/en\/wp-json\/wp\/v2\/media?parent=4304"}],"curies":[{"name":"wp","href":"https:\/\/api.w.org\/{rel}","templated":true}]}}