{"id":4287,"date":"2024-07-15T09:56:12","date_gmt":"2024-07-15T06:56:12","guid":{"rendered":"https:\/\/bergamatiyatrofestivali.com\/?page_id=4287"},"modified":"2024-07-30T20:44:56","modified_gmt":"2024-07-30T17:44:56","slug":"cyrano","status":"publish","type":"page","link":"https:\/\/bergamatiyatrofestivali.com\/en\/cyrano\/","title":{"rendered":"Cyrano"},"content":{"rendered":"<div class='flex_column av-8ra5it-7e829cb4e37498c31b1d3b088ac2ea15 av_one_half  avia-builder-el-0  el_before_av_one_half  avia-builder-el-first  first flex_column_div'   ><p>\n<style type=\"text\/css\" data-created_by=\"avia_inline_auto\" id=\"style-css-av-7wntvp-c31eb6e8ced15de5090ec2bdd51ba190\">\n.avia-image-container.av-7wntvp-c31eb6e8ced15de5090ec2bdd51ba190 .av-image-caption-overlay-center{\ncolor:#ffffff;\n}\n<\/style>\n<div  class='avia-image-container av-7wntvp-c31eb6e8ced15de5090ec2bdd51ba190 av-styling- avia-align-center  avia-builder-el-1  el_before_av_textblock  avia-builder-el-first'  itemprop=\"image\" itemscope=\"itemscope\" itemtype=\"https:\/\/schema.org\/ImageObject\" ><div class=\"avia-image-container-inner\"><div class=\"avia-image-overlay-wrap\"><img decoding=\"async\" class='wp-image-4389 avia-img-lazy-loading-not-4389 avia_image' src=\"https:\/\/bergamatiyatrofestivali.com\/wp-content\/uploads\/2024\/07\/7c1f8362-7ee8-4b07-b835-942980da562e.jpg\" alt='' title='7c1f8362-7ee8-4b07-b835-942980da562e'  height=\"1080\" width=\"1080\"  itemprop=\"thumbnailUrl\" srcset=\"https:\/\/bergamatiyatrofestivali.com\/wp-content\/uploads\/2024\/07\/7c1f8362-7ee8-4b07-b835-942980da562e.jpg 1080w, https:\/\/bergamatiyatrofestivali.com\/wp-content\/uploads\/2024\/07\/7c1f8362-7ee8-4b07-b835-942980da562e-300x300.jpg 300w, https:\/\/bergamatiyatrofestivali.com\/wp-content\/uploads\/2024\/07\/7c1f8362-7ee8-4b07-b835-942980da562e-1030x1030.jpg 1030w, https:\/\/bergamatiyatrofestivali.com\/wp-content\/uploads\/2024\/07\/7c1f8362-7ee8-4b07-b835-942980da562e-80x80.jpg 80w, https:\/\/bergamatiyatrofestivali.com\/wp-content\/uploads\/2024\/07\/7c1f8362-7ee8-4b07-b835-942980da562e-768x768.jpg 768w, https:\/\/bergamatiyatrofestivali.com\/wp-content\/uploads\/2024\/07\/7c1f8362-7ee8-4b07-b835-942980da562e-12x12.jpg 12w, https:\/\/bergamatiyatrofestivali.com\/wp-content\/uploads\/2024\/07\/7c1f8362-7ee8-4b07-b835-942980da562e-36x36.jpg 36w, https:\/\/bergamatiyatrofestivali.com\/wp-content\/uploads\/2024\/07\/7c1f8362-7ee8-4b07-b835-942980da562e-180x180.jpg 180w, https:\/\/bergamatiyatrofestivali.com\/wp-content\/uploads\/2024\/07\/7c1f8362-7ee8-4b07-b835-942980da562e-705x705.jpg 705w\" sizes=\"(max-width: 1080px) 100vw, 1080px\" \/><\/div><\/div><\/div><br \/>\n<section class=\"av_textblock_section\"  itemscope=\"itemscope\" itemtype=\"https:\/\/schema.org\/CreativeWork\" ><div class='avia_textblock  av_inherit_color'  style='color:#1d1d1b; '  itemprop=\"text\" ><h2><strong>Cyrano<\/strong><\/h2>\n<h3><em><strong>Cyrano<\/strong><\/em><\/h3>\n<h3><span style=\"font-weight: 400;\">DasDas<\/span><\/h3>\n<h4><span style=\"font-weight: 400;\">09 A\u011fustos\/August Cuma-Friday, 21:00<\/span><\/h4>\n<h5><span style=\"font-weight: 400;\">Asclepeion Ancient Theatre<\/span><\/h5>\n<\/div><\/section><br \/>\n<div  class='hr av-578o5x-e81847a4cb4a9bc272bf8a5d46cdedcf hr-default  avia-builder-el-3  el_after_av_textblock  el_before_av_buttonrow'><span class='hr-inner'><span class=\"hr-inner-style\"><\/span><\/span><\/div><br \/>\n<div  class='avia-buttonrow-wrap av-l34tkru2-d8d00fb5ab84f16fc18bc5eac03df079 avia-buttonrow-left  avia-builder-el-4  el_after_av_hr  avia-builder-el-last'>\n\n<style type=\"text\/css\" data-created_by=\"avia_inline_auto\" id=\"style-css-av-l34tko4x-7dc18306df7927750e4403b8e4f3d52f\">\n#top #wrap_all .avia-button.av-l34tko4x-7dc18306df7927750e4403b8e4f3d52f{\nmargin-bottom:5px;\nmargin-right:5px;\n}\n#top #wrap_all .avia-button.av-l34tko4x-7dc18306df7927750e4403b8e4f3d52f:hover{\nbackground-color:black;\ncolor:#ffffff;\ntransition:all 0.4s ease-in-out;\n-webkit-transition:all 0.4s ease-in-out;\n-moz-transition:all 0.4s ease-in-out;\n-ms-transition:all 0.4s ease-in-out;\n-o-transition:all 0.4s ease-in-out;\n}\n<\/style>\n<a href='https:\/\/mobilet.com\/tr\/event\/cyrano-33351\/' class='avia-button av-l34tko4x-7dc18306df7927750e4403b8e4f3d52f avia-icon_select-yes-left-icon avia-size-medium avia-color-black avia-font-color-white' target=\"_blank\" rel=\"noopener noreferrer\"><span class='avia_button_icon avia_button_icon_left' aria-hidden='true' data-av_icon='\ue881' data-av_iconfont='entypo-fontello'><\/span><span class='avia_iconbox_title' >09 A\u011eUSTOS MOB\u0130LET<\/span><\/a>\n<\/div><\/p><\/div><div class='flex_column av-3so41h-0e4fbf300e066135e57e4f7bf6f0d1c8 av_one_half  avia-builder-el-5  el_after_av_one_half  avia-builder-el-last  flex_column_div'   ><p><section class=\"av_textblock_section\"  itemscope=\"itemscope\" itemtype=\"https:\/\/schema.org\/CreativeWork\" ><div class='avia_textblock  av_inherit_color'  style='color:#1d1d1b; '  itemprop=\"text\" ><p>Ahmet Sami \u00d6zbudak\u2019\u0131n y\u00f6netmen koltu\u011funda oturdu\u011fu Cyrano De Bergerac bu yorumuyla ge\u00e7mi\u015ften bug\u00fcne bir k\u00f6pr\u00fc kuruyor. \u0130zleyici, eserin \u015fiirsel ve masals\u0131 atmosferini arkas\u0131na alarak g\u00fcn\u00fcm\u00fcz\u00fcn g\u00fczellik meselelerine, derinli\u011fini kaybetmi\u015f duygulara, a\u015fka, yaln\u0131zl\u0131\u011fa ve \u00f6l\u00fcme yeniden bakacak.<br \/>\nCyrano\u2019nun s\u00f6yledi\u011fi s\u00f6zlerle hislenecek ka\u00e7 ki\u015fiyiz, bu D\u00fcnya art\u0131k duygulu \u00e7ocuklar\u0131 b\u00fcnyesinde kabul etmiyor mu, s\u00f6z\u00fcn b\u00fcy\u00fcs\u00fc kalmad\u0131 m\u0131? S\u00f6zler kaybolduysa duyduklar\u0131m\u0131z kuru g\u00fcr\u00fclt\u00fc m\u00fc? Ger\u00e7ek kahramanlar bilek g\u00fcc\u00fcyle mi, yoksa s\u00f6z g\u00fcc\u00fcyle meydan okur hayata? A\u015fk i\u00e7in sadece kalp g\u00fczelli\u011fi yeter mi? \u0130nsan akla m\u0131 a\u015f\u0131k olur, bedene mi? Bunun gibi bir s\u00fcr\u00fc soruyu kuca\u011f\u0131m\u0131za at\u0131p, alayc\u0131 bir nanikle sahneden inecek Cyrano.<br \/>\nO bir kahraman m\u0131d\u0131r, yoksa \u015fair mi? Bunu bile kestiremeyiz.<br \/>\n\u2014&#8212;&#8212;&#8212;&#8212;&#8212;<\/p>\n<p>Directed by Ahmet Sami \u00d6zbudak, Cyrano De Bergerac, with its interpretation, builds a bridge from the past to the present. The audience, embracing the poetic and fairy-tale atmosphere of the work, will reexamine today&#8217;s issues of beauty, emotions that have lost their depth, love, loneliness, and death.<\/p>\n<p>How many of us will resonate with Cyrano&#8217;s words? Does this world no longer accept sensitive souls? Has the charm of words faded away? If words are lost, are what we hear just empty noise? Do real heroes challenge life with physical strength or the power of words? Is beauty of heart sufficient for love? Does one fall in love with the mind or the body? These are some of the questions we&#8217;ll be confronted with before Cyrano humorously exits the stage.<\/p>\n<p>Is he a hero or a poet? Even that we cannot determine.<\/p>\n<\/div><\/section><br \/>\n<div  class='hr av-1wgwp1-f5130e919114f14680027791788fe141 hr-default  avia-builder-el-7  el_after_av_textblock  el_before_av_textblock'><span class='hr-inner'><span class=\"hr-inner-style\"><\/span><\/span><\/div><br \/>\n<section class=\"av_textblock_section\"  itemscope=\"itemscope\" itemtype=\"https:\/\/schema.org\/CreativeWork\" ><div class='avia_textblock  av_inherit_color'  style='color:#1d1d1b; '  itemprop=\"text\" ><p><strong>Yap\u0131m\/Production:<\/strong> DasDas<br \/>\n<strong>Yazan\/Written by:<\/strong> Edmond Rostand<br \/>\n<strong>\u00c7eviren\/Translator:<\/strong> Sabri Esat Siyavu\u015fgil<br \/>\n<strong>Y\u00f6netmen\/Directed by:<\/strong> Ahmet Sami \u00d6zbudak<br \/>\n<strong>Dekor ve I\u015f\u0131k Tasar\u0131m\/ Decor and Light Design:<\/strong> Cem Y\u0131lmazer<br \/>\n<strong>M\u00fczik\/Music:<\/strong> Harun Tekin<br \/>\n<strong>Koreografi\/Choreography:<\/strong> Dicle Do\u011fan<br \/>\n<strong>Kost\u00fcm Tasar\u0131m\/Costume Design:<\/strong> Nihal Kaplang\u0131<br \/>\n<strong>Kost\u00fcm Asistan\u0131\/Costume Assistant:<\/strong> Serna Aka\u00e7\u00e7a<br \/>\n<strong>Dramaturg\/Dramaturgist:<\/strong> Yahya Ulu\u011f<br \/>\n<strong>Y\u00f6netmen Yard\u0131mc\u0131s\u0131\/Director Assistant:<\/strong> Elif Mandan<br \/>\n<strong>Oyun Asistan\u0131\/Play Assistant:<\/strong> \u0130layda Top<br \/>\n<strong>Eskrim Koreografi\/Fencing Choreography:<\/strong> Deniz \u00d6zmen<br \/>\n<strong>Plastik Makyaj\/Plastic Makeup:<\/strong> Sava\u015f \u00d6zdemir<br \/>\n<strong>G\u00f6rsel Tasar\u0131m\/Visual Design:<\/strong> Ecem Ak\u00e7a<br \/>\n<strong>Cast:<\/strong> B\u00fclent Emin Yarar, Caner Erdem, Duygu \u00dcst\u00fcnba\u015f \/ Ece \u00c7e\u015fmio\u011flu \u00d6lmez, Elif Mandan, Erol Babao\u011flu, Ertu\u011frul G\u00fcmr\u00fck\u00e7\u00fco\u011flu, Fatin El\u00e7im, Mert F\u0131rat, \u00d6mer Faruk Tezgel<br \/>\n<strong>Oyun S\u00fcresi\/Performance Duration:<\/strong> 2 perde 150 dakika \/ 2 act 150 minutes<br \/>\n<strong>Ya\u015f\/Age:<\/strong> +13<\/p>\n<\/div><\/section><\/p><\/div><\/p>","protected":false},"excerpt":{"rendered":"","protected":false},"author":2,"featured_media":0,"parent":0,"menu_order":0,"comment_status":"closed","ping_status":"closed","template":"","meta":{"footnotes":""},"class_list":["post-4287","page","type-page","status-publish","hentry"],"_links":{"self":[{"href":"https:\/\/bergamatiyatrofestivali.com\/en\/wp-json\/wp\/v2\/pages\/4287","targetHints":{"allow":["GET"]}}],"collection":[{"href":"https:\/\/bergamatiyatrofestivali.com\/en\/wp-json\/wp\/v2\/pages"}],"about":[{"href":"https:\/\/bergamatiyatrofestivali.com\/en\/wp-json\/wp\/v2\/types\/page"}],"author":[{"embeddable":true,"href":"https:\/\/bergamatiyatrofestivali.com\/en\/wp-json\/wp\/v2\/users\/2"}],"replies":[{"embeddable":true,"href":"https:\/\/bergamatiyatrofestivali.com\/en\/wp-json\/wp\/v2\/comments?post=4287"}],"version-history":[{"count":5,"href":"https:\/\/bergamatiyatrofestivali.com\/en\/wp-json\/wp\/v2\/pages\/4287\/revisions"}],"predecessor-version":[{"id":4390,"href":"https:\/\/bergamatiyatrofestivali.com\/en\/wp-json\/wp\/v2\/pages\/4287\/revisions\/4390"}],"wp:attachment":[{"href":"https:\/\/bergamatiyatrofestivali.com\/en\/wp-json\/wp\/v2\/media?parent=4287"}],"curies":[{"name":"wp","href":"https:\/\/api.w.org\/{rel}","templated":true}]}}