{"id":4280,"date":"2024-07-08T19:35:44","date_gmt":"2024-07-08T16:35:44","guid":{"rendered":"https:\/\/bergamatiyatrofestivali.com\/?page_id=4280"},"modified":"2024-07-17T14:48:41","modified_gmt":"2024-07-17T11:48:41","slug":"kiosk-sartname","status":"publish","type":"page","link":"https:\/\/bergamatiyatrofestivali.com\/en\/kiosk-sartname\/","title":{"rendered":"K\u0130OSK \u015eARTNAME"},"content":{"rendered":"<style type=\"text\/css\" data-created_by=\"avia_inline_auto\" id=\"style-css-av-cznta-4213b7d26a158eb9cec2a6b88a88aeb9\">\n.avia-section.av-cznta-4213b7d26a158eb9cec2a6b88a88aeb9 .av-parallax .av-parallax-inner{\nbackground-repeat:no-repeat;\nbackground-image:url(https:\/\/bergamatiyatrofestivali.com\/wp-content\/uploads\/2022\/03\/2.jpg);\nbackground-position:50% 100%;\nbackground-attachment:scroll;\n}\n.avia-section.av-cznta-4213b7d26a158eb9cec2a6b88a88aeb9 .av-section-color-overlay{\nopacity:0.3;\nbackground-color:#000000;\n}\n<\/style>\n<div id='av_section_1'  class='avia-section av-cznta-4213b7d26a158eb9cec2a6b88a88aeb9 main_color avia-section-huge avia-no-border-styling  avia-builder-el-0  el_before_av_one_full  avia-builder-el-first  avia-full-stretch av-parallax-section avia-bg-style-parallax av-section-color-overlay-active  av-minimum-height av-minimum-height-50  container_wrap sidebar_right'  data-section-bg-repeat='stretch' data-av_minimum_height_pc='50'><div class='av-parallax' data-avia-parallax-ratio='0.3' ><div class='av-parallax-inner main_color avia-full-stretch'><\/div><\/div><div class='av-section-color-overlay-wrap'><div class=\"av-section-color-overlay\"><\/div><a href='#next-section' title='' class='scroll-down-link' aria-hidden='true' data-av_icon='\ue877' data-av_iconfont='entypo-fontello'><\/a><div class='container av-section-cont-open' ><main  role=\"main\" itemprop=\"mainContentOfPage\"  class='template-page content  av-content-small alpha units'><div class='post-entry post-entry-type-page post-entry-4280'><div class='entry-content-wrapper clearfix'>\n<div class='flex_column av-c3cdy-2d67815fcfd2c5abab2d5b7f3c7716bf av_one_fifth  avia-builder-el-1  el_before_av_three_fifth  avia-builder-el-first  first flex_column_div'   ><\/div><div class='flex_column av-bngs6-f3b396f8d20841a9aee4a0f9cc420396 av_three_fifth  avia-builder-el-2  el_after_av_one_fifth  el_before_av_one_fifth  flex_column_div'   ><style type=\"text\/css\" data-created_by=\"avia_inline_auto\" id=\"style-css-av-13mh6-626f1d650b6af835e35ba8767658bb53\">\n#top .av-special-heading.av-13mh6-626f1d650b6af835e35ba8767658bb53{\npadding-bottom:10px;\ncolor:#ffffff;\nfont-size:40px;\n}\n.av-special-heading.av-13mh6-626f1d650b6af835e35ba8767658bb53 .special-heading-inner-border{\nborder-color:#ffffff;\n}\n<\/style>\n<div  class='av-special-heading av-13mh6-626f1d650b6af835e35ba8767658bb53 av-special-heading-h1 custom-color-heading blockquote modern-quote modern-centered  avia-builder-el-3  avia-builder-el-no-sibling  av-inherit-size'><h1 class='av-special-heading-tag'  itemprop=\"headline\"  > <\/h1><div class='special-heading-border'><div class='special-heading-inner-border'><\/div><\/div><\/div><\/div><div class='flex_column av-zviu-097df492a5b1730c6c26fa63a015908f av_one_fifth  avia-builder-el-4  el_after_av_three_fifth  el_before_av_one_full  flex_column_div'   ><\/div><div class='flex_column av-1hadi-296b12dfecc2947b3dbd654bfe863593 av_one_full  avia-builder-el-5  el_after_av_one_fifth  el_before_av_one_full  first flex_column_div column-top-margin'   ><\/div><div class='flex_column av-y4si-59e94a7763b3c4d01d9bd5468506c08f av_one_full  avia-builder-el-6  el_after_av_one_full  avia-builder-el-last  first flex_column_div column-top-margin'   ><\/div>\n<\/div><\/div><\/main><!-- close content main element --><\/div><\/div><\/div><div id='after_section_1'  class='main_color av_default_container_wrap container_wrap sidebar_right'  ><div class='container av-section-cont-open' ><div class='template-page content  av-content-small alpha units'><div class='post-entry post-entry-type-page post-entry-4280'><div class='entry-content-wrapper clearfix'>\n<div class='flex_column av-v0ai-dec1ebbedf95fce1f3d775975a47416d av_one_full  avia-builder-el-7  el_after_av_section  avia-builder-el-no-sibling  first flex_column_div'   ><p><section class=\"av_textblock_section\"  itemscope=\"itemscope\" itemtype=\"https:\/\/schema.org\/CreativeWork\" ><div class='avia_textblock'   itemprop=\"text\" ><p><b>K\u0130OSK BERGAMA \u015eARTNAME VE KATILIM KO\u015eULLARI<\/b><\/p>\n<ol>\n<li><strong>GENEL B\u0130LG\u0130LER<\/strong><\/li>\n<\/ol>\n<p><b>1.1. <\/b><span style=\"font-weight: 400;\">K\u0130OSK 9-10-11 A\u011fustos 2024 tarihlerinde 5. Bergama Tiyatro Festivali Kapsam\u0131nda \u0130zmir\u2019in Bergama il\u00e7esinde ger\u00e7ekle\u015fecektir.<\/span><\/p>\n<p><b>1.2.<\/b><span style=\"font-weight: 400;\"> K\u0130OSK\u2019un amac\u0131, Ege b\u00f6lgesinde tiyatro ve performans \u00fcreten <\/span><b>B\u00f6lgesel \u00dcreticileri <\/b><span style=\"font-weight: 400;\">(profesyonel, yar\u0131 profesyonel, amat\u00f6r, \u00fcniversite kul\u00fcpleri vb ekipleri), T\u00fcrkiye\u2019de sahne sanatlar\u0131 alan\u0131nda \u00fcretim g\u00f6steren <\/span><b>Sekt\u00f6r Profesyonelleri<\/b><span style=\"font-weight: 400;\"> ile ayn\u0131 platformda bulu\u015fturup, tan\u0131\u015ft\u0131r\u0131p, payla\u015fmalar\u0131n\u0131 sa\u011flamak ve B\u00dc i\u00e7in yeni ifade alanlar\u0131na bulmalar\u0131na yard\u0131mc\u0131 olmakt\u0131r.\u00a0<\/span><\/p>\n<p><b>1.3. <\/b><span style=\"font-weight: 400;\">K\u0130OSK kapsam\u0131nda, se\u00e7ilen oyun ve performanslar Bergama\u2019da sahnelenecek, ekiplerin 3 g\u00fcn boyunca olu\u015fturulacak K\u0130OSK program\u0131na kat\u0131lmas\u0131 beklenmektedir.\u00a0<\/span><\/p>\n<p><b>1.4 <\/b><span style=\"font-weight: 400;\">K\u0130OSK program\u0131; oyun ve performans g\u00f6sterimleri, panel, forum, ba\u011f kurma ve h\u0131zl\u0131 tan\u0131\u015fma etkinlikleri ve belirlenen \u00f6zel bulu\u015fmalard\u0131r.\u00a0<\/span><\/p>\n<p><b>1.4. <\/b><span style=\"font-weight: 400;\">\u00dc\u00e7 g\u00fcnl\u00fck program s\u00fcresince kat\u0131l\u0131mc\u0131lar\u0131n konaklama, ula\u015f\u0131m, dekor nakliye organizasyonu K\u0130OSK taraf\u0131ndan yap\u0131lacakt\u0131r. Oyun ve performanslar i\u00e7in bir g\u00f6sterim bedeli belirlenecektir. Ekipler, <\/span><span style=\"font-weight: 400;\">Bergama Tiyatro Festivali taraf\u0131ndan organize edilen konaklama ve ula\u015f\u0131m \u015fart\u0131n\u0131 kabul etmekle y\u00fck\u00fcml\u00fcd\u00fcrler.\u00a0<\/span><\/p>\n<p><b>1.5. <\/b><span style=\"font-weight: 400;\">K\u0130OSK kapsam\u0131ndaki ger\u00e7ekle\u015fecek program kat\u0131l\u0131mc\u0131 ekiplere \u00fccretsizdir.<\/span><\/p>\n<p><b>1.6.<\/b><span style=\"font-weight: 400;\"> K\u0130OSK\u2019a se\u00e7ilecek oyun ve performanslar, a\u00e7\u0131k \u00e7a\u011fr\u0131 sonucunda yap\u0131lan ba\u015fvurular aras\u0131ndan bir sec\u0327ici kurul taraf\u0131ndan belirlenecektir.<\/span><\/p>\n<p><b>1.7. <\/b><span style=\"font-weight: 400;\">K\u0130OSK\u2019a <\/span><b>Ege b\u00f6lgesinde tiyatro ve performans \u00fcreten b\u00f6lgesel \u00fcreticileri<\/b><span style=\"font-weight: 400;\">: profesyonel, yar\u0131 profesyonel, amat\u00f6r, \u00fcniversite kul\u00fcpleri ve ekipleri oyun ve performanslar\u0131yla ba\u015fvurabilirler. <\/span><b>Ege B\u00f6lgesi<\/b><span style=\"font-weight: 400;\">: \u0130zmir, Ayd\u0131n, Mu\u011fla, Manisa, Afyonkarahisar, K\u00fctahya, U\u015fak, Denizli, Bal\u0131kesir.<\/span><\/p>\n<p><b>1.10.<\/b><span style=\"font-weight: 400;\"> K\u0130OSK; Bergama Tiyatro Festivali y\u00fcr\u00fct\u00fcc\u00fcl\u00fc\u011f\u00fcnde ger\u00e7ekle\u015fecektir.\u00a0<\/span><\/p>\n<p><b>1.12.<\/b><span style=\"font-weight: 400;\"> K\u0130OSK, gerekli g\u00f6rd\u00fc\u011f\u00fc takdirde programda yer, tarih ve saat de\u011fi\u015fikli\u011fi yapabilecektir.<\/span><\/p>\n<ol start=\"2\">\n<li><b> TAR\u0130H B\u0130LG\u0130LER\u0130<\/b><\/li>\n<\/ol>\n<p><b>2.1.<\/b><span style=\"font-weight: 400;\"> Son ba\u015fvuru tarihi, 19 Temmuz 2024 Cuma T\u00fcrkiye saatiyle 18.00\u2019dir.<\/span><\/p>\n<p><b>2.2.<\/b><span style=\"font-weight: 400;\"> Se\u00e7ilen oyun ve performanslar\u0131n a\u00e7\u0131klanma tarihi, 29 Temmuz 2024 Pazartesi g\u00fcn\u00fcd\u00fcr.\u00a0<\/span><\/p>\n<p><b>2.3. <\/b><span style=\"font-weight: 400;\">K\u0130OSK 9-10-11 A\u011fustos 2024 tarihlerinde ger\u00e7ekle\u015fecektir.\u00a0<\/span><\/p>\n<ol start=\"3\">\n<li><b> KATILIM KO\u015eULLARI<\/b><\/li>\n<\/ol>\n<p><b>3.1.<\/b><span style=\"font-weight: 400;\"> K\u0130OSK\u2019na <\/span><b>Ege b\u00f6lgesinde tiyatro ve performans \u00fcreten b\u00f6lgesel \u00fcreticileri<\/b><span style=\"font-weight: 400;\">: profesyonel, yar\u0131 profesyonel, amat\u00f6r, \u00fcniversite kul\u00fcpleri ve ekipleri oyun ve performanslar\u0131yla ba\u015fvurabilir. <\/span><b>Ege B\u00f6lgesi<\/b><span style=\"font-weight: 400;\">: \u0130zmir, Ayd\u0131n, Mu\u011fla, Manisa, Afyonkarahisar, K\u00fctahya, U\u015fak, Denizli, Bal\u0131kesir.<\/span><\/p>\n<p><b>3.2.<\/b> <span style=\"font-weight: 400;\">Sahnelenen oyun ve performans\u0131n s\u00fcresi en az\u00a0 50 en fazla 110 dakika,\u00a0 oyuncu ve\/veya performans\u00e7\u0131 say\u0131s\u0131 en fazla 10 olmal\u0131d\u0131r.\u00a0<\/span><\/p>\n<p><b>3.3 <\/b><span style=\"font-weight: 400;\">Oyun ve performanslar\u0131n, sahne, ses ve \u0131\u015f\u0131k gereksinimleri gibi teknik detaylara uygunlu\u011fu, ta\u015f\u0131nabilirli\u011fi (pratik, ta\u015f\u0131nabilir dekor ve kost\u00fcm vb.)\u00a0 bir de\u011ferlendirme kriteridir.<\/span><\/p>\n<p><span style=\"font-weight: 400;\">3.5 Oyun ve performanslar\u0131n telif haklar\u0131 ve buna benzer t\u00fcm yasal gereksinimlerin organize edilmesi, maddi, hukuki t\u00fcm sorumluluklar\u0131n yerine getirilmesi ba\u015fvuran ekiplere aittir.\u00a0<\/span><\/p>\n<p><span style=\"font-weight: 400;\">Aksi y\u00f6nde geli\u015fecek durumlarda, hukuki, ekonomik ve idari sorumluluklar Bergama Tiyatro Festivali ve Kiosk\u2019a ait de\u011fildir.\u00a0<\/span><\/p>\n<p><span style=\"font-weight: 400;\">3.6 Se\u00e7ici kurulun de\u011ferlendirmesi i\u00e7in ba\u015fvuran her oyun ve performans\u0131n\u00a0 g\u00f6sterim linkinin payla\u015f\u0131lmas\u0131 gerekmektedir.<\/span><\/p>\n<p><b>3.7<\/b> <span style=\"font-weight: 400;\">K\u0130OSK kapsam\u0131nda sahneye \u00e7\u0131kacaklar\u0131n, sahne \u00fczerinde ya\u015fanabilecek olas\u0131 istenmeyen durumlarda sigortal\u0131 olmas\u0131 beklenir.\u00a0<\/span><\/p>\n<p><b>3.8.<\/b><span style=\"font-weight: 400;\"> K\u0130OSK\u2019a kat\u0131lmak isteyen ekiplerin resmi ba\u015fvurular\u0131n\u0131, bergamatiyatrofestivali.com sayfas\u0131ndaki online ba\u015fvuru formunu doldurarak yapmalar\u0131 gerekmektedir.<\/span><\/p>\n<ol start=\"4\">\n<li><b> BA\u015eVURU SIRASINDA \u0130STENEN BELGELER<\/b><\/li>\n<\/ol>\n<p><b>Online Ba\u015fvuru Formu<\/b><span style=\"font-weight: 400;\">\u2019yla iletilecek olan bilgiler a\u015fa\u011f\u0131daki gibidir:<\/span><\/p>\n<ol>\n<li style=\"font-weight: 400;\" aria-level=\"1\"><span style=\"font-weight: 400;\">Oyun Ad\u0131, Yazar, Y\u00f6netmen:<\/span><\/li>\n<li style=\"font-weight: 400;\" aria-level=\"1\"><span style=\"font-weight: 400;\">Oyun T\u00fcr\u00fc ve S\u00fcresi:<\/span><\/li>\n<li style=\"font-weight: 400;\" aria-level=\"1\"><span style=\"font-weight: 400;\">Tiyatro Grubunun Ad\u0131:<\/span><\/li>\n<li style=\"font-weight: 400;\" aria-level=\"1\"><span style=\"font-weight: 400;\">K\u00fcnye<\/span><\/li>\n<li style=\"font-weight: 400;\" aria-level=\"1\"><span style=\"font-weight: 400;\">Oyunun K\u0131sa \u00d6zeti \u0130ngilizce ve Tr<\/span><\/li>\n<li style=\"font-weight: 400;\" aria-level=\"1\"><span style=\"font-weight: 400;\">Oyunun Tam Metni veya Senaryosu:<\/span><\/li>\n<li style=\"font-weight: 400;\" aria-level=\"1\"><span style=\"font-weight: 400;\">Oyunun G\u00f6sterim Linki:<\/span><\/li>\n<li style=\"font-weight: 400;\" aria-level=\"1\"><span style=\"font-weight: 400;\">Sahne Tasar\u0131m\u0131 ve \u0130htiya\u00e7lar\u0131:<\/span>\n<ul>\n<li style=\"font-weight: 400;\" aria-level=\"2\"><span style=\"font-weight: 400;\">Ses &#8211; I\u015f\u0131k Rider &#8211; Sahne Plan\u0131:<\/span><\/li>\n<li style=\"font-weight: 400;\" aria-level=\"2\"><span style=\"font-weight: 400;\">Dekor ve Kost\u00fcm Detaylar\u0131:<\/span><\/li>\n<li style=\"font-weight: 400;\" aria-level=\"2\"><span style=\"font-weight: 400;\">Teknik Ekipman Listesi:<\/span><\/li>\n<\/ul>\n<\/li>\n<li style=\"font-weight: 400;\" aria-level=\"1\"><span style=\"font-weight: 400;\">Oyunun Tan\u0131t\u0131m Materyalleri:<\/span>\n<ul>\n<li style=\"font-weight: 400;\" aria-level=\"2\"><span style=\"font-weight: 400;\">Tan\u0131t\u0131m Videosu (varsa)<\/span><\/li>\n<li style=\"font-weight: 400;\" aria-level=\"2\"><span style=\"font-weight: 400;\">Sahne Foto\u011fraflar\u0131 (varsa)<\/span><\/li>\n<li style=\"font-weight: 400;\" aria-level=\"2\"><span style=\"font-weight: 400;\">Afi\u015f<\/span><\/li>\n<\/ul>\n<\/li>\n<\/ol>\n<ol>\n<li style=\"font-weight: 400;\" aria-level=\"1\"><span style=\"font-weight: 400;\">\u00a0\u00a0\u00a0\u00a0\u00a0Kiosk\u2019a Kat\u0131l\u0131m Motivasyonu:<\/span><\/li>\n<li style=\"font-weight: 400;\" aria-level=\"1\"><span style=\"font-weight: 400;\">Seyahat ve Konaklama Gereksinimleri:<\/span><\/li>\n<\/ol>\n<ol start=\"5\">\n<li><b> DE\u011eERLEND\u0130RME S\u00dcREC\u0130<\/b><\/li>\n<\/ol>\n<p><b>5.1.<\/b><span style=\"font-weight: 400;\"> Kat\u0131lmaya hak kazanan oyun ve performanslar\u0131n se\u00e7ilmesi konusunda son karar se\u00e7ici kurulundur.<\/span><\/p>\n<p><b>5.2.<\/b><span style=\"font-weight: 400;\"> De\u011ferlendirme sonu\u00e7lar\u0131 Bergama Tiyatro Festivali\u2019nin web sayfas\u0131nda duyurulur.<\/span><\/p>\n<p><b>5.3. <\/b><span style=\"font-weight: 400;\">Yap\u0131lan de\u011ferlendirmede; dil, din, \u0131rk ayr\u0131m\u0131, cinsiyet\u00e7i dil benzeri herhangi bir ayr\u0131mc\u0131l\u0131k i\u00e7eren oyunlar ve performanslar kabul edilmeyecektir.\u00a0<\/span><\/p>\n<ol start=\"6\">\n<li><b> GENEL H\u00dcK\u00dcMLER<\/b><\/li>\n<\/ol>\n<p><b>6.2.<\/b><span style=\"font-weight: 400;\"> Kat\u0131l\u0131mc\u0131lar, K\u0130OSK s\u00fcresince \u015fahsi e\u015fyalar\u0131ndan kendileri sorumludur, olu\u015fabilecek kay\u0131plardan K\u0130OSK sorumlu de\u011fildir. Program\u0131n ger\u00e7ekle\u015fece\u011fi mekanlarda bulunan demirba\u015flara zarar verildi\u011fi takdirde, verdi\u011fi zarar\u0131 kar\u015f\u0131lamakla y\u00fck\u00fcml\u00fcd\u00fcr.\u00a0<\/span><\/p>\n<p><b>6.3.<\/b><span style=\"font-weight: 400;\"> Ba\u015fvuruda bulunan t\u00fcm ekipler bu y\u00f6netmelikteki ko\u015fullar\u0131 kabul etmi\u015f say\u0131l\u0131rlar.<\/span><\/p>\n<p><b>6.4. <\/b><span style=\"font-weight: 400;\">Bu y\u00f6netmelik K\u0130OSK<\/span> <span style=\"font-weight: 400;\">onay\u0131yla 1 Temmuz 2024 tarihinde y\u00fcr\u00fcrl\u00fcg\u0306e girmi\u015ftir.\u00a0<\/span><\/p>\n<p><b>6.5. <\/b><span style=\"font-weight: 400;\">Gerekli g\u00f6r\u00fclen durumlarda y\u00f6netmelikte de\u011fi\u015fiklik yapma hakk\u0131 <\/span><b>K\u0130OSK <\/b><span style=\"font-weight: 400;\">y\u00f6netimindedir.<\/span><\/p>\n<\/div><\/section><br \/>\n<div  class='avia-button-wrap avia-button-center  avia-builder-el-9  el_after_av_textblock  avia-builder-el-last' >\n<style type=\"text\/css\" data-created_by=\"avia_inline_auto\" id=\"style-css-av-lybvnraw-5eb1483f5cb27976977f73095a77f4ea\">\n#top #wrap_all .avia-button.av-lybvnraw-5eb1483f5cb27976977f73095a77f4ea{\nborder-radius:10px 10px 10px 10px;\n-webkit-border-radius:10px 10px 10px 10px;\n-moz-border-radius:10px 10px 10px 10px;\ntransition:all 0.4s ease-in-out;\n-webkit-transition:all 0.4s ease-in-out;\n-moz-transition:all 0.4s ease-in-out;\n-ms-transition:all 0.4s ease-in-out;\n-o-transition:all 0.4s ease-in-out;\n}\n#top #wrap_all .avia-button.av-lybvnraw-5eb1483f5cb27976977f73095a77f4ea:hover{\nbackground-color:grey;\ncolor:orange;\ntransition:all 0.4s ease-in-out;\n-webkit-transition:all 0.4s ease-in-out;\n-moz-transition:all 0.4s ease-in-out;\n-ms-transition:all 0.4s ease-in-out;\n-o-transition:all 0.4s ease-in-out;\n}\n#top #wrap_all.avia-button.av-lybvnraw-5eb1483f5cb27976977f73095a77f4ea:hover .avia_button_background{\nborder-radius:10px 10px 10px 10px;\n-webkit-border-radius:10px 10px 10px 10px;\n-moz-border-radius:10px 10px 10px 10px;\n}\n<\/style>\n<a href='https:\/\/docs.google.com\/forms\/d\/1vC1VEYJCs53f1MiICssYJ9L9weHhzRds8R-FJAL9UGI\/edit' class='avia-button av-lybvnraw-5eb1483f5cb27976977f73095a77f4ea avia-icon_select-yes-left-icon avia-size-small avia-position-center avia-color-orange avia-font-color-white' target=\"_blank\" rel=\"noopener noreferrer\"><span class='avia_button_icon avia_button_icon_left' aria-hidden='true' data-av_icon='\ue812' data-av_iconfont='entypo-fontello'><\/span><span class='avia_iconbox_title' >BA\u015eVURU \u0130\u00c7\u0130N TIKLAYIN!<\/span><\/a><\/div><\/p><\/div>","protected":false},"excerpt":{"rendered":"","protected":false},"author":2,"featured_media":0,"parent":0,"menu_order":0,"comment_status":"closed","ping_status":"closed","template":"","meta":{"footnotes":""},"class_list":["post-4280","page","type-page","status-publish","hentry"],"_links":{"self":[{"href":"https:\/\/bergamatiyatrofestivali.com\/en\/wp-json\/wp\/v2\/pages\/4280","targetHints":{"allow":["GET"]}}],"collection":[{"href":"https:\/\/bergamatiyatrofestivali.com\/en\/wp-json\/wp\/v2\/pages"}],"about":[{"href":"https:\/\/bergamatiyatrofestivali.com\/en\/wp-json\/wp\/v2\/types\/page"}],"author":[{"embeddable":true,"href":"https:\/\/bergamatiyatrofestivali.com\/en\/wp-json\/wp\/v2\/users\/2"}],"replies":[{"embeddable":true,"href":"https:\/\/bergamatiyatrofestivali.com\/en\/wp-json\/wp\/v2\/comments?post=4280"}],"version-history":[{"count":2,"href":"https:\/\/bergamatiyatrofestivali.com\/en\/wp-json\/wp\/v2\/pages\/4280\/revisions"}],"predecessor-version":[{"id":4300,"href":"https:\/\/bergamatiyatrofestivali.com\/en\/wp-json\/wp\/v2\/pages\/4280\/revisions\/4300"}],"wp:attachment":[{"href":"https:\/\/bergamatiyatrofestivali.com\/en\/wp-json\/wp\/v2\/media?parent=4280"}],"curies":[{"name":"wp","href":"https:\/\/api.w.org\/{rel}","templated":true}]}}