{"id":4267,"date":"2024-07-07T21:14:54","date_gmt":"2024-07-07T18:14:54","guid":{"rendered":"https:\/\/bergamatiyatrofestivali.com\/?page_id=4267"},"modified":"2024-07-22T16:29:06","modified_gmt":"2024-07-22T13:29:06","slug":"kiosk","status":"publish","type":"page","link":"https:\/\/bergamatiyatrofestivali.com\/en\/kiosk\/","title":{"rendered":"K\u0130OSK"},"content":{"rendered":"<style type=\"text\/css\" data-created_by=\"avia_inline_auto\" id=\"style-css-av-cznta-4213b7d26a158eb9cec2a6b88a88aeb9\">\n.avia-section.av-cznta-4213b7d26a158eb9cec2a6b88a88aeb9 .av-parallax .av-parallax-inner{\nbackground-repeat:no-repeat;\nbackground-image:url(https:\/\/bergamatiyatrofestivali.com\/wp-content\/uploads\/2022\/03\/2.jpg);\nbackground-position:50% 100%;\nbackground-attachment:scroll;\n}\n.avia-section.av-cznta-4213b7d26a158eb9cec2a6b88a88aeb9 .av-section-color-overlay{\nopacity:0.3;\nbackground-color:#000000;\n}\n<\/style>\n<div id='av_section_1'  class='avia-section av-cznta-4213b7d26a158eb9cec2a6b88a88aeb9 main_color avia-section-huge avia-no-border-styling  avia-builder-el-0  el_before_av_one_half  avia-builder-el-first  avia-full-stretch av-parallax-section avia-bg-style-parallax av-section-color-overlay-active  av-minimum-height av-minimum-height-50  container_wrap sidebar_right'  data-section-bg-repeat='stretch' data-av_minimum_height_pc='50'><div class='av-parallax' data-avia-parallax-ratio='0.3' ><div class='av-parallax-inner main_color avia-full-stretch'><\/div><\/div><div class='av-section-color-overlay-wrap'><div class=\"av-section-color-overlay\"><\/div><a href='#next-section' title='' class='scroll-down-link' aria-hidden='true' data-av_icon='\ue877' data-av_iconfont='entypo-fontello'><\/a><div class='container av-section-cont-open' ><main  role=\"main\" itemprop=\"mainContentOfPage\"  class='template-page content  av-content-small alpha units'><div class='post-entry post-entry-type-page post-entry-4267'><div class='entry-content-wrapper clearfix'>\n<div class='flex_column av-c3cdy-2d67815fcfd2c5abab2d5b7f3c7716bf av_one_fifth  avia-builder-el-1  el_before_av_three_fifth  avia-builder-el-first  first flex_column_div'   ><\/div><div class='flex_column av-bngs6-f3b396f8d20841a9aee4a0f9cc420396 av_three_fifth  avia-builder-el-2  el_after_av_one_fifth  el_before_av_one_fifth  flex_column_div'   ><style type=\"text\/css\" data-created_by=\"avia_inline_auto\" id=\"style-css-av-13mh6-626f1d650b6af835e35ba8767658bb53\">\n#top .av-special-heading.av-13mh6-626f1d650b6af835e35ba8767658bb53{\npadding-bottom:10px;\ncolor:#ffffff;\nfont-size:40px;\n}\n.av-special-heading.av-13mh6-626f1d650b6af835e35ba8767658bb53 .special-heading-inner-border{\nborder-color:#ffffff;\n}\n<\/style>\n<div  class='av-special-heading av-13mh6-626f1d650b6af835e35ba8767658bb53 av-special-heading-h1 custom-color-heading blockquote modern-quote modern-centered  avia-builder-el-3  avia-builder-el-no-sibling  av-inherit-size'><h1 class='av-special-heading-tag'  itemprop=\"headline\"  > <\/h1><div class='special-heading-border'><div class='special-heading-inner-border'><\/div><\/div><\/div><\/div><div class='flex_column av-zviu-097df492a5b1730c6c26fa63a015908f av_one_fifth  avia-builder-el-4  el_after_av_three_fifth  el_before_av_one_full  flex_column_div'   ><\/div><div class='flex_column av-1hadi-296b12dfecc2947b3dbd654bfe863593 av_one_full  avia-builder-el-5  el_after_av_one_fifth  el_before_av_one_full  first flex_column_div column-top-margin'   ><\/div><div class='flex_column av-y4si-59e94a7763b3c4d01d9bd5468506c08f av_one_full  avia-builder-el-6  el_after_av_one_full  avia-builder-el-last  first flex_column_div column-top-margin'   ><\/div>\n<\/div><\/div><\/main><!-- close content main element --><\/div><\/div><\/div><div id='after_section_1'  class='main_color av_default_container_wrap container_wrap sidebar_right'  ><div class='container av-section-cont-open' ><div class='template-page content  av-content-small alpha units'><div class='post-entry post-entry-type-page post-entry-4267'><div class='entry-content-wrapper clearfix'>\n<div class='flex_column av-v0ai-dec1ebbedf95fce1f3d775975a47416d av_one_half  avia-builder-el-7  el_after_av_section  el_before_av_one_half  avia-builder-el-first  first flex_column_div'   ><p><section class=\"av_textblock_section\"  itemscope=\"itemscope\" itemtype=\"https:\/\/schema.org\/CreativeWork\" ><div class='avia_textblock'   itemprop=\"text\" ><p><b>\u201cKiosk\u201d &#8211; Performatif Showcase Bergama<\/b><\/p>\n<p><b>K\u0130OSK NED\u0130R?<\/b><\/p>\n<p><span style=\"font-weight: 400;\">K\u0130OSK, Ege b\u00f6lgesinde tiyatro ve performans \u00fcreten <\/span><b>B\u00f6lgesel \u00dcreticileri <\/b><span style=\"font-weight: 400;\">(profesyonel, yar\u0131 profesyonel, amat\u00f6r, \u00fcniversite kul\u00fcpleri ve ekipleri) T\u00fcrkiye\u2019de sahne sanatlar\u0131 alan\u0131nda \u00fcretim g\u00f6steren <\/span><b>Sekt\u00f6r Profesyonelleri<\/b><span style=\"font-weight: 400;\"> ile ayn\u0131 platformda bulu\u015fturup, tan\u0131\u015ft\u0131r\u0131p, payla\u015fmalar\u0131n\u0131 sa\u011flamak ve b\u00f6lgede faaliyet g\u00f6steren \u00fcreticilere yeni ifade alanlar\u0131 a\u00e7mak amac\u0131yla <\/span><b>9-10-11 A\u011fustos 2024 <\/b><span style=\"font-weight: 400;\">tarihlerinde Bergama Tiyatro Festivali kapsam\u0131nda ilk kez ger\u00e7ekle\u015fecek bir showcase\/kapasite geli\u015ftirme program\u0131d\u0131r.\u00a0<\/span><\/p>\n<p><span style=\"font-weight: 400;\">K\u0130OSK, yeni s\u00f6zlere alan a\u00e7ma, farkl\u0131 kesimlerin bir araya gelmesi, deneyim aktar\u0131m\u0131, kapasite geli\u015fimi, finansal, idari, operasyonel yeni \u00f6\u011frenimler kazanma ve s\u00fcrd\u00fcr\u00fclebilir yap\u0131lar kurma hedefleri ile performans sanatlar\u0131 alan\u0131nda geli\u015fim potansiyeli ta\u015f\u0131yan bu bulu\u015fmay\u0131, \u0130zmir\u2019in de\u011fi\u015fen ve zenginle\u015fen k\u00fclt\u00fcrel atmosferinde, Bergama\u2019n\u0131n k\u00f6kl\u00fc k\u00fclt\u00fcrel miras\u0131ndan beslenerek ger\u00e7ekle\u015ftirme yakla\u015f\u0131m\u0131n\u0131 benimsiyor.\u00a0<\/span><\/p>\n<p><span style=\"font-weight: 400;\">K\u0130OSK\u2019a se\u00e7ilecek oyun ve performanslar, a\u00e7\u0131k \u00e7a\u011fr\u0131 sonucunda yap\u0131lan ba\u015fvurular aras\u0131ndan bir sec\u0327ici kurul taraf\u0131ndan belirlenecek. K\u0130OSK; \u0130zKF deste\u011fi ile Bergama Tiyatro Festivali ev sahipli\u011finde ger\u00e7ekle\u015fecek.\u00a0<\/span><\/p>\n<p><b>NELER SUNUYOR?<\/b><\/p>\n<ul>\n<li aria-level=\"1\"><b>G\u00f6sterim:\u00a0<\/b><\/li>\n<\/ul>\n<ul>\n<li style=\"font-weight: 400;\" aria-level=\"1\"><span style=\"font-weight: 400;\">Se\u00e7ilen oyun ve performanslar Bergama Tiyatro Festivali kapsam\u0131nda showcase olarak sahnelenecek.<\/span><\/li>\n<\/ul>\n<ul>\n<li aria-level=\"1\"><b>Etkinlikler:\u00a0<\/b><\/li>\n<\/ul>\n<ul>\n<li style=\"font-weight: 400;\" aria-level=\"1\"><span style=\"font-weight: 400;\">3 g\u00fcn boyunca at\u00f6lye, panel, forum, ba\u011f kurma ve h\u0131zl\u0131 tan\u0131\u015fma etkinlikleri\u00a0<\/span><\/li>\n<li style=\"font-weight: 400;\" aria-level=\"1\"><span style=\"font-weight: 400;\">Belirlenen \u00f6zel bulu\u015fmalar<\/span><\/li>\n<\/ul>\n<ul>\n<li aria-level=\"1\"><b>F\u0131rsatlar:<\/b><\/li>\n<\/ul>\n<ul>\n<li style=\"font-weight: 400;\" aria-level=\"1\"><span style=\"font-weight: 400;\">Taraflar\u0131n birbirlerinden \u00f6\u011frenmelerine zemin haz\u0131rlamak<\/span><\/li>\n<li style=\"font-weight: 400;\" aria-level=\"1\"><span style=\"font-weight: 400;\">Kapasite geli\u015ftirme f\u0131rsat\u0131 sunmak<\/span><\/li>\n<li style=\"font-weight: 400;\" aria-level=\"1\"><span style=\"font-weight: 400;\">Kurumlar aras\u0131 kurulacak ortak i\u015f geli\u015ftirme imkanlar\u0131\u00a0<\/span><\/li>\n<\/ul>\n<p><b>\u00d6NEML\u0130 TAR\u0130HLER<\/b><\/p>\n<ul>\n<li style=\"font-weight: 400;\" aria-level=\"1\"><b>Ba\u015fvuru Tarihleri:<\/b><span style=\"font-weight: 400;\"> 09.07.2024 &#8211; 19.07.2024, 18:00 (T\u00fcrkiye Saati)<\/span><\/li>\n<li style=\"font-weight: 400;\" aria-level=\"1\"><b>Se\u00e7ilen Oyun\/Performanslar\u0131n Duyurulmas\u0131: <\/b><span style=\"font-weight: 400;\">29.07.2024<\/span><\/li>\n<li style=\"font-weight: 400;\" aria-level=\"1\"><b>K\u0130OSK Tarihleri:<\/b><span style=\"font-weight: 400;\"> 9-10-11 A\u011fustos 2024, Bergama<\/span><\/li>\n<\/ul>\n<p><b>K\u0130MLER BA\u015eVURAB\u0130L\u0130R?<\/b><\/p>\n<ul>\n<li aria-level=\"1\"><b>Ba\u015fvuru Sahipleri:<\/b><\/li>\n<\/ul>\n<ul>\n<li style=\"list-style-type: none;\">\n<ul>\n<li style=\"list-style-type: none;\">\n<ul>\n<li style=\"font-weight: 400;\" aria-level=\"2\"><span style=\"font-weight: 400;\">Ege b\u00f6lgesinde yerle\u015fik tiyatro ve performans \u00fcreticileri: profesyonel, yar\u0131 profesyonel, amat\u00f6r, \u00fcniversite kul\u00fcpleri, ekipleri vb.<\/span><\/li>\n<\/ul>\n<\/li>\n<\/ul>\n<\/li>\n<\/ul>\n<ul>\n<li aria-level=\"1\"><b>Ege B\u00f6lgesi: <\/b><span style=\"font-weight: 400;\">\u0130zmir, Ayd\u0131n, Mu\u011fla, Manisa, Afyonkarahisar, K\u00fctahya, U\u015fak, Denizli, Bal\u0131kesir.<\/span><\/li>\n<\/ul>\n<ul>\n<li aria-level=\"1\"><b>Program S\u00fcresince:<\/b><\/li>\n<\/ul>\n<ul>\n<li aria-level=\"2\"><b>Kat\u0131l\u0131mc\u0131lar\u0131n konaklama, ula\u015f\u0131m, dekor nakliye organizasyonu K\u0130OSK taraf\u0131ndan yap\u0131lacakt\u0131r.<\/b><\/li>\n<\/ul>\n<p><b>KATILIM \u015eARTLARI<\/b><\/p>\n<ul>\n<li aria-level=\"1\"><b>Ba\u015fvuru:<\/b><\/li>\n<\/ul>\n<ul>\n<li style=\"list-style-type: none;\">\n<ul>\n<li style=\"list-style-type: none;\">\n<ul>\n<li style=\"font-weight: 400;\" aria-level=\"2\"><span style=\"font-weight: 400;\">K\u0130OSK\u2019a kat\u0131lmak isteyen ekipler, resmi ba\u015fvurular\u0131n\u0131 bergamatiyatrofestivali.com sayfas\u0131ndaki <\/span><span style=\"font-weight: 400;\">online ba\u015fvuru formunu <\/span><span style=\"font-weight: 400;\">doldurarak yapmal\u0131d\u0131r.<\/span><\/li>\n<li style=\"font-weight: 400;\" aria-level=\"2\"><span style=\"font-weight: 400;\">Ba\u015fvurular tamamlanmadan \u00f6nce <\/span><b>K\u0130OSK BERGAMA \u015eARTNAME VE KATILIM KO\u015eULLARI <\/b><span style=\"font-weight: 400;\">okunmal\u0131d\u0131r.<\/span><\/li>\n<li aria-level=\"2\">Sorular\u0131n\u0131z i\u00e7in kioskbergama@gmail.com adresine mail atabilirsiniz.<\/li>\n<\/ul>\n<\/li>\n<\/ul>\n<\/li>\n<\/ul>\n<ul>\n<li aria-level=\"1\"><b>Oyun ve Performans S\u00fcresi: <\/b><span style=\"font-weight: 400;\">En az 50, en fazla 110 dakika olmal\u0131d\u0131r.<\/span><\/li>\n<\/ul>\n<ul>\n<li aria-level=\"1\"><b>Oyuncu ve\/veya Performans\u00e7\u0131 Say\u0131s\u0131:<\/b><span style=\"font-weight: 400;\"> En fazla 10 ki\u015fi olmal\u0131d\u0131r.<\/span><\/li>\n<\/ul>\n<ul>\n<li aria-level=\"1\"><b>G\u00f6sterim Linki: <\/b><span style=\"font-weight: 400;\">Se\u00e7ici kurulun de\u011ferlendirmesi i\u00e7in ba\u015fvuran her oyun ve performans g\u00f6sterim linki payla\u015f\u0131lmal\u0131d\u0131r.<\/span><\/li>\n<\/ul>\n<ul>\n<li aria-level=\"1\"><b>Kabul Edilmeyecek Ba\u015fvurular: <\/b><span style=\"font-weight: 400;\">Dil, din, \u0131rk ayr\u0131m\u0131, cinsiyet\u00e7i dil benzeri herhangi bir ayr\u0131mc\u0131l\u0131k i\u00e7eren oyunlar ve performanslar kabul edilmeyecektir.<\/span><\/li>\n<\/ul>\n<p><b>SE\u00c7\u0130C\u0130 KURUL<\/b><\/p>\n<p><span style=\"font-weight: 400;\">Murat Ersan &#8211; Prod\u00fcksiyon Direkt\u00f6r\u00fc, Oyuncu, Tasar\u0131mc\u0131<\/span><\/p>\n<p><span style=\"font-weight: 400;\">Metin G\u00fcler &#8211; Ege Tiyatrolar Birli\u011fi Ba\u015fkan\u0131<\/span><\/p>\n<p><span style=\"font-weight: 400;\">G\u00fclhan Kadim &#8211; Y\u00f6netmen, Oyuncu, Tiyatro Kooperatifi Ba\u015fkan Yard\u0131mc\u0131s\u0131<\/span><\/p>\n<p><span style=\"font-weight: 400;\">Didem Kaplan &#8211; Yazar, Bergama Tiyatro Festivali Program Koordinat\u00f6r\u00fc<\/span><\/p>\n<\/div><\/section><br \/>\n<div  class='avia-button-wrap avia-button-center  avia-builder-el-9  el_after_av_textblock  el_before_av_heading' >\n<style type=\"text\/css\" data-created_by=\"avia_inline_auto\" id=\"style-css-av-lybvnraw-5873983cb168e0220f8381826600ffdb\">\n#top #wrap_all .avia-button.av-lybvnraw-5873983cb168e0220f8381826600ffdb{\nborder-radius:10px 10px 10px 10px;\n-webkit-border-radius:10px 10px 10px 10px;\n-moz-border-radius:10px 10px 10px 10px;\ntransition:all 0.4s ease-in-out;\n-webkit-transition:all 0.4s ease-in-out;\n-moz-transition:all 0.4s ease-in-out;\n-ms-transition:all 0.4s ease-in-out;\n-o-transition:all 0.4s ease-in-out;\n}\n#top #wrap_all .avia-button.av-lybvnraw-5873983cb168e0220f8381826600ffdb:hover{\nbackground-color:grey;\ncolor:orange;\ntransition:all 0.4s ease-in-out;\n-webkit-transition:all 0.4s ease-in-out;\n-moz-transition:all 0.4s ease-in-out;\n-ms-transition:all 0.4s ease-in-out;\n-o-transition:all 0.4s ease-in-out;\n}\n#top #wrap_all.avia-button.av-lybvnraw-5873983cb168e0220f8381826600ffdb:hover .avia_button_background{\nborder-radius:10px 10px 10px 10px;\n-webkit-border-radius:10px 10px 10px 10px;\n-moz-border-radius:10px 10px 10px 10px;\n}\n<\/style>\n<a href='https:\/\/bergamatiyatrofestivali.com\/en\/kiosk-sartname\/' class='avia-button av-lybvnraw-5873983cb168e0220f8381826600ffdb avia-icon_select-yes-left-icon avia-size-small avia-position-center avia-color-orange avia-font-color-white' target=\"_blank\" rel=\"noopener noreferrer\"><span class='avia_button_icon avia_button_icon_left' aria-hidden='true' data-av_icon='\ue812' data-av_iconfont='entypo-fontello'><\/span><span class='avia_iconbox_title' >K\u0130OSK \u015eARTNAME ve KATILIM KO\u015eULLARI \u0130\u00c7\u0130N TIKLAYIN!<\/span><\/a><\/div><br \/>\n\n<style type=\"text\/css\" data-created_by=\"avia_inline_auto\" id=\"style-css-av-lystkyes-83315332da03d1c487b20d584b04c267\">\n#top .av-special-heading.av-lystkyes-83315332da03d1c487b20d584b04c267{\npadding-bottom:10px;\n}\n<\/style>\n<div  class='av-special-heading av-lystkyes-83315332da03d1c487b20d584b04c267 av-special-heading-h3 blockquote modern-quote modern-centered  avia-builder-el-10  el_after_av_button  avia-builder-el-last'><h3 class='av-special-heading-tag'  itemprop=\"headline\"  >BA\u015eVURULAR SONA ERD\u0130. \u0130LG\u0130N\u0130Z \u0130\u00c7\u0130N TE\u015eEKK\u00dcRLER.<\/h3><div class='special-heading-border'><div class='special-heading-inner-border'><\/div><\/div><\/div><\/p><\/div><div class='flex_column av-2gu8i-0c45d1b75111dcdbf6dcc06066800dd6 av_one_half  avia-builder-el-11  el_after_av_one_half  avia-builder-el-last  flex_column_div'   ><p>\n<style type=\"text\/css\" data-created_by=\"avia_inline_auto\" id=\"style-css-av-216yq-35bd45c74274df7b54d3ace0237be0c2\">\n.avia-image-container.av-216yq-35bd45c74274df7b54d3ace0237be0c2 .av-image-caption-overlay-center{\ncolor:#ffffff;\n}\n<\/style>\n<div  class='avia-image-container av-216yq-35bd45c74274df7b54d3ace0237be0c2 av-styling- avia_animated_image avia_animate_when_almost_visible pop-up avia-align-center  avia-builder-el-12  el_before_av_hr  avia-builder-el-first'  itemprop=\"image\" itemscope=\"itemscope\" itemtype=\"https:\/\/schema.org\/ImageObject\" ><div class=\"avia-image-container-inner\"><div class=\"avia-image-overlay-wrap\"><img decoding=\"async\" class='wp-image-2981 avia-img-lazy-loading-not-2981 avia_image' src=\"https:\/\/bergamatiyatrofestivali.com\/wp-content\/uploads\/2022\/05\/pandomim_olcek.jpg\" alt='' title=''  height=\"1080\" width=\"1080\"  itemprop=\"thumbnailUrl\" srcset=\"https:\/\/bergamatiyatrofestivali.com\/wp-content\/uploads\/2022\/05\/pandomim_olcek.jpg 1080w, https:\/\/bergamatiyatrofestivali.com\/wp-content\/uploads\/2022\/05\/pandomim_olcek-300x300.jpg 300w, https:\/\/bergamatiyatrofestivali.com\/wp-content\/uploads\/2022\/05\/pandomim_olcek-1030x1030.jpg 1030w, https:\/\/bergamatiyatrofestivali.com\/wp-content\/uploads\/2022\/05\/pandomim_olcek-80x80.jpg 80w, https:\/\/bergamatiyatrofestivali.com\/wp-content\/uploads\/2022\/05\/pandomim_olcek-768x768.jpg 768w, https:\/\/bergamatiyatrofestivali.com\/wp-content\/uploads\/2022\/05\/pandomim_olcek-12x12.jpg 12w, https:\/\/bergamatiyatrofestivali.com\/wp-content\/uploads\/2022\/05\/pandomim_olcek-36x36.jpg 36w, https:\/\/bergamatiyatrofestivali.com\/wp-content\/uploads\/2022\/05\/pandomim_olcek-180x180.jpg 180w, https:\/\/bergamatiyatrofestivali.com\/wp-content\/uploads\/2022\/05\/pandomim_olcek-705x705.jpg 705w\" sizes=\"(max-width: 1080px) 100vw, 1080px\" \/><\/div><\/div><\/div><br \/>\n\n<style type=\"text\/css\" data-created_by=\"avia_inline_auto\" id=\"style-css-av-lybw5ss5-56b8f0b4b72e6be5f4da470238bfb03d\">\n#top .hr.av-lybw5ss5-56b8f0b4b72e6be5f4da470238bfb03d{\nmargin-top:30px;\nmargin-bottom:30px;\n}\n.hr.av-lybw5ss5-56b8f0b4b72e6be5f4da470238bfb03d .hr-inner{\nwidth:50px;\n}\n<\/style>\n<div  class='hr av-lybw5ss5-56b8f0b4b72e6be5f4da470238bfb03d hr-custom  avia-builder-el-13  el_after_av_image  el_before_av_image  hr-center hr-icon-no'><span class='hr-inner inner-border-av-border-thin'><span class=\"hr-inner-style\"><\/span><\/span><\/div><br \/>\n\n<style type=\"text\/css\" data-created_by=\"avia_inline_auto\" id=\"style-css-av-lybw7qcd-f01ccd062b7ff198288ab99aa5110f3c\">\n.avia-image-container.av-lybw7qcd-f01ccd062b7ff198288ab99aa5110f3c .av-image-caption-overlay-center{\ncolor:#ffffff;\n}\n<\/style>\n<div  class='avia-image-container av-lybw7qcd-f01ccd062b7ff198288ab99aa5110f3c av-styling- avia_animated_image avia_animate_when_almost_visible pop-up avia-align-center  avia-builder-el-14  el_after_av_hr  el_before_av_hr'  itemprop=\"image\" itemscope=\"itemscope\" itemtype=\"https:\/\/schema.org\/ImageObject\" ><div class=\"avia-image-container-inner\"><div class=\"avia-image-overlay-wrap\"><img decoding=\"async\" class='wp-image-3005 avia-img-lazy-loading-not-3005 avia_image' src=\"https:\/\/bergamatiyatrofestivali.com\/wp-content\/uploads\/2022\/05\/istirap_olcek.jpg\" alt='' title=''  height=\"1080\" width=\"1080\"  itemprop=\"thumbnailUrl\" srcset=\"https:\/\/bergamatiyatrofestivali.com\/wp-content\/uploads\/2022\/05\/istirap_olcek.jpg 1080w, https:\/\/bergamatiyatrofestivali.com\/wp-content\/uploads\/2022\/05\/istirap_olcek-300x300.jpg 300w, https:\/\/bergamatiyatrofestivali.com\/wp-content\/uploads\/2022\/05\/istirap_olcek-1030x1030.jpg 1030w, https:\/\/bergamatiyatrofestivali.com\/wp-content\/uploads\/2022\/05\/istirap_olcek-80x80.jpg 80w, https:\/\/bergamatiyatrofestivali.com\/wp-content\/uploads\/2022\/05\/istirap_olcek-768x768.jpg 768w, https:\/\/bergamatiyatrofestivali.com\/wp-content\/uploads\/2022\/05\/istirap_olcek-12x12.jpg 12w, https:\/\/bergamatiyatrofestivali.com\/wp-content\/uploads\/2022\/05\/istirap_olcek-36x36.jpg 36w, https:\/\/bergamatiyatrofestivali.com\/wp-content\/uploads\/2022\/05\/istirap_olcek-180x180.jpg 180w, https:\/\/bergamatiyatrofestivali.com\/wp-content\/uploads\/2022\/05\/istirap_olcek-705x705.jpg 705w\" sizes=\"(max-width: 1080px) 100vw, 1080px\" \/><\/div><\/div><\/div><br \/>\n\n<style type=\"text\/css\" data-created_by=\"avia_inline_auto\" id=\"style-css-av-ax6iz-e3e0a05c8eff83bb5af8fcbe86d66138\">\n#top .hr.av-ax6iz-e3e0a05c8eff83bb5af8fcbe86d66138{\nmargin-top:30px;\nmargin-bottom:30px;\n}\n.hr.av-ax6iz-e3e0a05c8eff83bb5af8fcbe86d66138 .hr-inner{\nwidth:50px;\n}\n<\/style>\n<div  class='hr av-ax6iz-e3e0a05c8eff83bb5af8fcbe86d66138 hr-custom  avia-builder-el-15  el_after_av_image  el_before_av_image  hr-center hr-icon-no'><span class='hr-inner inner-border-av-border-thin'><span class=\"hr-inner-style\"><\/span><\/span><\/div><br \/>\n\n<style type=\"text\/css\" data-created_by=\"avia_inline_auto\" id=\"style-css-av-lybwg9fc-851319e208c79be50fc08f83fbe8a54d\">\n.avia-image-container.av-lybwg9fc-851319e208c79be50fc08f83fbe8a54d .av-image-caption-overlay-center{\ncolor:#ffffff;\n}\n<\/style>\n<div  class='avia-image-container av-lybwg9fc-851319e208c79be50fc08f83fbe8a54d av-styling- avia_animated_image avia_animate_when_almost_visible pop-up avia-align-center  avia-builder-el-16  el_after_av_hr  avia-builder-el-last'  itemprop=\"image\" itemscope=\"itemscope\" itemtype=\"https:\/\/schema.org\/ImageObject\" ><div class=\"avia-image-container-inner\"><div class=\"avia-image-overlay-wrap\"><img decoding=\"async\" class='wp-image-3029 avia-img-lazy-loading-not-3029 avia_image' src=\"https:\/\/bergamatiyatrofestivali.com\/wp-content\/uploads\/2022\/05\/azizname_olcek.jpg\" alt='' title=''  height=\"1080\" width=\"1080\"  itemprop=\"thumbnailUrl\" srcset=\"https:\/\/bergamatiyatrofestivali.com\/wp-content\/uploads\/2022\/05\/azizname_olcek.jpg 1080w, https:\/\/bergamatiyatrofestivali.com\/wp-content\/uploads\/2022\/05\/azizname_olcek-300x300.jpg 300w, https:\/\/bergamatiyatrofestivali.com\/wp-content\/uploads\/2022\/05\/azizname_olcek-1030x1030.jpg 1030w, https:\/\/bergamatiyatrofestivali.com\/wp-content\/uploads\/2022\/05\/azizname_olcek-80x80.jpg 80w, https:\/\/bergamatiyatrofestivali.com\/wp-content\/uploads\/2022\/05\/azizname_olcek-768x768.jpg 768w, https:\/\/bergamatiyatrofestivali.com\/wp-content\/uploads\/2022\/05\/azizname_olcek-12x12.jpg 12w, https:\/\/bergamatiyatrofestivali.com\/wp-content\/uploads\/2022\/05\/azizname_olcek-36x36.jpg 36w, https:\/\/bergamatiyatrofestivali.com\/wp-content\/uploads\/2022\/05\/azizname_olcek-180x180.jpg 180w, https:\/\/bergamatiyatrofestivali.com\/wp-content\/uploads\/2022\/05\/azizname_olcek-705x705.jpg 705w\" sizes=\"(max-width: 1080px) 100vw, 1080px\" \/><\/div><\/div><\/div><\/p><\/div><\/p>","protected":false},"excerpt":{"rendered":"","protected":false},"author":2,"featured_media":0,"parent":0,"menu_order":0,"comment_status":"closed","ping_status":"closed","template":"","meta":{"footnotes":""},"class_list":["post-4267","page","type-page","status-publish","hentry"],"_links":{"self":[{"href":"https:\/\/bergamatiyatrofestivali.com\/en\/wp-json\/wp\/v2\/pages\/4267","targetHints":{"allow":["GET"]}}],"collection":[{"href":"https:\/\/bergamatiyatrofestivali.com\/en\/wp-json\/wp\/v2\/pages"}],"about":[{"href":"https:\/\/bergamatiyatrofestivali.com\/en\/wp-json\/wp\/v2\/types\/page"}],"author":[{"embeddable":true,"href":"https:\/\/bergamatiyatrofestivali.com\/en\/wp-json\/wp\/v2\/users\/2"}],"replies":[{"embeddable":true,"href":"https:\/\/bergamatiyatrofestivali.com\/en\/wp-json\/wp\/v2\/comments?post=4267"}],"version-history":[{"count":15,"href":"https:\/\/bergamatiyatrofestivali.com\/en\/wp-json\/wp\/v2\/pages\/4267\/revisions"}],"predecessor-version":[{"id":4312,"href":"https:\/\/bergamatiyatrofestivali.com\/en\/wp-json\/wp\/v2\/pages\/4267\/revisions\/4312"}],"wp:attachment":[{"href":"https:\/\/bergamatiyatrofestivali.com\/en\/wp-json\/wp\/v2\/media?parent=4267"}],"curies":[{"name":"wp","href":"https:\/\/api.w.org\/{rel}","templated":true}]}}