{"id":4225,"date":"2023-08-11T01:48:42","date_gmt":"2023-08-10T22:48:42","guid":{"rendered":"https:\/\/bergamatiyatrofestivali.com\/?page_id=4225"},"modified":"2026-02-23T15:56:37","modified_gmt":"2026-02-23T12:56:37","slug":"sene-boyu-btf","status":"publish","type":"page","link":"https:\/\/bergamatiyatrofestivali.com\/en\/sene-boyu-btf\/","title":{"rendered":"SENE BOYU BTF"},"content":{"rendered":"<style type=\"text\/css\" data-created_by=\"avia_inline_auto\" id=\"style-css-av-l0uodij2-59fc7d2986d990bf1bd02c7c955aec43\">\n.avia-section.av-l0uodij2-59fc7d2986d990bf1bd02c7c955aec43 .av-parallax .av-parallax-inner{\nbackground-repeat:no-repeat;\nbackground-image:url(https:\/\/bergamatiyatrofestivali.com\/wp-content\/uploads\/2022\/03\/Basliksiz-4-1.jpg);\nbackground-position:50% 50%;\nbackground-attachment:scroll;\n}\n.avia-section.av-l0uodij2-59fc7d2986d990bf1bd02c7c955aec43 .av-section-color-overlay{\nopacity:0.4;\nbackground-color:#000000;\n}\n<\/style>\n<div id='av_section_1'  class='avia-section av-l0uodij2-59fc7d2986d990bf1bd02c7c955aec43 main_color avia-section-default avia-no-border-styling  avia-builder-el-0  el_before_av_one_third  avia-builder-el-first  avia-full-stretch av-parallax-section avia-bg-style-parallax av-section-color-overlay-active  av-minimum-height av-minimum-height-50  container_wrap sidebar_right'  data-section-bg-repeat='stretch' data-av_minimum_height_pc='50'><div class='av-parallax' data-avia-parallax-ratio='0.3' ><div class='av-parallax-inner main_color avia-full-stretch'><\/div><\/div><div class='av-section-color-overlay-wrap'><div class=\"av-section-color-overlay\"><\/div><div class='container av-section-cont-open' ><main  role=\"main\" itemprop=\"mainContentOfPage\"  class='template-page content  av-content-small alpha units'><div class='post-entry post-entry-type-page post-entry-4225'><div class='entry-content-wrapper clearfix'>\n<div class='flex_column av-13rc87-be21ebb4d54f6f96f352be3cb3170479 av_one_full  avia-builder-el-1  el_before_av_one_full  avia-builder-el-first  first flex_column_div'   ><\/div><div class='flex_column av-v6sz3-3d204e1f6b6185dc908c83f5cd844fe6 av_one_full  avia-builder-el-2  el_after_av_one_full  el_before_av_one_full  first flex_column_div column-top-margin'   ><\/div><div class='flex_column av-te1yf-8c6f3f959e032efb0cba739ba8d25199 av_one_full  avia-builder-el-3  el_after_av_one_full  el_before_av_one_full  first flex_column_div column-top-margin'   ><\/div><div class='flex_column av-ixc87-330c64c66fa3c1c02408c23039406e40 av_one_full  avia-builder-el-4  el_after_av_one_full  el_before_av_one_full  first flex_column_div column-top-margin'   ><\/div><div class='flex_column av-g47sn-102ec16f44e28e834948b8156cf3adf4 av_one_full  avia-builder-el-5  el_after_av_one_full  el_before_av_one_full  first flex_column_div column-top-margin'   ><\/div><div class='flex_column av-a2avz-b3e1c6e8824f0d5df53d262691fc3abd av_one_full  avia-builder-el-6  el_after_av_one_full  avia-builder-el-last  first flex_column_div column-top-margin'   ><\/div>\n<\/div><\/div><\/main><!-- close content main element --><\/div><\/div><\/div><div id='after_section_1'  class='main_color av_default_container_wrap container_wrap sidebar_right'  ><div class='container av-section-cont-open' ><div class='template-page content  av-content-small alpha units'><div class='post-entry post-entry-type-page post-entry-4225'><div class='entry-content-wrapper clearfix'>\n<div class='flex_column av-92124h-6cd961bda336b381fa0f27838d9bf04e av_one_third  avia-builder-el-7  el_after_av_section  el_before_av_one_third  avia-builder-el-first  first flex_column_div'   ><p>\n<style type=\"text\/css\" data-created_by=\"avia_inline_auto\" id=\"style-css-av-6bvjc1-5938683fc3db9c5b442d7e0f289a9317\">\n.avia-image-container.av-6bvjc1-5938683fc3db9c5b442d7e0f289a9317 .av-image-caption-overlay-center{\ncolor:#ffffff;\n}\n<\/style>\n<div  class='avia-image-container av-6bvjc1-5938683fc3db9c5b442d7e0f289a9317 av-styling- avia_animated_image avia_animate_when_almost_visible pop-up avia-align-center  avia-builder-el-8  el_before_av_textblock  avia-builder-el-first'  itemprop=\"image\" itemscope=\"itemscope\" itemtype=\"https:\/\/schema.org\/ImageObject\" ><div class=\"avia-image-container-inner\"><div class=\"avia-image-overlay-wrap\"><a href=\"https:\/\/bergamatiyatrofestivali.com\/en\/sevgili-arsiz-olum-dirmit\/\" class='avia_image' ><img decoding=\"async\" width=\"1921\" height=\"1081\" class='wp-image-4890 avia-img-lazy-loading-not-4890 avia_image' src=\"https:\/\/bergamatiyatrofestivali.com\/wp-content\/uploads\/2026\/02\/SeneBoyuBTF-dirmit-Web-Site-1920x1080dirmit.jpg\" alt='' title='SeneBoyuBTF-dirmit-Web-Site-1920x1080dirmit'  itemprop=\"thumbnailUrl\" srcset=\"https:\/\/bergamatiyatrofestivali.com\/wp-content\/uploads\/2026\/02\/SeneBoyuBTF-dirmit-Web-Site-1920x1080dirmit.jpg 1921w, https:\/\/bergamatiyatrofestivali.com\/wp-content\/uploads\/2026\/02\/SeneBoyuBTF-dirmit-Web-Site-1920x1080dirmit-300x169.jpg 300w, https:\/\/bergamatiyatrofestivali.com\/wp-content\/uploads\/2026\/02\/SeneBoyuBTF-dirmit-Web-Site-1920x1080dirmit-1030x580.jpg 1030w, https:\/\/bergamatiyatrofestivali.com\/wp-content\/uploads\/2026\/02\/SeneBoyuBTF-dirmit-Web-Site-1920x1080dirmit-768x432.jpg 768w, https:\/\/bergamatiyatrofestivali.com\/wp-content\/uploads\/2026\/02\/SeneBoyuBTF-dirmit-Web-Site-1920x1080dirmit-1536x864.jpg 1536w, https:\/\/bergamatiyatrofestivali.com\/wp-content\/uploads\/2026\/02\/SeneBoyuBTF-dirmit-Web-Site-1920x1080dirmit-18x10.jpg 18w, https:\/\/bergamatiyatrofestivali.com\/wp-content\/uploads\/2026\/02\/SeneBoyuBTF-dirmit-Web-Site-1920x1080dirmit-1500x844.jpg 1500w, https:\/\/bergamatiyatrofestivali.com\/wp-content\/uploads\/2026\/02\/SeneBoyuBTF-dirmit-Web-Site-1920x1080dirmit-705x397.jpg 705w\" sizes=\"(max-width: 1921px) 100vw, 1921px\" \/><\/a><\/div><\/div><\/div><br \/>\n<section class=\"av_textblock_section  av-desktop-hide av-medium-hide av-small-hide av-mini-hide\"  itemscope=\"itemscope\" itemtype=\"https:\/\/schema.org\/CreativeWork\" ><div class='avia_textblock'   itemprop=\"text\" ><p style=\"text-align: center;\"><strong>CYRANO B\u0130LETLER\u0130 SATI\u015eTA!<\/strong><\/p>\n<\/div><\/section><br \/>\n<div  class='avia-button-wrap avia-button-center  avia-builder-el-10  el_after_av_textblock  avia-builder-el-last' >\n<style type=\"text\/css\" data-created_by=\"avia_inline_auto\" id=\"style-css-av-lz1vmnsd-e9d8e2746b1b57402b7047f11bdf7b69\">\n#top #wrap_all .avia-button.av-lz1vmnsd-e9d8e2746b1b57402b7047f11bdf7b69{\nborder-radius:10px 10px 10px 10px;\n-webkit-border-radius:10px 10px 10px 10px;\n-moz-border-radius:10px 10px 10px 10px;\ntransition:all 0.4s ease-in-out;\n-webkit-transition:all 0.4s ease-in-out;\n-moz-transition:all 0.4s ease-in-out;\n-ms-transition:all 0.4s ease-in-out;\n-o-transition:all 0.4s ease-in-out;\n}\n#top #wrap_all .avia-button.av-lz1vmnsd-e9d8e2746b1b57402b7047f11bdf7b69:hover{\nbackground-color:grey;\ncolor:orange;\ntransition:all 0.4s ease-in-out;\n-webkit-transition:all 0.4s ease-in-out;\n-moz-transition:all 0.4s ease-in-out;\n-ms-transition:all 0.4s ease-in-out;\n-o-transition:all 0.4s ease-in-out;\n}\n#top #wrap_all.avia-button.av-lz1vmnsd-e9d8e2746b1b57402b7047f11bdf7b69:hover .avia_button_background{\nborder-radius:10px 10px 10px 10px;\n-webkit-border-radius:10px 10px 10px 10px;\n-moz-border-radius:10px 10px 10px 10px;\n}\n<\/style>\n<a href='https:\/\/bergamatiyatrofestivali.com\/en\/cyrano\/'  class='avia-button av-lz1vmnsd-e9d8e2746b1b57402b7047f11bdf7b69 avia-icon_select-no avia-size-small avia-position-center avia-color-orange avia-font-color-white  av-desktop-hide av-medium-hide av-small-hide av-mini-hide' ><span class='avia_iconbox_title' >OYUN HAKKINDA B\u0130LG\u0130 \u0130\u00c7\u0130N TIKLAYIN!<\/span><\/a><\/div><\/p><\/div><div class='flex_column av-av_one_third-337486787960716147ecfb4074cb91c6 av_one_third  avia-builder-el-11  el_after_av_one_third  el_before_av_one_third  flex_column_div'   ><p>\n<style type=\"text\/css\" data-created_by=\"avia_inline_auto\" id=\"style-css-av-av_image-1b96b8ce43348ee8627070103e5aa784\">\n.avia-image-container.av-av_image-1b96b8ce43348ee8627070103e5aa784 .av-image-caption-overlay-center{\ncolor:#ffffff;\n}\n<\/style>\n<div  class='avia-image-container av-av_image-1b96b8ce43348ee8627070103e5aa784 av-styling- avia_animated_image avia_animate_when_almost_visible pop-up avia-align-center  avia-builder-el-12  el_before_av_textblock  avia-builder-el-first'  itemprop=\"image\" itemscope=\"itemscope\" itemtype=\"https:\/\/schema.org\/ImageObject\" ><div class=\"avia-image-container-inner\"><div class=\"avia-image-overlay-wrap\"><a href=\"https:\/\/bergamatiyatrofestivali.com\/en\/sahneyi-cocukla-dusunmek\/\" class='avia_image' ><img decoding=\"async\" width=\"1921\" height=\"1081\" class='wp-image-4880 avia-img-lazy-loading-not-4880 avia_image' src=\"https:\/\/bergamatiyatrofestivali.com\/wp-content\/uploads\/2026\/01\/SeneBoyuBTF-SCD-Web-Site-1920x1080-.jpg\" alt='' title='SeneBoyuBTF-SC\u0327D-Web-Site-1920x1080-'  itemprop=\"thumbnailUrl\" srcset=\"https:\/\/bergamatiyatrofestivali.com\/wp-content\/uploads\/2026\/01\/SeneBoyuBTF-SCD-Web-Site-1920x1080-.jpg 1921w, https:\/\/bergamatiyatrofestivali.com\/wp-content\/uploads\/2026\/01\/SeneBoyuBTF-SCD-Web-Site-1920x1080--300x169.jpg 300w, https:\/\/bergamatiyatrofestivali.com\/wp-content\/uploads\/2026\/01\/SeneBoyuBTF-SCD-Web-Site-1920x1080--1030x580.jpg 1030w, https:\/\/bergamatiyatrofestivali.com\/wp-content\/uploads\/2026\/01\/SeneBoyuBTF-SCD-Web-Site-1920x1080--768x432.jpg 768w, https:\/\/bergamatiyatrofestivali.com\/wp-content\/uploads\/2026\/01\/SeneBoyuBTF-SCD-Web-Site-1920x1080--1536x864.jpg 1536w, https:\/\/bergamatiyatrofestivali.com\/wp-content\/uploads\/2026\/01\/SeneBoyuBTF-SCD-Web-Site-1920x1080--18x10.jpg 18w, https:\/\/bergamatiyatrofestivali.com\/wp-content\/uploads\/2026\/01\/SeneBoyuBTF-SCD-Web-Site-1920x1080--1500x844.jpg 1500w, https:\/\/bergamatiyatrofestivali.com\/wp-content\/uploads\/2026\/01\/SeneBoyuBTF-SCD-Web-Site-1920x1080--705x397.jpg 705w\" sizes=\"(max-width: 1921px) 100vw, 1921px\" \/><\/a><\/div><\/div><\/div><br \/>\n<section class=\"av_textblock_section  av-desktop-hide av-medium-hide av-small-hide av-mini-hide\"  itemscope=\"itemscope\" itemtype=\"https:\/\/schema.org\/CreativeWork\" ><div class='avia_textblock'   itemprop=\"text\" ><p style=\"text-align: center;\"><strong>CYRANO B\u0130LETLER\u0130 SATI\u015eTA!<\/strong><\/p>\n<\/div><\/section><br \/>\n<div  class='avia-button-wrap avia-button-center  avia-builder-el-14  el_after_av_textblock  avia-builder-el-last' >\n<style type=\"text\/css\" data-created_by=\"avia_inline_auto\" id=\"style-css-av-av_button-b1ac2bccf1f47ae0b1cc7cd2095f1852\">\n#top #wrap_all .avia-button.av-av_button-b1ac2bccf1f47ae0b1cc7cd2095f1852{\nborder-radius:10px 10px 10px 10px;\n-webkit-border-radius:10px 10px 10px 10px;\n-moz-border-radius:10px 10px 10px 10px;\ntransition:all 0.4s ease-in-out;\n-webkit-transition:all 0.4s ease-in-out;\n-moz-transition:all 0.4s ease-in-out;\n-ms-transition:all 0.4s ease-in-out;\n-o-transition:all 0.4s ease-in-out;\n}\n#top #wrap_all .avia-button.av-av_button-b1ac2bccf1f47ae0b1cc7cd2095f1852:hover{\nbackground-color:grey;\ncolor:orange;\ntransition:all 0.4s ease-in-out;\n-webkit-transition:all 0.4s ease-in-out;\n-moz-transition:all 0.4s ease-in-out;\n-ms-transition:all 0.4s ease-in-out;\n-o-transition:all 0.4s ease-in-out;\n}\n#top #wrap_all.avia-button.av-av_button-b1ac2bccf1f47ae0b1cc7cd2095f1852:hover .avia_button_background{\nborder-radius:10px 10px 10px 10px;\n-webkit-border-radius:10px 10px 10px 10px;\n-moz-border-radius:10px 10px 10px 10px;\n}\n<\/style>\n<a href='https:\/\/bergamatiyatrofestivali.com\/en\/cyrano\/'  class='avia-button av-av_button-b1ac2bccf1f47ae0b1cc7cd2095f1852 avia-icon_select-no avia-size-small avia-position-center avia-color-orange avia-font-color-white  av-desktop-hide av-medium-hide av-small-hide av-mini-hide' ><span class='avia_iconbox_title' >OYUN HAKKINDA B\u0130LG\u0130 \u0130\u00c7\u0130N TIKLAYIN!<\/span><\/a><\/div><\/p><\/div><\/p>\n<div class='flex_column av-7rl8xt-f6cb2c862b6556e2aa3d27e7ab6af867 av_one_third  avia-builder-el-15  el_after_av_one_third  el_before_av_one_third  flex_column_div'   ><p>\n<style type=\"text\/css\" data-created_by=\"avia_inline_auto\" id=\"style-css-av-5yp7pt-fe4e2f92bb44983c91be67654046a276\">\n.avia-image-container.av-5yp7pt-fe4e2f92bb44983c91be67654046a276 .av-image-caption-overlay-center{\ncolor:#ffffff;\n}\n<\/style>\n<div  class='avia-image-container av-5yp7pt-fe4e2f92bb44983c91be67654046a276 av-styling- avia_animated_image avia_animate_when_almost_visible pop-up avia-align-center  avia-builder-el-16  el_before_av_textblock  avia-builder-el-first'  itemprop=\"image\" itemscope=\"itemscope\" itemtype=\"https:\/\/schema.org\/ImageObject\" ><div class=\"avia-image-container-inner\"><div class=\"avia-image-overlay-wrap\"><a href=\"https:\/\/bergamatiyatrofestivali.com\/en\/cimidi\/\" class='avia_image' ><img decoding=\"async\" width=\"1921\" height=\"1081\" class='wp-image-4863 avia-img-lazy-loading-not-4863 avia_image' src=\"https:\/\/bergamatiyatrofestivali.com\/wp-content\/uploads\/2026\/01\/cimidi-cover.jpg\" alt='' title='cimidi-cover'  itemprop=\"thumbnailUrl\" srcset=\"https:\/\/bergamatiyatrofestivali.com\/wp-content\/uploads\/2026\/01\/cimidi-cover.jpg 1921w, https:\/\/bergamatiyatrofestivali.com\/wp-content\/uploads\/2026\/01\/cimidi-cover-300x169.jpg 300w, https:\/\/bergamatiyatrofestivali.com\/wp-content\/uploads\/2026\/01\/cimidi-cover-1030x580.jpg 1030w, https:\/\/bergamatiyatrofestivali.com\/wp-content\/uploads\/2026\/01\/cimidi-cover-768x432.jpg 768w, https:\/\/bergamatiyatrofestivali.com\/wp-content\/uploads\/2026\/01\/cimidi-cover-1536x864.jpg 1536w, https:\/\/bergamatiyatrofestivali.com\/wp-content\/uploads\/2026\/01\/cimidi-cover-18x10.jpg 18w, https:\/\/bergamatiyatrofestivali.com\/wp-content\/uploads\/2026\/01\/cimidi-cover-1500x844.jpg 1500w, https:\/\/bergamatiyatrofestivali.com\/wp-content\/uploads\/2026\/01\/cimidi-cover-705x397.jpg 705w\" sizes=\"(max-width: 1921px) 100vw, 1921px\" \/><\/a><\/div><\/div><\/div><br \/>\n<section class=\"av_textblock_section  av-desktop-hide av-medium-hide av-small-hide av-mini-hide\"  itemscope=\"itemscope\" itemtype=\"https:\/\/schema.org\/CreativeWork\" ><div class='avia_textblock'   itemprop=\"text\" ><p style=\"text-align: center;\"><strong>CYRANO B\u0130LETLER\u0130 SATI\u015eTA!<\/strong><\/p>\n<\/div><\/section><br \/>\n<div  class='avia-button-wrap avia-button-center  avia-builder-el-18  el_after_av_textblock  avia-builder-el-last' >\n<style type=\"text\/css\" data-created_by=\"avia_inline_auto\" id=\"style-css-av-27xqxt-d265c73525bebfc403318b6b443a7d81\">\n#top #wrap_all .avia-button.av-27xqxt-d265c73525bebfc403318b6b443a7d81{\nborder-radius:10px 10px 10px 10px;\n-webkit-border-radius:10px 10px 10px 10px;\n-moz-border-radius:10px 10px 10px 10px;\ntransition:all 0.4s ease-in-out;\n-webkit-transition:all 0.4s ease-in-out;\n-moz-transition:all 0.4s ease-in-out;\n-ms-transition:all 0.4s ease-in-out;\n-o-transition:all 0.4s ease-in-out;\n}\n#top #wrap_all .avia-button.av-27xqxt-d265c73525bebfc403318b6b443a7d81:hover{\nbackground-color:grey;\ncolor:orange;\ntransition:all 0.4s ease-in-out;\n-webkit-transition:all 0.4s ease-in-out;\n-moz-transition:all 0.4s ease-in-out;\n-ms-transition:all 0.4s ease-in-out;\n-o-transition:all 0.4s ease-in-out;\n}\n#top #wrap_all.avia-button.av-27xqxt-d265c73525bebfc403318b6b443a7d81:hover .avia_button_background{\nborder-radius:10px 10px 10px 10px;\n-webkit-border-radius:10px 10px 10px 10px;\n-moz-border-radius:10px 10px 10px 10px;\n}\n<\/style>\n<a href='https:\/\/bergamatiyatrofestivali.com\/en\/cyrano\/'  class='avia-button av-27xqxt-d265c73525bebfc403318b6b443a7d81 avia-icon_select-no avia-size-small avia-position-center avia-color-orange avia-font-color-white  av-desktop-hide av-medium-hide av-small-hide av-mini-hide' ><span class='avia_iconbox_title' >OYUN HAKKINDA B\u0130LG\u0130 \u0130\u00c7\u0130N TIKLAYIN!<\/span><\/a><\/div><\/p><\/div>\n<div class='flex_column av-fuvdj-c23d61dd9d7a110481a734d1c60f5fd2 av_one_third  avia-builder-el-19  el_after_av_one_third  el_before_av_one_third  first flex_column_div column-top-margin'   ><\/div>\n<div class='flex_column av-luvlz-c7136754a4537b5ffb29104781d88f52 av_one_third  avia-builder-el-20  el_after_av_one_third  el_before_av_one_third  flex_column_div column-top-margin'   ><\/div>\n<div class='flex_column av-273o7-9db406be13f9371c059e6a0306d93f43 av_one_third  avia-builder-el-21  el_after_av_one_third  el_before_av_one_third  flex_column_div column-top-margin'   ><\/div>\n<div class='flex_column av-14ro3j-8f1979a1ee6cf719b51f6e812c9892c5 av_one_third  avia-builder-el-22  el_after_av_one_third  el_before_av_one_third  first flex_column_div column-top-margin'   ><\/div>\n<div class='flex_column av-ko9nr-6dd9fdd0ebc1ff7c524dc9d75f532625 av_one_third  avia-builder-el-23  el_after_av_one_third  el_before_av_one_third  flex_column_div column-top-margin'   ><\/div>\n<div class='flex_column av-f7lev-b83a313e83d51cc499db238acebff351 av_one_third  avia-builder-el-24  el_after_av_one_third  el_before_av_one_third  flex_column_div column-top-margin'   ><\/div>\n<div class='flex_column av-kaklr-88414080addd6a31dfa167ef1e425960 av_one_third  avia-builder-el-25  el_after_av_one_third  el_before_av_one_third  first flex_column_div column-top-margin'   ><\/div>\n<div class='flex_column av-n3tnz-8f843537c9cfb5b2ad3da14438daaa28 av_one_third  avia-builder-el-26  el_after_av_one_third  el_before_av_one_third  flex_column_div column-top-margin'   ><\/div>\n<div class='flex_column av-kzir3-7796952340935df00dea51a728266490 av_one_third  avia-builder-el-27  el_after_av_one_third  el_before_av_one_third  flex_column_div column-top-margin'   ><\/div>\n<div class='flex_column av-nmypj-2e6b029aa783616b47ccb350432c7487 av_one_third  avia-builder-el-28  el_after_av_one_third  el_before_av_one_third  first flex_column_div column-top-margin'   ><\/div>\n<div class='flex_column av-l701j-6ebdfa1bc71a73f586cf650308f14f91 av_one_third  avia-builder-el-29  el_after_av_one_third  el_before_av_one_third  flex_column_div column-top-margin'   ><\/div>\n<div class='flex_column av-j36vj-1567ed428a2cd1ca17684ab254d04ff9 av_one_third  avia-builder-el-30  el_after_av_one_third  el_before_av_one_third  flex_column_div column-top-margin'   ><\/div>\n<div class='flex_column av-ju1p3-725a45fd68dcc94f9e3c63879627c9a4 av_one_third  avia-builder-el-31  el_after_av_one_third  el_before_av_one_third  first flex_column_div column-top-margin'   ><\/div>\n<div class='flex_column av-dkadr-35c70c4defcfef948b8ccedf84f73bb5 av_one_third  avia-builder-el-32  el_after_av_one_third  el_before_av_one_third  flex_column_div column-top-margin'   ><\/div>\n<div class='flex_column av-75xxz-7f21d01fb8758c38b3bb48d4ba70bbea av_one_third  avia-builder-el-33  el_after_av_one_third  el_before_av_one_third  flex_column_div column-top-margin'   ><\/div>\n<div class='flex_column av-244sdt-f07340330a61ffd9bbb3eaabb7de29c4 av_one_third  avia-builder-el-34  el_after_av_one_third  el_before_av_one_third  first flex_column_div column-top-margin'   ><\/div>\n<div class='flex_column av-2dwq4x-1d8c1fca541769ae9ae2c39039ba38b0 av_one_third  avia-builder-el-35  el_after_av_one_third  avia-builder-el-last  flex_column_div column-top-margin'   ><\/div>","protected":false},"excerpt":{"rendered":"","protected":false},"author":2,"featured_media":0,"parent":0,"menu_order":0,"comment_status":"closed","ping_status":"closed","template":"","meta":{"footnotes":""},"class_list":["post-4225","page","type-page","status-publish","hentry"],"_links":{"self":[{"href":"https:\/\/bergamatiyatrofestivali.com\/en\/wp-json\/wp\/v2\/pages\/4225","targetHints":{"allow":["GET"]}}],"collection":[{"href":"https:\/\/bergamatiyatrofestivali.com\/en\/wp-json\/wp\/v2\/pages"}],"about":[{"href":"https:\/\/bergamatiyatrofestivali.com\/en\/wp-json\/wp\/v2\/types\/page"}],"author":[{"embeddable":true,"href":"https:\/\/bergamatiyatrofestivali.com\/en\/wp-json\/wp\/v2\/users\/2"}],"replies":[{"embeddable":true,"href":"https:\/\/bergamatiyatrofestivali.com\/en\/wp-json\/wp\/v2\/comments?post=4225"}],"version-history":[{"count":28,"href":"https:\/\/bergamatiyatrofestivali.com\/en\/wp-json\/wp\/v2\/pages\/4225\/revisions"}],"predecessor-version":[{"id":4893,"href":"https:\/\/bergamatiyatrofestivali.com\/en\/wp-json\/wp\/v2\/pages\/4225\/revisions\/4893"}],"wp:attachment":[{"href":"https:\/\/bergamatiyatrofestivali.com\/en\/wp-json\/wp\/v2\/media?parent=4225"}],"curies":[{"name":"wp","href":"https:\/\/api.w.org\/{rel}","templated":true}]}}