{"id":4169,"date":"2023-08-05T21:42:24","date_gmt":"2023-08-05T18:42:24","guid":{"rendered":"https:\/\/bergamatiyatrofestivali.com\/?page_id=4169"},"modified":"2023-08-05T21:53:27","modified_gmt":"2023-08-05T18:53:27","slug":"ayak-bacak-fabrikasi","status":"publish","type":"page","link":"https:\/\/bergamatiyatrofestivali.com\/en\/ayak-bacak-fabrikasi\/","title":{"rendered":"Ayak Bacak Fabrikas\u0131"},"content":{"rendered":"<div class='flex_column av-8ra5it-7e829cb4e37498c31b1d3b088ac2ea15 av_one_half  avia-builder-el-0  el_before_av_one_half  avia-builder-el-first  first flex_column_div'   ><p>\n<style type=\"text\/css\" data-created_by=\"avia_inline_auto\" id=\"style-css-av-7wntvp-99fce9c885debdfb4fe55dcfba337dde\">\n.avia-image-container.av-7wntvp-99fce9c885debdfb4fe55dcfba337dde .av-image-caption-overlay-center{\ncolor:#ffffff;\n}\n<\/style>\n<div  class='avia-image-container av-7wntvp-99fce9c885debdfb4fe55dcfba337dde av-styling- avia-align-center  avia-builder-el-1  el_before_av_textblock  avia-builder-el-first'  itemprop=\"image\" itemscope=\"itemscope\" itemtype=\"https:\/\/schema.org\/ImageObject\" ><div class=\"avia-image-container-inner\"><div class=\"avia-image-overlay-wrap\"><img decoding=\"async\" class='wp-image-4170 avia-img-lazy-loading-not-4170 avia_image' src=\"https:\/\/bergamatiyatrofestivali.com\/wp-content\/uploads\/2023\/08\/POST-16.jpg\" alt='' title='POST'  height=\"1080\" width=\"1080\"  itemprop=\"thumbnailUrl\" srcset=\"https:\/\/bergamatiyatrofestivali.com\/wp-content\/uploads\/2023\/08\/POST-16.jpg 1080w, https:\/\/bergamatiyatrofestivali.com\/wp-content\/uploads\/2023\/08\/POST-16-300x300.jpg 300w, https:\/\/bergamatiyatrofestivali.com\/wp-content\/uploads\/2023\/08\/POST-16-1030x1030.jpg 1030w, https:\/\/bergamatiyatrofestivali.com\/wp-content\/uploads\/2023\/08\/POST-16-80x80.jpg 80w, https:\/\/bergamatiyatrofestivali.com\/wp-content\/uploads\/2023\/08\/POST-16-768x768.jpg 768w, https:\/\/bergamatiyatrofestivali.com\/wp-content\/uploads\/2023\/08\/POST-16-12x12.jpg 12w, https:\/\/bergamatiyatrofestivali.com\/wp-content\/uploads\/2023\/08\/POST-16-36x36.jpg 36w, https:\/\/bergamatiyatrofestivali.com\/wp-content\/uploads\/2023\/08\/POST-16-180x180.jpg 180w, https:\/\/bergamatiyatrofestivali.com\/wp-content\/uploads\/2023\/08\/POST-16-705x705.jpg 705w\" sizes=\"(max-width: 1080px) 100vw, 1080px\" \/><\/div><\/div><\/div><br \/>\n<section class=\"av_textblock_section\"  itemscope=\"itemscope\" itemtype=\"https:\/\/schema.org\/CreativeWork\" ><div class='avia_textblock  av_inherit_color'  style='color:#1d1d1b; '  itemprop=\"text\" ><h2><strong>Ayak Bacak Fabrikas\u0131<\/strong><\/h2>\n<h3><em><strong>Foot Leg Factory<\/strong><\/em><\/h3>\n<h3><span style=\"font-weight: 400;\">Berksav Oda Tiyatrosu<\/span><\/h3>\n<h4><span style=\"font-weight: 400;\">13 A\u011fustos\/August Pazar-Sunday, 14:00<\/span><\/h4>\n<h5><span style=\"font-weight: 400;\">BerKM - Bergama Cultural Center<\/span><\/h5>\n<p>Etkinlik \u00dccretsizdir.<\/p>\n<\/div><\/section><br \/>\n<div  class='hr av-578o5x-e81847a4cb4a9bc272bf8a5d46cdedcf hr-default  avia-builder-el-3  el_after_av_textblock  avia-builder-el-last'><span class='hr-inner'><span class=\"hr-inner-style\"><\/span><\/span><\/div><\/p><\/div><div class='flex_column av-3so41h-0e4fbf300e066135e57e4f7bf6f0d1c8 av_one_half  avia-builder-el-4  el_after_av_one_half  avia-builder-el-last  flex_column_div'   ><p><section class=\"av_textblock_section\"  itemscope=\"itemscope\" itemtype=\"https:\/\/schema.org\/CreativeWork\" ><div class='avia_textblock  av_inherit_color'  style='color:#1d1d1b; '  itemprop=\"text\" ><p><span style=\"font-weight: 400;\">\u2018\u2019Sistemsizli\u011fin sistem oldu\u011fu bir evrene davetlisiniz. Ayak bacak herkese.\u2019\u2019<\/span><\/p>\n<p>&#8211;<\/p>\n<p><span style=\"font-weight: 400;\">&#8220;You are invited to a universe where the absence of a system is a system. Everyone is welcome, with all their flaws and imperfections.&#8221;<\/span><\/p>\n<\/div><\/section><br \/>\n<div  class='hr av-1wgwp1-f5130e919114f14680027791788fe141 hr-default  avia-builder-el-6  el_after_av_textblock  el_before_av_textblock'><span class='hr-inner'><span class=\"hr-inner-style\"><\/span><\/span><\/div><br \/>\n<section class=\"av_textblock_section\"  itemscope=\"itemscope\" itemtype=\"https:\/\/schema.org\/CreativeWork\" ><div class='avia_textblock  av_inherit_color'  style='color:#1d1d1b; '  itemprop=\"text\" ><p><b>Oyuncular\/Cast: <\/b><span style=\"font-weight: 400;\">Fatih Kemal \u00c7etil, Ebru Savc\u0131, Furkan Talha Y\u0131ld\u0131z, H\u00fcseyin Savc\u0131, Yusuf Atalay G\u00fclser, Yusuf \u0130slam Durmaz, Ali Furkan Karakan, Ferda Tavaz, M\u00fcge Konuk, Bark\u0131n Nakay, Yasemen Dereli, Buket Kalfa, Mehmet Emin Ak, Can Mesur, Didem \u00c7etin<\/span><\/p>\n<p><b>M\u00fczik\/Music:<\/b><span style=\"font-weight: 400;\"> Salihcan \u015eaban<\/span><\/p>\n<p><b>Ses\/Sound: <\/b><span style=\"font-weight: 400;\">Halil Berkin K\u0131rlar<\/span><\/p>\n<p><b>I\u015f\u0131k\/Lighting: <\/b><span style=\"font-weight: 400;\">Nisan T\u00fcrkmen<\/span><\/p>\n<p><b>Dans &#8211; Kareografi\/Dance &#8211; Careography: <\/b><span style=\"font-weight: 400;\">Ferda Kavaz, Ebru savc\u0131<\/span><\/p>\n<p><b>Y\u00f6netmen\/Director:<\/b><span style=\"font-weight: 400;\"> Kemal Kirlar<\/span><\/p>\n<p><b>Performans S\u00fcresi\/Performance Duration: <\/b><span style=\"font-weight: 400;\">150 dk.<\/span><\/p>\n<p><b>Ya\u015f\/Age: <\/b><span style=\"font-weight: 400;\">+13<\/span><\/p>\n<\/div><\/section><\/p><\/div><\/p>","protected":false},"excerpt":{"rendered":"","protected":false},"author":1,"featured_media":0,"parent":0,"menu_order":0,"comment_status":"closed","ping_status":"closed","template":"","meta":{"footnotes":""},"class_list":["post-4169","page","type-page","status-publish","hentry"],"_links":{"self":[{"href":"https:\/\/bergamatiyatrofestivali.com\/en\/wp-json\/wp\/v2\/pages\/4169","targetHints":{"allow":["GET"]}}],"collection":[{"href":"https:\/\/bergamatiyatrofestivali.com\/en\/wp-json\/wp\/v2\/pages"}],"about":[{"href":"https:\/\/bergamatiyatrofestivali.com\/en\/wp-json\/wp\/v2\/types\/page"}],"author":[{"embeddable":true,"href":"https:\/\/bergamatiyatrofestivali.com\/en\/wp-json\/wp\/v2\/users\/1"}],"replies":[{"embeddable":true,"href":"https:\/\/bergamatiyatrofestivali.com\/en\/wp-json\/wp\/v2\/comments?post=4169"}],"version-history":[{"count":1,"href":"https:\/\/bergamatiyatrofestivali.com\/en\/wp-json\/wp\/v2\/pages\/4169\/revisions"}],"predecessor-version":[{"id":4171,"href":"https:\/\/bergamatiyatrofestivali.com\/en\/wp-json\/wp\/v2\/pages\/4169\/revisions\/4171"}],"wp:attachment":[{"href":"https:\/\/bergamatiyatrofestivali.com\/en\/wp-json\/wp\/v2\/media?parent=4169"}],"curies":[{"name":"wp","href":"https:\/\/api.w.org\/{rel}","templated":true}]}}