{"id":4158,"date":"2023-08-05T18:45:20","date_gmt":"2023-08-05T15:45:20","guid":{"rendered":"https:\/\/bergamatiyatrofestivali.com\/?page_id=4158"},"modified":"2023-08-05T18:45:20","modified_gmt":"2023-08-05T15:45:20","slug":"lear-mutfakta","status":"publish","type":"page","link":"https:\/\/bergamatiyatrofestivali.com\/en\/lear-mutfakta\/","title":{"rendered":"Lear Mutfakta"},"content":{"rendered":"<div class='flex_column av-8ra5it-7e829cb4e37498c31b1d3b088ac2ea15 av_one_half  avia-builder-el-0  el_before_av_one_half  avia-builder-el-first  first flex_column_div'   ><p>\n<style type=\"text\/css\" data-created_by=\"avia_inline_auto\" id=\"style-css-av-7wntvp-e1155b95faa0251012f56e5ba2e905dd\">\n.avia-image-container.av-7wntvp-e1155b95faa0251012f56e5ba2e905dd .av-image-caption-overlay-center{\ncolor:#ffffff;\n}\n<\/style>\n<div  class='avia-image-container av-7wntvp-e1155b95faa0251012f56e5ba2e905dd av-styling- avia-align-center  avia-builder-el-1  el_before_av_textblock  avia-builder-el-first'  itemprop=\"image\" itemscope=\"itemscope\" itemtype=\"https:\/\/schema.org\/ImageObject\" ><div class=\"avia-image-container-inner\"><div class=\"avia-image-overlay-wrap\"><img decoding=\"async\" class='wp-image-4159 avia-img-lazy-loading-not-4159 avia_image' src=\"https:\/\/bergamatiyatrofestivali.com\/wp-content\/uploads\/2023\/08\/POST-12.jpg\" alt='' title='POST'  height=\"1080\" width=\"1080\"  itemprop=\"thumbnailUrl\" srcset=\"https:\/\/bergamatiyatrofestivali.com\/wp-content\/uploads\/2023\/08\/POST-12.jpg 1080w, https:\/\/bergamatiyatrofestivali.com\/wp-content\/uploads\/2023\/08\/POST-12-300x300.jpg 300w, https:\/\/bergamatiyatrofestivali.com\/wp-content\/uploads\/2023\/08\/POST-12-1030x1030.jpg 1030w, https:\/\/bergamatiyatrofestivali.com\/wp-content\/uploads\/2023\/08\/POST-12-80x80.jpg 80w, https:\/\/bergamatiyatrofestivali.com\/wp-content\/uploads\/2023\/08\/POST-12-768x768.jpg 768w, https:\/\/bergamatiyatrofestivali.com\/wp-content\/uploads\/2023\/08\/POST-12-12x12.jpg 12w, https:\/\/bergamatiyatrofestivali.com\/wp-content\/uploads\/2023\/08\/POST-12-36x36.jpg 36w, https:\/\/bergamatiyatrofestivali.com\/wp-content\/uploads\/2023\/08\/POST-12-180x180.jpg 180w, https:\/\/bergamatiyatrofestivali.com\/wp-content\/uploads\/2023\/08\/POST-12-705x705.jpg 705w\" sizes=\"(max-width: 1080px) 100vw, 1080px\" \/><\/div><\/div><\/div><br \/>\n<section class=\"av_textblock_section\"  itemscope=\"itemscope\" itemtype=\"https:\/\/schema.org\/CreativeWork\" ><div class='avia_textblock  av_inherit_color'  style='color:#1d1d1b; '  itemprop=\"text\" ><h2><strong>Lear Mutfakta<\/strong><\/h2>\n<h3><em><strong>Lear in the Kitchen<\/strong><\/em><\/h3>\n<h3><span style=\"font-weight: 400;\">Kadro pa<\/span><\/h3>\n<h4><span style=\"font-weight: 400;\">12 A\u011fustos\/August Cumartesi-Saturday, 18:00<\/span><\/h4>\n<h5><span style=\"font-weight: 400;\">Odeon Pergamon<\/span><\/h5>\n<h4><span style=\"font-weight: 400;\">13 A\u011fustos\/August Pazar-Sunday, 18:00<\/span><\/h4>\n<h5><span style=\"font-weight: 400;\">Tonoz<\/span><\/h5>\n<p>Etkinlik \u00dccretsizdir.<\/p>\n<\/div><\/section><br \/>\n<div  class='hr av-578o5x-e81847a4cb4a9bc272bf8a5d46cdedcf hr-default  avia-builder-el-3  el_after_av_textblock  avia-builder-el-last'><span class='hr-inner'><span class=\"hr-inner-style\"><\/span><\/span><\/div><\/p><\/div><div class='flex_column av-3so41h-0e4fbf300e066135e57e4f7bf6f0d1c8 av_one_half  avia-builder-el-4  el_after_av_one_half  avia-builder-el-last  flex_column_div'   ><p><section class=\"av_textblock_section\"  itemscope=\"itemscope\" itemtype=\"https:\/\/schema.org\/CreativeWork\" ><div class='avia_textblock  av_inherit_color'  style='color:#1d1d1b; '  itemprop=\"text\" ><p><span style=\"font-weight: 400;\">\u0130hanet, bir dizi yanl\u0131\u015f anla\u015f\u0131lma, \u00e7ok\u00e7a entrika, g\u00f6zle g\u00f6r\u00fcl\u00fcr bir iktidar h\u0131rs\u0131, d\u00f6k\u00fclen bolca kan ve mutsuz son\u2026 \u0130\u00e7inde kendi komedisini de bar\u0131nd\u0131ran bir Shakespeare trajedisi, Kral Lear. Bu klasik eser bir mutfak tezg\u00e2h\u0131nda; mutfak malzemeleri e\u015fli\u011finde sahnelense ortaya nas\u0131l bir oyun ve yemek \u00e7\u0131kar? Obje tiyatrosu ve hik\u00e2ye anlat\u0131c\u0131l\u0131\u011f\u0131n\u0131 daha \u00f6nce Macbeth Mutfakta adl\u0131 oyunlar\u0131nda harmanlay\u0131p, oyunu bir yeme\u011fe d\u00f6n\u00fc\u015ft\u00fcren Kadro Pa bu kez \u201cihanet soslu bir trajedi yeme\u011fi\u201d pi\u015firecek.<\/span><\/p>\n<p>&#8211;<\/p>\n<p><span style=\"font-weight: 400;\">Betrayal, a series of misunderstandings, plenty of intrigue, visible lust for power, copious shedding of blood, and an unhappy ending&#8230; A Shakespearean tragedy, King Lear, containing its own comedy as well. Imagine this classic work staged on a kitchen countertop, accompanied by kitchen utensils, creating a unique performance that fuses object theater and storytelling. The play turns into a feast, titled &#8220;A Tragedy Meal with a Betrayal Sauce.&#8221;<\/span><\/p>\n<\/div><\/section><br \/>\n<div  class='hr av-1wgwp1-f5130e919114f14680027791788fe141 hr-default  avia-builder-el-6  el_after_av_textblock  el_before_av_textblock'><span class='hr-inner'><span class=\"hr-inner-style\"><\/span><\/span><\/div><br \/>\n<section class=\"av_textblock_section\"  itemscope=\"itemscope\" itemtype=\"https:\/\/schema.org\/CreativeWork\" ><div class='avia_textblock  av_inherit_color'  style='color:#1d1d1b; '  itemprop=\"text\" ><p><b>Yazan\/Written by:<\/b><span style=\"font-weight: 400;\"> William Shakespeare\u00a0<\/span><\/p>\n<p><b>Y\u00f6neten\/Directed by: <\/b><span style=\"font-weight: 400;\">Kubilay Karsl\u0131o\u011flu\u00a0<\/span><\/p>\n<p><b>Uyarlayan ve Oynayan\/Adapted and Performed by:<\/b><span style=\"font-weight: 400;\"> Simge G\u00fcnsan\u00a0<\/span><\/p>\n<p><b>Sahne Tasar\u0131m\u0131\/Set Design:<\/b><span style=\"font-weight: 400;\"> \u015eirin Da\u011ftekin Yenen\u00a0<\/span><\/p>\n<p><b>Teknik\/Technic: <\/b><span style=\"font-weight: 400;\">Tutku Eylem Evergen\u00a0<\/span><\/p>\n<p><b>M\u00fczik\/Music:<\/b><span style=\"font-weight: 400;\"> Mehmet Can A\u011fla\u00e7, Kerem Keskin\u00a0<\/span><\/p>\n<p><span style=\"font-weight: 400;\"><strong>Oyun S\u00fcresi\/Performance Duration:<\/strong> 55dk.<\/span><\/p>\n<p><b>Ya\u015f\/Age: <\/b><span style=\"font-weight: 400;\">+7<\/span><\/p>\n<\/div><\/section><\/p><\/div><\/p>","protected":false},"excerpt":{"rendered":"","protected":false},"author":2,"featured_media":0,"parent":0,"menu_order":0,"comment_status":"closed","ping_status":"closed","template":"","meta":{"footnotes":""},"class_list":["post-4158","page","type-page","status-publish","hentry"],"_links":{"self":[{"href":"https:\/\/bergamatiyatrofestivali.com\/en\/wp-json\/wp\/v2\/pages\/4158","targetHints":{"allow":["GET"]}}],"collection":[{"href":"https:\/\/bergamatiyatrofestivali.com\/en\/wp-json\/wp\/v2\/pages"}],"about":[{"href":"https:\/\/bergamatiyatrofestivali.com\/en\/wp-json\/wp\/v2\/types\/page"}],"author":[{"embeddable":true,"href":"https:\/\/bergamatiyatrofestivali.com\/en\/wp-json\/wp\/v2\/users\/2"}],"replies":[{"embeddable":true,"href":"https:\/\/bergamatiyatrofestivali.com\/en\/wp-json\/wp\/v2\/comments?post=4158"}],"version-history":[{"count":1,"href":"https:\/\/bergamatiyatrofestivali.com\/en\/wp-json\/wp\/v2\/pages\/4158\/revisions"}],"predecessor-version":[{"id":4160,"href":"https:\/\/bergamatiyatrofestivali.com\/en\/wp-json\/wp\/v2\/pages\/4158\/revisions\/4160"}],"wp:attachment":[{"href":"https:\/\/bergamatiyatrofestivali.com\/en\/wp-json\/wp\/v2\/media?parent=4158"}],"curies":[{"name":"wp","href":"https:\/\/api.w.org\/{rel}","templated":true}]}}