{"id":4155,"date":"2023-08-05T16:57:26","date_gmt":"2023-08-05T13:57:26","guid":{"rendered":"https:\/\/bergamatiyatrofestivali.com\/?page_id=4155"},"modified":"2023-08-08T14:12:02","modified_gmt":"2023-08-08T11:12:02","slug":"kultur-hakki-kentsel-adalet","status":"publish","type":"page","link":"https:\/\/bergamatiyatrofestivali.com\/en\/kultur-hakki-kentsel-adalet\/","title":{"rendered":"&#8220;K\u00fclt\u00fcr Hakk\u0131&#8221; ve Kentsel Adalet"},"content":{"rendered":"<div class='flex_column av-8ra5it-7e829cb4e37498c31b1d3b088ac2ea15 av_one_half  avia-builder-el-0  el_before_av_one_half  avia-builder-el-first  first flex_column_div'   ><p>\n<style type=\"text\/css\" data-created_by=\"avia_inline_auto\" id=\"style-css-av-7wntvp-21afa3a353d5795ca789c711cbb091f1\">\n.avia-image-container.av-7wntvp-21afa3a353d5795ca789c711cbb091f1 .av-image-caption-overlay-center{\ncolor:#ffffff;\n}\n<\/style>\n<div  class='avia-image-container av-7wntvp-21afa3a353d5795ca789c711cbb091f1 av-styling- avia-align-center  avia-builder-el-1  el_before_av_textblock  avia-builder-el-first'  itemprop=\"image\" itemscope=\"itemscope\" itemtype=\"https:\/\/schema.org\/ImageObject\" ><div class=\"avia-image-container-inner\"><div class=\"avia-image-overlay-wrap\"><img decoding=\"async\" class='wp-image-4188 avia-img-lazy-loading-not-4188 avia_image' src=\"https:\/\/bergamatiyatrofestivali.com\/wp-content\/uploads\/2023\/08\/POST-REVIZE-1.jpg\" alt='' title='POST REV\u0130ZE'  height=\"1080\" width=\"1080\"  itemprop=\"thumbnailUrl\" srcset=\"https:\/\/bergamatiyatrofestivali.com\/wp-content\/uploads\/2023\/08\/POST-REVIZE-1.jpg 1080w, https:\/\/bergamatiyatrofestivali.com\/wp-content\/uploads\/2023\/08\/POST-REVIZE-1-300x300.jpg 300w, https:\/\/bergamatiyatrofestivali.com\/wp-content\/uploads\/2023\/08\/POST-REVIZE-1-1030x1030.jpg 1030w, https:\/\/bergamatiyatrofestivali.com\/wp-content\/uploads\/2023\/08\/POST-REVIZE-1-80x80.jpg 80w, https:\/\/bergamatiyatrofestivali.com\/wp-content\/uploads\/2023\/08\/POST-REVIZE-1-768x768.jpg 768w, https:\/\/bergamatiyatrofestivali.com\/wp-content\/uploads\/2023\/08\/POST-REVIZE-1-12x12.jpg 12w, https:\/\/bergamatiyatrofestivali.com\/wp-content\/uploads\/2023\/08\/POST-REVIZE-1-36x36.jpg 36w, https:\/\/bergamatiyatrofestivali.com\/wp-content\/uploads\/2023\/08\/POST-REVIZE-1-180x180.jpg 180w, https:\/\/bergamatiyatrofestivali.com\/wp-content\/uploads\/2023\/08\/POST-REVIZE-1-705x705.jpg 705w\" sizes=\"(max-width: 1080px) 100vw, 1080px\" \/><\/div><\/div><\/div><br \/>\n<section class=\"av_textblock_section\"  itemscope=\"itemscope\" itemtype=\"https:\/\/schema.org\/CreativeWork\" ><div class='avia_textblock  av_inherit_color'  style='color:#1d1d1b; '  itemprop=\"text\" ><h2><strong>&#8220;K\u00fclt\u00fcr Hakk\u0131&#8221; ve Kentsel Adalet<\/strong><\/h2>\n<h3><em><strong>&#8220;Right to Culture&#8221; and Urban Justice<\/strong><\/em><\/h3>\n<h3><span style=\"font-weight: 400;\">Moderator: Serhan Ada<\/span><\/h3>\n<h3><span style=\"font-weight: 400;\">Konu\u015fmac\u0131lar: G\u00fcnseli Baki, Ceren Umay, Azadeh Ramezani<\/span><\/h3>\n<h4><span style=\"font-weight: 400;\">12 A\u011fustos\/August Cumartesi-Saturday, 15:00<\/span><\/h4>\n<h5><span style=\"font-weight: 400;\">Odeon Pergamon<\/span><\/h5>\n<p>Etkinlik \u00dccretsizdir.<\/p>\n<\/div><\/section><br \/>\n<div  class='hr av-578o5x-e81847a4cb4a9bc272bf8a5d46cdedcf hr-default  avia-builder-el-3  el_after_av_textblock  avia-builder-el-last'><span class='hr-inner'><span class=\"hr-inner-style\"><\/span><\/span><\/div><\/p><\/div><div class='flex_column av-3so41h-0e4fbf300e066135e57e4f7bf6f0d1c8 av_one_half  avia-builder-el-4  el_after_av_one_half  avia-builder-el-last  flex_column_div'   ><p><section class=\"av_textblock_section\"  itemscope=\"itemscope\" itemtype=\"https:\/\/schema.org\/CreativeWork\" ><div class='avia_textblock  av_inherit_color'  style='color:#1d1d1b; '  itemprop=\"text\" ><p><span style=\"font-weight: 400;\">Konu\u015fmac\u0131lar\u0131n b\u00fcy\u00fck \u015fehirler ve k\u00fclt\u00fcrel e\u015fitsizli\u011fin k\u00f6keni; hakkaniyet, birlikte ya\u015fama ve k\u00fclt\u00fcr hakk\u0131; ve \u0130zmir k\u00fclt\u00fcr haritas\u0131n\u0131 ve \u00e7eperdeki k\u00fclt\u00fcr giri\u015fimleri \u00fczerine konu\u015facaklar\u0131 panel, k\u00fclt\u00fcr hakk\u0131n\u0131n kentsel d\u00fczlemde kullan\u0131m\u0131n\u0131 tart\u0131\u015fmaya a\u00e7\u0131yor.<\/span><\/p>\n<p>&#8211;<\/p>\n<p><span style=\"font-weight: 400;\">The panel opens up the use of the right to culture at the urban level for discussion. The speakers will Share their views on metropolitan cities and the origins of cultural inequality; equity, coexistence and the right to culture; and the cultural map of Izmir and cultural initiatives in the periphery.<\/span><\/p>\n<\/div><\/section><br \/>\n<div  class='hr av-1wgwp1-f5130e919114f14680027791788fe141 hr-default  avia-builder-el-6  el_after_av_textblock  el_before_av_textblock'><span class='hr-inner'><span class=\"hr-inner-style\"><\/span><\/span><\/div><br \/>\n<section class=\"av_textblock_section\"  itemscope=\"itemscope\" itemtype=\"https:\/\/schema.org\/CreativeWork\" ><div class='avia_textblock  av_inherit_color'  style='color:#1d1d1b; '  itemprop=\"text\" ><p><b>Moderat\u00f6r\/Moderator: <\/b>Do\u00e7. Dr. Serhan Ada<\/p>\n<p><b>Konu\u015fmac\u0131lar\/Panelists:<\/b><\/p>\n<p>Ceren Umay<span style=\"font-weight: 400;\">, \u0130zmir B\u00fcy\u00fck\u015fehir Belediyesi K\u00fclt\u00fcr ve Sanat Daire Ba\u015fkan\u0131<\/span><\/p>\n<p>Azadeh Ramezani<span style=\"font-weight: 400;\">, Balconnection, Sel\u00e7uk<\/span><\/p>\n<p>G\u00fcnseli Baki<span style=\"font-weight: 400;\">, Odeon \u2013 Sar\u0131denizalt\u0131, Bergama<\/span><\/p>\n<p><b>Etkinlik S\u00fcresi\/Event Duration: <\/b><span style=\"font-weight: 400;\">90 dk.<\/span><\/p>\n<\/div><\/section><\/p><\/div><\/p>","protected":false},"excerpt":{"rendered":"","protected":false},"author":2,"featured_media":0,"parent":0,"menu_order":0,"comment_status":"closed","ping_status":"closed","template":"","meta":{"footnotes":""},"class_list":["post-4155","page","type-page","status-publish","hentry"],"_links":{"self":[{"href":"https:\/\/bergamatiyatrofestivali.com\/en\/wp-json\/wp\/v2\/pages\/4155","targetHints":{"allow":["GET"]}}],"collection":[{"href":"https:\/\/bergamatiyatrofestivali.com\/en\/wp-json\/wp\/v2\/pages"}],"about":[{"href":"https:\/\/bergamatiyatrofestivali.com\/en\/wp-json\/wp\/v2\/types\/page"}],"author":[{"embeddable":true,"href":"https:\/\/bergamatiyatrofestivali.com\/en\/wp-json\/wp\/v2\/users\/2"}],"replies":[{"embeddable":true,"href":"https:\/\/bergamatiyatrofestivali.com\/en\/wp-json\/wp\/v2\/comments?post=4155"}],"version-history":[{"count":3,"href":"https:\/\/bergamatiyatrofestivali.com\/en\/wp-json\/wp\/v2\/pages\/4155\/revisions"}],"predecessor-version":[{"id":4190,"href":"https:\/\/bergamatiyatrofestivali.com\/en\/wp-json\/wp\/v2\/pages\/4155\/revisions\/4190"}],"wp:attachment":[{"href":"https:\/\/bergamatiyatrofestivali.com\/en\/wp-json\/wp\/v2\/media?parent=4155"}],"curies":[{"name":"wp","href":"https:\/\/api.w.org\/{rel}","templated":true}]}}