{"id":4149,"date":"2023-08-05T15:50:49","date_gmt":"2023-08-05T12:50:49","guid":{"rendered":"https:\/\/bergamatiyatrofestivali.com\/?page_id=4149"},"modified":"2023-08-08T14:16:14","modified_gmt":"2023-08-08T11:16:14","slug":"kent-aktorleri-kultur-yonetisim","status":"publish","type":"page","link":"https:\/\/bergamatiyatrofestivali.com\/en\/kent-aktorleri-kultur-yonetisim\/","title":{"rendered":"Kent Akt\u00f6rleri, K\u00fclt\u00fcr ve Y\u00f6neti\u015fim"},"content":{"rendered":"<div class='flex_column av-8ra5it-7e829cb4e37498c31b1d3b088ac2ea15 av_one_half  avia-builder-el-0  el_before_av_one_half  avia-builder-el-first  first flex_column_div'   ><p>\n<style type=\"text\/css\" data-created_by=\"avia_inline_auto\" id=\"style-css-av-7wntvp-0076c7dc0b835706c479e020f93e5ea2\">\n.avia-image-container.av-7wntvp-0076c7dc0b835706c479e020f93e5ea2 .av-image-caption-overlay-center{\ncolor:#ffffff;\n}\n<\/style>\n<div  class='avia-image-container av-7wntvp-0076c7dc0b835706c479e020f93e5ea2 av-styling- avia-align-center  avia-builder-el-1  el_before_av_textblock  avia-builder-el-first'  itemprop=\"image\" itemscope=\"itemscope\" itemtype=\"https:\/\/schema.org\/ImageObject\" ><div class=\"avia-image-container-inner\"><div class=\"avia-image-overlay-wrap\"><img decoding=\"async\" class='wp-image-4191 avia-img-lazy-loading-not-4191 avia_image' src=\"https:\/\/bergamatiyatrofestivali.com\/wp-content\/uploads\/2023\/08\/POST-REVIZE-2.jpg\" alt='' title='POST REV\u0130ZE'  height=\"1080\" width=\"1080\"  itemprop=\"thumbnailUrl\" srcset=\"https:\/\/bergamatiyatrofestivali.com\/wp-content\/uploads\/2023\/08\/POST-REVIZE-2.jpg 1080w, https:\/\/bergamatiyatrofestivali.com\/wp-content\/uploads\/2023\/08\/POST-REVIZE-2-300x300.jpg 300w, https:\/\/bergamatiyatrofestivali.com\/wp-content\/uploads\/2023\/08\/POST-REVIZE-2-1030x1030.jpg 1030w, https:\/\/bergamatiyatrofestivali.com\/wp-content\/uploads\/2023\/08\/POST-REVIZE-2-80x80.jpg 80w, https:\/\/bergamatiyatrofestivali.com\/wp-content\/uploads\/2023\/08\/POST-REVIZE-2-768x768.jpg 768w, https:\/\/bergamatiyatrofestivali.com\/wp-content\/uploads\/2023\/08\/POST-REVIZE-2-12x12.jpg 12w, https:\/\/bergamatiyatrofestivali.com\/wp-content\/uploads\/2023\/08\/POST-REVIZE-2-36x36.jpg 36w, https:\/\/bergamatiyatrofestivali.com\/wp-content\/uploads\/2023\/08\/POST-REVIZE-2-180x180.jpg 180w, https:\/\/bergamatiyatrofestivali.com\/wp-content\/uploads\/2023\/08\/POST-REVIZE-2-705x705.jpg 705w\" sizes=\"(max-width: 1080px) 100vw, 1080px\" \/><\/div><\/div><\/div><br \/>\n<section class=\"av_textblock_section\"  itemscope=\"itemscope\" itemtype=\"https:\/\/schema.org\/CreativeWork\" ><div class='avia_textblock  av_inherit_color'  style='color:#1d1d1b; '  itemprop=\"text\" ><h2><strong>Kent Akt\u00f6rleri, K\u00fclt\u00fcr ve Y\u00f6neti\u015fim<\/strong><\/h2>\n<h3><em><strong>Urban Actors, Culture and Governence<\/strong><\/em><\/h3>\n<h3><span style=\"font-weight: 400;\">Moderator: Serhan Ada<\/span><\/h3>\n<h3><span style=\"font-weight: 400;\">Konu\u015fmac\u0131lar: Samet G\u00fcldo\u011fan, Fikret \u00dcrper, Ferhat Kentel<\/span><\/h3>\n<h4><span style=\"font-weight: 400;\">12 A\u011fustos\/August Cumartesi-Saturday, 12:00<\/span><\/h4>\n<h5><span style=\"font-weight: 400;\">Bergama Ticaret Odas\u0131<\/span><\/h5>\n<p>Etkinlik \u00dccretsizdir.<\/p>\n<\/div><\/section><br \/>\n<div  class='hr av-578o5x-e81847a4cb4a9bc272bf8a5d46cdedcf hr-default  avia-builder-el-3  el_after_av_textblock  avia-builder-el-last'><span class='hr-inner'><span class=\"hr-inner-style\"><\/span><\/span><\/div><\/p><\/div><div class='flex_column av-3so41h-0e4fbf300e066135e57e4f7bf6f0d1c8 av_one_half  avia-builder-el-4  el_after_av_one_half  avia-builder-el-last  flex_column_div'   ><p><section class=\"av_textblock_section\"  itemscope=\"itemscope\" itemtype=\"https:\/\/schema.org\/CreativeWork\" ><div class='avia_textblock  av_inherit_color'  style='color:#1d1d1b; '  itemprop=\"text\" ><p><span style=\"font-weight: 400;\">Do\u00e7. Dr. Serhan Ada moderasyonunda ger\u00e7ekle\u015fecek bu panelde \u201cKentlerin k\u00fclt\u00fcr politikalar\u0131na kim y\u00f6n veriyor?\u201d, \u201c\u0130\u015f d\u00fcnyas\u0131n\u0131n k\u00fclt\u00fcr politikalar\u0131na ve k\u00fclt\u00fcrel canl\u0131l\u0131\u011fa katk\u0131s\u0131 nas\u0131l geli\u015febilir?\u201d, \u201cK\u00fclt\u00fcrel canl\u0131l\u0131\u011f\u0131n, rekabet, katma de\u011fer ve hayat kalitesine etkileri nelerdir?\u201d sorular\u0131 \u00e7er\u00e7evesinde konu\u015fmac\u0131lar g\u00f6r\u00fc\u015flerini payla\u015facak.<\/span><\/p>\n<p>&#8211;<\/p>\n<p><span style=\"font-weight: 400;\">In this panel under the moderation of Assoc. Dr. Serhan Ada, the speakers will share their views on the questions of \u201cWho shapes the cultural policies of cities?\u201d, \u201cHow can the contribution of the business world to cultural policies and cultural vitality be improved?\u201d and\u00a0 \u201cWhat is the impact of cultural vitality on competition, added value and quality of life?\u201d<\/span><\/p>\n<\/div><\/section><br \/>\n<div  class='hr av-1wgwp1-f5130e919114f14680027791788fe141 hr-default  avia-builder-el-6  el_after_av_textblock  el_before_av_textblock'><span class='hr-inner'><span class=\"hr-inner-style\"><\/span><\/span><\/div><br \/>\n<section class=\"av_textblock_section\"  itemscope=\"itemscope\" itemtype=\"https:\/\/schema.org\/CreativeWork\" ><div class='avia_textblock  av_inherit_color'  style='color:#1d1d1b; '  itemprop=\"text\" ><p><b>Moderat\u00f6r\/Moderator:<\/b><span style=\"font-weight: 400;\"> Serhan Ada<\/span><\/p>\n<p><b>Kat\u0131l\u0131mc\u0131lar\/Panelists:<\/b><span style=\"font-weight: 400;\">\u00a0<\/span><\/p>\n<p>Fikret \u00dcrper, <span style=\"font-weight: 400;\">\u00dcrper G\u0131da Y\u00f6netim Kurulu Ba\u015fkan\u0131<\/span><\/p>\n<p>Samet G\u00fcldo\u011fan,<span style=\"font-weight: 400;\"> Ate\u015f \u00c7elik CFO<\/span><\/p>\n<p>Ferhat Kentel, <span style=\"font-weight: 400;\">BAYETAV (Bir Arada Ya\u015far\u0131z E\u011fitim ve Toplumsal Ara\u015ft\u0131rmalar Vakf\u0131) Genel Koordinat\u00f6r\u00fc<\/span><\/p>\n<p><b>Etkinlik S\u00fcresi\/Event Duration: <\/b>90 dk.<\/p>\n<\/div><\/section><\/p><\/div><\/p>","protected":false},"excerpt":{"rendered":"","protected":false},"author":1,"featured_media":0,"parent":0,"menu_order":0,"comment_status":"closed","ping_status":"closed","template":"","meta":{"footnotes":""},"class_list":["post-4149","page","type-page","status-publish","hentry"],"_links":{"self":[{"href":"https:\/\/bergamatiyatrofestivali.com\/en\/wp-json\/wp\/v2\/pages\/4149","targetHints":{"allow":["GET"]}}],"collection":[{"href":"https:\/\/bergamatiyatrofestivali.com\/en\/wp-json\/wp\/v2\/pages"}],"about":[{"href":"https:\/\/bergamatiyatrofestivali.com\/en\/wp-json\/wp\/v2\/types\/page"}],"author":[{"embeddable":true,"href":"https:\/\/bergamatiyatrofestivali.com\/en\/wp-json\/wp\/v2\/users\/1"}],"replies":[{"embeddable":true,"href":"https:\/\/bergamatiyatrofestivali.com\/en\/wp-json\/wp\/v2\/comments?post=4149"}],"version-history":[{"count":3,"href":"https:\/\/bergamatiyatrofestivali.com\/en\/wp-json\/wp\/v2\/pages\/4149\/revisions"}],"predecessor-version":[{"id":4193,"href":"https:\/\/bergamatiyatrofestivali.com\/en\/wp-json\/wp\/v2\/pages\/4149\/revisions\/4193"}],"wp:attachment":[{"href":"https:\/\/bergamatiyatrofestivali.com\/en\/wp-json\/wp\/v2\/media?parent=4149"}],"curies":[{"name":"wp","href":"https:\/\/api.w.org\/{rel}","templated":true}]}}