{"id":4141,"date":"2023-08-05T15:07:25","date_gmt":"2023-08-05T12:07:25","guid":{"rendered":"https:\/\/bergamatiyatrofestivali.com\/?page_id=4141"},"modified":"2023-08-08T14:20:56","modified_gmt":"2023-08-08T11:20:56","slug":"kent-hareketlilik-kultur","status":"publish","type":"page","link":"https:\/\/bergamatiyatrofestivali.com\/en\/kent-hareketlilik-kultur\/","title":{"rendered":"Kent, Hareketlilik ve K\u00fclt\u00fcr"},"content":{"rendered":"<div class='flex_column av-8ra5it-7e829cb4e37498c31b1d3b088ac2ea15 av_one_half  avia-builder-el-0  el_before_av_one_half  avia-builder-el-first  first flex_column_div'   ><p>\n<style type=\"text\/css\" data-created_by=\"avia_inline_auto\" id=\"style-css-av-7wntvp-021d4e654758fe96976ff4c263289b45\">\n.avia-image-container.av-7wntvp-021d4e654758fe96976ff4c263289b45 .av-image-caption-overlay-center{\ncolor:#ffffff;\n}\n<\/style>\n<div  class='avia-image-container av-7wntvp-021d4e654758fe96976ff4c263289b45 av-styling- avia-align-center  avia-builder-el-1  el_before_av_textblock  avia-builder-el-first'  itemprop=\"image\" itemscope=\"itemscope\" itemtype=\"https:\/\/schema.org\/ImageObject\" ><div class=\"avia-image-container-inner\"><div class=\"avia-image-overlay-wrap\"><img decoding=\"async\" class='wp-image-4194 avia-img-lazy-loading-not-4194 avia_image' src=\"https:\/\/bergamatiyatrofestivali.com\/wp-content\/uploads\/2023\/08\/POST-REVIZE-3.jpg\" alt='' title='POST REV\u0130ZE'  height=\"1080\" width=\"1080\"  itemprop=\"thumbnailUrl\" srcset=\"https:\/\/bergamatiyatrofestivali.com\/wp-content\/uploads\/2023\/08\/POST-REVIZE-3.jpg 1080w, https:\/\/bergamatiyatrofestivali.com\/wp-content\/uploads\/2023\/08\/POST-REVIZE-3-300x300.jpg 300w, https:\/\/bergamatiyatrofestivali.com\/wp-content\/uploads\/2023\/08\/POST-REVIZE-3-1030x1030.jpg 1030w, https:\/\/bergamatiyatrofestivali.com\/wp-content\/uploads\/2023\/08\/POST-REVIZE-3-80x80.jpg 80w, https:\/\/bergamatiyatrofestivali.com\/wp-content\/uploads\/2023\/08\/POST-REVIZE-3-768x768.jpg 768w, https:\/\/bergamatiyatrofestivali.com\/wp-content\/uploads\/2023\/08\/POST-REVIZE-3-12x12.jpg 12w, https:\/\/bergamatiyatrofestivali.com\/wp-content\/uploads\/2023\/08\/POST-REVIZE-3-36x36.jpg 36w, https:\/\/bergamatiyatrofestivali.com\/wp-content\/uploads\/2023\/08\/POST-REVIZE-3-180x180.jpg 180w, https:\/\/bergamatiyatrofestivali.com\/wp-content\/uploads\/2023\/08\/POST-REVIZE-3-705x705.jpg 705w\" sizes=\"(max-width: 1080px) 100vw, 1080px\" \/><\/div><\/div><\/div><br \/>\n<section class=\"av_textblock_section\"  itemscope=\"itemscope\" itemtype=\"https:\/\/schema.org\/CreativeWork\" ><div class='avia_textblock  av_inherit_color'  style='color:#1d1d1b; '  itemprop=\"text\" ><h2><strong>Kent, Hareketlilik ve K\u00fclt\u00fcr<\/strong><\/h2>\n<h3><em>The City, Mobility and Culture<\/em><\/h3>\n<p>Moderat\u00f6r: \u00c7i\u00e7ek \u015e. Tezer<\/p>\n<p>Konu\u015fmac\u0131lar: Hamidreza Yazdani, Kadir Efe Oru\u00e7, G\u00f6k\u00e7e S\u00fcvari, Fatih Gen\u00e7kal<\/p>\n<p><span style=\"font-weight: 400;\">11 A\u011fustos\/August Cuma-Friday, 15:00<\/span><\/p>\n<h5><span style=\"font-weight: 400;\">\u00c7\u0131narl\u0131 Kahve<\/span><\/h5>\n<p>Etkinlik \u00dccretsizdir.<\/p>\n<\/div><\/section><br \/>\n<div  class='hr av-578o5x-e81847a4cb4a9bc272bf8a5d46cdedcf hr-default  avia-builder-el-3  el_after_av_textblock  avia-builder-el-last'><span class='hr-inner'><span class=\"hr-inner-style\"><\/span><\/span><\/div><\/p><\/div><div class='flex_column av-3so41h-0e4fbf300e066135e57e4f7bf6f0d1c8 av_one_half  avia-builder-el-4  el_after_av_one_half  avia-builder-el-last  flex_column_div'   ><p><section class=\"av_textblock_section\"  itemscope=\"itemscope\" itemtype=\"https:\/\/schema.org\/CreativeWork\" ><div class='avia_textblock  av_inherit_color'  style='color:#1d1d1b; '  itemprop=\"text\" ><p><span style=\"font-weight: 400;\">Festivalin bu panelinde konu\u015fmac\u0131lar alttaki sorular \u00e7er\u00e7evesinde g\u00f6r\u00fc\u015flerini ve deneyimlerini payla\u015farak kent, hareketlilik ve k\u00fclt\u00fcr aras\u0131ndaki ba\u011flar\u0131 tart\u0131\u015fmaya a\u00e7acak:<\/span><\/p>\n<p><span style=\"font-weight: 400;\">Kentin hareketini kurgulamak: Kentin ve kentlinin hareketlili\u011fini temel alan s\u00fcrd\u00fcr\u00fclebilir sistemleri k\u00fclt\u00fcrel faaliyetler ile nas\u0131l ili\u015fkilendirebiliriz?<\/span><\/p>\n<p><span style=\"font-weight: 400;\">K\u00fclt\u00fcr akt\u00f6rlerinin yer de\u011fi\u015ftirmesi: K\u00fclt\u00fcr alan\u0131nda, akt\u00f6rlerin hareketlili\u011fi \u00fcretim s\u00fcrecinde nas\u0131l kar\u015f\u0131la\u015fmalar yarat\u0131r?<\/span><\/p>\n<p>Bedenin kentteki deneyimi: Kentsel mekanda hareket eden bedenin tecr\u00fcbesi bize\u00a0ne\u00a0anlat\u0131r?<\/p>\n<p>&#8211;<\/p>\n<p><span style=\"font-weight: 400;\">The panel speakers will share their views and experiences around the questions below and open the discussion on the links between the city, mobility and culture:<\/span><\/p>\n<p><span style=\"font-weight: 400;\">Constructing the movement of the city: How can we link sustainable systems based on the mobility of the city and its inhabitants with cultural activities?<\/span><\/p>\n<p><span style=\"font-weight: 400;\">The mobility of cultural actors: In the field of culture, how does the mobility of actors create encounters in the production process?<\/span><\/p>\n<p>The body&#8217;s experience in the city: What does the experience of the body moving in urban space tell us?<\/p>\n<\/div><\/section><br \/>\n<div  class='hr av-1wgwp1-f5130e919114f14680027791788fe141 hr-default  avia-builder-el-6  el_after_av_textblock  el_before_av_textblock'><span class='hr-inner'><span class=\"hr-inner-style\"><\/span><\/span><\/div><br \/>\n<section class=\"av_textblock_section\"  itemscope=\"itemscope\" itemtype=\"https:\/\/schema.org\/CreativeWork\" ><div class='avia_textblock  av_inherit_color'  style='color:#1d1d1b; '  itemprop=\"text\" ><p><b>Moderat\u00f6r\/Moderator:<\/b><span style=\"font-weight: 400;\"> \u00a0<\/span>\u00c7i\u00e7ek \u015e. Tezer<span style=\"font-weight: 400;\"> \u2013 <\/span><span style=\"font-weight: 400;\">Akdeniz Akademisi M\u00fcd\u00fcr\u00fc<\/span><\/p>\n<p><b>Konu\u015fmac\u0131lar\/Panelists:\u00a0<\/b><\/p>\n<p>Kadir Efe Oru\u00e7<span style=\"font-weight: 400;\"> \u2013 \u0130zmir B\u00fcy\u00fck\u015fehir Belediyesi Ula\u015f\u0131m Daire Ba\u015fkan\u0131<\/span><\/p>\n<p>Hamidreza Yazdani<b> \u2013<\/b><span style=\"font-weight: 400;\"> SUMP \u0130zmir Koordinat\u00f6r\u00fc \u2013 \u015eehir Planc\u0131s\u0131<\/span><\/p>\n<p>G\u00f6k\u00e7e S\u00fcvari<span style=\"font-weight: 400;\"> \u2013 Karantina Kolektifi \u2013 Konserve projesi<\/span><\/p>\n<p>Fatih Gen\u00e7kal<span style=\"font-weight: 400;\"> \u2013 tibia x fibula<\/span><\/p>\n<p><b>Etkinlik S\u00fcresi\/Event Duration: 90 dk.<\/b><\/p>\n<\/div><\/section><\/p><\/div><\/p>","protected":false},"excerpt":{"rendered":"","protected":false},"author":1,"featured_media":0,"parent":0,"menu_order":0,"comment_status":"closed","ping_status":"closed","template":"","meta":{"footnotes":""},"class_list":["post-4141","page","type-page","status-publish","hentry"],"_links":{"self":[{"href":"https:\/\/bergamatiyatrofestivali.com\/en\/wp-json\/wp\/v2\/pages\/4141","targetHints":{"allow":["GET"]}}],"collection":[{"href":"https:\/\/bergamatiyatrofestivali.com\/en\/wp-json\/wp\/v2\/pages"}],"about":[{"href":"https:\/\/bergamatiyatrofestivali.com\/en\/wp-json\/wp\/v2\/types\/page"}],"author":[{"embeddable":true,"href":"https:\/\/bergamatiyatrofestivali.com\/en\/wp-json\/wp\/v2\/users\/1"}],"replies":[{"embeddable":true,"href":"https:\/\/bergamatiyatrofestivali.com\/en\/wp-json\/wp\/v2\/comments?post=4141"}],"version-history":[{"count":4,"href":"https:\/\/bergamatiyatrofestivali.com\/en\/wp-json\/wp\/v2\/pages\/4141\/revisions"}],"predecessor-version":[{"id":4196,"href":"https:\/\/bergamatiyatrofestivali.com\/en\/wp-json\/wp\/v2\/pages\/4141\/revisions\/4196"}],"wp:attachment":[{"href":"https:\/\/bergamatiyatrofestivali.com\/en\/wp-json\/wp\/v2\/media?parent=4141"}],"curies":[{"name":"wp","href":"https:\/\/api.w.org\/{rel}","templated":true}]}}