{"id":4135,"date":"2023-08-05T14:16:49","date_gmt":"2023-08-05T11:16:49","guid":{"rendered":"https:\/\/bergamatiyatrofestivali.com\/?page_id=4135"},"modified":"2023-08-05T14:16:49","modified_gmt":"2023-08-05T11:16:49","slug":"ponci-posti-dosti-pappi","status":"publish","type":"page","link":"https:\/\/bergamatiyatrofestivali.com\/en\/ponci-posti-dosti-pappi\/","title":{"rendered":"Pon\u00e7i, Posti, Dosti ve Pappi"},"content":{"rendered":"<div class='flex_column av-8ra5it-7e829cb4e37498c31b1d3b088ac2ea15 av_one_half  avia-builder-el-0  el_before_av_one_half  avia-builder-el-first  first flex_column_div'   ><p>\n<style type=\"text\/css\" data-created_by=\"avia_inline_auto\" id=\"style-css-av-7wntvp-6d93b8a2078d65ddbebfffe0d074f8a6\">\n.avia-image-container.av-7wntvp-6d93b8a2078d65ddbebfffe0d074f8a6 .av-image-caption-overlay-center{\ncolor:#ffffff;\n}\n<\/style>\n<div  class='avia-image-container av-7wntvp-6d93b8a2078d65ddbebfffe0d074f8a6 av-styling- avia-align-center  avia-builder-el-1  el_before_av_textblock  avia-builder-el-first'  itemprop=\"image\" itemscope=\"itemscope\" itemtype=\"https:\/\/schema.org\/ImageObject\" ><div class=\"avia-image-container-inner\"><div class=\"avia-image-overlay-wrap\"><img decoding=\"async\" class='wp-image-4136 avia-img-lazy-loading-not-4136 avia_image' src=\"https:\/\/bergamatiyatrofestivali.com\/wp-content\/uploads\/2023\/08\/POST-5.jpg\" alt='' title='POST'  height=\"1080\" width=\"1080\"  itemprop=\"thumbnailUrl\" srcset=\"https:\/\/bergamatiyatrofestivali.com\/wp-content\/uploads\/2023\/08\/POST-5.jpg 1080w, https:\/\/bergamatiyatrofestivali.com\/wp-content\/uploads\/2023\/08\/POST-5-300x300.jpg 300w, https:\/\/bergamatiyatrofestivali.com\/wp-content\/uploads\/2023\/08\/POST-5-1030x1030.jpg 1030w, https:\/\/bergamatiyatrofestivali.com\/wp-content\/uploads\/2023\/08\/POST-5-80x80.jpg 80w, https:\/\/bergamatiyatrofestivali.com\/wp-content\/uploads\/2023\/08\/POST-5-768x768.jpg 768w, https:\/\/bergamatiyatrofestivali.com\/wp-content\/uploads\/2023\/08\/POST-5-12x12.jpg 12w, https:\/\/bergamatiyatrofestivali.com\/wp-content\/uploads\/2023\/08\/POST-5-36x36.jpg 36w, https:\/\/bergamatiyatrofestivali.com\/wp-content\/uploads\/2023\/08\/POST-5-180x180.jpg 180w, https:\/\/bergamatiyatrofestivali.com\/wp-content\/uploads\/2023\/08\/POST-5-705x705.jpg 705w\" sizes=\"(max-width: 1080px) 100vw, 1080px\" \/><\/div><\/div><\/div><br \/>\n<section class=\"av_textblock_section\"  itemscope=\"itemscope\" itemtype=\"https:\/\/schema.org\/CreativeWork\" ><div class='avia_textblock  av_inherit_color'  style='color:#1d1d1b; '  itemprop=\"text\" ><h2><strong>Pon\u00e7i, Posti, Dosti ve Pappi<\/strong><\/h2>\n<h3><em><strong>Pon\u00e7i, Posti, Dosti and Pappi<\/strong><\/em><\/h3>\n<h3><span style=\"font-weight: 400;\">Kadro pa<\/span><\/h3>\n<h4><span style=\"font-weight: 400;\">13 A\u011fustos\/August Pazar-Sunday, 12:00<\/span><\/h4>\n<h5><span style=\"font-weight: 400;\">Odeon Pergamon<\/span><\/h5>\n<p>*Etkinlik \u00dccretsizdir.<\/p>\n<\/div><\/section><br \/>\n<div  class='hr av-578o5x-e81847a4cb4a9bc272bf8a5d46cdedcf hr-default  avia-builder-el-3  el_after_av_textblock  avia-builder-el-last'><span class='hr-inner'><span class=\"hr-inner-style\"><\/span><\/span><\/div><\/p><\/div><div class='flex_column av-3so41h-0e4fbf300e066135e57e4f7bf6f0d1c8 av_one_half  avia-builder-el-4  el_after_av_one_half  avia-builder-el-last  flex_column_div'   ><p><section class=\"av_textblock_section\"  itemscope=\"itemscope\" itemtype=\"https:\/\/schema.org\/CreativeWork\" ><div class='avia_textblock  av_inherit_color'  style='color:#1d1d1b; '  itemprop=\"text\" ><p><span style=\"font-weight: 400;\">&#8220;Pappi ile Dosti&#8217;nin g\u00fcnl\u00fck ya\u015fant\u0131s\u0131 t\u0131k\u0131r t\u0131k\u0131r i\u015flerken beklenmedik bir posti gelir ve Pon\u00e7i ile tan\u0131\u015f\u0131rlar.&#8221; <\/span><\/p>\n<p>&#8211;<\/p>\n<p><span style=\"font-weight: 400;\">&#8220;Pappi and Dosti&#8217;s daily life is going smoothly when an unexpected letter arrives, and they meet Pon\u00e7i.&#8221;<\/span><\/p>\n<\/div><\/section><br \/>\n<div  class='hr av-1wgwp1-f5130e919114f14680027791788fe141 hr-default  avia-builder-el-6  el_after_av_textblock  el_before_av_textblock'><span class='hr-inner'><span class=\"hr-inner-style\"><\/span><\/span><\/div><br \/>\n<section class=\"av_textblock_section\"  itemscope=\"itemscope\" itemtype=\"https:\/\/schema.org\/CreativeWork\" ><div class='avia_textblock  av_inherit_color'  style='color:#1d1d1b; '  itemprop=\"text\" ><p><b>Proje\/Project: <\/b><span style=\"font-weight: 400;\">Kadro pa\u00a0<\/span><\/p>\n<p><b>Tasarlayan-Oynayan-M\u00fczik\/Design-Cast-Music:<\/b><span style=\"font-weight: 400;\"> Kaan Erkan, Simge G\u00fcnsan, \u00d6ner Erkan\u00a0<\/span><\/p>\n<p><b>S\u00fcperviz\u00f6r\/Supervisor: <\/b><span style=\"font-weight: 400;\">Nielspeter Kl\u00f8ft<\/span><\/p>\n<p><b>Oyun S\u00fcresi\/Performance Duration:<\/b><span style=\"font-weight: 400;\"> 30 dk.<\/span><\/p>\n<p><b>Ya\u015f\/Age:<\/b><span style=\"font-weight: 400;\"> +3 <\/span><\/p>\n<\/div><\/section><\/p><\/div><\/p>","protected":false},"excerpt":{"rendered":"","protected":false},"author":2,"featured_media":0,"parent":0,"menu_order":0,"comment_status":"closed","ping_status":"closed","template":"","meta":{"footnotes":""},"class_list":["post-4135","page","type-page","status-publish","hentry"],"_links":{"self":[{"href":"https:\/\/bergamatiyatrofestivali.com\/en\/wp-json\/wp\/v2\/pages\/4135","targetHints":{"allow":["GET"]}}],"collection":[{"href":"https:\/\/bergamatiyatrofestivali.com\/en\/wp-json\/wp\/v2\/pages"}],"about":[{"href":"https:\/\/bergamatiyatrofestivali.com\/en\/wp-json\/wp\/v2\/types\/page"}],"author":[{"embeddable":true,"href":"https:\/\/bergamatiyatrofestivali.com\/en\/wp-json\/wp\/v2\/users\/2"}],"replies":[{"embeddable":true,"href":"https:\/\/bergamatiyatrofestivali.com\/en\/wp-json\/wp\/v2\/comments?post=4135"}],"version-history":[{"count":1,"href":"https:\/\/bergamatiyatrofestivali.com\/en\/wp-json\/wp\/v2\/pages\/4135\/revisions"}],"predecessor-version":[{"id":4137,"href":"https:\/\/bergamatiyatrofestivali.com\/en\/wp-json\/wp\/v2\/pages\/4135\/revisions\/4137"}],"wp:attachment":[{"href":"https:\/\/bergamatiyatrofestivali.com\/en\/wp-json\/wp\/v2\/media?parent=4135"}],"curies":[{"name":"wp","href":"https:\/\/api.w.org\/{rel}","templated":true}]}}